{"id":209,"date":"2017-11-20T13:25:23","date_gmt":"2017-11-20T13:25:23","guid":{"rendered":"https:\/\/www.interpumpfluidsolutions.com\/de2\/?page_id=209"},"modified":"2019-12-02T17:57:09","modified_gmt":"2019-12-02T17:57:09","slug":"group","status":"publish","type":"page","link":"https:\/\/www.interpumpfluidsolutions.com\/de\/about\/group\/","title":{"rendered":"Group"},"content":{"rendered":"\n<style type=\"text\/css\" data-created_by=\"avia_inline_auto\" id=\"style-css-av-av_image-2bd275d7b21ed05eadbaa7115ab0ed1d\">\n.avia-image-container.av-av_image-2bd275d7b21ed05eadbaa7115ab0ed1d img.avia_image{\nbox-shadow:none;\n}\n.avia-image-container.av-av_image-2bd275d7b21ed05eadbaa7115ab0ed1d .av-image-caption-overlay-center{\ncolor:#ffffff;\n}\n<\/style>\n<div  class='avia-image-container av-av_image-2bd275d7b21ed05eadbaa7115ab0ed1d av-styling- av-hover-grow av-img-linked avia_animated_image av-animated-when-visible-95 fade-in avia-align-center  avia-builder-el-0  el_before_av_hr  avia-builder-el-first '   itemprop=\"image\" itemscope=\"itemscope\" itemtype=\"https:\/\/schema.org\/ImageObject\" ><div class=\"avia-image-container-inner\"><div class=\"avia-image-overlay-wrap\"><a href=\"https:\/\/www.interpumpgroup.it\/uk\/default.aspx\" class='avia_image ' target=\"_blank\" rel=\"noopener noreferrer\" aria-label='Interpump Group'><img decoding=\"async\" fetchpriority=\"high\" class='wp-image-547 avia-img-lazy-loading-not-547 avia_image ' src=\"https:\/\/www.interpumpfluidsolutions.com\/de\/wp-content\/uploads\/sites\/11\/2017\/11\/InterpumpGroup-1500x430.jpeg\" alt='Interpump Group' title='Interpump Group'  height=\"430\" width=\"1500\"  itemprop=\"thumbnailUrl\"  \/><\/a><\/div><\/div><\/div>\n\n<style type=\"text\/css\" data-created_by=\"avia_inline_auto\" id=\"style-css-av-av_hr-616cd310f4c6bf63bbd1f033802c1165\">\n#top .hr.hr-invisible.av-av_hr-616cd310f4c6bf63bbd1f033802c1165{\nheight:20px;\n}\n<\/style>\n<div  class='hr av-av_hr-616cd310f4c6bf63bbd1f033802c1165 hr-invisible  avia-builder-el-1  el_after_av_image  el_before_av_one_half '><span class='hr-inner '><span class=\"hr-inner-style\"><\/span><\/span><\/div>\n\n<style type=\"text\/css\" data-created_by=\"avia_inline_auto\" id=\"style-css-av-av_one_half-15d750bd1b332b34c6e70b077ebbccdf\">\n.flex_column.av-av_one_half-15d750bd1b332b34c6e70b077ebbccdf{\nborder-radius:0px 0px 0px 0px;\npadding:0px 0px 0px 0px;\n}\n<\/style>\n<div  class='flex_column av-av_one_half-15d750bd1b332b34c6e70b077ebbccdf av_one_half  avia-builder-el-2  el_after_av_hr  el_before_av_one_half  first flex_column_div av-zero-column-padding  '     ><section  class='av_textblock_section av-av_textblock-2de302bf1aa3cf4c9157dbe6f50ac7eb '   itemscope=\"itemscope\" itemtype=\"https:\/\/schema.org\/CreativeWork\" ><div class='avia_textblock'  itemprop=\"text\" ><p><a href=\"https:\/\/www.interpumpgroup.it\/uk\/default.aspx\" target=\"_blank\" rel=\"noopener noreferrer\">Interpump Group\u00a0<\/a> ist der weltweit gr\u00f6\u00dfte Hersteller von Nebenabtrieben und einer der weltweit gr\u00f6\u00dften Hersteller von Hydraulikpumpen, Zylindern und anderen Komponenten.<\/p>\n<p>Nebenabtriebe \u00fcbertragen die Kraft vom Motor eines Nutzfahrzeugs auf die anderen Hydraulikkomponenten und sind mit dem Getriebegeh\u00e4use des Fahrzeugs verbunden.<\/p>\n<p>Andere von den Unternehmen des Konzerns hergestellte Hydraulikkomponenten (Hydraulikpumpen, Steuerger\u00e4te, Ventile, Zylinder, Tanks) helfen mit, spezielle Funktionen auszuf\u00fchren. So etwa zum Anheben von Muldenkippern oder den Betrieb von bordseitigen Kr\u00e4nen und Betonmischern.<\/p>\n<\/div><\/section><\/div>\n<style type=\"text\/css\" data-created_by=\"avia_inline_auto\" id=\"style-css-av-av_one_half-c8fc129dc35fd1ae2a1e410224d39ea8\">\n.flex_column.av-av_one_half-c8fc129dc35fd1ae2a1e410224d39ea8{\nborder-radius:0px 0px 0px 0px;\npadding:0px 0px 0px 0px;\n}\n<\/style>\n<div  class='flex_column av-av_one_half-c8fc129dc35fd1ae2a1e410224d39ea8 av_one_half  avia-builder-el-4  el_after_av_one_half  el_before_av_section  avia-builder-el-last  flex_column_div av-zero-column-padding  '     ><p><section  class='av_textblock_section av-av_textblock-2de302bf1aa3cf4c9157dbe6f50ac7eb '   itemscope=\"itemscope\" itemtype=\"https:\/\/schema.org\/CreativeWork\" ><div class='avia_textblock'  itemprop=\"text\" ><p>Wir sind ein weltweit f\u00fchrendes Unternehmen und ein anerkannter Innovator in der Herstellung von Leitungssystemen und Fittings f\u00fcr Hydraulikl\u00f6sungen.<\/p>\n<p>Wir beliefern die weltweit renommiertesten Hersteller mit Produkten f\u00fcr den Einsatz in zahlreichen Bereichen: Landwirtschaft, Marine, Offshore, Bauwesen, Hebetechnik, Energie, Milit\u00e4rbewegung, Reinigung, Eisenbahn usw.<\/p>\n<p>Das Unternehmen besch\u00e4ftigt 550\u00a0Personen an insgesamt zehn Produktions- und Vertriebsstandorten. Davon 10\u00a0% Ingenieure und Produktspezialisten, die in der Forschung und Entwicklung t\u00e4tig sind.<\/p>\n<\/div><\/section><br \/>\n\n<style type=\"text\/css\" data-created_by=\"avia_inline_auto\" id=\"style-css-av-av_hr-373523e22f0366b13a549278f1ad345e\">\n#top .hr.hr-invisible.av-av_hr-373523e22f0366b13a549278f1ad345e{\nheight:10px;\n}\n<\/style>\n<div  class='hr av-av_hr-373523e22f0366b13a549278f1ad345e hr-invisible  avia-builder-el-6  el_after_av_textblock  el_before_av_button '><span class='hr-inner '><span class=\"hr-inner-style\"><\/span><\/span><\/div><br \/>\n<div  class='avia-button-wrap av-av_button-4acf803d2075a2d227dae23e7b6c043d-wrap avia-button-center  avia-builder-el-7  el_after_av_hr  avia-builder-el-last '><a href='https:\/\/www.interpumpgroup.it\/uk\/default.aspx' class='avia-button av-av_button-4acf803d2075a2d227dae23e7b6c043d av-link-btn avia-icon_select-yes-left-icon avia-size-small avia-position-center avia-color-theme-color' target=\"_blank\" rel=\"noopener noreferrer\"><span class='avia_button_icon avia_button_icon_left' aria-hidden='true' data-av_icon='\ue8b1' data-av_iconfont='entypo-fontello'><\/span><span class='avia_iconbox_title' >Interpump Group Website<\/span><\/a><\/div><\/p><\/div><\/div><\/div><\/div><!-- close content main div --><\/div><\/div>\n<style type=\"text\/css\" data-created_by=\"avia_inline_auto\" id=\"style-css-av-av_section-14a2975785e01cc325c83a1929316295\">\n.avia-section.av-av_section-14a2975785e01cc325c83a1929316295 .av-parallax .av-parallax-inner{\nbackground-repeat:no-repeat;\nbackground-image:url(https:\/\/www.interpumpfluidsolutions.com\/de\/wp-content\/uploads\/sites\/11\/2017\/11\/shutterstock_400486630.jpg);\nbackground-position:0% 0%;\nbackground-attachment:scroll;\n}\n<\/style>\n<div id='home-people'  class='avia-section av-av_section-14a2975785e01cc325c83a1929316295 main_color avia-section-large avia-no-border-styling  avia-builder-el-8  el_after_av_one_half  avia-builder-el-last  av-parallax-section avia-bg-style-parallax container_wrap fullsize'  data-section-bg-repeat='no-repeat'><div class='av-parallax' data-avia-parallax-ratio='0.3' ><div class='av-parallax-inner main_color avia-full-stretch'><\/div><\/div><div class='container av-section-cont-open' ><div class='template-page content  av-content-full alpha units'><div class='post-entry post-entry-type-page post-entry-209'><div class='entry-content-wrapper clearfix'>\n\n<style type=\"text\/css\" data-created_by=\"avia_inline_auto\" id=\"style-css-av-av_one_fourth-15d750bd1b332b34c6e70b077ebbccdf\">\n.flex_column.av-av_one_fourth-15d750bd1b332b34c6e70b077ebbccdf{\nborder-radius:0px 0px 0px 0px;\npadding:0px 0px 0px 0px;\n}\n<\/style>\n<div  class='flex_column av-av_one_fourth-15d750bd1b332b34c6e70b077ebbccdf av_one_fourth  avia-builder-el-9  el_before_av_one_half  avia-builder-el-first  first flex_column_div av-zero-column-padding  '     ><\/div>\n<style type=\"text\/css\" data-created_by=\"avia_inline_auto\" id=\"style-css-av-av_one_half-c8fc129dc35fd1ae2a1e410224d39ea8\">\n.flex_column.av-av_one_half-c8fc129dc35fd1ae2a1e410224d39ea8{\nborder-radius:0px 0px 0px 0px;\npadding:0px 0px 0px 0px;\n}\n<\/style>\n<div  class='flex_column av-av_one_half-c8fc129dc35fd1ae2a1e410224d39ea8 av_one_half  avia-builder-el-10  el_after_av_one_fourth  el_before_av_one_fourth  flex_column_div av-zero-column-padding  '     ><style type=\"text\/css\" data-created_by=\"avia_inline_auto\" id=\"style-css-av-av_textblock-dd2387397296c1a314b0b5f4a3f918a3\">\n#top .av_textblock_section.av-av_textblock-dd2387397296c1a314b0b5f4a3f918a3 .avia_textblock{\ncolor:#ffffff;\n}\n<\/style>\n<section  class='av_textblock_section av-av_textblock-dd2387397296c1a314b0b5f4a3f918a3 '   itemscope=\"itemscope\" itemtype=\"https:\/\/schema.org\/CreativeWork\" ><div class='avia_textblock av_inherit_color'  itemprop=\"text\" ><h2 style=\"text-align: center;\">Unser Team<\/h2>\n<\/div><\/section><br \/>\n\n<style type=\"text\/css\" data-created_by=\"avia_inline_auto\" id=\"style-css-av-av_hr-616cd310f4c6bf63bbd1f033802c1165\">\n#top .hr.hr-invisible.av-av_hr-616cd310f4c6bf63bbd1f033802c1165{\nheight:20px;\n}\n<\/style>\n<div  class='hr av-av_hr-616cd310f4c6bf63bbd1f033802c1165 hr-invisible  avia-builder-el-12  el_after_av_textblock  el_before_av_textblock '><span class='hr-inner '><span class=\"hr-inner-style\"><\/span><\/span><\/div><br \/>\n\n<style type=\"text\/css\" data-created_by=\"avia_inline_auto\" id=\"style-css-av-av_textblock-dd2387397296c1a314b0b5f4a3f918a3\">\n#top .av_textblock_section.av-av_textblock-dd2387397296c1a314b0b5f4a3f918a3 .avia_textblock{\ncolor:#ffffff;\n}\n<\/style>\n<section  class='av_textblock_section av-av_textblock-dd2387397296c1a314b0b5f4a3f918a3 '   itemscope=\"itemscope\" itemtype=\"https:\/\/schema.org\/CreativeWork\" ><div class='avia_textblock av_inherit_color'  itemprop=\"text\" ><p style=\"text-align: center;\">Konstrukteure, Ingenieure f\u00fcr Hydrauliktechnik, Produktionsexperten, Vertriebsprofis \u2013 das Team von I.M.M. HYDRAULICS ist bereit, gemeinsam an weltweiten Hydraulikl\u00f6sungen zu arbeiten.<\/p>\n<\/div><\/section><br \/>\n\n<style type=\"text\/css\" data-created_by=\"avia_inline_auto\" id=\"style-css-av-av_hr-616cd310f4c6bf63bbd1f033802c1165\">\n#top .hr.hr-invisible.av-av_hr-616cd310f4c6bf63bbd1f033802c1165{\nheight:20px;\n}\n<\/style>\n<div  class='hr av-av_hr-616cd310f4c6bf63bbd1f033802c1165 hr-invisible  avia-builder-el-14  el_after_av_textblock  el_before_av_button '><span class='hr-inner '><span class=\"hr-inner-style\"><\/span><\/span><\/div><br \/>\n<div  class='avia-button-wrap av-av_button-61c220c3a1c531e7fd9f245e8a34b091-wrap avia-button-center  avia-builder-el-15  el_after_av_hr  avia-builder-el-last '><a href='https:\/\/www.interpumpfluidsolutions.com\/de\/about\/people-old\/'  class='avia-button av-av_button-61c220c3a1c531e7fd9f245e8a34b091 av-link-btn avia-icon_select-no avia-size-small avia-position-center avia-color-light'  ><span class='avia_iconbox_title' >Weitere Infos<\/span><\/a><\/div><\/p><\/div>\n<style type=\"text\/css\" data-created_by=\"avia_inline_auto\" id=\"style-css-av-av_one_fourth-c8fc129dc35fd1ae2a1e410224d39ea8\">\n.flex_column.av-av_one_fourth-c8fc129dc35fd1ae2a1e410224d39ea8{\nborder-radius:0px 0px 0px 0px;\npadding:0px 0px 0px 0px;\n}\n<\/style>\n<div  class='flex_column av-av_one_fourth-c8fc129dc35fd1ae2a1e410224d39ea8 av_one_fourth  avia-builder-el-16  el_after_av_one_half  avia-builder-el-last  flex_column_div av-zero-column-padding  '     ><\/div><\/p>\n","protected":false},"excerpt":{"rendered":"","protected":false},"author":3,"featured_media":0,"parent":56,"menu_order":7,"comment_status":"closed","ping_status":"closed","template":"","meta":{"footnotes":""},"class_list":["post-209","page","type-page","status-publish","hentry"],"yoast_head":"<!-- This site is optimized with the Yoast SEO plugin v26.2 - https:\/\/yoast.com\/wordpress\/plugins\/seo\/ -->\n<title>Interpump Fluid Solutions Group, worldwide hydraulic products and service<\/title>\n<meta name=\"description\" content=\"Interpump Fluid Solutions is a world leading Group and acknowledged innovator in the production of hose and fittings for hydraulic systems.\" \/>\n<meta name=\"robots\" content=\"noindex, follow, max-snippet:-1, max-image-preview:large, max-video-preview:-1\" \/>\n<meta property=\"og:locale\" content=\"en_GB\" \/>\n<meta property=\"og:type\" content=\"article\" \/>\n<meta property=\"og:title\" content=\"Interpump Fluid Solutions Group, worldwide hydraulic products and service\" \/>\n<meta property=\"og:description\" content=\"Interpump Fluid Solutions is a world leading Group and acknowledged innovator in the production of hose and fittings for hydraulic systems.\" \/>\n<meta property=\"og:url\" content=\"https:\/\/www.interpumpfluidsolutions.com\/de\/about\/group\/\" \/>\n<meta property=\"og:site_name\" content=\"Interpump Germany\" \/>\n<meta property=\"article:modified_time\" content=\"2019-12-02T17:57:09+00:00\" \/>\n<meta name=\"twitter:card\" content=\"summary_large_image\" \/>\n<meta name=\"twitter:label1\" content=\"Estimated reading time\" \/>\n\t<meta name=\"twitter:data1\" content=\"5 minutes\" \/>\n<script type=\"application\/ld+json\" class=\"yoast-schema-graph\">{\"@context\":\"https:\/\/schema.org\",\"@graph\":[{\"@type\":\"WebPage\",\"@id\":\"https:\/\/www.interpumpfluidsolutions.com\/de\/about\/group\/\",\"url\":\"https:\/\/www.interpumpfluidsolutions.com\/de\/about\/group\/\",\"name\":\"Interpump Fluid Solutions Group, worldwide hydraulic products and service\",\"isPartOf\":{\"@id\":\"https:\/\/www.interpumpfluidsolutions.com\/de\/#website\"},\"datePublished\":\"2017-11-20T13:25:23+00:00\",\"dateModified\":\"2019-12-02T17:57:09+00:00\",\"description\":\"Interpump Fluid Solutions is a world leading Group and acknowledged innovator in the production of hose and fittings for hydraulic systems.\",\"breadcrumb\":{\"@id\":\"https:\/\/www.interpumpfluidsolutions.com\/de\/about\/group\/#breadcrumb\"},\"inLanguage\":\"en-GB\",\"potentialAction\":[{\"@type\":\"ReadAction\",\"target\":[\"https:\/\/www.interpumpfluidsolutions.com\/de\/about\/group\/\"]}]},{\"@type\":\"BreadcrumbList\",\"@id\":\"https:\/\/www.interpumpfluidsolutions.com\/de\/about\/group\/#breadcrumb\",\"itemListElement\":[{\"@type\":\"ListItem\",\"position\":1,\"name\":\"Home\",\"item\":\"https:\/\/www.interpumpfluidsolutions.com\/de\/home\/\"},{\"@type\":\"ListItem\",\"position\":2,\"name\":\"About\",\"item\":\"https:\/\/www.interpumpfluidsolutions.com\/de\/about\/\"},{\"@type\":\"ListItem\",\"position\":3,\"name\":\"Group\"}]},{\"@type\":\"WebSite\",\"@id\":\"https:\/\/www.interpumpfluidsolutions.com\/de\/#website\",\"url\":\"https:\/\/www.interpumpfluidsolutions.com\/de\/\",\"name\":\"Interpump Germany\",\"description\":\"Fluid Solutions\",\"potentialAction\":[{\"@type\":\"SearchAction\",\"target\":{\"@type\":\"EntryPoint\",\"urlTemplate\":\"https:\/\/www.interpumpfluidsolutions.com\/de\/?s={search_term_string}\"},\"query-input\":{\"@type\":\"PropertyValueSpecification\",\"valueRequired\":true,\"valueName\":\"search_term_string\"}}],\"inLanguage\":\"en-GB\"}]}<\/script>\n<!-- \/ Yoast SEO plugin. -->","yoast_head_json":{"title":"Interpump Fluid Solutions Group, worldwide hydraulic products and service","description":"Interpump Fluid Solutions is a world leading Group and acknowledged innovator in the production of hose and fittings for hydraulic systems.","robots":{"index":"noindex","follow":"follow","max-snippet":"max-snippet:-1","max-image-preview":"max-image-preview:large","max-video-preview":"max-video-preview:-1"},"og_locale":"en_GB","og_type":"article","og_title":"Interpump Fluid Solutions Group, worldwide hydraulic products and service","og_description":"Interpump Fluid Solutions is a world leading Group and acknowledged innovator in the production of hose and fittings for hydraulic systems.","og_url":"https:\/\/www.interpumpfluidsolutions.com\/de\/about\/group\/","og_site_name":"Interpump Germany","article_modified_time":"2019-12-02T17:57:09+00:00","twitter_card":"summary_large_image","twitter_misc":{"Estimated reading time":"5 minutes"},"schema":{"@context":"https:\/\/schema.org","@graph":[{"@type":"WebPage","@id":"https:\/\/www.interpumpfluidsolutions.com\/de\/about\/group\/","url":"https:\/\/www.interpumpfluidsolutions.com\/de\/about\/group\/","name":"Interpump Fluid Solutions Group, worldwide hydraulic products and service","isPartOf":{"@id":"https:\/\/www.interpumpfluidsolutions.com\/de\/#website"},"datePublished":"2017-11-20T13:25:23+00:00","dateModified":"2019-12-02T17:57:09+00:00","description":"Interpump Fluid Solutions is a world leading Group and acknowledged innovator in the production of hose and fittings for hydraulic systems.","breadcrumb":{"@id":"https:\/\/www.interpumpfluidsolutions.com\/de\/about\/group\/#breadcrumb"},"inLanguage":"en-GB","potentialAction":[{"@type":"ReadAction","target":["https:\/\/www.interpumpfluidsolutions.com\/de\/about\/group\/"]}]},{"@type":"BreadcrumbList","@id":"https:\/\/www.interpumpfluidsolutions.com\/de\/about\/group\/#breadcrumb","itemListElement":[{"@type":"ListItem","position":1,"name":"Home","item":"https:\/\/www.interpumpfluidsolutions.com\/de\/home\/"},{"@type":"ListItem","position":2,"name":"About","item":"https:\/\/www.interpumpfluidsolutions.com\/de\/about\/"},{"@type":"ListItem","position":3,"name":"Group"}]},{"@type":"WebSite","@id":"https:\/\/www.interpumpfluidsolutions.com\/de\/#website","url":"https:\/\/www.interpumpfluidsolutions.com\/de\/","name":"Interpump Germany","description":"Fluid Solutions","potentialAction":[{"@type":"SearchAction","target":{"@type":"EntryPoint","urlTemplate":"https:\/\/www.interpumpfluidsolutions.com\/de\/?s={search_term_string}"},"query-input":{"@type":"PropertyValueSpecification","valueRequired":true,"valueName":"search_term_string"}}],"inLanguage":"en-GB"}]}},"_links":{"self":[{"href":"https:\/\/www.interpumpfluidsolutions.com\/de\/wp-json\/wp\/v2\/pages\/209","targetHints":{"allow":["GET"]}}],"collection":[{"href":"https:\/\/www.interpumpfluidsolutions.com\/de\/wp-json\/wp\/v2\/pages"}],"about":[{"href":"https:\/\/www.interpumpfluidsolutions.com\/de\/wp-json\/wp\/v2\/types\/page"}],"author":[{"embeddable":true,"href":"https:\/\/www.interpumpfluidsolutions.com\/de\/wp-json\/wp\/v2\/users\/3"}],"replies":[{"embeddable":true,"href":"https:\/\/www.interpumpfluidsolutions.com\/de\/wp-json\/wp\/v2\/comments?post=209"}],"version-history":[{"count":13,"href":"https:\/\/www.interpumpfluidsolutions.com\/de\/wp-json\/wp\/v2\/pages\/209\/revisions"}],"predecessor-version":[{"id":2916,"href":"https:\/\/www.interpumpfluidsolutions.com\/de\/wp-json\/wp\/v2\/pages\/209\/revisions\/2916"}],"up":[{"embeddable":true,"href":"https:\/\/www.interpumpfluidsolutions.com\/de\/wp-json\/wp\/v2\/pages\/56"}],"wp:attachment":[{"href":"https:\/\/www.interpumpfluidsolutions.com\/de\/wp-json\/wp\/v2\/media?parent=209"}],"curies":[{"name":"wp","href":"https:\/\/api.w.org\/{rel}","templated":true}]}}