{"id":218,"date":"2017-11-20T13:27:18","date_gmt":"2017-11-20T13:27:18","guid":{"rendered":"https:\/\/www.interpumpfluidsolutions.com\/de2\/?page_id=218"},"modified":"2019-12-02T17:35:57","modified_gmt":"2019-12-02T17:35:57","slug":"environment","status":"publish","type":"page","link":"https:\/\/www.interpumpfluidsolutions.com\/de\/about\/environment\/","title":{"rendered":"Umwelt"},"content":{"rendered":"\n<style type=\"text\/css\" data-created_by=\"avia_inline_auto\" id=\"style-css-av-av_one_full-15d750bd1b332b34c6e70b077ebbccdf\">\n.flex_column.av-av_one_full-15d750bd1b332b34c6e70b077ebbccdf{\nborder-radius:0px 0px 0px 0px;\npadding:0px 0px 0px 0px;\n}\n<\/style>\n<div  class='flex_column av-av_one_full-15d750bd1b332b34c6e70b077ebbccdf av_one_full  avia-builder-el-0  el_before_av_one_half  avia-builder-el-first  first flex_column_div av-zero-column-padding  '     ><style type=\"text\/css\" data-created_by=\"avia_inline_auto\" id=\"style-css-av-av_heading-0be0f24caa29495780d8ec7502c52a6c\">\n#top .av-special-heading.av-av_heading-0be0f24caa29495780d8ec7502c52a6c{\npadding-bottom:10px;\n}\nbody .av-special-heading.av-av_heading-0be0f24caa29495780d8ec7502c52a6c .av-special-heading-tag .heading-char{\nfont-size:25px;\n}\n.av-special-heading.av-av_heading-0be0f24caa29495780d8ec7502c52a6c .av-subheading{\nfont-size:15px;\n}\n<\/style>\n<div  class='av-special-heading av-av_heading-0be0f24caa29495780d8ec7502c52a6c av-special-heading-h3  avia-builder-el-1  avia-builder-el-no-sibling '><h3 class='av-special-heading-tag'  itemprop=\"headline\"  >Umwelt<\/h3><div class=\"special-heading-border\"><div class=\"special-heading-inner-border\"><\/div><\/div><\/div><\/div>\n<style type=\"text\/css\" data-created_by=\"avia_inline_auto\" id=\"style-css-av-av_one_half-15d750bd1b332b34c6e70b077ebbccdf\">\n.flex_column.av-av_one_half-15d750bd1b332b34c6e70b077ebbccdf{\nborder-radius:0px 0px 0px 0px;\npadding:0px 0px 0px 0px;\n}\n<\/style>\n<div  class='flex_column av-av_one_half-15d750bd1b332b34c6e70b077ebbccdf av_one_half  avia-builder-el-2  el_after_av_one_full  el_before_av_one_half  first flex_column_div av-zero-column-padding  column-top-margin'     ><style type=\"text\/css\" data-created_by=\"avia_inline_auto\" id=\"style-css-av-av_image-30babe86ce8d29c26846e18d2f87fcbc\">\n.avia-image-container.av-av_image-30babe86ce8d29c26846e18d2f87fcbc img.avia_image{\nbox-shadow:none;\n}\n.avia-image-container.av-av_image-30babe86ce8d29c26846e18d2f87fcbc .av-image-caption-overlay-center{\ncolor:#ffffff;\n}\n<\/style>\n<div  class='avia-image-container av-av_image-30babe86ce8d29c26846e18d2f87fcbc av-styling- av-hover-grow av-img-linked avia_animated_image av-animated-when-visible-95 av-rotateInUpLeft avia-align-center  avia-builder-el-3  avia-builder-el-no-sibling '   itemprop=\"image\" itemscope=\"itemscope\" itemtype=\"https:\/\/schema.org\/ImageObject\" ><div class=\"avia-image-container-inner\"><div class=\"avia-image-overlay-wrap\"><a href=\"https:\/\/www.interpumpfluidsolutions.com\/de\/wp-content\/uploads\/sites\/11\/2017\/11\/ambiente.jpg\" data-srcset=\"https:\/\/www.interpumpfluidsolutions.com\/de\/wp-content\/uploads\/sites\/11\/2017\/11\/ambiente.jpg 402w, https:\/\/www.interpumpfluidsolutions.com\/de\/wp-content\/uploads\/sites\/11\/2017\/11\/ambiente-212x300.jpg 212w\" data-sizes=\"(max-width: 402px) 100vw, 402px\" class='avia_image '  aria-label='Environment'><img decoding=\"async\" fetchpriority=\"high\" class='wp-image-320 avia-img-lazy-loading-not-320 avia_image ' src=\"https:\/\/www.interpumpfluidsolutions.com\/de\/wp-content\/uploads\/sites\/11\/2017\/11\/ambiente-212x300.jpg\" alt='Interpump Fluid Solutions IMM Hydraulics Environment Policy' title='Environment'  height=\"300\" width=\"212\"  itemprop=\"thumbnailUrl\" srcset=\"https:\/\/www.interpumpfluidsolutions.com\/de\/wp-content\/uploads\/sites\/11\/2017\/11\/ambiente-212x300.jpg 212w, https:\/\/www.interpumpfluidsolutions.com\/de\/wp-content\/uploads\/sites\/11\/2017\/11\/ambiente.jpg 402w\" sizes=\"(max-width: 212px) 100vw, 212px\" \/><\/a><\/div><\/div><\/div><\/div><\/p>\n\n<style type=\"text\/css\" data-created_by=\"avia_inline_auto\" id=\"style-css-av-av_one_half-c8fc129dc35fd1ae2a1e410224d39ea8\">\n.flex_column.av-av_one_half-c8fc129dc35fd1ae2a1e410224d39ea8{\nborder-radius:0px 0px 0px 0px;\npadding:0px 0px 0px 0px;\n}\n<\/style>\n<div  class='flex_column av-av_one_half-c8fc129dc35fd1ae2a1e410224d39ea8 av_one_half  avia-builder-el-4  el_after_av_one_half  avia-builder-el-last  flex_column_div av-zero-column-padding  column-top-margin'     ><section  class='av_textblock_section av-av_textblock-2de302bf1aa3cf4c9157dbe6f50ac7eb '   itemscope=\"itemscope\" itemtype=\"https:\/\/schema.org\/CreativeWork\" ><div class='avia_textblock'  itemprop=\"text\" ><p>Die kontinuierliche Forschung im Bereich der Materialien erm\u00f6glicht es uns, die Umweltauswirkungen unserer Produkte nachhaltig zu verbessern. Dies gilt beispielsweise f\u00fcr zertifizierte Oberfl\u00e4chenbehandlungen mit nicht-hexavalenten Chromverbindungen und niedrigen Schadstoffemissionen in potenziell gef\u00e4hrlichen Umgebungen (MSHA-Zertifizierung).<\/p>\n<p>Unsere Forschung und Innovation ist die Grundlage f\u00fcr die Entwicklung von Technologien zur Verbesserung unseres Kundenservice. Dies umfasst unter anderem ein in Echtzeit aktualisiertes Webportal, \u00fcber das unsere Kunden die Lagerbest\u00e4nde in den Zentrallagern und Vertriebszentren sowie den Status ihrer Bestellungen und die damit verbundenen logistischen Informationen \u00fcberpr\u00fcfen k\u00f6nnen. Herunterladen.<\/p>\n<p>Unser Unternehmen ist nach ISO 14001: 2004 zertifiziert.<\/p>\n<p><a href=\"https:\/\/www.interpumpfluidsolutions.com\/de2\/wp-content\/uploads\/sites\/11\/2019\/09\/Certificato_I.M.M._Hydraulics_S.p.A._-_ISO14001.pdf\">Herunterladen.<\/a><\/p>\n<\/div><\/section><\/div>\n","protected":false},"excerpt":{"rendered":"","protected":false},"author":3,"featured_media":0,"parent":56,"menu_order":4,"comment_status":"closed","ping_status":"closed","template":"","meta":{"footnotes":""},"class_list":["post-218","page","type-page","status-publish","hentry"],"yoast_head":"<!-- This site is optimized with the Yoast SEO plugin v26.2 - https:\/\/yoast.com\/wordpress\/plugins\/seo\/ -->\n<title>Umwelt - Interpump Germany<\/title>\n<meta name=\"robots\" content=\"noindex, follow, max-snippet:-1, max-image-preview:large, max-video-preview:-1\" \/>\n<meta property=\"og:locale\" content=\"en_GB\" \/>\n<meta property=\"og:type\" content=\"article\" \/>\n<meta property=\"og:title\" content=\"Umwelt - Interpump Germany\" \/>\n<meta property=\"og:url\" content=\"https:\/\/www.interpumpfluidsolutions.com\/de\/about\/environment\/\" \/>\n<meta property=\"og:site_name\" content=\"Interpump Germany\" \/>\n<meta property=\"article:modified_time\" content=\"2019-12-02T17:35:57+00:00\" \/>\n<meta name=\"twitter:card\" content=\"summary_large_image\" \/>\n<meta name=\"twitter:label1\" content=\"Estimated reading time\" \/>\n\t<meta name=\"twitter:data1\" content=\"2 minutes\" \/>\n<script type=\"application\/ld+json\" class=\"yoast-schema-graph\">{\"@context\":\"https:\/\/schema.org\",\"@graph\":[{\"@type\":\"WebPage\",\"@id\":\"https:\/\/www.interpumpfluidsolutions.com\/de\/about\/environment\/\",\"url\":\"https:\/\/www.interpumpfluidsolutions.com\/de\/about\/environment\/\",\"name\":\"Umwelt - Interpump Germany\",\"isPartOf\":{\"@id\":\"https:\/\/www.interpumpfluidsolutions.com\/de\/#website\"},\"datePublished\":\"2017-11-20T13:27:18+00:00\",\"dateModified\":\"2019-12-02T17:35:57+00:00\",\"breadcrumb\":{\"@id\":\"https:\/\/www.interpumpfluidsolutions.com\/de\/about\/environment\/#breadcrumb\"},\"inLanguage\":\"en-GB\",\"potentialAction\":[{\"@type\":\"ReadAction\",\"target\":[\"https:\/\/www.interpumpfluidsolutions.com\/de\/about\/environment\/\"]}]},{\"@type\":\"BreadcrumbList\",\"@id\":\"https:\/\/www.interpumpfluidsolutions.com\/de\/about\/environment\/#breadcrumb\",\"itemListElement\":[{\"@type\":\"ListItem\",\"position\":1,\"name\":\"Home\",\"item\":\"https:\/\/www.interpumpfluidsolutions.com\/de\/home\/\"},{\"@type\":\"ListItem\",\"position\":2,\"name\":\"About\",\"item\":\"https:\/\/www.interpumpfluidsolutions.com\/de\/about\/\"},{\"@type\":\"ListItem\",\"position\":3,\"name\":\"Umwelt\"}]},{\"@type\":\"WebSite\",\"@id\":\"https:\/\/www.interpumpfluidsolutions.com\/de\/#website\",\"url\":\"https:\/\/www.interpumpfluidsolutions.com\/de\/\",\"name\":\"Interpump Germany\",\"description\":\"Fluid Solutions\",\"potentialAction\":[{\"@type\":\"SearchAction\",\"target\":{\"@type\":\"EntryPoint\",\"urlTemplate\":\"https:\/\/www.interpumpfluidsolutions.com\/de\/?s={search_term_string}\"},\"query-input\":{\"@type\":\"PropertyValueSpecification\",\"valueRequired\":true,\"valueName\":\"search_term_string\"}}],\"inLanguage\":\"en-GB\"}]}<\/script>\n<!-- \/ Yoast SEO plugin. -->","yoast_head_json":{"title":"Umwelt - Interpump Germany","robots":{"index":"noindex","follow":"follow","max-snippet":"max-snippet:-1","max-image-preview":"max-image-preview:large","max-video-preview":"max-video-preview:-1"},"og_locale":"en_GB","og_type":"article","og_title":"Umwelt - Interpump Germany","og_url":"https:\/\/www.interpumpfluidsolutions.com\/de\/about\/environment\/","og_site_name":"Interpump Germany","article_modified_time":"2019-12-02T17:35:57+00:00","twitter_card":"summary_large_image","twitter_misc":{"Estimated reading time":"2 minutes"},"schema":{"@context":"https:\/\/schema.org","@graph":[{"@type":"WebPage","@id":"https:\/\/www.interpumpfluidsolutions.com\/de\/about\/environment\/","url":"https:\/\/www.interpumpfluidsolutions.com\/de\/about\/environment\/","name":"Umwelt - Interpump Germany","isPartOf":{"@id":"https:\/\/www.interpumpfluidsolutions.com\/de\/#website"},"datePublished":"2017-11-20T13:27:18+00:00","dateModified":"2019-12-02T17:35:57+00:00","breadcrumb":{"@id":"https:\/\/www.interpumpfluidsolutions.com\/de\/about\/environment\/#breadcrumb"},"inLanguage":"en-GB","potentialAction":[{"@type":"ReadAction","target":["https:\/\/www.interpumpfluidsolutions.com\/de\/about\/environment\/"]}]},{"@type":"BreadcrumbList","@id":"https:\/\/www.interpumpfluidsolutions.com\/de\/about\/environment\/#breadcrumb","itemListElement":[{"@type":"ListItem","position":1,"name":"Home","item":"https:\/\/www.interpumpfluidsolutions.com\/de\/home\/"},{"@type":"ListItem","position":2,"name":"About","item":"https:\/\/www.interpumpfluidsolutions.com\/de\/about\/"},{"@type":"ListItem","position":3,"name":"Umwelt"}]},{"@type":"WebSite","@id":"https:\/\/www.interpumpfluidsolutions.com\/de\/#website","url":"https:\/\/www.interpumpfluidsolutions.com\/de\/","name":"Interpump Germany","description":"Fluid Solutions","potentialAction":[{"@type":"SearchAction","target":{"@type":"EntryPoint","urlTemplate":"https:\/\/www.interpumpfluidsolutions.com\/de\/?s={search_term_string}"},"query-input":{"@type":"PropertyValueSpecification","valueRequired":true,"valueName":"search_term_string"}}],"inLanguage":"en-GB"}]}},"_links":{"self":[{"href":"https:\/\/www.interpumpfluidsolutions.com\/de\/wp-json\/wp\/v2\/pages\/218","targetHints":{"allow":["GET"]}}],"collection":[{"href":"https:\/\/www.interpumpfluidsolutions.com\/de\/wp-json\/wp\/v2\/pages"}],"about":[{"href":"https:\/\/www.interpumpfluidsolutions.com\/de\/wp-json\/wp\/v2\/types\/page"}],"author":[{"embeddable":true,"href":"https:\/\/www.interpumpfluidsolutions.com\/de\/wp-json\/wp\/v2\/users\/3"}],"replies":[{"embeddable":true,"href":"https:\/\/www.interpumpfluidsolutions.com\/de\/wp-json\/wp\/v2\/comments?post=218"}],"version-history":[{"count":8,"href":"https:\/\/www.interpumpfluidsolutions.com\/de\/wp-json\/wp\/v2\/pages\/218\/revisions"}],"predecessor-version":[{"id":2910,"href":"https:\/\/www.interpumpfluidsolutions.com\/de\/wp-json\/wp\/v2\/pages\/218\/revisions\/2910"}],"up":[{"embeddable":true,"href":"https:\/\/www.interpumpfluidsolutions.com\/de\/wp-json\/wp\/v2\/pages\/56"}],"wp:attachment":[{"href":"https:\/\/www.interpumpfluidsolutions.com\/de\/wp-json\/wp\/v2\/media?parent=218"}],"curies":[{"name":"wp","href":"https:\/\/api.w.org\/{rel}","templated":true}]}}