{"id":221,"date":"2017-11-20T13:30:05","date_gmt":"2017-11-20T13:30:05","guid":{"rendered":"https:\/\/www.interpumpfluidsolutions.com\/de2\/?page_id=221"},"modified":"2019-12-02T17:38:13","modified_gmt":"2019-12-02T17:38:13","slug":"security","status":"publish","type":"page","link":"https:\/\/www.interpumpfluidsolutions.com\/de\/about\/security\/","title":{"rendered":"Sicherheit"},"content":{"rendered":"\n<style type=\"text\/css\" data-created_by=\"avia_inline_auto\" id=\"style-css-av-av_one_full-15d750bd1b332b34c6e70b077ebbccdf\">\n.flex_column.av-av_one_full-15d750bd1b332b34c6e70b077ebbccdf{\nborder-radius:0px 0px 0px 0px;\npadding:0px 0px 0px 0px;\n}\n<\/style>\n<div  class='flex_column av-av_one_full-15d750bd1b332b34c6e70b077ebbccdf av_one_full  avia-builder-el-0  el_before_av_one_half  avia-builder-el-first  first flex_column_div av-zero-column-padding  '     ><style type=\"text\/css\" data-created_by=\"avia_inline_auto\" id=\"style-css-av-av_heading-325cdbf8bf392851df323d4ee26f4e04\">\n#top .av-special-heading.av-av_heading-325cdbf8bf392851df323d4ee26f4e04{\npadding-bottom:10px;\n}\nbody .av-special-heading.av-av_heading-325cdbf8bf392851df323d4ee26f4e04 .av-special-heading-tag .heading-char{\nfont-size:25px;\n}\n.av-special-heading.av-av_heading-325cdbf8bf392851df323d4ee26f4e04 .av-subheading{\nfont-size:15px;\n}\n<\/style>\n<div  class='av-special-heading av-av_heading-325cdbf8bf392851df323d4ee26f4e04 av-special-heading-h3  avia-builder-el-1  avia-builder-el-no-sibling '><h3 class='av-special-heading-tag'  itemprop=\"headline\"  >Sicherheit<\/h3><div class=\"special-heading-border\"><div class=\"special-heading-inner-border\"><\/div><\/div><\/div><\/div>\n<style type=\"text\/css\" data-created_by=\"avia_inline_auto\" id=\"style-css-av-av_one_half-15d750bd1b332b34c6e70b077ebbccdf\">\n.flex_column.av-av_one_half-15d750bd1b332b34c6e70b077ebbccdf{\nborder-radius:0px 0px 0px 0px;\npadding:0px 0px 0px 0px;\n}\n<\/style>\n<div  class='flex_column av-av_one_half-15d750bd1b332b34c6e70b077ebbccdf av_one_half  avia-builder-el-2  el_after_av_one_full  el_before_av_one_half  first flex_column_div av-zero-column-padding  column-top-margin'     ><section  class='av_textblock_section av-av_textblock-2de302bf1aa3cf4c9157dbe6f50ac7eb '   itemscope=\"itemscope\" itemtype=\"https:\/\/schema.org\/CreativeWork\" ><div class='avia_textblock'  itemprop=\"text\" ><p>Unsere Qualit\u00e4tspolitik baut auf Investitionen in die Forschung und Innovation auf \u2013 zugunsten des Einsatzes fortschrittlicher Systeme und modernster Technologien.<br \/>\nEs ist also nicht nur eine Qualit\u00e4t des Systems (die Produktionsst\u00e4tten und Vertriebsstellengesellschaften sind nach ISO 9000 zertifiziert), sondern auch eine Qualit\u00e4t des Prozesses und des Produkts \u2013 von der 100-%igen Laserkontrolle an den Produktions- und Montagelinien hin zu spezifischen Produktzertifizierungen.<\/p>\n<p>Die kontinuierliche Verbesserung und Erweiterung des Sortiments hat eine Integration des Wissensstands und der Pr\u00fcfung der Produktkompatibilit\u00e4t mit sich gebracht. Dank unternehmensintern entwickelter Steuerungssysteme (ad hoc) und Pr\u00fcfmaschinen, die von Entwicklungsabteilungen derselben Unternehmensgruppe gebaut wurden, hat Hypress eine Reihe von Zulassungen internationaler Zertifizierungsstellen erhalten, die die Kontinuit\u00e4t der Lieferungen, hohe Qualit\u00e4tsstandards und eine nachgewiesene Anwendungskompatibilit\u00e4t gew\u00e4hrleisten. Von akkreditierten Stellen wie Bureau Veritas und Germanischer Lloyd anerkannte Sicherheit und Gew\u00e4hrleistung von Leistungsmerkmalen \u2013 anhand von Produktzertifizierungen zur Best\u00e4tigung, dass die Standardpr\u00fcfzyklen und spezifischen Tests im Sinne der Vorschriften durchgef\u00fchrt werden.<\/p>\n<p>Wir sind au\u00dferdem Mitglied der wichtigsten Normungsgremien, vom Italienischen Institut f\u00fcr Normung (Ente di Unificazione Italiano, UNI) hin zur Referenzvereinigung f\u00fcr Fluidtechnik Assofluid, was den kontinuierlichen Erneuerungsprozess zus\u00e4tzlich untermauert.<\/p>\n<p>Die Pr\u00e4vention und Bek\u00e4mpfung von Unf\u00e4llen und Krankheiten am Arbeitsplatz sind die Hauptziele der Unternehmensphilosophie von I.M.M. Hydraulics, unter Einbeziehung der Mitarbeiter und in \u00dcbereinstimmung mit den strengen Vorschriften im Rahmen der Pr\u00e4ventivma\u00dfnahmen der Unternehmenspolitik. Die nachhaltige Aus- und Weiterbildung im Hinblick auf die Risikovermeidung am Arbeitsplatz hat zu ausgezeichneten Ergebnissen in der Pr\u00e4ventivphase gef\u00fchrt.<\/p>\n<p>Wir engagieren uns f\u00fcr die Entwicklung eines langfristig nachhaltigen Gesch\u00e4ftskonzepts und gleichzeitig f\u00fcr eine minimale Umweltbelastung in allen Prozessen und Aktivit\u00e4ten des Unternehmens.<br \/>\nVon akkreditierten Stellen wie Bureau Veritas und Germanischer Lloyd anerkannte Sicherheit, Gew\u00e4hrleistung und hohe Leistungsmerkmale \u2013 anhand von Produktzertifizierungen zur Best\u00e4tigung, dass die Standardpr\u00fcfzyklen und spezifischen Tests im Sinne der Vorschriften durchgef\u00fchrt werden.<\/p>\n<p>All dies wird durch die Zugeh\u00f6rigkeit bei den wichtigsten Normungsgremien best\u00e4tigt, vom Italienischen Institut f\u00fcr Normung (Ente di Normazione Italiano, UNI) hin zur Referenzvereinigung f\u00fcr Fluidtechnik Assofluid.<\/p>\n<p>Unser Unternehmen ist nach BS OHSAS 18001:2007 zertifiziert (siehe Anhang). Download.<\/p>\n<\/div><\/section><\/div>\n<style type=\"text\/css\" data-created_by=\"avia_inline_auto\" id=\"style-css-av-av_one_half-c8fc129dc35fd1ae2a1e410224d39ea8\">\n.flex_column.av-av_one_half-c8fc129dc35fd1ae2a1e410224d39ea8{\nborder-radius:0px 0px 0px 0px;\npadding:0px 0px 0px 0px;\n}\n<\/style>\n<div  class='flex_column av-av_one_half-c8fc129dc35fd1ae2a1e410224d39ea8 av_one_half  avia-builder-el-4  el_after_av_one_half  avia-builder-el-last  flex_column_div av-zero-column-padding  column-top-margin'     ><style type=\"text\/css\" data-created_by=\"avia_inline_auto\" id=\"style-css-av-av_image-faa8e009645a50f677affa7b5f728af0\">\n.avia-image-container.av-av_image-faa8e009645a50f677affa7b5f728af0 img.avia_image{\nbox-shadow:none;\n}\n.avia-image-container.av-av_image-faa8e009645a50f677affa7b5f728af0 .av-image-caption-overlay-center{\ncolor:#ffffff;\n}\n<\/style>\n<div  class='avia-image-container av-av_image-faa8e009645a50f677affa7b5f728af0 av-styling- av-hover-grow av-img-linked avia_animated_image av-animated-when-visible-95 av-rotateIn avia-align-center  avia-builder-el-5  avia-builder-el-no-sibling '   itemprop=\"image\" itemscope=\"itemscope\" itemtype=\"https:\/\/schema.org\/ImageObject\" ><div class=\"avia-image-container-inner\"><div class=\"avia-image-overlay-wrap\"><a href=\"https:\/\/www.interpumpfluidsolutions.com\/de\/wp-content\/uploads\/sites\/11\/2017\/11\/sicurezza.jpg\" data-srcset=\"https:\/\/www.interpumpfluidsolutions.com\/de\/wp-content\/uploads\/sites\/11\/2017\/11\/sicurezza.jpg 402w, https:\/\/www.interpumpfluidsolutions.com\/de\/wp-content\/uploads\/sites\/11\/2017\/11\/sicurezza-212x300.jpg 212w\" data-sizes=\"(max-width: 402px) 100vw, 402px\" class='avia_image '  aria-label='sicurezza'><img decoding=\"async\" fetchpriority=\"high\" class='wp-image-327 avia-img-lazy-loading-not-327 avia_image ' src=\"https:\/\/www.interpumpfluidsolutions.com\/de\/wp-content\/uploads\/sites\/11\/2017\/11\/sicurezza-212x300.jpg\" alt='Interpump Fluid Solutions Security Policy' title='sicurezza'  height=\"300\" width=\"212\"  itemprop=\"thumbnailUrl\" srcset=\"https:\/\/www.interpumpfluidsolutions.com\/de\/wp-content\/uploads\/sites\/11\/2017\/11\/sicurezza-212x300.jpg 212w, https:\/\/www.interpumpfluidsolutions.com\/de\/wp-content\/uploads\/sites\/11\/2017\/11\/sicurezza.jpg 402w\" sizes=\"(max-width: 212px) 100vw, 212px\" \/><\/a><\/div><\/div><\/div><\/div><\/p>\n","protected":false},"excerpt":{"rendered":"","protected":false},"author":3,"featured_media":0,"parent":56,"menu_order":5,"comment_status":"closed","ping_status":"closed","template":"","meta":{"footnotes":""},"class_list":["post-221","page","type-page","status-publish","hentry"],"yoast_head":"<!-- This site is optimized with the Yoast SEO plugin v26.2 - https:\/\/yoast.com\/wordpress\/plugins\/seo\/ -->\n<title>Sicherheit - Interpump Germany<\/title>\n<meta name=\"robots\" content=\"noindex, follow, max-snippet:-1, max-image-preview:large, max-video-preview:-1\" \/>\n<meta property=\"og:locale\" content=\"en_GB\" \/>\n<meta property=\"og:type\" content=\"article\" \/>\n<meta property=\"og:title\" content=\"Sicherheit - Interpump Germany\" \/>\n<meta property=\"og:url\" content=\"https:\/\/www.interpumpfluidsolutions.com\/de\/about\/security\/\" \/>\n<meta property=\"og:site_name\" content=\"Interpump Germany\" \/>\n<meta property=\"article:modified_time\" content=\"2019-12-02T17:38:13+00:00\" \/>\n<meta name=\"twitter:card\" content=\"summary_large_image\" \/>\n<meta name=\"twitter:label1\" content=\"Estimated reading time\" \/>\n\t<meta name=\"twitter:data1\" content=\"3 minutes\" \/>\n<script type=\"application\/ld+json\" class=\"yoast-schema-graph\">{\"@context\":\"https:\/\/schema.org\",\"@graph\":[{\"@type\":\"WebPage\",\"@id\":\"https:\/\/www.interpumpfluidsolutions.com\/de\/about\/security\/\",\"url\":\"https:\/\/www.interpumpfluidsolutions.com\/de\/about\/security\/\",\"name\":\"Sicherheit - Interpump Germany\",\"isPartOf\":{\"@id\":\"https:\/\/www.interpumpfluidsolutions.com\/de\/#website\"},\"datePublished\":\"2017-11-20T13:30:05+00:00\",\"dateModified\":\"2019-12-02T17:38:13+00:00\",\"breadcrumb\":{\"@id\":\"https:\/\/www.interpumpfluidsolutions.com\/de\/about\/security\/#breadcrumb\"},\"inLanguage\":\"en-GB\",\"potentialAction\":[{\"@type\":\"ReadAction\",\"target\":[\"https:\/\/www.interpumpfluidsolutions.com\/de\/about\/security\/\"]}]},{\"@type\":\"BreadcrumbList\",\"@id\":\"https:\/\/www.interpumpfluidsolutions.com\/de\/about\/security\/#breadcrumb\",\"itemListElement\":[{\"@type\":\"ListItem\",\"position\":1,\"name\":\"Home\",\"item\":\"https:\/\/www.interpumpfluidsolutions.com\/de\/home\/\"},{\"@type\":\"ListItem\",\"position\":2,\"name\":\"About\",\"item\":\"https:\/\/www.interpumpfluidsolutions.com\/de\/about\/\"},{\"@type\":\"ListItem\",\"position\":3,\"name\":\"Sicherheit\"}]},{\"@type\":\"WebSite\",\"@id\":\"https:\/\/www.interpumpfluidsolutions.com\/de\/#website\",\"url\":\"https:\/\/www.interpumpfluidsolutions.com\/de\/\",\"name\":\"Interpump Germany\",\"description\":\"Fluid Solutions\",\"potentialAction\":[{\"@type\":\"SearchAction\",\"target\":{\"@type\":\"EntryPoint\",\"urlTemplate\":\"https:\/\/www.interpumpfluidsolutions.com\/de\/?s={search_term_string}\"},\"query-input\":{\"@type\":\"PropertyValueSpecification\",\"valueRequired\":true,\"valueName\":\"search_term_string\"}}],\"inLanguage\":\"en-GB\"}]}<\/script>\n<!-- \/ Yoast SEO plugin. -->","yoast_head_json":{"title":"Sicherheit - Interpump Germany","robots":{"index":"noindex","follow":"follow","max-snippet":"max-snippet:-1","max-image-preview":"max-image-preview:large","max-video-preview":"max-video-preview:-1"},"og_locale":"en_GB","og_type":"article","og_title":"Sicherheit - Interpump Germany","og_url":"https:\/\/www.interpumpfluidsolutions.com\/de\/about\/security\/","og_site_name":"Interpump Germany","article_modified_time":"2019-12-02T17:38:13+00:00","twitter_card":"summary_large_image","twitter_misc":{"Estimated reading time":"3 minutes"},"schema":{"@context":"https:\/\/schema.org","@graph":[{"@type":"WebPage","@id":"https:\/\/www.interpumpfluidsolutions.com\/de\/about\/security\/","url":"https:\/\/www.interpumpfluidsolutions.com\/de\/about\/security\/","name":"Sicherheit - Interpump Germany","isPartOf":{"@id":"https:\/\/www.interpumpfluidsolutions.com\/de\/#website"},"datePublished":"2017-11-20T13:30:05+00:00","dateModified":"2019-12-02T17:38:13+00:00","breadcrumb":{"@id":"https:\/\/www.interpumpfluidsolutions.com\/de\/about\/security\/#breadcrumb"},"inLanguage":"en-GB","potentialAction":[{"@type":"ReadAction","target":["https:\/\/www.interpumpfluidsolutions.com\/de\/about\/security\/"]}]},{"@type":"BreadcrumbList","@id":"https:\/\/www.interpumpfluidsolutions.com\/de\/about\/security\/#breadcrumb","itemListElement":[{"@type":"ListItem","position":1,"name":"Home","item":"https:\/\/www.interpumpfluidsolutions.com\/de\/home\/"},{"@type":"ListItem","position":2,"name":"About","item":"https:\/\/www.interpumpfluidsolutions.com\/de\/about\/"},{"@type":"ListItem","position":3,"name":"Sicherheit"}]},{"@type":"WebSite","@id":"https:\/\/www.interpumpfluidsolutions.com\/de\/#website","url":"https:\/\/www.interpumpfluidsolutions.com\/de\/","name":"Interpump Germany","description":"Fluid Solutions","potentialAction":[{"@type":"SearchAction","target":{"@type":"EntryPoint","urlTemplate":"https:\/\/www.interpumpfluidsolutions.com\/de\/?s={search_term_string}"},"query-input":{"@type":"PropertyValueSpecification","valueRequired":true,"valueName":"search_term_string"}}],"inLanguage":"en-GB"}]}},"_links":{"self":[{"href":"https:\/\/www.interpumpfluidsolutions.com\/de\/wp-json\/wp\/v2\/pages\/221","targetHints":{"allow":["GET"]}}],"collection":[{"href":"https:\/\/www.interpumpfluidsolutions.com\/de\/wp-json\/wp\/v2\/pages"}],"about":[{"href":"https:\/\/www.interpumpfluidsolutions.com\/de\/wp-json\/wp\/v2\/types\/page"}],"author":[{"embeddable":true,"href":"https:\/\/www.interpumpfluidsolutions.com\/de\/wp-json\/wp\/v2\/users\/3"}],"replies":[{"embeddable":true,"href":"https:\/\/www.interpumpfluidsolutions.com\/de\/wp-json\/wp\/v2\/comments?post=221"}],"version-history":[{"count":6,"href":"https:\/\/www.interpumpfluidsolutions.com\/de\/wp-json\/wp\/v2\/pages\/221\/revisions"}],"predecessor-version":[{"id":2912,"href":"https:\/\/www.interpumpfluidsolutions.com\/de\/wp-json\/wp\/v2\/pages\/221\/revisions\/2912"}],"up":[{"embeddable":true,"href":"https:\/\/www.interpumpfluidsolutions.com\/de\/wp-json\/wp\/v2\/pages\/56"}],"wp:attachment":[{"href":"https:\/\/www.interpumpfluidsolutions.com\/de\/wp-json\/wp\/v2\/media?parent=221"}],"curies":[{"name":"wp","href":"https:\/\/api.w.org\/{rel}","templated":true}]}}