{"id":224,"date":"2017-11-20T13:30:28","date_gmt":"2017-11-20T13:30:28","guid":{"rendered":"https:\/\/www.interpumpfluidsolutions.com\/de2\/?page_id=224"},"modified":"2025-03-17T15:31:53","modified_gmt":"2025-03-17T15:31:53","slug":"certification","status":"publish","type":"page","link":"https:\/\/www.interpumpfluidsolutions.com\/de\/about\/certification\/","title":{"rendered":"Zertifizierungen"},"content":{"rendered":"\n<style type=\"text\/css\" data-created_by=\"avia_inline_auto\" id=\"style-css-av-1hbexs-cea64d455ed8d10a40362e7dacb75ccb\">\n.flex_column.av-1hbexs-cea64d455ed8d10a40362e7dacb75ccb{\nborder-radius:0px 0px 0px 0px;\npadding:0px 0px 0px 0px;\n}\n<\/style>\n<div  class='flex_column av-1hbexs-cea64d455ed8d10a40362e7dacb75ccb av_one_full  avia-builder-el-0  el_before_av_one_half  avia-builder-el-first  first flex_column_div av-zero-column-padding  '     ><style type=\"text\/css\" data-created_by=\"avia_inline_auto\" id=\"style-css-av-1aa440-34643c548e031c93ce46b16d6e1ca457\">\n#top .av-special-heading.av-1aa440-34643c548e031c93ce46b16d6e1ca457{\npadding-bottom:10px;\n}\nbody .av-special-heading.av-1aa440-34643c548e031c93ce46b16d6e1ca457 .av-special-heading-tag .heading-char{\nfont-size:25px;\n}\n.av-special-heading.av-1aa440-34643c548e031c93ce46b16d6e1ca457 .av-subheading{\nfont-size:15px;\n}\n<\/style>\n<div  class='av-special-heading av-1aa440-34643c548e031c93ce46b16d6e1ca457 av-special-heading-h3  avia-builder-el-1  avia-builder-el-no-sibling '><h3 class='av-special-heading-tag'  itemprop=\"headline\"  >Zertifizierungen<\/h3><div class=\"special-heading-border\"><div class=\"special-heading-inner-border\"><\/div><\/div><\/div><\/div>\n\n<style type=\"text\/css\" data-created_by=\"avia_inline_auto\" id=\"style-css-av-13pdqg-297effd2ec872bf2d62df053e8c264fa\">\n.flex_column.av-13pdqg-297effd2ec872bf2d62df053e8c264fa{\nborder-radius:0px 0px 0px 0px;\npadding:0px 0px 0px 0px;\n}\n<\/style>\n<div  class='flex_column av-13pdqg-297effd2ec872bf2d62df053e8c264fa av_one_half  avia-builder-el-2  el_after_av_one_full  el_before_av_one_half  first flex_column_div av-zero-column-padding  column-top-margin'     ><p>\n<style type=\"text\/css\" data-created_by=\"avia_inline_auto\" id=\"style-css-av-yg608-c5a5439ed460d1490fe0a1bc5d39fad4\">\n.avia-image-container.av-yg608-c5a5439ed460d1490fe0a1bc5d39fad4 img.avia_image{\nbox-shadow:none;\n}\n.avia-image-container.av-yg608-c5a5439ed460d1490fe0a1bc5d39fad4 .av-image-caption-overlay-center{\ncolor:#ffffff;\n}\n<\/style>\n<div  class='avia-image-container av-yg608-c5a5439ed460d1490fe0a1bc5d39fad4 av-styling- av-hover-grow av-img-linked avia_animated_image av-animated-when-visible-95 av-rotateIn avia-align-center  avia-builder-el-3  el_before_av_textblock  avia-builder-el-first '   itemprop=\"image\" itemscope=\"itemscope\" itemtype=\"https:\/\/schema.org\/ImageObject\" ><div class=\"avia-image-container-inner\"><div class=\"avia-image-overlay-wrap\"><a href=\"https:\/\/www.interpumpfluidsolutions.com\/de\/wp-content\/uploads\/sites\/11\/2017\/11\/certificati-group.jpg\" data-srcset=\"https:\/\/www.interpumpfluidsolutions.com\/de\/wp-content\/uploads\/sites\/11\/2017\/11\/certificati-group.jpg 393w, https:\/\/www.interpumpfluidsolutions.com\/de\/wp-content\/uploads\/sites\/11\/2017\/11\/certificati-group-260x300.jpg 260w\" data-sizes=\"(max-width: 393px) 100vw, 393px\" class='avia_image '  aria-label='certificati-group'><img decoding=\"async\" fetchpriority=\"high\" class='wp-image-333 avia-img-lazy-loading-not-333 avia_image ' src=\"https:\/\/www.interpumpfluidsolutions.com\/de\/wp-content\/uploads\/sites\/11\/2017\/11\/certificati-group-260x300.jpg\" alt='Interpump Fluid Solutions Certification' title='certificati-group'  height=\"300\" width=\"260\"  itemprop=\"thumbnailUrl\" srcset=\"https:\/\/www.interpumpfluidsolutions.com\/de\/wp-content\/uploads\/sites\/11\/2017\/11\/certificati-group-260x300.jpg 260w, https:\/\/www.interpumpfluidsolutions.com\/de\/wp-content\/uploads\/sites\/11\/2017\/11\/certificati-group.jpg 393w\" sizes=\"(max-width: 260px) 100vw, 260px\" \/><\/a><\/div><\/div><\/div><br \/>\n<section  class='av_textblock_section av-tdie0-b67a0172e1e6ff1cdff1c05d7332545b '   itemscope=\"itemscope\" itemtype=\"https:\/\/schema.org\/CreativeWork\" ><div class='avia_textblock'  itemprop=\"text\" ><blockquote>\n<p>Die kontinuierliche Verbesserung und Erweiterung des Sortiments hat eine Integration des Wissensstands und der Pr\u00fcfung der Produktkompatibilit\u00e4t mit sich gebracht. Dank unternehmensintern entwickelter Steuerungssysteme (ad hoc) und Pr\u00fcfmaschinen, die von Entwicklungsabteilungen derselben Unternehmensgruppe gebaut wurden. Die Gruppe hat eine Reihe von Zulassungen internationaler Zertifizierungsstellen erhalten, die die Kontinuit\u00e4t der Lieferungen, hohe Qualit\u00e4tsstandards und eine nachgewiesene Anwendungskompatibilit\u00e4t gew\u00e4hrleisten.<\/p>\n<\/blockquote>\n<\/div><\/section><br \/>\n<div  class='avia-button-wrap avia-button-center  avia-builder-el-5  el_after_av_textblock  avia-builder-el-last '>\n<style type=\"text\/css\" data-created_by=\"avia_inline_auto\" id=\"style-css-av-lxaiw-32e2651b5c4ee4675748a1a9bb324156\">\n#top #wrap_all .avia-button.av-lxaiw-32e2651b5c4ee4675748a1a9bb324156:hover{\ncolor:white;\ntransition:all 0.4s ease-in-out;\n}\n<\/style>\n<a href='https:\/\/www.interpumpfluidsolutions.com\/de\/wp-content\/uploads\/sites\/11\/2025\/01\/tabella-certificazioni.pdf' class='avia-color-theme-color avia-font-color-theme-color avia-button avia-button-fullwidth av-lxaiw-32e2651b5c4ee4675748a1a9bb324156 avia-icon_select-no avia-color-theme-color'  target=\"_blank\"  rel=\"noopener noreferrer\" ><span class='avia_iconbox_title' >Zertifizierungen<\/span><span class='avia_button_background avia-button avia-button-fullwidth avia-color-theme-color'><\/span><\/a><\/div><\/p><\/div>\n<style type=\"text\/css\" data-created_by=\"avia_inline_auto\" id=\"style-css-av-fjafk-d2bef495a2990a93704eeaf43a21f371\">\n.flex_column.av-fjafk-d2bef495a2990a93704eeaf43a21f371{\nborder-radius:0px 0px 0px 0px;\npadding:0px 0px 0px 0px;\n}\n<\/style>\n<div  class='flex_column av-fjafk-d2bef495a2990a93704eeaf43a21f371 av_one_half  avia-builder-el-6  el_after_av_one_half  avia-builder-el-last  flex_column_div av-zero-column-padding  column-top-margin'     ><section  class='av_textblock_section av-13bao-d96d2861f74198b1484a0db17402b999 '   itemscope=\"itemscope\" itemtype=\"https:\/\/schema.org\/CreativeWork\" ><div class='avia_textblock'  itemprop=\"text\" ><p>Sicherheit, Zuverl\u00e4ssigkeit und hohe Leistungsmerkmale werden von akkreditierten Stellen wie DNV-GL, ABS, Lloyd\u2019s Register Bureau Veritas und RINA durch Produktzertifizierungen nach spezifischen Audits und \u00fcberwachten Tests mit positivem Ausgang anerkannt.<\/p>\n<p>I.M.M. Hydraulics ist Mitglied des Italienischen Instituts f\u00fcr Normung (Ente di Normazione Italiano, UNI) und ASSOFLUID (Italienischer Verband der Hersteller und Betreiber im Hydraulik- und Pneumatiksektor). Dieser Aspekt ist ein Mehrwert, um auf dem Laufenden zu bleiben und \u00fcber Normen, Anwendungen und L\u00f6sungen informiert zu sein.<\/p>\n<p><strong>\u00a0<\/strong><strong>\u00a0<\/strong><\/p>\n<table>\n<tbody>\n<tr>\n<td colspan=\"2\" width=\"991\"><strong>Systemzertifizierungen<\/strong><\/td>\n<td width=\"934\"><strong>Zertifizierungsstelle<\/strong><\/td>\n<\/tr>\n<tr>\n<td width=\"453\">Qualit\u00e4t<\/td>\n<td width=\"539\"><strong>ISO 9001:2015<\/strong><\/td>\n<td width=\"934\"><strong>DNV-GL<\/strong><\/td>\n<\/tr>\n<tr>\n<td width=\"453\">Umwelt<\/td>\n<td width=\"539\"><strong>ISO 14001:2015<\/strong><\/td>\n<td width=\"934\"><strong>DNV-GL<\/strong><\/td>\n<\/tr>\n<tr>\n<td width=\"453\">Gesundheit und<strong> Sicherheit<\/strong><\/td>\n<td width=\"539\"><strong>ISO 45001:2018 <\/strong><\/td>\n<td width=\"934\"><strong>DNV-GL<\/strong><\/td>\n<\/tr>\n<\/tbody>\n<\/table>\n<p><strong>\u00a0<\/strong><\/p>\n<table>\n<tbody>\n<tr>\n<td colspan=\"2\" width=\"642\"><strong>Produktzertifizierungen<\/strong><\/td>\n<\/tr>\n<tr>\n<td width=\"151\"><strong>DNV-GL<\/strong><\/td>\n<td width=\"491\">Hypress 4SP, Hypress 4SH, HIPAC\/LONGLIFE 2SC, KAIZEN 2SN<\/p>\n<p>HyGreen 4SH, HyGreen R13, HyGreen R15, MARATHON MSHA, Hypress R17 MSHA, Hypress 2SC MSHA<\/td>\n<\/tr>\n<tr>\n<td width=\"151\"><strong>ABS<\/strong><\/td>\n<td width=\"491\">Hypress R17 MSHA, Hypress 2SC MSHA, HIPAC\/LONGLIFE 2SC, KAIZEN 2SN, Hypress 1SC, MARATHON MSHA, Hypress 4SH, Hypress R13, Hypress R15, HyGreen 4SH, HyGreen R13, HyGreen R15<\/td>\n<\/tr>\n<tr>\n<td width=\"151\"><strong>LLOYD\u2019s Register<\/strong><\/td>\n<td width=\"491\">Hypress 2SC, HIPAC\/LONGLIFE 2SC, Hypress 2SN, KAZIEN 2SN, HyGreen 4SH, HyGreen R13, HyGreen R15, Marathon MSHA, Hypress R17 MSHA, Hypress 2SC MSHA<\/td>\n<\/tr>\n<tr>\n<td width=\"151\"><strong>RINA <\/strong><\/td>\n<td width=\"491\">HIPAC\/LONGLIFE 2SC, KAIZEN 2SN<\/td>\n<\/tr>\n<tr>\n<td width=\"151\"><strong>Bureau Veritas<\/strong><\/td>\n<td width=\"491\">HyGreen 4SH, HyGreen R13, HyGreen R15, Hypress 2SC MSHA, Hypress R17 MSHA, HIPAC 2SC MSHA &amp; MARATHON MSHA, HIPAC 1SC, LongLIfe 1SC, HIPAC 2SC, LongLife 2SC, KAIZEN 2SN, Hypress 4SH, Hypress 4SP, Hypress R15<\/td>\n<\/tr>\n<tr>\n<td width=\"151\"><strong>K<\/strong><strong>R<\/strong><\/td>\n<td width=\"491\">Hygreen 4SH, R13, R15, Hypress 4SH, Hypress 4SP, Hypress R15, Hypress R17, Hypress 2SC, Marathon 2SC, Kaizen 2SN, HIPAC 1SC, HIPAC 2SC, LongLife 1SC, LongLife 2SC<\/td>\n<\/tr>\n<tr>\n<td width=\"151\"><strong>NKK<\/strong><\/td>\n<td width=\"491\">INTERPUMP Hypress R17, INTERPUMP Hypress 4SH, INTERPUMP KAIZEN 2SN, INTERPUMP HIPAC 1SC&amp;2SC &#8211; LONGLIFE 1SC&amp;2SC, INTERPUMP Hypress 4SP, INTERPUMP Hypress 2SC, INTERPUMP Marathon, HyGreen 4SH, HyGreen R13, HyGreen R15<\/td>\n<\/tr>\n<tr>\n<td width=\"151\"><strong>CCS<\/strong><\/td>\n<td width=\"491\">INTERPUMP Hypress R17, INTERPUMP Hypress 1SC&amp;2SC, INTERPUMP KAIZEN 2SN, INTERPUMP HIPAC\/LONGLIFE 1SC&amp;2SC, INTERPUMP Hypress 4SP, INTERPUMP Marathon, HyGreen 4SH, HyGreen R13, HyGreen R15<\/td>\n<\/tr>\n<\/tbody>\n<\/table>\n<p><strong>\u00a0<\/strong><\/p>\n<table>\n<tbody>\n<tr>\n<td colspan=\"2\" width=\"642\"><strong>Spezifische Zertifizierungen<\/strong><\/td>\n<\/tr>\n<tr>\n<td width=\"151\"><strong>MSHA<\/strong><\/td>\n<td width=\"491\">Mescole di Copertura<\/td>\n<\/tr>\n<tr>\n<td width=\"151\"><strong>LAPI \u2013 EN 45545-2<\/strong><\/td>\n<td width=\"491\">Tubo HyRail<\/td>\n<\/tr>\n<\/tbody>\n<\/table>\n<p><strong>\u00a0<\/strong><strong>\u00a0<\/strong><\/p>\n<table>\n<tbody>\n<tr>\n<td colspan=\"2\" width=\"642\"><strong>Zertifizierungen Ausr\u00fcstungen Marinesektor<\/strong><\/td>\n<\/tr>\n<tr>\n<td width=\"151\"><strong>DNV-GL<\/strong><\/td>\n<td width=\"491\">MED-D (HIPAC 2SC, KAIZEN 2SN, Hypress 4SP, Hypress 4SH, HyGreen 4SH, HyGreen R13, HyGreen R15, Hypress R17, Hypress 2SC, MARATHON)<\/td>\n<\/tr>\n<\/tbody>\n<\/table>\n<p><strong>\u00a0<\/strong><strong>\u00a0<\/strong><\/p>\n<p><strong>Einhaltung der Vorschriften<br \/>\n<\/strong>\u2013 RoHS<br \/>\n\u2013 REACH<\/p>\n<p><strong>Mitwirkung\/Verb\u00e4nde<br \/>\n<\/strong>\u2013 ASSOFLUID<br \/>\n\u2013 UNI<\/p>\n<\/div><\/section><\/div><\/p>\n","protected":false},"excerpt":{"rendered":"","protected":false},"author":3,"featured_media":0,"parent":56,"menu_order":6,"comment_status":"closed","ping_status":"closed","template":"","meta":{"footnotes":""},"class_list":["post-224","page","type-page","status-publish","hentry"],"yoast_head":"<!-- This site is optimized with the Yoast SEO plugin v26.2 - https:\/\/yoast.com\/wordpress\/plugins\/seo\/ -->\n<title>Zertifizierungen - Interpump Germany<\/title>\n<meta name=\"robots\" content=\"noindex, follow, max-snippet:-1, max-image-preview:large, max-video-preview:-1\" \/>\n<meta property=\"og:locale\" content=\"en_GB\" \/>\n<meta property=\"og:type\" content=\"article\" \/>\n<meta property=\"og:title\" content=\"Zertifizierungen - Interpump Germany\" \/>\n<meta property=\"og:url\" content=\"https:\/\/www.interpumpfluidsolutions.com\/de\/about\/certification\/\" \/>\n<meta property=\"og:site_name\" content=\"Interpump Germany\" \/>\n<meta property=\"article:modified_time\" content=\"2025-03-17T15:31:53+00:00\" \/>\n<meta name=\"twitter:card\" content=\"summary_large_image\" \/>\n<meta name=\"twitter:label1\" content=\"Estimated reading time\" \/>\n\t<meta name=\"twitter:data1\" content=\"2 minutes\" \/>\n<script type=\"application\/ld+json\" class=\"yoast-schema-graph\">{\"@context\":\"https:\/\/schema.org\",\"@graph\":[{\"@type\":\"WebPage\",\"@id\":\"https:\/\/www.interpumpfluidsolutions.com\/de\/about\/certification\/\",\"url\":\"https:\/\/www.interpumpfluidsolutions.com\/de\/about\/certification\/\",\"name\":\"Zertifizierungen - Interpump Germany\",\"isPartOf\":{\"@id\":\"https:\/\/www.interpumpfluidsolutions.com\/de\/#website\"},\"datePublished\":\"2017-11-20T13:30:28+00:00\",\"dateModified\":\"2025-03-17T15:31:53+00:00\",\"breadcrumb\":{\"@id\":\"https:\/\/www.interpumpfluidsolutions.com\/de\/about\/certification\/#breadcrumb\"},\"inLanguage\":\"en-GB\",\"potentialAction\":[{\"@type\":\"ReadAction\",\"target\":[\"https:\/\/www.interpumpfluidsolutions.com\/de\/about\/certification\/\"]}]},{\"@type\":\"BreadcrumbList\",\"@id\":\"https:\/\/www.interpumpfluidsolutions.com\/de\/about\/certification\/#breadcrumb\",\"itemListElement\":[{\"@type\":\"ListItem\",\"position\":1,\"name\":\"Home\",\"item\":\"https:\/\/www.interpumpfluidsolutions.com\/de\/home\/\"},{\"@type\":\"ListItem\",\"position\":2,\"name\":\"About\",\"item\":\"https:\/\/www.interpumpfluidsolutions.com\/de\/about\/\"},{\"@type\":\"ListItem\",\"position\":3,\"name\":\"Zertifizierungen\"}]},{\"@type\":\"WebSite\",\"@id\":\"https:\/\/www.interpumpfluidsolutions.com\/de\/#website\",\"url\":\"https:\/\/www.interpumpfluidsolutions.com\/de\/\",\"name\":\"Interpump Germany\",\"description\":\"Fluid Solutions\",\"potentialAction\":[{\"@type\":\"SearchAction\",\"target\":{\"@type\":\"EntryPoint\",\"urlTemplate\":\"https:\/\/www.interpumpfluidsolutions.com\/de\/?s={search_term_string}\"},\"query-input\":{\"@type\":\"PropertyValueSpecification\",\"valueRequired\":true,\"valueName\":\"search_term_string\"}}],\"inLanguage\":\"en-GB\"}]}<\/script>\n<!-- \/ Yoast SEO plugin. -->","yoast_head_json":{"title":"Zertifizierungen - Interpump Germany","robots":{"index":"noindex","follow":"follow","max-snippet":"max-snippet:-1","max-image-preview":"max-image-preview:large","max-video-preview":"max-video-preview:-1"},"og_locale":"en_GB","og_type":"article","og_title":"Zertifizierungen - Interpump Germany","og_url":"https:\/\/www.interpumpfluidsolutions.com\/de\/about\/certification\/","og_site_name":"Interpump Germany","article_modified_time":"2025-03-17T15:31:53+00:00","twitter_card":"summary_large_image","twitter_misc":{"Estimated reading time":"2 minutes"},"schema":{"@context":"https:\/\/schema.org","@graph":[{"@type":"WebPage","@id":"https:\/\/www.interpumpfluidsolutions.com\/de\/about\/certification\/","url":"https:\/\/www.interpumpfluidsolutions.com\/de\/about\/certification\/","name":"Zertifizierungen - Interpump Germany","isPartOf":{"@id":"https:\/\/www.interpumpfluidsolutions.com\/de\/#website"},"datePublished":"2017-11-20T13:30:28+00:00","dateModified":"2025-03-17T15:31:53+00:00","breadcrumb":{"@id":"https:\/\/www.interpumpfluidsolutions.com\/de\/about\/certification\/#breadcrumb"},"inLanguage":"en-GB","potentialAction":[{"@type":"ReadAction","target":["https:\/\/www.interpumpfluidsolutions.com\/de\/about\/certification\/"]}]},{"@type":"BreadcrumbList","@id":"https:\/\/www.interpumpfluidsolutions.com\/de\/about\/certification\/#breadcrumb","itemListElement":[{"@type":"ListItem","position":1,"name":"Home","item":"https:\/\/www.interpumpfluidsolutions.com\/de\/home\/"},{"@type":"ListItem","position":2,"name":"About","item":"https:\/\/www.interpumpfluidsolutions.com\/de\/about\/"},{"@type":"ListItem","position":3,"name":"Zertifizierungen"}]},{"@type":"WebSite","@id":"https:\/\/www.interpumpfluidsolutions.com\/de\/#website","url":"https:\/\/www.interpumpfluidsolutions.com\/de\/","name":"Interpump Germany","description":"Fluid Solutions","potentialAction":[{"@type":"SearchAction","target":{"@type":"EntryPoint","urlTemplate":"https:\/\/www.interpumpfluidsolutions.com\/de\/?s={search_term_string}"},"query-input":{"@type":"PropertyValueSpecification","valueRequired":true,"valueName":"search_term_string"}}],"inLanguage":"en-GB"}]}},"_links":{"self":[{"href":"https:\/\/www.interpumpfluidsolutions.com\/de\/wp-json\/wp\/v2\/pages\/224","targetHints":{"allow":["GET"]}}],"collection":[{"href":"https:\/\/www.interpumpfluidsolutions.com\/de\/wp-json\/wp\/v2\/pages"}],"about":[{"href":"https:\/\/www.interpumpfluidsolutions.com\/de\/wp-json\/wp\/v2\/types\/page"}],"author":[{"embeddable":true,"href":"https:\/\/www.interpumpfluidsolutions.com\/de\/wp-json\/wp\/v2\/users\/3"}],"replies":[{"embeddable":true,"href":"https:\/\/www.interpumpfluidsolutions.com\/de\/wp-json\/wp\/v2\/comments?post=224"}],"version-history":[{"count":16,"href":"https:\/\/www.interpumpfluidsolutions.com\/de\/wp-json\/wp\/v2\/pages\/224\/revisions"}],"predecessor-version":[{"id":4489,"href":"https:\/\/www.interpumpfluidsolutions.com\/de\/wp-json\/wp\/v2\/pages\/224\/revisions\/4489"}],"up":[{"embeddable":true,"href":"https:\/\/www.interpumpfluidsolutions.com\/de\/wp-json\/wp\/v2\/pages\/56"}],"wp:attachment":[{"href":"https:\/\/www.interpumpfluidsolutions.com\/de\/wp-json\/wp\/v2\/media?parent=224"}],"curies":[{"name":"wp","href":"https:\/\/api.w.org\/{rel}","templated":true}]}}