{"id":604,"date":"2017-11-27T15:03:37","date_gmt":"2017-11-27T15:03:37","guid":{"rendered":"https:\/\/www.interpumpfluidsolutions.com\/de2\/?page_id=604"},"modified":"2020-12-23T10:45:52","modified_gmt":"2020-12-23T10:45:52","slug":"sonstige-anwendungen","status":"publish","type":"page","link":"https:\/\/www.interpumpfluidsolutions.com\/de\/applications\/sonstige-anwendungen\/","title":{"rendered":"Sonstige Anwendungen"},"content":{"rendered":"<div id='full_slider_1'  class='avia-fullwidth-slider main_color avia-shadow   avia-builder-el-0  el_before_av_section  avia-builder-el-first   container_wrap fullsize'  >\n<style type=\"text\/css\" data-created_by=\"avia_inline_auto\" id=\"style-css-av-av_slideshow_full-32de997090c749a8c82b86d1ff824dd4\">\n#top #wrap_all .avia-slideshow .av-slideshow-caption.av-av_slideshow_full-32de997090c749a8c82b86d1ff824dd4__0 .avia-caption-title{\nfont-size:36px;\ncolor:#ffffff;\n}\n#top .avia-slideshow .av-slideshow-caption.av-av_slideshow_full-32de997090c749a8c82b86d1ff824dd4__0 .avia-caption-content{\nfont-size:15px;\ncolor:#ffffff;\n}\n#top .avia-slideshow .av-slideshow-caption.av-av_slideshow_full-32de997090c749a8c82b86d1ff824dd4__0 .avia-caption-content p{\nfont-size:15px;\n}\n<\/style>\n<div  class='avia-slideshow av-av_slideshow_full-32de997090c749a8c82b86d1ff824dd4 avia-slideshow-featured av_slideshow_full avia-slide-slider av-slideshow-ui av-control-default av-slideshow-manual av-loop-once av-loop-manual-endless av-default-height-applied   avia-slideshow-1' data-slideshow-options=\"{&quot;animation&quot;:&quot;slide&quot;,&quot;autoplay&quot;:false,&quot;loop_autoplay&quot;:&quot;once&quot;,&quot;interval&quot;:5,&quot;loop_manual&quot;:&quot;manual-endless&quot;,&quot;autoplay_stopper&quot;:false,&quot;noNavigation&quot;:false,&quot;bg_slider&quot;:false,&quot;keep_padding&quot;:false,&quot;hoverpause&quot;:false,&quot;show_slide_delay&quot;:0}\"  itemprop=\"image\" itemscope=\"itemscope\" itemtype=\"https:\/\/schema.org\/ImageObject\" ><ul class='avia-slideshow-inner ' style='padding-bottom: 28.666666666667%;'><li  class='avia-slideshow-slide av-av_slideshow_full-32de997090c749a8c82b86d1ff824dd4__0  av-single-slide slide-1 slide-odd'><div data-rel='slideshow-1' class='avia-slide-wrap '   ><div class='av-slideshow-caption av-av_slideshow_full-32de997090c749a8c82b86d1ff824dd4__0 caption_fullwidth caption_left'><div class=\"container caption_container\"><div class=\"slideshow_caption\"><div class=\"slideshow_inner_caption\"><div class=\"slideshow_align_caption\"><h2 class='avia-caption-title '  itemprop=\"name\" >Sonstige Anwendungen<\/h2><\/div><\/div><\/div><\/div><\/div><img decoding=\"async\" fetchpriority=\"high\" class=\"wp-image-3172 avia-img-lazy-loading-not-3172\"  src=\"https:\/\/www.interpumpfluidsolutions.com\/de\/wp-content\/uploads\/sites\/11\/2020\/12\/altre-applicazioni-Neve-1500x430.jpg\" width=\"1500\" height=\"430\" title='21959558 - clearing roads of snow and fallen tree' alt=''  itemprop=\"thumbnailUrl\"   \/><\/div><\/li><\/ul><\/div><\/div>\n\n<style type=\"text\/css\" data-created_by=\"avia_inline_auto\" id=\"style-css-av-av_section-e248eedf31c91a1efc84218d157410f6\">\n.avia-section.av-av_section-e248eedf31c91a1efc84218d157410f6{\nbackground-color:#f5f5f5;;\nbackground-image:unset;\n}\n<\/style>\n<div id='av_section_1'  class='avia-section av-av_section-e248eedf31c91a1efc84218d157410f6 main_color avia-section-default avia-no-shadow  avia-builder-el-1  el_after_av_slideshow_full  el_before_av_section  avia-bg-style-scroll container_wrap fullsize'  ><div class='container av-section-cont-open' ><div class='template-page content  av-content-full alpha units'><div class='post-entry post-entry-type-page post-entry-604'><div class='entry-content-wrapper clearfix'>\n<div class='flex_column_table av-av_one_half-67adf0f1abfc2242a214758f2160949a sc-av_one_half av-equal-height-column-flextable'>\n<style type=\"text\/css\" data-created_by=\"avia_inline_auto\" id=\"style-css-av-av_one_half-67adf0f1abfc2242a214758f2160949a\">\n.flex_column.av-av_one_half-67adf0f1abfc2242a214758f2160949a{\nborder-radius:0px 0px 0px 0px;\npadding:0px 0px 0px 0px;\n}\n<\/style>\n<div  class='flex_column av-av_one_half-67adf0f1abfc2242a214758f2160949a av_one_half  avia-builder-el-2  el_before_av_one_half  avia-builder-el-first  first flex_column_table_cell av-equal-height-column av-align-top av-zero-column-padding  '     ><p>\n<style type=\"text\/css\" data-created_by=\"avia_inline_auto\" id=\"style-css-av-av_heading-33c236a82956237483fe0891772a62e3\">\n#top .av-special-heading.av-av_heading-33c236a82956237483fe0891772a62e3{\npadding-bottom:20px;\n}\nbody .av-special-heading.av-av_heading-33c236a82956237483fe0891772a62e3 .av-special-heading-tag .heading-char{\nfont-size:25px;\n}\n.av-special-heading.av-av_heading-33c236a82956237483fe0891772a62e3 .av-subheading{\nfont-size:15px;\n}\n<\/style>\n<div  class='av-special-heading av-av_heading-33c236a82956237483fe0891772a62e3 av-special-heading-h2 meta-heading blockquote modern-quote  avia-builder-el-3  el_before_av_textblock  avia-builder-el-first '><h2 class='av-special-heading-tag'  itemprop=\"headline\"  >Produkte f\u00fcr andere Anwendungen<\/h2><div class=\"special-heading-border\"><div class=\"special-heading-inner-border\"><\/div><\/div><\/div><br \/>\n<section  class='av_textblock_section av-av_textblock-2de302bf1aa3cf4c9157dbe6f50ac7eb '   itemscope=\"itemscope\" itemtype=\"https:\/\/schema.org\/CreativeWork\" ><div class='avia_textblock'  itemprop=\"text\" ><p>Wir w\u00fcrden gerne mehr \u00fcber Ihre spezifischen Anforderungen an Produkte und L\u00f6sungen in allen Anwendungsbereichen erfahren, die nicht an anderer Stelle auf dieser Website behandelt werden.<\/p>\n<\/div><\/section><br \/>\n<div  class='avia-button-wrap av-av_button-25098984a69ed95f6b56c04c2a47b5bd-wrap avia-button-left  avia-builder-el-5  el_after_av_textblock  avia-builder-el-last '><a href='https:\/\/www.interpumpfluidsolutions.com\/de\/contact\/'  class='avia-button av-av_button-25098984a69ed95f6b56c04c2a47b5bd av-link-btn avia-icon_select-no avia-size-small avia-position-left avia-color-dark'  ><span class='avia_iconbox_title' >Kontaktieren Sie uns<\/span><\/a><\/div><\/p><\/div><div class='av-flex-placeholder'><\/div>\n<style type=\"text\/css\" data-created_by=\"avia_inline_auto\" id=\"style-css-av-av_one_half-c8fc129dc35fd1ae2a1e410224d39ea8\">\n.flex_column.av-av_one_half-c8fc129dc35fd1ae2a1e410224d39ea8{\nborder-radius:0px 0px 0px 0px;\npadding:0px 0px 0px 0px;\n}\n<\/style>\n<div  class='flex_column av-av_one_half-c8fc129dc35fd1ae2a1e410224d39ea8 av_one_half  avia-builder-el-6  el_after_av_one_half  avia-builder-el-last  flex_column_table_cell av-equal-height-column av-align-top av-zero-column-padding  '     ><\/div><\/div><!--close column table wrapper. Autoclose: 1 -->\n\n<\/div><\/div><\/div><!-- close content main div --><\/div><\/div><div id='home-blog'  class='avia-section av-av_section-5a25e3a00cb287387eaea4ab1355db96 main_color avia-section-default avia-no-shadow  avia-builder-el-7  el_after_av_section  avia-builder-el-last  avia-bg-style-scroll container_wrap fullsize'  ><div class='container av-section-cont-open' ><div class='template-page content  av-content-full alpha units'><div class='post-entry post-entry-type-page post-entry-604'><div class='entry-content-wrapper clearfix'>\n\n<style type=\"text\/css\" data-created_by=\"avia_inline_auto\" id=\"style-css-av-av_one_full-577210023eb6854b735f77c391087942\">\n.flex_column.av-av_one_full-577210023eb6854b735f77c391087942{\nborder-radius:0px 0px 0px 0px;\npadding:0px 0px 0px 0px;\n}\n<\/style>\n<div  class='flex_column av-av_one_full-577210023eb6854b735f77c391087942 av_one_full  avia-builder-el-8  avia-builder-el-no-sibling  first flex_column_div av-animated-generic top-to-bottom av-zero-column-padding  '     ><section  class='av_textblock_section av-av_textblock-64a4f44ddccde04bd278613f33d4e387 '   itemscope=\"itemscope\" itemtype=\"https:\/\/schema.org\/CreativeWork\" ><div class='avia_textblock'  itemprop=\"text\" ><h1>Aktuelle Nachrichten<\/h1>\n<\/div><\/section><br \/>\n<div  data-slideshow-options=\"{&quot;animation&quot;:&quot;fade&quot;,&quot;autoplay&quot;:false,&quot;loop_autoplay&quot;:&quot;once&quot;,&quot;interval&quot;:5,&quot;loop_manual&quot;:&quot;manual-endless&quot;,&quot;autoplay_stopper&quot;:false,&quot;noNavigation&quot;:false,&quot;show_slide_delay&quot;:90}\" class='avia-content-slider avia-content-grid-active avia-content-slider1 avia-content-slider-odd  avia-builder-el-10  el_after_av_textblock  avia-builder-el-last  av-slideshow-ui av-control-default   av-no-slider-navigation av-slideshow-manual av-loop-once av-loop-manual-endless '  itemscope=\"itemscope\" itemtype=\"https:\/\/schema.org\/Blog\" ><div class=\"avia-content-slider-inner\"><div class=\"slide-entry-wrap\"><article class='slide-entry flex_column  post-entry post-entry-4352 slide-entry-overview slide-loop-1 slide-parity-odd  av_one_third first real-thumbnail posttype-post post-format-standard'  itemscope=\"itemscope\" itemtype=\"https:\/\/schema.org\/CreativeWork\" ><a href='https:\/\/www.interpumpfluidsolutions.com\/de\/verkaufstreffen-franzosisch-2024\/' data-rel='slide-1' class='slide-image' title='Verkaufstreffen Franz\u00f6sisch 2024'><img decoding=\"async\" fetchpriority=\"high\" width=\"495\" height=\"400\" src=\"https:\/\/www.interpumpfluidsolutions.com\/de\/wp-content\/uploads\/sites\/11\/2024\/10\/0.1-495x400.jpg\" class=\"wp-image-4353 avia-img-lazy-loading-not-4353 attachment-portfolio size-portfolio wp-post-image\" alt=\"\" srcset=\"https:\/\/www.interpumpfluidsolutions.com\/de\/wp-content\/uploads\/sites\/11\/2024\/10\/0.1-495x400.jpg 495w, https:\/\/www.interpumpfluidsolutions.com\/de\/wp-content\/uploads\/sites\/11\/2024\/10\/0.1-845x684.jpg 845w\" sizes=\"(max-width: 495px) 100vw, 495px\" \/><\/a><div class=\"slide-content\"><header class=\"entry-content-header\"><h3 class='slide-entry-title entry-title '  itemprop=\"headline\" ><a href='https:\/\/www.interpumpfluidsolutions.com\/de\/verkaufstreffen-franzosisch-2024\/' title='Verkaufstreffen Franz\u00f6sisch 2024'>Verkaufstreffen Franz\u00f6sisch 2024<\/a><\/h3><span class=\"blog-categories minor-meta\"><a href=\"https:\/\/www.interpumpfluidsolutions.com\/de\/category\/events\/\" rel=\"tag\">Events<\/a>, <a href=\"https:\/\/www.interpumpfluidsolutions.com\/de\/category\/sales-meeting\/\" rel=\"tag\">Sales Meeting<\/a> <\/span><span class=\"av-vertical-delimiter\"><\/span><\/header><div class='slide-entry-excerpt entry-content'  itemprop=\"text\" >\r\n\r\n\r\n\r\n\r\n\r\n<\/div><\/div><footer class=\"entry-footer\"><div class=\"slide-meta\"><time class='slide-meta-time updated'  itemprop=\"datePublished\" datetime=\"2024-10-09T11:55:43+01:00\" >9th October 2024<\/time><\/div><\/footer><span class='hidden'>\n\t\t\t\t<span class='av-structured-data'  itemprop=\"image\" itemscope=\"itemscope\" itemtype=\"https:\/\/schema.org\/ImageObject\" >\n\t\t\t\t\t\t<span itemprop='url'>https:\/\/www.interpumpfluidsolutions.com\/de\/wp-content\/uploads\/sites\/11\/2024\/10\/0.1-scaled.jpg<\/span>\n\t\t\t\t\t\t<span itemprop='height'>2560<\/span>\n\t\t\t\t\t\t<span itemprop='width'>2560<\/span>\n\t\t\t\t<\/span>\n\t\t\t\t<span class='av-structured-data'  itemprop=\"publisher\" itemtype=\"https:\/\/schema.org\/Organization\" itemscope=\"itemscope\" >\n\t\t\t\t\t\t<span itemprop='name'>dianaficco<\/span>\n\t\t\t\t\t\t<span itemprop='logo' itemscope itemtype='https:\/\/schema.org\/ImageObject'>\n\t\t\t\t\t\t\t<span itemprop='url'>https:\/\/www.interpumpfluidsolutions.com\/de\/wp-content\/uploads\/sites\/11\/2020\/11\/Logo-300x104.png<\/span>\n\t\t\t\t\t\t<\/span>\n\t\t\t\t<\/span><span class='av-structured-data'  itemprop=\"author\" itemscope=\"itemscope\" itemtype=\"https:\/\/schema.org\/Person\" ><span itemprop='name'>dianaficco<\/span><\/span><span class='av-structured-data'  itemprop=\"datePublished\" datetime=\"2017-11-27T15:03:37+00:00\" >2024-10-09 11:55:43<\/span><span class='av-structured-data'  itemprop=\"dateModified\" itemtype=\"https:\/\/schema.org\/dateModified\" >2024-10-10 10:07:28<\/span><span class='av-structured-data'  itemprop=\"mainEntityOfPage\" itemtype=\"https:\/\/schema.org\/mainEntityOfPage\" ><span itemprop='name'>Verkaufstreffen Franz\u00f6sisch 2024<\/span><\/span><\/span><\/article><article class='slide-entry flex_column  post-entry post-entry-4094 slide-entry-overview slide-loop-2 slide-parity-even  av_one_third  real-thumbnail posttype-post post-format-standard'  itemscope=\"itemscope\" itemtype=\"https:\/\/schema.org\/CreativeWork\" ><a href='https:\/\/www.interpumpfluidsolutions.com\/de\/vertriebskonferenz-rumanien-2023\/' data-rel='slide-1' class='slide-image' title='Vertriebskonferenz Rum\u00e4nien 2023'><img decoding=\"async\" fetchpriority=\"high\" width=\"495\" height=\"400\" src=\"https:\/\/www.interpumpfluidsolutions.com\/de\/wp-content\/uploads\/sites\/11\/2023\/09\/Sales-Meeting-Romania-2023-11-495x400.png\" class=\"wp-image-4099 avia-img-lazy-loading-not-4099 attachment-portfolio size-portfolio wp-post-image\" alt=\"\" srcset=\"https:\/\/www.interpumpfluidsolutions.com\/de\/wp-content\/uploads\/sites\/11\/2023\/09\/Sales-Meeting-Romania-2023-11-495x400.png 495w, https:\/\/www.interpumpfluidsolutions.com\/de\/wp-content\/uploads\/sites\/11\/2023\/09\/Sales-Meeting-Romania-2023-11-845x684.png 845w\" sizes=\"(max-width: 495px) 100vw, 495px\" \/><\/a><div class=\"slide-content\"><header class=\"entry-content-header\"><h3 class='slide-entry-title entry-title '  itemprop=\"headline\" ><a href='https:\/\/www.interpumpfluidsolutions.com\/de\/vertriebskonferenz-rumanien-2023\/' title='Vertriebskonferenz Rum\u00e4nien 2023'>Vertriebskonferenz Rum\u00e4nien 2023<\/a><\/h3><span class=\"blog-categories minor-meta\"><a href=\"https:\/\/www.interpumpfluidsolutions.com\/de\/category\/events\/\" rel=\"tag\">Events<\/a>, <a href=\"https:\/\/www.interpumpfluidsolutions.com\/de\/category\/sales-meeting\/\" rel=\"tag\">Sales Meeting<\/a> <\/span><span class=\"av-vertical-delimiter\"><\/span><\/header><div class='slide-entry-excerpt entry-content'  itemprop=\"text\" >\r\n\r\n\r\n\r\n<\/div><\/div><footer class=\"entry-footer\"><div class=\"slide-meta\"><time class='slide-meta-time updated'  itemprop=\"datePublished\" datetime=\"2023-09-27T10:41:43+01:00\" >27th September 2023<\/time><\/div><\/footer><span class='hidden'>\n\t\t\t\t<span class='av-structured-data'  itemprop=\"image\" itemscope=\"itemscope\" itemtype=\"https:\/\/schema.org\/ImageObject\" >\n\t\t\t\t\t\t<span itemprop='url'>https:\/\/www.interpumpfluidsolutions.com\/de\/wp-content\/uploads\/sites\/11\/2023\/09\/Sales-Meeting-Romania-2023-11.png<\/span>\n\t\t\t\t\t\t<span itemprop='height'>1200<\/span>\n\t\t\t\t\t\t<span itemprop='width'>1200<\/span>\n\t\t\t\t<\/span>\n\t\t\t\t<span class='av-structured-data'  itemprop=\"publisher\" itemtype=\"https:\/\/schema.org\/Organization\" itemscope=\"itemscope\" >\n\t\t\t\t\t\t<span itemprop='name'>dianaficco<\/span>\n\t\t\t\t\t\t<span itemprop='logo' itemscope itemtype='https:\/\/schema.org\/ImageObject'>\n\t\t\t\t\t\t\t<span itemprop='url'>https:\/\/www.interpumpfluidsolutions.com\/de\/wp-content\/uploads\/sites\/11\/2020\/11\/Logo-300x104.png<\/span>\n\t\t\t\t\t\t<\/span>\n\t\t\t\t<\/span><span class='av-structured-data'  itemprop=\"author\" itemscope=\"itemscope\" itemtype=\"https:\/\/schema.org\/Person\" ><span itemprop='name'>dianaficco<\/span><\/span><span class='av-structured-data'  itemprop=\"datePublished\" datetime=\"2017-11-27T15:03:37+00:00\" >2023-09-27 10:41:43<\/span><span class='av-structured-data'  itemprop=\"dateModified\" itemtype=\"https:\/\/schema.org\/dateModified\" >2023-09-27 10:41:43<\/span><span class='av-structured-data'  itemprop=\"mainEntityOfPage\" itemtype=\"https:\/\/schema.org\/mainEntityOfPage\" ><span itemprop='name'>Vertriebskonferenz Rum\u00e4nien 2023<\/span><\/span><\/span><\/article><article class='slide-entry flex_column  post-entry post-entry-3507 slide-entry-overview slide-loop-3 slide-parity-odd  post-entry-last  av_one_third  real-thumbnail posttype-post post-format-standard'  itemscope=\"itemscope\" itemtype=\"https:\/\/schema.org\/CreativeWork\" ><a href='https:\/\/www.interpumpfluidsolutions.com\/de\/willkommen-bei-white-drive-jetzt-teil-der-interpump-group\/' data-rel='slide-1' class='slide-image' title='Willkommen bei White Drive, jetzt Teil der Interpump Group'><img decoding=\"async\" fetchpriority=\"high\" width=\"480\" height=\"400\" src=\"https:\/\/www.interpumpfluidsolutions.com\/de\/wp-content\/uploads\/sites\/11\/2021\/10\/WHITE_launch-image_Oct4-480x400.png\" class=\"wp-image-3508 avia-img-lazy-loading-not-3508 attachment-portfolio size-portfolio wp-post-image\" alt=\"\" \/><\/a><div class=\"slide-content\"><header class=\"entry-content-header\"><h3 class='slide-entry-title entry-title '  itemprop=\"headline\" ><a href='https:\/\/www.interpumpfluidsolutions.com\/de\/willkommen-bei-white-drive-jetzt-teil-der-interpump-group\/' title='Willkommen bei White Drive, jetzt Teil der Interpump Group'>Willkommen bei White Drive, jetzt Teil der Interpump Group<\/a><\/h3><span class=\"blog-categories minor-meta\"><a href=\"https:\/\/www.interpumpfluidsolutions.com\/de\/category\/news\/\" rel=\"tag\">News<\/a> <\/span><span class=\"av-vertical-delimiter\"><\/span><\/header><div class='slide-entry-excerpt entry-content'  itemprop=\"text\" >\r\n\r\nDie \u00dcbernahme-Aktivit\u00e4ten im Zusammenhang mit der \u00dcbernahme von White Drive durch die Interpump-Gruppe endeten am Freitag, 1. Oktober.\r\n\r\nWie am 1. Juni bei der Unterzeichnung einer verbindlichen Vereinbarung zum Kauf des Gesch\u00e4ftsbereichs\u2026<\/div><\/div><footer class=\"entry-footer\"><div class=\"slide-meta\"><time class='slide-meta-time updated'  itemprop=\"datePublished\" datetime=\"2021-10-05T08:36:46+01:00\" >5th October 2021<\/time><\/div><\/footer><span class='hidden'>\n\t\t\t\t<span class='av-structured-data'  itemprop=\"image\" itemscope=\"itemscope\" itemtype=\"https:\/\/schema.org\/ImageObject\" >\n\t\t\t\t\t\t<span itemprop='url'>https:\/\/www.interpumpfluidsolutions.com\/de\/wp-content\/uploads\/sites\/11\/2021\/10\/WHITE_launch-image_Oct4.png<\/span>\n\t\t\t\t\t\t<span itemprop='height'>578<\/span>\n\t\t\t\t\t\t<span itemprop='width'>480<\/span>\n\t\t\t\t<\/span>\n\t\t\t\t<span class='av-structured-data'  itemprop=\"publisher\" itemtype=\"https:\/\/schema.org\/Organization\" itemscope=\"itemscope\" >\n\t\t\t\t\t\t<span itemprop='name'>stefania<\/span>\n\t\t\t\t\t\t<span itemprop='logo' itemscope itemtype='https:\/\/schema.org\/ImageObject'>\n\t\t\t\t\t\t\t<span itemprop='url'>https:\/\/www.interpumpfluidsolutions.com\/de\/wp-content\/uploads\/sites\/11\/2020\/11\/Logo-300x104.png<\/span>\n\t\t\t\t\t\t<\/span>\n\t\t\t\t<\/span><span class='av-structured-data'  itemprop=\"author\" itemscope=\"itemscope\" itemtype=\"https:\/\/schema.org\/Person\" ><span itemprop='name'>stefania<\/span><\/span><span class='av-structured-data'  itemprop=\"datePublished\" datetime=\"2017-11-27T15:03:37+00:00\" >2021-10-05 08:36:46<\/span><span class='av-structured-data'  itemprop=\"dateModified\" itemtype=\"https:\/\/schema.org\/dateModified\" >2021-10-05 08:36:46<\/span><span class='av-structured-data'  itemprop=\"mainEntityOfPage\" itemtype=\"https:\/\/schema.org\/mainEntityOfPage\" ><span itemprop='name'>Willkommen bei White Drive, jetzt Teil der Interpump Group<\/span><\/span><\/span><\/article><\/div><\/div><\/div><\/p><\/div>\n\n","protected":false},"excerpt":{"rendered":"","protected":false},"author":1,"featured_media":0,"parent":47,"menu_order":10,"comment_status":"closed","ping_status":"closed","template":"","meta":{"footnotes":""},"class_list":["post-604","page","type-page","status-publish","hentry"],"yoast_head":"<!-- This site is optimized with the Yoast SEO plugin v26.2 - https:\/\/yoast.com\/wordpress\/plugins\/seo\/ -->\n<title>Sonstige Anwendungen - Interpump Germany<\/title>\n<meta name=\"robots\" content=\"noindex, follow, max-snippet:-1, max-image-preview:large, max-video-preview:-1\" \/>\n<meta property=\"og:locale\" content=\"en_GB\" \/>\n<meta property=\"og:type\" content=\"article\" \/>\n<meta property=\"og:title\" content=\"Sonstige Anwendungen - Interpump Germany\" \/>\n<meta property=\"og:url\" content=\"https:\/\/www.interpumpfluidsolutions.com\/de\/applications\/sonstige-anwendungen\/\" \/>\n<meta property=\"og:site_name\" content=\"Interpump Germany\" \/>\n<meta property=\"article:modified_time\" content=\"2020-12-23T10:45:52+00:00\" \/>\n<meta name=\"twitter:card\" content=\"summary_large_image\" \/>\n<meta name=\"twitter:label1\" content=\"Estimated reading time\" \/>\n\t<meta name=\"twitter:data1\" content=\"4 minutes\" \/>\n<script type=\"application\/ld+json\" class=\"yoast-schema-graph\">{\"@context\":\"https:\/\/schema.org\",\"@graph\":[{\"@type\":\"WebPage\",\"@id\":\"https:\/\/www.interpumpfluidsolutions.com\/de\/applications\/sonstige-anwendungen\/\",\"url\":\"https:\/\/www.interpumpfluidsolutions.com\/de\/applications\/sonstige-anwendungen\/\",\"name\":\"Sonstige Anwendungen - Interpump Germany\",\"isPartOf\":{\"@id\":\"https:\/\/www.interpumpfluidsolutions.com\/de\/#website\"},\"datePublished\":\"2017-11-27T15:03:37+00:00\",\"dateModified\":\"2020-12-23T10:45:52+00:00\",\"breadcrumb\":{\"@id\":\"https:\/\/www.interpumpfluidsolutions.com\/de\/applications\/sonstige-anwendungen\/#breadcrumb\"},\"inLanguage\":\"en-GB\",\"potentialAction\":[{\"@type\":\"ReadAction\",\"target\":[\"https:\/\/www.interpumpfluidsolutions.com\/de\/applications\/sonstige-anwendungen\/\"]}]},{\"@type\":\"BreadcrumbList\",\"@id\":\"https:\/\/www.interpumpfluidsolutions.com\/de\/applications\/sonstige-anwendungen\/#breadcrumb\",\"itemListElement\":[{\"@type\":\"ListItem\",\"position\":1,\"name\":\"Home\",\"item\":\"https:\/\/www.interpumpfluidsolutions.com\/de\/home\/\"},{\"@type\":\"ListItem\",\"position\":2,\"name\":\"Anwendungen\",\"item\":\"https:\/\/www.interpumpfluidsolutions.com\/de\/applications\/\"},{\"@type\":\"ListItem\",\"position\":3,\"name\":\"Sonstige Anwendungen\"}]},{\"@type\":\"WebSite\",\"@id\":\"https:\/\/www.interpumpfluidsolutions.com\/de\/#website\",\"url\":\"https:\/\/www.interpumpfluidsolutions.com\/de\/\",\"name\":\"Interpump Germany\",\"description\":\"Fluid Solutions\",\"potentialAction\":[{\"@type\":\"SearchAction\",\"target\":{\"@type\":\"EntryPoint\",\"urlTemplate\":\"https:\/\/www.interpumpfluidsolutions.com\/de\/?s={search_term_string}\"},\"query-input\":{\"@type\":\"PropertyValueSpecification\",\"valueRequired\":true,\"valueName\":\"search_term_string\"}}],\"inLanguage\":\"en-GB\"}]}<\/script>\n<!-- \/ Yoast SEO plugin. -->","yoast_head_json":{"title":"Sonstige Anwendungen - Interpump Germany","robots":{"index":"noindex","follow":"follow","max-snippet":"max-snippet:-1","max-image-preview":"max-image-preview:large","max-video-preview":"max-video-preview:-1"},"og_locale":"en_GB","og_type":"article","og_title":"Sonstige Anwendungen - Interpump Germany","og_url":"https:\/\/www.interpumpfluidsolutions.com\/de\/applications\/sonstige-anwendungen\/","og_site_name":"Interpump Germany","article_modified_time":"2020-12-23T10:45:52+00:00","twitter_card":"summary_large_image","twitter_misc":{"Estimated reading time":"4 minutes"},"schema":{"@context":"https:\/\/schema.org","@graph":[{"@type":"WebPage","@id":"https:\/\/www.interpumpfluidsolutions.com\/de\/applications\/sonstige-anwendungen\/","url":"https:\/\/www.interpumpfluidsolutions.com\/de\/applications\/sonstige-anwendungen\/","name":"Sonstige Anwendungen - Interpump Germany","isPartOf":{"@id":"https:\/\/www.interpumpfluidsolutions.com\/de\/#website"},"datePublished":"2017-11-27T15:03:37+00:00","dateModified":"2020-12-23T10:45:52+00:00","breadcrumb":{"@id":"https:\/\/www.interpumpfluidsolutions.com\/de\/applications\/sonstige-anwendungen\/#breadcrumb"},"inLanguage":"en-GB","potentialAction":[{"@type":"ReadAction","target":["https:\/\/www.interpumpfluidsolutions.com\/de\/applications\/sonstige-anwendungen\/"]}]},{"@type":"BreadcrumbList","@id":"https:\/\/www.interpumpfluidsolutions.com\/de\/applications\/sonstige-anwendungen\/#breadcrumb","itemListElement":[{"@type":"ListItem","position":1,"name":"Home","item":"https:\/\/www.interpumpfluidsolutions.com\/de\/home\/"},{"@type":"ListItem","position":2,"name":"Anwendungen","item":"https:\/\/www.interpumpfluidsolutions.com\/de\/applications\/"},{"@type":"ListItem","position":3,"name":"Sonstige Anwendungen"}]},{"@type":"WebSite","@id":"https:\/\/www.interpumpfluidsolutions.com\/de\/#website","url":"https:\/\/www.interpumpfluidsolutions.com\/de\/","name":"Interpump Germany","description":"Fluid Solutions","potentialAction":[{"@type":"SearchAction","target":{"@type":"EntryPoint","urlTemplate":"https:\/\/www.interpumpfluidsolutions.com\/de\/?s={search_term_string}"},"query-input":{"@type":"PropertyValueSpecification","valueRequired":true,"valueName":"search_term_string"}}],"inLanguage":"en-GB"}]}},"_links":{"self":[{"href":"https:\/\/www.interpumpfluidsolutions.com\/de\/wp-json\/wp\/v2\/pages\/604","targetHints":{"allow":["GET"]}}],"collection":[{"href":"https:\/\/www.interpumpfluidsolutions.com\/de\/wp-json\/wp\/v2\/pages"}],"about":[{"href":"https:\/\/www.interpumpfluidsolutions.com\/de\/wp-json\/wp\/v2\/types\/page"}],"author":[{"embeddable":true,"href":"https:\/\/www.interpumpfluidsolutions.com\/de\/wp-json\/wp\/v2\/users\/1"}],"replies":[{"embeddable":true,"href":"https:\/\/www.interpumpfluidsolutions.com\/de\/wp-json\/wp\/v2\/comments?post=604"}],"version-history":[{"count":14,"href":"https:\/\/www.interpumpfluidsolutions.com\/de\/wp-json\/wp\/v2\/pages\/604\/revisions"}],"predecessor-version":[{"id":3171,"href":"https:\/\/www.interpumpfluidsolutions.com\/de\/wp-json\/wp\/v2\/pages\/604\/revisions\/3171"}],"up":[{"embeddable":true,"href":"https:\/\/www.interpumpfluidsolutions.com\/de\/wp-json\/wp\/v2\/pages\/47"}],"wp:attachment":[{"href":"https:\/\/www.interpumpfluidsolutions.com\/de\/wp-json\/wp\/v2\/media?parent=604"}],"curies":[{"name":"wp","href":"https:\/\/api.w.org\/{rel}","templated":true}]}}