{"id":1803,"date":"2018-06-12T10:49:47","date_gmt":"2018-06-12T09:49:47","guid":{"rendered":"https:\/\/www.interpumpfluidsolutions.com\/es\/?page_id=1803"},"modified":"2024-12-19T14:20:58","modified_gmt":"2024-12-19T14:20:58","slug":"trabaja-con-nosotros","status":"publish","type":"page","link":"https:\/\/www.interpumpfluidsolutions.com\/es\/trabaja-con-nosotros\/","title":{"rendered":"Trabaja con nosotros"},"content":{"rendered":"\n<style type=\"text\/css\" data-created_by=\"avia_inline_auto\" id=\"style-css-av-ld6kyj-6ab66c47dd6d1b9f1db9bb230a38e7e9\">\n.avia-section.av-ld6kyj-6ab66c47dd6d1b9f1db9bb230a38e7e9 .av-parallax .av-parallax-inner{\nbackground-repeat:no-repeat;\nbackground-image:url(https:\/\/www.interpumpfluidsolutions.com\/es\/wp-content\/uploads\/sites\/12\/2017\/11\/shutterstock_400486630.jpg);\nbackground-position:0% 0%;\nbackground-attachment:scroll;\n}\n<\/style>\n<div id='home-people'  class='avia-section av-ld6kyj-6ab66c47dd6d1b9f1db9bb230a38e7e9 main_color avia-section-large avia-no-border-styling  avia-builder-el-0  el_before_av_section  avia-builder-el-first  av-parallax-section avia-bg-style-parallax container_wrap fullsize'  data-section-bg-repeat='no-repeat'><div class='av-parallax' data-avia-parallax-ratio='0.3' ><div class='av-parallax-inner main_color avia-full-stretch'><\/div><\/div><div class='container av-section-cont-open' ><main  role=\"main\" itemprop=\"mainContentOfPage\"  class='template-page content  av-content-full alpha units'><div class='post-entry post-entry-type-page post-entry-1803'><div class='entry-content-wrapper clearfix'>\n\n<style type=\"text\/css\" data-created_by=\"avia_inline_auto\" id=\"style-css-av-iiyvtn-97a9cc0f7fa031c3fdbe3e3ccbec105e\">\n.flex_column.av-iiyvtn-97a9cc0f7fa031c3fdbe3e3ccbec105e{\nborder-radius:0px 0px 0px 0px;\npadding:0px 0px 0px 0px;\n}\n<\/style>\n<div  class='flex_column av-iiyvtn-97a9cc0f7fa031c3fdbe3e3ccbec105e av_one_fourth  avia-builder-el-1  el_before_av_one_half  avia-builder-el-first  first flex_column_div av-zero-column-padding  '     ><\/div>\n<style type=\"text\/css\" data-created_by=\"avia_inline_auto\" id=\"style-css-av-i6w7ob-8d81bf780778a223d26d5f395883eba9\">\n.flex_column.av-i6w7ob-8d81bf780778a223d26d5f395883eba9{\nborder-radius:0px 0px 0px 0px;\npadding:0px 0px 0px 0px;\n}\n<\/style>\n<div  class='flex_column av-i6w7ob-8d81bf780778a223d26d5f395883eba9 av_one_half  avia-builder-el-2  el_after_av_one_fourth  el_before_av_one_fourth  flex_column_div av-zero-column-padding  '     ><style type=\"text\/css\" data-created_by=\"avia_inline_auto\" id=\"style-css-av-f2q5az-b92a6817cc753ab2ec9585c3f8b02643\">\n#top .av_textblock_section.av-f2q5az-b92a6817cc753ab2ec9585c3f8b02643 .avia_textblock{\ncolor:#ffffff;\n}\n<\/style>\n<section  class='av_textblock_section av-f2q5az-b92a6817cc753ab2ec9585c3f8b02643 '   itemscope=\"itemscope\" itemtype=\"https:\/\/schema.org\/CreativeWork\" ><div class='avia_textblock av_inherit_color'  itemprop=\"text\" ><h2 style=\"text-align: center;\">Nuestro equipo<\/h2>\n<\/div><\/section><br \/>\n\n<style type=\"text\/css\" data-created_by=\"avia_inline_auto\" id=\"style-css-av-dohdkb-d8f3254c74e60ca88f33d3fc0d9675e5\">\n#top .hr.hr-invisible.av-dohdkb-d8f3254c74e60ca88f33d3fc0d9675e5{\nheight:20px;\n}\n<\/style>\n<div  class='hr av-dohdkb-d8f3254c74e60ca88f33d3fc0d9675e5 hr-invisible  avia-builder-el-4  el_after_av_textblock  el_before_av_textblock '><span class='hr-inner '><span class=\"hr-inner-style\"><\/span><\/span><\/div><br \/>\n\n<style type=\"text\/css\" data-created_by=\"avia_inline_auto\" id=\"style-css-av-ckw9jv-10958f9b03220bcc108dc631b6a98402\">\n#top .av_textblock_section.av-ckw9jv-10958f9b03220bcc108dc631b6a98402 .avia_textblock{\ncolor:#ffffff;\n}\n<\/style>\n<section  class='av_textblock_section av-ckw9jv-10958f9b03220bcc108dc631b6a98402 '   itemscope=\"itemscope\" itemtype=\"https:\/\/schema.org\/CreativeWork\" ><div class='avia_textblock av_inherit_color'  itemprop=\"text\" ><p style=\"text-align: center;\">Dise\u00f1adores, ingenieros, expertos en producci\u00f3n y profesionales en distribuci\u00f3n: nuestro equipo de Interpump Fluid Solutions est\u00e1 listo para colaborar y crear soluciones hidr\u00e1ulicas a nivel mundial<\/p>\n<\/div><\/section><br \/>\n\n<style type=\"text\/css\" data-created_by=\"avia_inline_auto\" id=\"style-css-av-b9v8h7-60de05633137afe594172f288251b712\">\n#top .hr.hr-invisible.av-b9v8h7-60de05633137afe594172f288251b712{\nheight:20px;\n}\n<\/style>\n<div  class='hr av-b9v8h7-60de05633137afe594172f288251b712 hr-invisible  avia-builder-el-6  el_after_av_textblock  el_before_av_button '><span class='hr-inner '><span class=\"hr-inner-style\"><\/span><\/span><\/div><br \/>\n<div  class='avia-button-wrap av-8wxjbf-85502f30d4439fdc5b47b1d67a27862c-wrap avia-button-center  avia-builder-el-7  el_after_av_hr  avia-builder-el-last '><a href='https:\/\/www.interpumpfluidsolutions.com\/es\/about\/people\/'  class='avia-button av-8wxjbf-85502f30d4439fdc5b47b1d67a27862c av-link-btn avia-icon_select-no avia-size-small avia-position-center avia-color-light'  ><span class='avia_iconbox_title' >Leer m\u00e1s<\/span><\/a><\/div><\/p><\/div>\n<style type=\"text\/css\" data-created_by=\"avia_inline_auto\" id=\"style-css-av-869quj-e8be0e47ed9939fcc144b690745656ff\">\n.flex_column.av-869quj-e8be0e47ed9939fcc144b690745656ff{\nborder-radius:0px 0px 0px 0px;\npadding:0px 0px 0px 0px;\n}\n<\/style>\n<div  class='flex_column av-869quj-e8be0e47ed9939fcc144b690745656ff av_one_fourth  avia-builder-el-8  el_after_av_one_half  avia-builder-el-last  flex_column_div av-zero-column-padding  '     ><\/div><\/div><\/div><\/main><!-- close content main element --><\/div><\/div><div id='av_section_2'  class='avia-section av-5n1htn-2c1d1852f2bab2bec88f9d0cb0a19192 main_color avia-section-default avia-no-border-styling  avia-builder-el-9  el_after_av_section  avia-builder-el-last  avia-bg-style-scroll container_wrap fullsize'  ><div class='container av-section-cont-open' ><div class='template-page content  av-content-full alpha units'><div class='post-entry post-entry-type-page post-entry-1803'><div class='entry-content-wrapper clearfix'>\n<div  class='flex_column av-3iu0e3-2dd53059db5dd6451b4f17a635191127 av_one_full  avia-builder-el-10  avia-builder-el-no-sibling  first flex_column_div  '     ><section  class='av_textblock_section av-27f1rv-a6fae62da275e8824f5cd5ad9ec3302f '   itemscope=\"itemscope\" itemtype=\"https:\/\/schema.org\/CreativeWork\" ><div class='avia_textblock'  itemprop=\"text\" ><p>La Direcci\u00f3n de I.M.M. HYDRAULICS est\u00e1 en constante b\u00fasqueda de personas con talento para unirse a nuestros equipos de trabajo.<\/p>\n<p>Si tienes experiencia y est\u00e1s interesado en dise\u00f1o, producci\u00f3n, ingenier\u00eda, desarrollo de negocios, log\u00edstica, ventas o marketing, estamos interesados en ti.<\/p>\n<p>Creemos que la \u00fanica manera de tener \u00e9xito en el trabajo es amar lo que se hace.<\/p>\n<p>Env\u00eda tu candidatura completando el formulario en el siguiente enlace:<\/p>\n<p><a href=\"mailto:risorseumane@imm-hydraulics.it\">risorseumane@imm-hydraulics.it<\/a><\/p>\n<\/div><\/section><\/div><\/p>\n","protected":false},"excerpt":{"rendered":"","protected":false},"author":3,"featured_media":0,"parent":0,"menu_order":0,"comment_status":"closed","ping_status":"closed","template":"","meta":{"footnotes":""},"class_list":["post-1803","page","type-page","status-publish","hentry"],"yoast_head":"<!-- This site is optimized with the Yoast SEO plugin v26.2 - https:\/\/yoast.com\/wordpress\/plugins\/seo\/ -->\n<title>Trabaja con nosotros - Interpump Spain<\/title>\n<meta name=\"robots\" content=\"noindex, follow, max-snippet:-1, max-image-preview:large, max-video-preview:-1\" \/>\n<meta property=\"og:locale\" content=\"en_GB\" \/>\n<meta property=\"og:type\" content=\"article\" \/>\n<meta property=\"og:title\" content=\"Trabaja con nosotros - Interpump Spain\" \/>\n<meta property=\"og:url\" content=\"https:\/\/www.interpumpfluidsolutions.com\/es\/trabaja-con-nosotros\/\" \/>\n<meta property=\"og:site_name\" content=\"Interpump Spain\" \/>\n<meta property=\"article:modified_time\" content=\"2024-12-19T14:20:58+00:00\" \/>\n<meta name=\"twitter:card\" content=\"summary_large_image\" \/>\n<meta name=\"twitter:label1\" content=\"Estimated reading time\" \/>\n\t<meta name=\"twitter:data1\" content=\"1 minute\" \/>\n<script type=\"application\/ld+json\" class=\"yoast-schema-graph\">{\"@context\":\"https:\/\/schema.org\",\"@graph\":[{\"@type\":\"WebPage\",\"@id\":\"https:\/\/www.interpumpfluidsolutions.com\/es\/trabaja-con-nosotros\/\",\"url\":\"https:\/\/www.interpumpfluidsolutions.com\/es\/trabaja-con-nosotros\/\",\"name\":\"Trabaja con nosotros - Interpump Spain\",\"isPartOf\":{\"@id\":\"https:\/\/www.interpumpfluidsolutions.com\/es\/#website\"},\"datePublished\":\"2018-06-12T09:49:47+00:00\",\"dateModified\":\"2024-12-19T14:20:58+00:00\",\"breadcrumb\":{\"@id\":\"https:\/\/www.interpumpfluidsolutions.com\/es\/trabaja-con-nosotros\/#breadcrumb\"},\"inLanguage\":\"en-GB\",\"potentialAction\":[{\"@type\":\"ReadAction\",\"target\":[\"https:\/\/www.interpumpfluidsolutions.com\/es\/trabaja-con-nosotros\/\"]}]},{\"@type\":\"BreadcrumbList\",\"@id\":\"https:\/\/www.interpumpfluidsolutions.com\/es\/trabaja-con-nosotros\/#breadcrumb\",\"itemListElement\":[{\"@type\":\"ListItem\",\"position\":1,\"name\":\"Home\",\"item\":\"https:\/\/www.interpumpfluidsolutions.com\/es\/inicio\/\"},{\"@type\":\"ListItem\",\"position\":2,\"name\":\"Trabaja con nosotros\"}]},{\"@type\":\"WebSite\",\"@id\":\"https:\/\/www.interpumpfluidsolutions.com\/es\/#website\",\"url\":\"https:\/\/www.interpumpfluidsolutions.com\/es\/\",\"name\":\"Interpump Spain\",\"description\":\"Fluid Solutions\",\"potentialAction\":[{\"@type\":\"SearchAction\",\"target\":{\"@type\":\"EntryPoint\",\"urlTemplate\":\"https:\/\/www.interpumpfluidsolutions.com\/es\/?s={search_term_string}\"},\"query-input\":{\"@type\":\"PropertyValueSpecification\",\"valueRequired\":true,\"valueName\":\"search_term_string\"}}],\"inLanguage\":\"en-GB\"}]}<\/script>\n<!-- \/ Yoast SEO plugin. -->","yoast_head_json":{"title":"Trabaja con nosotros - Interpump Spain","robots":{"index":"noindex","follow":"follow","max-snippet":"max-snippet:-1","max-image-preview":"max-image-preview:large","max-video-preview":"max-video-preview:-1"},"og_locale":"en_GB","og_type":"article","og_title":"Trabaja con nosotros - Interpump Spain","og_url":"https:\/\/www.interpumpfluidsolutions.com\/es\/trabaja-con-nosotros\/","og_site_name":"Interpump Spain","article_modified_time":"2024-12-19T14:20:58+00:00","twitter_card":"summary_large_image","twitter_misc":{"Estimated reading time":"1 minute"},"schema":{"@context":"https:\/\/schema.org","@graph":[{"@type":"WebPage","@id":"https:\/\/www.interpumpfluidsolutions.com\/es\/trabaja-con-nosotros\/","url":"https:\/\/www.interpumpfluidsolutions.com\/es\/trabaja-con-nosotros\/","name":"Trabaja con nosotros - Interpump Spain","isPartOf":{"@id":"https:\/\/www.interpumpfluidsolutions.com\/es\/#website"},"datePublished":"2018-06-12T09:49:47+00:00","dateModified":"2024-12-19T14:20:58+00:00","breadcrumb":{"@id":"https:\/\/www.interpumpfluidsolutions.com\/es\/trabaja-con-nosotros\/#breadcrumb"},"inLanguage":"en-GB","potentialAction":[{"@type":"ReadAction","target":["https:\/\/www.interpumpfluidsolutions.com\/es\/trabaja-con-nosotros\/"]}]},{"@type":"BreadcrumbList","@id":"https:\/\/www.interpumpfluidsolutions.com\/es\/trabaja-con-nosotros\/#breadcrumb","itemListElement":[{"@type":"ListItem","position":1,"name":"Home","item":"https:\/\/www.interpumpfluidsolutions.com\/es\/inicio\/"},{"@type":"ListItem","position":2,"name":"Trabaja con nosotros"}]},{"@type":"WebSite","@id":"https:\/\/www.interpumpfluidsolutions.com\/es\/#website","url":"https:\/\/www.interpumpfluidsolutions.com\/es\/","name":"Interpump Spain","description":"Fluid Solutions","potentialAction":[{"@type":"SearchAction","target":{"@type":"EntryPoint","urlTemplate":"https:\/\/www.interpumpfluidsolutions.com\/es\/?s={search_term_string}"},"query-input":{"@type":"PropertyValueSpecification","valueRequired":true,"valueName":"search_term_string"}}],"inLanguage":"en-GB"}]}},"_links":{"self":[{"href":"https:\/\/www.interpumpfluidsolutions.com\/es\/wp-json\/wp\/v2\/pages\/1803","targetHints":{"allow":["GET"]}}],"collection":[{"href":"https:\/\/www.interpumpfluidsolutions.com\/es\/wp-json\/wp\/v2\/pages"}],"about":[{"href":"https:\/\/www.interpumpfluidsolutions.com\/es\/wp-json\/wp\/v2\/types\/page"}],"author":[{"embeddable":true,"href":"https:\/\/www.interpumpfluidsolutions.com\/es\/wp-json\/wp\/v2\/users\/3"}],"replies":[{"embeddable":true,"href":"https:\/\/www.interpumpfluidsolutions.com\/es\/wp-json\/wp\/v2\/comments?post=1803"}],"version-history":[{"count":10,"href":"https:\/\/www.interpumpfluidsolutions.com\/es\/wp-json\/wp\/v2\/pages\/1803\/revisions"}],"predecessor-version":[{"id":3086,"href":"https:\/\/www.interpumpfluidsolutions.com\/es\/wp-json\/wp\/v2\/pages\/1803\/revisions\/3086"}],"wp:attachment":[{"href":"https:\/\/www.interpumpfluidsolutions.com\/es\/wp-json\/wp\/v2\/media?parent=1803"}],"curies":[{"name":"wp","href":"https:\/\/api.w.org\/{rel}","templated":true}]}}