{"id":209,"date":"2017-11-20T13:25:23","date_gmt":"2017-11-20T13:25:23","guid":{"rendered":"https:\/\/www.interpumpfluidsolutions.com\/es\/?page_id=209"},"modified":"2024-12-19T07:22:45","modified_gmt":"2024-12-19T07:22:45","slug":"grupo","status":"publish","type":"page","link":"https:\/\/www.interpumpfluidsolutions.com\/es\/about\/grupo\/","title":{"rendered":"El grupo"},"content":{"rendered":"\n<style type=\"text\/css\" data-created_by=\"avia_inline_auto\" id=\"style-css-av-2wkuvt-0ba7421a9b2489ff661bebcf5ea6f70b\">\n.avia-image-container.av-2wkuvt-0ba7421a9b2489ff661bebcf5ea6f70b img.avia_image{\nbox-shadow:none;\n}\n.avia-image-container.av-2wkuvt-0ba7421a9b2489ff661bebcf5ea6f70b .av-image-caption-overlay-center{\ncolor:#ffffff;\n}\n<\/style>\n<div  class='avia-image-container av-2wkuvt-0ba7421a9b2489ff661bebcf5ea6f70b av-styling- av-hover-grow av-img-linked avia_animated_image av-animated-when-visible-95 fade-in avia-align-center  avia-builder-el-0  el_before_av_hr  avia-builder-el-first '   itemprop=\"image\" itemscope=\"itemscope\" itemtype=\"https:\/\/schema.org\/ImageObject\" ><div class=\"avia-image-container-inner\"><div class=\"avia-image-overlay-wrap\"><a href=\"https:\/\/www.interpumpgroup.it\/uk\/default.aspx\" class='avia_image ' target=\"_blank\" rel=\"noopener noreferrer\" aria-label='Interpump Group'><img decoding=\"async\" fetchpriority=\"high\" class='wp-image-547 avia-img-lazy-loading-not-547 avia_image ' src=\"https:\/\/www.interpumpfluidsolutions.com\/es\/wp-content\/uploads\/sites\/12\/2017\/11\/InterpumpGroup-1500x430.jpeg\" alt='Interpump Group' title='Interpump Group'  height=\"430\" width=\"1500\"  itemprop=\"thumbnailUrl\"  \/><\/a><\/div><\/div><\/div>\n\n<style type=\"text\/css\" data-created_by=\"avia_inline_auto\" id=\"style-css-av-2o8eix-b9decf0925e04da15b3393f42ecfdd8f\">\n#top .hr.hr-invisible.av-2o8eix-b9decf0925e04da15b3393f42ecfdd8f{\nheight:20px;\n}\n<\/style>\n<div  class='hr av-2o8eix-b9decf0925e04da15b3393f42ecfdd8f hr-invisible  avia-builder-el-1  el_after_av_image  el_before_av_one_half '><span class='hr-inner '><span class=\"hr-inner-style\"><\/span><\/span><\/div>\n\n<style type=\"text\/css\" data-created_by=\"avia_inline_auto\" id=\"style-css-av-2liuy9-fd1bfa1cb10a6592e081654eda6507cc\">\n.flex_column.av-2liuy9-fd1bfa1cb10a6592e081654eda6507cc{\nborder-radius:0px 0px 0px 0px;\npadding:0px 0px 0px 0px;\n}\n<\/style>\n<div  class='flex_column av-2liuy9-fd1bfa1cb10a6592e081654eda6507cc av_one_half  avia-builder-el-2  el_after_av_hr  el_before_av_one_half  first flex_column_div av-zero-column-padding  '     ><section  class='av_textblock_section av-8h9cx-e970756fd450a77f666b2b2844472d07 '   itemscope=\"itemscope\" itemtype=\"https:\/\/schema.org\/CreativeWork\" ><div class='avia_textblock'  itemprop=\"text\" ><p><a href=\"https:\/\/www.interpumpgroup.it\/it\">Interpump Group<\/a> es el mayor fabricante mundial de tomas de fuerza y uno de los principales fabricantes de bombas hidr\u00e1ulicas, cilindros y otros componentes hidr\u00e1ulicos.<\/p>\n<p>Las tomas de fuerza se utilizan para transmitir la potencia del motor de un veh\u00edculo industrial a los dem\u00e1s componentes hidr\u00e1ulicos y se conectan a la caja de transmisi\u00f3n del veh\u00edculo.<\/p>\n<p>Otros componentes hidr\u00e1ulicos fabricados por empresas del Grupo (bombas hidr\u00e1ulicas, unidades de control, v\u00e1lvulas, cilindros, dep\u00f3sitos) ayudan a realizar funciones especiales, por ejemplo, la elevaci\u00f3n de volquetes, el funcionamiento de gr\u00faas de a bordo y el manejo de hormigoneras.<\/p>\n<\/div><\/section><\/div>\n<style type=\"text\/css\" data-created_by=\"avia_inline_auto\" id=\"style-css-av-2ada5t-02c85c5343b2ce22765fdd5d254d67b9\">\n.flex_column.av-2ada5t-02c85c5343b2ce22765fdd5d254d67b9{\nborder-radius:0px 0px 0px 0px;\npadding:0px 0px 0px 0px;\n}\n<\/style>\n<div  class='flex_column av-2ada5t-02c85c5343b2ce22765fdd5d254d67b9 av_one_half  avia-builder-el-4  el_after_av_one_half  el_before_av_section  avia-builder-el-last  flex_column_div av-zero-column-padding  '     ><p><section  class='av_textblock_section av-7k6rt-3f09ad48a215ab7a73da76cb4c25d436 '   itemscope=\"itemscope\" itemtype=\"https:\/\/schema.org\/CreativeWork\" ><div class='avia_textblock'  itemprop=\"text\" ><p>Somos l\u00edderes mundiales y reconocidos innovadores en la producci\u00f3n de mangueras y racores para sistemas hidr\u00e1ulicos.<\/p>\n<p>Suministramos a los fabricantes m\u00e1s prestigiosos del mundo y nuestros productos se utilizan en numerosos sectores, como la agricultura, la marina, el offshore, la construcci\u00f3n, los equipos de elevaci\u00f3n, la energ\u00eda, el movimiento militar, la limpieza y el ferrocarril.<\/p>\n<p>La empresa cuenta con 10 centros de producci\u00f3n y comerciales y 550 empleados. De ellas, el 10% son ingenieros y especialistas de producto que trabajan en investigaci\u00f3n y desarrollo.<\/p>\n<\/div><\/section><br \/>\n\n<style type=\"text\/css\" data-created_by=\"avia_inline_auto\" id=\"style-css-av-1x01bd-d1e8ea8829b484741fccc62212a77d88\">\n#top .hr.hr-invisible.av-1x01bd-d1e8ea8829b484741fccc62212a77d88{\nheight:10px;\n}\n<\/style>\n<div  class='hr av-1x01bd-d1e8ea8829b484741fccc62212a77d88 hr-invisible  avia-builder-el-6  el_after_av_textblock  el_before_av_button '><span class='hr-inner '><span class=\"hr-inner-style\"><\/span><\/span><\/div><br \/>\n<div  class='avia-button-wrap av-1rr90p-77afd0aa52074b78385135f7c9660f1a-wrap avia-button-center  avia-builder-el-7  el_after_av_hr  avia-builder-el-last '><a href='https:\/\/www.interpumpgroup.it\/uk\/default.aspx' class='avia-button av-1rr90p-77afd0aa52074b78385135f7c9660f1a av-link-btn avia-icon_select-yes-left-icon avia-size-small avia-position-center avia-color-theme-color' target=\"_blank\" rel=\"noopener noreferrer\"><span class='avia_button_icon avia_button_icon_left' aria-hidden='true' data-av_icon='\ue8b1' data-av_iconfont='entypo-fontello'><\/span><span class='avia_iconbox_title' >Interpump Group Website<\/span><\/a><\/div><\/p><\/div><\/div><\/div><\/div><!-- close content main div --><\/div><\/div>\n<style type=\"text\/css\" data-created_by=\"avia_inline_auto\" id=\"style-css-av-1jyyqp-e2a24a0a51c18227460eb6f487257efa\">\n.avia-section.av-1jyyqp-e2a24a0a51c18227460eb6f487257efa .av-parallax .av-parallax-inner{\nbackground-repeat:no-repeat;\nbackground-image:url(https:\/\/www.interpumpfluidsolutions.com\/es\/wp-content\/uploads\/sites\/12\/2017\/11\/shutterstock_400486630.jpg);\nbackground-position:0% 0%;\nbackground-attachment:scroll;\n}\n<\/style>\n<div id='home-people'  class='avia-section av-1jyyqp-e2a24a0a51c18227460eb6f487257efa main_color avia-section-large avia-no-border-styling  avia-builder-el-8  el_after_av_one_half  avia-builder-el-last  av-parallax-section avia-bg-style-parallax container_wrap fullsize'  data-section-bg-repeat='no-repeat'><div class='av-parallax' data-avia-parallax-ratio='0.3' ><div class='av-parallax-inner main_color avia-full-stretch'><\/div><\/div><div class='container av-section-cont-open' ><div class='template-page content  av-content-full alpha units'><div class='post-entry post-entry-type-page post-entry-209'><div class='entry-content-wrapper clearfix'>\n\n<style type=\"text\/css\" data-created_by=\"avia_inline_auto\" id=\"style-css-av-1czsax-9abf2017d3345618a9c23a84236ee954\">\n.flex_column.av-1czsax-9abf2017d3345618a9c23a84236ee954{\nborder-radius:0px 0px 0px 0px;\npadding:0px 0px 0px 0px;\n}\n<\/style>\n<div  class='flex_column av-1czsax-9abf2017d3345618a9c23a84236ee954 av_one_fourth  avia-builder-el-9  el_before_av_one_half  avia-builder-el-first  first flex_column_div av-zero-column-padding  '     ><\/div>\n<style type=\"text\/css\" data-created_by=\"avia_inline_auto\" id=\"style-css-av-171aup-0dbcf69103c7ae85681aa4f077721d52\">\n.flex_column.av-171aup-0dbcf69103c7ae85681aa4f077721d52{\nborder-radius:0px 0px 0px 0px;\npadding:0px 0px 0px 0px;\n}\n<\/style>\n<div  class='flex_column av-171aup-0dbcf69103c7ae85681aa4f077721d52 av_one_half  avia-builder-el-10  el_after_av_one_fourth  el_before_av_one_fourth  flex_column_div av-zero-column-padding  '     ><style type=\"text\/css\" data-created_by=\"avia_inline_auto\" id=\"style-css-av-126bgx-fbca8b62afc4c9e47890422de61bca17\">\n#top .av_textblock_section.av-126bgx-fbca8b62afc4c9e47890422de61bca17 .avia_textblock{\ncolor:#ffffff;\n}\n<\/style>\n<section  class='av_textblock_section av-126bgx-fbca8b62afc4c9e47890422de61bca17 '   itemscope=\"itemscope\" itemtype=\"https:\/\/schema.org\/CreativeWork\" ><div class='avia_textblock av_inherit_color'  itemprop=\"text\" ><h2 style=\"text-align: center;\">Nuestro equipo<\/h2>\n<\/div><\/section><br \/>\n\n<style type=\"text\/css\" data-created_by=\"avia_inline_auto\" id=\"style-css-av-3fsy9-c7b4c474c627195c130e7521f7dec7c8\">\n#top .hr.hr-invisible.av-3fsy9-c7b4c474c627195c130e7521f7dec7c8{\nheight:20px;\n}\n<\/style>\n<div  class='hr av-3fsy9-c7b4c474c627195c130e7521f7dec7c8 hr-invisible  avia-builder-el-12  el_after_av_textblock  el_before_av_textblock '><span class='hr-inner '><span class=\"hr-inner-style\"><\/span><\/span><\/div><br \/>\n\n<style type=\"text\/css\" data-created_by=\"avia_inline_auto\" id=\"style-css-av-trj09-a8e9df4d52e2da41fc9033377661a6b9\">\n#top .av_textblock_section.av-trj09-a8e9df4d52e2da41fc9033377661a6b9 .avia_textblock{\ncolor:#ffffff;\n}\n<\/style>\n<section  class='av_textblock_section av-trj09-a8e9df4d52e2da41fc9033377661a6b9 '   itemscope=\"itemscope\" itemtype=\"https:\/\/schema.org\/CreativeWork\" ><div class='avia_textblock av_inherit_color'  itemprop=\"text\" ><p style=\"text-align: center;\">Dise\u00f1adores, ingenieros, expertos en producci\u00f3n y profesionales en distribuci\u00f3n: nuestro equipo de Interpump Fluid Solutions est\u00e1 listo para colaborar y crear soluciones hidr\u00e1ulicas a nivel mundial<\/p>\n<\/div><\/section><br \/>\n\n<style type=\"text\/css\" data-created_by=\"avia_inline_auto\" id=\"style-css-av-kviy1-da4158f174482aecb0563c74e9001793\">\n#top .hr.hr-invisible.av-kviy1-da4158f174482aecb0563c74e9001793{\nheight:20px;\n}\n<\/style>\n<div  class='hr av-kviy1-da4158f174482aecb0563c74e9001793 hr-invisible  avia-builder-el-14  el_after_av_textblock  el_before_av_button '><span class='hr-inner '><span class=\"hr-inner-style\"><\/span><\/span><\/div><br \/>\n<div  class='avia-button-wrap av-ey1rd-fd5de836b040b6785ec510fcaf600987-wrap avia-button-center  avia-builder-el-15  el_after_av_hr  avia-builder-el-last '><a href='https:\/\/www.interpumpfluidsolutions.com\/es\/about\/people\/'  class='avia-button av-ey1rd-fd5de836b040b6785ec510fcaf600987 av-link-btn avia-icon_select-no avia-size-small avia-position-center avia-color-light'  ><span class='avia_iconbox_title' >Leer m\u00e1s<\/span><\/a><\/div><\/p><\/div>\n<style type=\"text\/css\" data-created_by=\"avia_inline_auto\" id=\"style-css-av-be06x-d755238136276a95c9934da0b462892e\">\n.flex_column.av-be06x-d755238136276a95c9934da0b462892e{\nborder-radius:0px 0px 0px 0px;\npadding:0px 0px 0px 0px;\n}\n<\/style>\n<div  class='flex_column av-be06x-d755238136276a95c9934da0b462892e av_one_fourth  avia-builder-el-16  el_after_av_one_half  avia-builder-el-last  flex_column_div av-zero-column-padding  '     ><\/div><\/p>\n","protected":false},"excerpt":{"rendered":"","protected":false},"author":3,"featured_media":0,"parent":56,"menu_order":7,"comment_status":"closed","ping_status":"closed","template":"","meta":{"footnotes":""},"class_list":["post-209","page","type-page","status-publish","hentry"],"yoast_head":"<!-- This site is optimized with the Yoast SEO plugin v26.2 - https:\/\/yoast.com\/wordpress\/plugins\/seo\/ -->\n<title>Interpump Fluid Solutions Group, worldwide hydraulic products and service<\/title>\n<meta name=\"description\" content=\"Interpump Fluid Solutions is a world leading Group and acknowledged innovator in the production of hose and fittings for hydraulic systems.\" \/>\n<meta name=\"robots\" content=\"noindex, follow, max-snippet:-1, max-image-preview:large, max-video-preview:-1\" \/>\n<meta property=\"og:locale\" content=\"en_GB\" \/>\n<meta property=\"og:type\" content=\"article\" \/>\n<meta property=\"og:title\" content=\"Interpump Fluid Solutions Group, worldwide hydraulic products and service\" \/>\n<meta property=\"og:description\" content=\"Interpump Fluid Solutions is a world leading Group and acknowledged innovator in the production of hose and fittings for hydraulic systems.\" \/>\n<meta property=\"og:url\" content=\"https:\/\/www.interpumpfluidsolutions.com\/es\/about\/grupo\/\" \/>\n<meta property=\"og:site_name\" content=\"Interpump Spain\" \/>\n<meta property=\"article:modified_time\" content=\"2024-12-19T07:22:45+00:00\" \/>\n<meta name=\"twitter:card\" content=\"summary_large_image\" \/>\n<meta name=\"twitter:label1\" content=\"Estimated reading time\" \/>\n\t<meta name=\"twitter:data1\" content=\"2 minutes\" \/>\n<script type=\"application\/ld+json\" class=\"yoast-schema-graph\">{\"@context\":\"https:\/\/schema.org\",\"@graph\":[{\"@type\":\"WebPage\",\"@id\":\"https:\/\/www.interpumpfluidsolutions.com\/es\/about\/grupo\/\",\"url\":\"https:\/\/www.interpumpfluidsolutions.com\/es\/about\/grupo\/\",\"name\":\"Interpump Fluid Solutions Group, worldwide hydraulic products and service\",\"isPartOf\":{\"@id\":\"https:\/\/www.interpumpfluidsolutions.com\/es\/#website\"},\"datePublished\":\"2017-11-20T13:25:23+00:00\",\"dateModified\":\"2024-12-19T07:22:45+00:00\",\"description\":\"Interpump Fluid Solutions is a world leading Group and acknowledged innovator in the production of hose and fittings for hydraulic systems.\",\"breadcrumb\":{\"@id\":\"https:\/\/www.interpumpfluidsolutions.com\/es\/about\/grupo\/#breadcrumb\"},\"inLanguage\":\"en-GB\",\"potentialAction\":[{\"@type\":\"ReadAction\",\"target\":[\"https:\/\/www.interpumpfluidsolutions.com\/es\/about\/grupo\/\"]}]},{\"@type\":\"BreadcrumbList\",\"@id\":\"https:\/\/www.interpumpfluidsolutions.com\/es\/about\/grupo\/#breadcrumb\",\"itemListElement\":[{\"@type\":\"ListItem\",\"position\":1,\"name\":\"Home\",\"item\":\"https:\/\/www.interpumpfluidsolutions.com\/es\/inicio\/\"},{\"@type\":\"ListItem\",\"position\":2,\"name\":\"About\",\"item\":\"https:\/\/www.interpumpfluidsolutions.com\/es\/about\/\"},{\"@type\":\"ListItem\",\"position\":3,\"name\":\"El grupo\"}]},{\"@type\":\"WebSite\",\"@id\":\"https:\/\/www.interpumpfluidsolutions.com\/es\/#website\",\"url\":\"https:\/\/www.interpumpfluidsolutions.com\/es\/\",\"name\":\"Interpump Spain\",\"description\":\"Fluid Solutions\",\"potentialAction\":[{\"@type\":\"SearchAction\",\"target\":{\"@type\":\"EntryPoint\",\"urlTemplate\":\"https:\/\/www.interpumpfluidsolutions.com\/es\/?s={search_term_string}\"},\"query-input\":{\"@type\":\"PropertyValueSpecification\",\"valueRequired\":true,\"valueName\":\"search_term_string\"}}],\"inLanguage\":\"en-GB\"}]}<\/script>\n<!-- \/ Yoast SEO plugin. -->","yoast_head_json":{"title":"Interpump Fluid Solutions Group, worldwide hydraulic products and service","description":"Interpump Fluid Solutions is a world leading Group and acknowledged innovator in the production of hose and fittings for hydraulic systems.","robots":{"index":"noindex","follow":"follow","max-snippet":"max-snippet:-1","max-image-preview":"max-image-preview:large","max-video-preview":"max-video-preview:-1"},"og_locale":"en_GB","og_type":"article","og_title":"Interpump Fluid Solutions Group, worldwide hydraulic products and service","og_description":"Interpump Fluid Solutions is a world leading Group and acknowledged innovator in the production of hose and fittings for hydraulic systems.","og_url":"https:\/\/www.interpumpfluidsolutions.com\/es\/about\/grupo\/","og_site_name":"Interpump Spain","article_modified_time":"2024-12-19T07:22:45+00:00","twitter_card":"summary_large_image","twitter_misc":{"Estimated reading time":"2 minutes"},"schema":{"@context":"https:\/\/schema.org","@graph":[{"@type":"WebPage","@id":"https:\/\/www.interpumpfluidsolutions.com\/es\/about\/grupo\/","url":"https:\/\/www.interpumpfluidsolutions.com\/es\/about\/grupo\/","name":"Interpump Fluid Solutions Group, worldwide hydraulic products and service","isPartOf":{"@id":"https:\/\/www.interpumpfluidsolutions.com\/es\/#website"},"datePublished":"2017-11-20T13:25:23+00:00","dateModified":"2024-12-19T07:22:45+00:00","description":"Interpump Fluid Solutions is a world leading Group and acknowledged innovator in the production of hose and fittings for hydraulic systems.","breadcrumb":{"@id":"https:\/\/www.interpumpfluidsolutions.com\/es\/about\/grupo\/#breadcrumb"},"inLanguage":"en-GB","potentialAction":[{"@type":"ReadAction","target":["https:\/\/www.interpumpfluidsolutions.com\/es\/about\/grupo\/"]}]},{"@type":"BreadcrumbList","@id":"https:\/\/www.interpumpfluidsolutions.com\/es\/about\/grupo\/#breadcrumb","itemListElement":[{"@type":"ListItem","position":1,"name":"Home","item":"https:\/\/www.interpumpfluidsolutions.com\/es\/inicio\/"},{"@type":"ListItem","position":2,"name":"About","item":"https:\/\/www.interpumpfluidsolutions.com\/es\/about\/"},{"@type":"ListItem","position":3,"name":"El grupo"}]},{"@type":"WebSite","@id":"https:\/\/www.interpumpfluidsolutions.com\/es\/#website","url":"https:\/\/www.interpumpfluidsolutions.com\/es\/","name":"Interpump Spain","description":"Fluid Solutions","potentialAction":[{"@type":"SearchAction","target":{"@type":"EntryPoint","urlTemplate":"https:\/\/www.interpumpfluidsolutions.com\/es\/?s={search_term_string}"},"query-input":{"@type":"PropertyValueSpecification","valueRequired":true,"valueName":"search_term_string"}}],"inLanguage":"en-GB"}]}},"_links":{"self":[{"href":"https:\/\/www.interpumpfluidsolutions.com\/es\/wp-json\/wp\/v2\/pages\/209","targetHints":{"allow":["GET"]}}],"collection":[{"href":"https:\/\/www.interpumpfluidsolutions.com\/es\/wp-json\/wp\/v2\/pages"}],"about":[{"href":"https:\/\/www.interpumpfluidsolutions.com\/es\/wp-json\/wp\/v2\/types\/page"}],"author":[{"embeddable":true,"href":"https:\/\/www.interpumpfluidsolutions.com\/es\/wp-json\/wp\/v2\/users\/3"}],"replies":[{"embeddable":true,"href":"https:\/\/www.interpumpfluidsolutions.com\/es\/wp-json\/wp\/v2\/comments?post=209"}],"version-history":[{"count":13,"href":"https:\/\/www.interpumpfluidsolutions.com\/es\/wp-json\/wp\/v2\/pages\/209\/revisions"}],"predecessor-version":[{"id":2969,"href":"https:\/\/www.interpumpfluidsolutions.com\/es\/wp-json\/wp\/v2\/pages\/209\/revisions\/2969"}],"up":[{"embeddable":true,"href":"https:\/\/www.interpumpfluidsolutions.com\/es\/wp-json\/wp\/v2\/pages\/56"}],"wp:attachment":[{"href":"https:\/\/www.interpumpfluidsolutions.com\/es\/wp-json\/wp\/v2\/media?parent=209"}],"curies":[{"name":"wp","href":"https:\/\/api.w.org\/{rel}","templated":true}]}}