{"id":218,"date":"2017-11-20T13:27:18","date_gmt":"2017-11-20T13:27:18","guid":{"rendered":"https:\/\/www.interpumpfluidsolutions.com\/es\/?page_id=218"},"modified":"2024-12-19T07:04:48","modified_gmt":"2024-12-19T07:04:48","slug":"ambiente","status":"publish","type":"page","link":"https:\/\/www.interpumpfluidsolutions.com\/es\/about\/ambiente\/","title":{"rendered":"Ambiente"},"content":{"rendered":"\n<style type=\"text\/css\" data-created_by=\"avia_inline_auto\" id=\"style-css-av-12rbne-1f9ed79e6750ef2e59803f42913cb89b\">\n.flex_column.av-12rbne-1f9ed79e6750ef2e59803f42913cb89b{\nborder-radius:0px 0px 0px 0px;\npadding:0px 0px 0px 0px;\n}\n<\/style>\n<div  class='flex_column av-12rbne-1f9ed79e6750ef2e59803f42913cb89b av_one_full  avia-builder-el-0  el_before_av_one_half  avia-builder-el-first  first flex_column_div av-zero-column-padding  '     ><style type=\"text\/css\" data-created_by=\"avia_inline_auto\" id=\"style-css-av-x7xeq-77cd5bb54cd8edb48299f7b5998e9b2f\">\n#top .av-special-heading.av-x7xeq-77cd5bb54cd8edb48299f7b5998e9b2f{\npadding-bottom:10px;\n}\nbody .av-special-heading.av-x7xeq-77cd5bb54cd8edb48299f7b5998e9b2f .av-special-heading-tag .heading-char{\nfont-size:25px;\n}\n.av-special-heading.av-x7xeq-77cd5bb54cd8edb48299f7b5998e9b2f .av-subheading{\nfont-size:15px;\n}\n<\/style>\n<div  class='av-special-heading av-x7xeq-77cd5bb54cd8edb48299f7b5998e9b2f av-special-heading-h3  avia-builder-el-1  avia-builder-el-no-sibling '><h3 class='av-special-heading-tag'  itemprop=\"headline\"  >Ambiente<\/h3><div class=\"special-heading-border\"><div class=\"special-heading-inner-border\"><\/div><\/div><\/div><\/div>\n<style type=\"text\/css\" data-created_by=\"avia_inline_auto\" id=\"style-css-av-2wffe-63de665414928af0ddce4c596c98d641\">\n.flex_column.av-2wffe-63de665414928af0ddce4c596c98d641{\nborder-radius:0px 0px 0px 0px;\npadding:0px 0px 0px 0px;\n}\n<\/style>\n<div  class='flex_column av-2wffe-63de665414928af0ddce4c596c98d641 av_one_half  avia-builder-el-2  el_after_av_one_full  el_before_av_one_half  first flex_column_div av-zero-column-padding  column-top-margin'     ><style type=\"text\/css\" data-created_by=\"avia_inline_auto\" id=\"style-css-av-l6v4q-7b24ecb32e11887399db0fc281f78992\">\n.avia-image-container.av-l6v4q-7b24ecb32e11887399db0fc281f78992 img.avia_image{\nbox-shadow:none;\n}\n.avia-image-container.av-l6v4q-7b24ecb32e11887399db0fc281f78992 .av-image-caption-overlay-center{\ncolor:#ffffff;\n}\n<\/style>\n<div  class='avia-image-container av-l6v4q-7b24ecb32e11887399db0fc281f78992 av-styling- av-hover-grow av-img-linked avia_animated_image av-animated-when-visible-95 av-rotateInUpLeft avia-align-center  avia-builder-el-3  avia-builder-el-no-sibling '   itemprop=\"image\" itemscope=\"itemscope\" itemtype=\"https:\/\/schema.org\/ImageObject\" ><div class=\"avia-image-container-inner\"><div class=\"avia-image-overlay-wrap\"><a href=\"https:\/\/www.interpumpfluidsolutions.com\/es\/wp-content\/uploads\/sites\/12\/2017\/11\/ambiente.jpg\" data-srcset=\"https:\/\/www.interpumpfluidsolutions.com\/es\/wp-content\/uploads\/sites\/12\/2017\/11\/ambiente.jpg 402w, https:\/\/www.interpumpfluidsolutions.com\/es\/wp-content\/uploads\/sites\/12\/2017\/11\/ambiente-212x300.jpg 212w\" data-sizes=\"(max-width: 402px) 100vw, 402px\" class='avia_image '  aria-label='Environment'><img decoding=\"async\" fetchpriority=\"high\" class='wp-image-320 avia-img-lazy-loading-not-320 avia_image ' src=\"https:\/\/www.interpumpfluidsolutions.com\/es\/wp-content\/uploads\/sites\/12\/2017\/11\/ambiente-212x300.jpg\" alt='Interpump Fluid Solutions IMM Hydraulics Environment Policy' title='Environment'  height=\"300\" width=\"212\"  itemprop=\"thumbnailUrl\" srcset=\"https:\/\/www.interpumpfluidsolutions.com\/es\/wp-content\/uploads\/sites\/12\/2017\/11\/ambiente-212x300.jpg 212w, https:\/\/www.interpumpfluidsolutions.com\/es\/wp-content\/uploads\/sites\/12\/2017\/11\/ambiente.jpg 402w\" sizes=\"(max-width: 212px) 100vw, 212px\" \/><\/a><\/div><\/div><\/div><\/div><\/p>\n\n<style type=\"text\/css\" data-created_by=\"avia_inline_auto\" id=\"style-css-av-hb6ky-4fa3570eae3a8f06647729602b3207e9\">\n.flex_column.av-hb6ky-4fa3570eae3a8f06647729602b3207e9{\nborder-radius:0px 0px 0px 0px;\npadding:0px 0px 0px 0px;\n}\n<\/style>\n<div  class='flex_column av-hb6ky-4fa3570eae3a8f06647729602b3207e9 av_one_half  avia-builder-el-4  el_after_av_one_half  avia-builder-el-last  flex_column_div av-zero-column-padding  column-top-margin'     ><section  class='av_textblock_section av-a89vu-af4f2967b5c49d220cb034ef8a2a93c2 '   itemscope=\"itemscope\" itemtype=\"https:\/\/schema.org\/CreativeWork\" ><div class='avia_textblock'  itemprop=\"text\" ><p>La investigaci\u00f3n continua en materiales nos permite mejorar los requisitos de impacto medioambiental de nuestros productos, como los tratamientos de superficie certificados que utilizan compuestos de cromo no hexavalente y bajos niveles de emisiones nocivas en entornos potencialmente peligrosos (Certificaci\u00f3n MSHA).<\/p>\n<p>Nuestra investigaci\u00f3n e innovaci\u00f3n constituyen la base del desarrollo de tecnolog\u00edas utilizadas para mejorar los niveles de servicio al cliente: la creaci\u00f3n de un portal web actualizado en tiempo real, a trav\u00e9s del cual los clientes pueden comprobar la disponibilidad de existencias tanto en los almacenes centrales como en los centros de distribuci\u00f3n, el estado de los pedidos y la informaci\u00f3n log\u00edstica relacionada. Descarga.<\/p>\n<p>Contamos con la certificaci\u00f3n ISO 14001: 2015<\/p>\n<p><a href=\"https:\/\/www.interpumpfluidsolutions.com\/es\/wp-content\/uploads\/sites\/12\/2019\/09\/Certificato_I.M.M._Hydraulics_S.p.A._-_ISO14001.pdf\"><strong>Download.<\/strong><\/a><\/p>\n<\/div><\/section><\/div>\n","protected":false},"excerpt":{"rendered":"","protected":false},"author":3,"featured_media":0,"parent":56,"menu_order":4,"comment_status":"closed","ping_status":"closed","template":"","meta":{"footnotes":""},"class_list":["post-218","page","type-page","status-publish","hentry"],"yoast_head":"<!-- This site is optimized with the Yoast SEO plugin v26.2 - https:\/\/yoast.com\/wordpress\/plugins\/seo\/ -->\n<title>Ambiente - Interpump Spain<\/title>\n<meta name=\"robots\" content=\"noindex, follow, max-snippet:-1, max-image-preview:large, max-video-preview:-1\" \/>\n<meta property=\"og:locale\" content=\"en_GB\" \/>\n<meta property=\"og:type\" content=\"article\" \/>\n<meta property=\"og:title\" content=\"Ambiente - Interpump Spain\" \/>\n<meta property=\"og:url\" content=\"https:\/\/www.interpumpfluidsolutions.com\/es\/about\/ambiente\/\" \/>\n<meta property=\"og:site_name\" content=\"Interpump Spain\" \/>\n<meta property=\"article:modified_time\" content=\"2024-12-19T07:04:48+00:00\" \/>\n<meta name=\"twitter:card\" content=\"summary_large_image\" \/>\n<meta name=\"twitter:label1\" content=\"Estimated reading time\" \/>\n\t<meta name=\"twitter:data1\" content=\"1 minute\" \/>\n<script type=\"application\/ld+json\" class=\"yoast-schema-graph\">{\"@context\":\"https:\/\/schema.org\",\"@graph\":[{\"@type\":\"WebPage\",\"@id\":\"https:\/\/www.interpumpfluidsolutions.com\/es\/about\/ambiente\/\",\"url\":\"https:\/\/www.interpumpfluidsolutions.com\/es\/about\/ambiente\/\",\"name\":\"Ambiente - Interpump Spain\",\"isPartOf\":{\"@id\":\"https:\/\/www.interpumpfluidsolutions.com\/es\/#website\"},\"datePublished\":\"2017-11-20T13:27:18+00:00\",\"dateModified\":\"2024-12-19T07:04:48+00:00\",\"breadcrumb\":{\"@id\":\"https:\/\/www.interpumpfluidsolutions.com\/es\/about\/ambiente\/#breadcrumb\"},\"inLanguage\":\"en-GB\",\"potentialAction\":[{\"@type\":\"ReadAction\",\"target\":[\"https:\/\/www.interpumpfluidsolutions.com\/es\/about\/ambiente\/\"]}]},{\"@type\":\"BreadcrumbList\",\"@id\":\"https:\/\/www.interpumpfluidsolutions.com\/es\/about\/ambiente\/#breadcrumb\",\"itemListElement\":[{\"@type\":\"ListItem\",\"position\":1,\"name\":\"Home\",\"item\":\"https:\/\/www.interpumpfluidsolutions.com\/es\/inicio\/\"},{\"@type\":\"ListItem\",\"position\":2,\"name\":\"About\",\"item\":\"https:\/\/www.interpumpfluidsolutions.com\/es\/about\/\"},{\"@type\":\"ListItem\",\"position\":3,\"name\":\"Ambiente\"}]},{\"@type\":\"WebSite\",\"@id\":\"https:\/\/www.interpumpfluidsolutions.com\/es\/#website\",\"url\":\"https:\/\/www.interpumpfluidsolutions.com\/es\/\",\"name\":\"Interpump Spain\",\"description\":\"Fluid Solutions\",\"potentialAction\":[{\"@type\":\"SearchAction\",\"target\":{\"@type\":\"EntryPoint\",\"urlTemplate\":\"https:\/\/www.interpumpfluidsolutions.com\/es\/?s={search_term_string}\"},\"query-input\":{\"@type\":\"PropertyValueSpecification\",\"valueRequired\":true,\"valueName\":\"search_term_string\"}}],\"inLanguage\":\"en-GB\"}]}<\/script>\n<!-- \/ Yoast SEO plugin. -->","yoast_head_json":{"title":"Ambiente - Interpump Spain","robots":{"index":"noindex","follow":"follow","max-snippet":"max-snippet:-1","max-image-preview":"max-image-preview:large","max-video-preview":"max-video-preview:-1"},"og_locale":"en_GB","og_type":"article","og_title":"Ambiente - Interpump Spain","og_url":"https:\/\/www.interpumpfluidsolutions.com\/es\/about\/ambiente\/","og_site_name":"Interpump Spain","article_modified_time":"2024-12-19T07:04:48+00:00","twitter_card":"summary_large_image","twitter_misc":{"Estimated reading time":"1 minute"},"schema":{"@context":"https:\/\/schema.org","@graph":[{"@type":"WebPage","@id":"https:\/\/www.interpumpfluidsolutions.com\/es\/about\/ambiente\/","url":"https:\/\/www.interpumpfluidsolutions.com\/es\/about\/ambiente\/","name":"Ambiente - Interpump Spain","isPartOf":{"@id":"https:\/\/www.interpumpfluidsolutions.com\/es\/#website"},"datePublished":"2017-11-20T13:27:18+00:00","dateModified":"2024-12-19T07:04:48+00:00","breadcrumb":{"@id":"https:\/\/www.interpumpfluidsolutions.com\/es\/about\/ambiente\/#breadcrumb"},"inLanguage":"en-GB","potentialAction":[{"@type":"ReadAction","target":["https:\/\/www.interpumpfluidsolutions.com\/es\/about\/ambiente\/"]}]},{"@type":"BreadcrumbList","@id":"https:\/\/www.interpumpfluidsolutions.com\/es\/about\/ambiente\/#breadcrumb","itemListElement":[{"@type":"ListItem","position":1,"name":"Home","item":"https:\/\/www.interpumpfluidsolutions.com\/es\/inicio\/"},{"@type":"ListItem","position":2,"name":"About","item":"https:\/\/www.interpumpfluidsolutions.com\/es\/about\/"},{"@type":"ListItem","position":3,"name":"Ambiente"}]},{"@type":"WebSite","@id":"https:\/\/www.interpumpfluidsolutions.com\/es\/#website","url":"https:\/\/www.interpumpfluidsolutions.com\/es\/","name":"Interpump Spain","description":"Fluid Solutions","potentialAction":[{"@type":"SearchAction","target":{"@type":"EntryPoint","urlTemplate":"https:\/\/www.interpumpfluidsolutions.com\/es\/?s={search_term_string}"},"query-input":{"@type":"PropertyValueSpecification","valueRequired":true,"valueName":"search_term_string"}}],"inLanguage":"en-GB"}]}},"_links":{"self":[{"href":"https:\/\/www.interpumpfluidsolutions.com\/es\/wp-json\/wp\/v2\/pages\/218","targetHints":{"allow":["GET"]}}],"collection":[{"href":"https:\/\/www.interpumpfluidsolutions.com\/es\/wp-json\/wp\/v2\/pages"}],"about":[{"href":"https:\/\/www.interpumpfluidsolutions.com\/es\/wp-json\/wp\/v2\/types\/page"}],"author":[{"embeddable":true,"href":"https:\/\/www.interpumpfluidsolutions.com\/es\/wp-json\/wp\/v2\/users\/3"}],"replies":[{"embeddable":true,"href":"https:\/\/www.interpumpfluidsolutions.com\/es\/wp-json\/wp\/v2\/comments?post=218"}],"version-history":[{"count":8,"href":"https:\/\/www.interpumpfluidsolutions.com\/es\/wp-json\/wp\/v2\/pages\/218\/revisions"}],"predecessor-version":[{"id":2963,"href":"https:\/\/www.interpumpfluidsolutions.com\/es\/wp-json\/wp\/v2\/pages\/218\/revisions\/2963"}],"up":[{"embeddable":true,"href":"https:\/\/www.interpumpfluidsolutions.com\/es\/wp-json\/wp\/v2\/pages\/56"}],"wp:attachment":[{"href":"https:\/\/www.interpumpfluidsolutions.com\/es\/wp-json\/wp\/v2\/media?parent=218"}],"curies":[{"name":"wp","href":"https:\/\/api.w.org\/{rel}","templated":true}]}}