{"id":221,"date":"2017-11-20T13:30:05","date_gmt":"2017-11-20T13:30:05","guid":{"rendered":"https:\/\/www.interpumpfluidsolutions.com\/es\/?page_id=221"},"modified":"2024-12-19T07:07:55","modified_gmt":"2024-12-19T07:07:55","slug":"seguridad","status":"publish","type":"page","link":"https:\/\/www.interpumpfluidsolutions.com\/es\/about\/seguridad\/","title":{"rendered":"Seguridad"},"content":{"rendered":"\n<style type=\"text\/css\" data-created_by=\"avia_inline_auto\" id=\"style-css-av-11sqa5-5df2d24ae189eab3b24da9a7d94a4fa8\">\n.flex_column.av-11sqa5-5df2d24ae189eab3b24da9a7d94a4fa8{\nborder-radius:0px 0px 0px 0px;\npadding:0px 0px 0px 0px;\n}\n<\/style>\n<div  class='flex_column av-11sqa5-5df2d24ae189eab3b24da9a7d94a4fa8 av_one_full  avia-builder-el-0  el_before_av_one_half  avia-builder-el-first  first flex_column_div av-zero-column-padding  '     ><style type=\"text\/css\" data-created_by=\"avia_inline_auto\" id=\"style-css-av-ve31h-f61df0146149602bae2cc2fa123ba701\">\n#top .av-special-heading.av-ve31h-f61df0146149602bae2cc2fa123ba701{\npadding-bottom:10px;\n}\nbody .av-special-heading.av-ve31h-f61df0146149602bae2cc2fa123ba701 .av-special-heading-tag .heading-char{\nfont-size:25px;\n}\n.av-special-heading.av-ve31h-f61df0146149602bae2cc2fa123ba701 .av-subheading{\nfont-size:15px;\n}\n<\/style>\n<div  class='av-special-heading av-ve31h-f61df0146149602bae2cc2fa123ba701 av-special-heading-h3  avia-builder-el-1  avia-builder-el-no-sibling '><h3 class='av-special-heading-tag'  itemprop=\"headline\"  >Seguridad<\/h3><div class=\"special-heading-border\"><div class=\"special-heading-inner-border\"><\/div><\/div><\/div><\/div>\n<style type=\"text\/css\" data-created_by=\"avia_inline_auto\" id=\"style-css-av-qfl45-904da21bb4680ee14f7df7457cc53bb8\">\n.flex_column.av-qfl45-904da21bb4680ee14f7df7457cc53bb8{\nborder-radius:0px 0px 0px 0px;\npadding:0px 0px 0px 0px;\n}\n<\/style>\n<div  class='flex_column av-qfl45-904da21bb4680ee14f7df7457cc53bb8 av_one_half  avia-builder-el-2  el_after_av_one_full  el_before_av_one_half  first flex_column_div av-zero-column-padding  column-top-margin'     ><section  class='av_textblock_section av-kajjx-c114c370fcc090ab9a004fb7531714bd '   itemscope=\"itemscope\" itemtype=\"https:\/\/schema.org\/CreativeWork\" ><div class='avia_textblock'  itemprop=\"text\" ><p>Nuestra calidad y atenci\u00f3n al cliente se centran en una pol\u00edtica de inversi\u00f3n orientada a la calidad en investigaci\u00f3n e innovaci\u00f3n, que ha dado lugar al uso de sistemas y tecnolog\u00eda avanzados.<\/p>\n<p>Esta pol\u00edtica no s\u00f3lo se centra en la calidad de nuestras plantas de fabricaci\u00f3n y canales de distribuci\u00f3n (ambos han obtenido la certificaci\u00f3n ISO 9000), sino que tambi\u00e9n se centra en los controles de los m\u00e9todos de producci\u00f3n, as\u00ed como en el control de calidad del producto final, que se eval\u00faa mediante equipos de medici\u00f3n l\u00e1ser en los que se comprueba que el 100% de nuestros productos cumple las especificaciones del producto.<\/p>\n<p>La continua expansi\u00f3n y mejora de nuestra gama de productos nos ha permitido integrar nuestra experiencia en producci\u00f3n y control de calidad para establecer la compatibilidad de nuestros productos: utilizando nuestros m\u00e9todos de control y m\u00e1quinas de ensayo de desarrollo propio.<\/p>\n<p>Hypress ha obtenido acreditaciones internacionales de certificaci\u00f3n, que garantizan nuestra continuidad de suministro, excelentes niveles de calidad y normas certificadas de compatibilidad de productos. Entre ellas figuran organizaciones de renombre como Bureau Veritas y Germanischer Lloyd, y consisten en certificaciones que confirman la correcta ejecuci\u00f3n de los procedimientos de ensayo. Otras medidas de garant\u00eda de calidad incluyen nuestra pertenencia a la Organizaci\u00f3n Nacional Italiana de Normalizaci\u00f3n (UNI), as\u00ed como a la Asociaci\u00f3n Italiana de Empresas Fabricantes y Comercializadoras de Equipos y Componentes para Fluidos (ASSOFLUID). La prevenci\u00f3n y la evitaci\u00f3n de accidentes y enfermedades en el lugar de trabajo son los objetivos clave de la filosof\u00eda empresarial de I.M.M. Hydraulics a trav\u00e9s de la implicaci\u00f3n de los empleados en el cumplimiento de las estrictas medidas de prevenci\u00f3n adoptadas por las pol\u00edticas internas de la empresa. Su formaci\u00f3n y educaci\u00f3n continuas para respetar su lugar de trabajo dan como resultado excelentes medidas preventivas.<\/p>\n<p>Nos comprometemos a desarrollar un negocio sostenible a largo plazo minimizando el impacto medioambiental en todos los procesos y actividades de la empresa.<\/p>\n<p>Las caracter\u00edsticas de seguridad y alto rendimiento son reconocidas por entidades acreditadas como Bureau Veritas y Germanischer Lloyd, mediante la emisi\u00f3n de certificaciones de producto, que confirman la realizaci\u00f3n bajo ciclos de pruebas y ensayos espec\u00edficos.<\/p>\n<p>Esto se confirma con la afiliaci\u00f3n a las principales organizaciones de normalizaci\u00f3n, desde la Nazionale di Unificazione (UNI) hasta la asociaci\u00f3n de referencia para la potencia de fluidos (Assofluid).<\/p>\n<p>Contamos con la certificaci\u00f3n BS OHSAS 18001:2007. <a href=\"http:\/\/www.imm-hydraulics.it\/download\/BrochureOHSAS18001.pdf\" target=\"_blank\" rel=\"noopener\">Download<\/a>.<\/p>\n<\/div><\/section><\/div>\n<style type=\"text\/css\" data-created_by=\"avia_inline_auto\" id=\"style-css-av-encql-7d60bdc98db79e45190c19fe62142594\">\n.flex_column.av-encql-7d60bdc98db79e45190c19fe62142594{\nborder-radius:0px 0px 0px 0px;\npadding:0px 0px 0px 0px;\n}\n<\/style>\n<div  class='flex_column av-encql-7d60bdc98db79e45190c19fe62142594 av_one_half  avia-builder-el-4  el_after_av_one_half  avia-builder-el-last  flex_column_div av-zero-column-padding  column-top-margin'     ><style type=\"text\/css\" data-created_by=\"avia_inline_auto\" id=\"style-css-av-8dhkd-8ddf89b78b5ef263a18397089f23d43b\">\n.avia-image-container.av-8dhkd-8ddf89b78b5ef263a18397089f23d43b img.avia_image{\nbox-shadow:none;\n}\n.avia-image-container.av-8dhkd-8ddf89b78b5ef263a18397089f23d43b .av-image-caption-overlay-center{\ncolor:#ffffff;\n}\n<\/style>\n<div  class='avia-image-container av-8dhkd-8ddf89b78b5ef263a18397089f23d43b av-styling- av-hover-grow av-img-linked avia_animated_image av-animated-when-visible-95 av-rotateIn avia-align-center  avia-builder-el-5  avia-builder-el-no-sibling '   itemprop=\"image\" itemscope=\"itemscope\" itemtype=\"https:\/\/schema.org\/ImageObject\" ><div class=\"avia-image-container-inner\"><div class=\"avia-image-overlay-wrap\"><a href=\"https:\/\/www.interpumpfluidsolutions.com\/es\/wp-content\/uploads\/sites\/12\/2017\/11\/sicurezza.jpg\" data-srcset=\"https:\/\/www.interpumpfluidsolutions.com\/es\/wp-content\/uploads\/sites\/12\/2017\/11\/sicurezza.jpg 402w, https:\/\/www.interpumpfluidsolutions.com\/es\/wp-content\/uploads\/sites\/12\/2017\/11\/sicurezza-212x300.jpg 212w\" data-sizes=\"(max-width: 402px) 100vw, 402px\" class='avia_image '  aria-label='sicurezza'><img decoding=\"async\" fetchpriority=\"high\" class='wp-image-327 avia-img-lazy-loading-not-327 avia_image ' src=\"https:\/\/www.interpumpfluidsolutions.com\/es\/wp-content\/uploads\/sites\/12\/2017\/11\/sicurezza-212x300.jpg\" alt='Interpump Fluid Solutions Security Policy' title='sicurezza'  height=\"300\" width=\"212\"  itemprop=\"thumbnailUrl\" srcset=\"https:\/\/www.interpumpfluidsolutions.com\/es\/wp-content\/uploads\/sites\/12\/2017\/11\/sicurezza-212x300.jpg 212w, https:\/\/www.interpumpfluidsolutions.com\/es\/wp-content\/uploads\/sites\/12\/2017\/11\/sicurezza.jpg 402w\" sizes=\"(max-width: 212px) 100vw, 212px\" \/><\/a><\/div><\/div><\/div><\/div><\/p>\n","protected":false},"excerpt":{"rendered":"","protected":false},"author":3,"featured_media":0,"parent":56,"menu_order":5,"comment_status":"closed","ping_status":"closed","template":"","meta":{"footnotes":""},"class_list":["post-221","page","type-page","status-publish","hentry"],"yoast_head":"<!-- This site is optimized with the Yoast SEO plugin v26.2 - https:\/\/yoast.com\/wordpress\/plugins\/seo\/ -->\n<title>Seguridad - Interpump Spain<\/title>\n<meta name=\"robots\" content=\"noindex, follow, max-snippet:-1, max-image-preview:large, max-video-preview:-1\" \/>\n<meta property=\"og:locale\" content=\"en_GB\" \/>\n<meta property=\"og:type\" content=\"article\" \/>\n<meta property=\"og:title\" content=\"Seguridad - Interpump Spain\" \/>\n<meta property=\"og:url\" content=\"https:\/\/www.interpumpfluidsolutions.com\/es\/about\/seguridad\/\" \/>\n<meta property=\"og:site_name\" content=\"Interpump Spain\" \/>\n<meta property=\"article:modified_time\" content=\"2024-12-19T07:07:55+00:00\" \/>\n<meta name=\"twitter:card\" content=\"summary_large_image\" \/>\n<meta name=\"twitter:label1\" content=\"Estimated reading time\" \/>\n\t<meta name=\"twitter:data1\" content=\"2 minutes\" \/>\n<script type=\"application\/ld+json\" class=\"yoast-schema-graph\">{\"@context\":\"https:\/\/schema.org\",\"@graph\":[{\"@type\":\"WebPage\",\"@id\":\"https:\/\/www.interpumpfluidsolutions.com\/es\/about\/seguridad\/\",\"url\":\"https:\/\/www.interpumpfluidsolutions.com\/es\/about\/seguridad\/\",\"name\":\"Seguridad - Interpump Spain\",\"isPartOf\":{\"@id\":\"https:\/\/www.interpumpfluidsolutions.com\/es\/#website\"},\"datePublished\":\"2017-11-20T13:30:05+00:00\",\"dateModified\":\"2024-12-19T07:07:55+00:00\",\"breadcrumb\":{\"@id\":\"https:\/\/www.interpumpfluidsolutions.com\/es\/about\/seguridad\/#breadcrumb\"},\"inLanguage\":\"en-GB\",\"potentialAction\":[{\"@type\":\"ReadAction\",\"target\":[\"https:\/\/www.interpumpfluidsolutions.com\/es\/about\/seguridad\/\"]}]},{\"@type\":\"BreadcrumbList\",\"@id\":\"https:\/\/www.interpumpfluidsolutions.com\/es\/about\/seguridad\/#breadcrumb\",\"itemListElement\":[{\"@type\":\"ListItem\",\"position\":1,\"name\":\"Home\",\"item\":\"https:\/\/www.interpumpfluidsolutions.com\/es\/inicio\/\"},{\"@type\":\"ListItem\",\"position\":2,\"name\":\"About\",\"item\":\"https:\/\/www.interpumpfluidsolutions.com\/es\/about\/\"},{\"@type\":\"ListItem\",\"position\":3,\"name\":\"Seguridad\"}]},{\"@type\":\"WebSite\",\"@id\":\"https:\/\/www.interpumpfluidsolutions.com\/es\/#website\",\"url\":\"https:\/\/www.interpumpfluidsolutions.com\/es\/\",\"name\":\"Interpump Spain\",\"description\":\"Fluid Solutions\",\"potentialAction\":[{\"@type\":\"SearchAction\",\"target\":{\"@type\":\"EntryPoint\",\"urlTemplate\":\"https:\/\/www.interpumpfluidsolutions.com\/es\/?s={search_term_string}\"},\"query-input\":{\"@type\":\"PropertyValueSpecification\",\"valueRequired\":true,\"valueName\":\"search_term_string\"}}],\"inLanguage\":\"en-GB\"}]}<\/script>\n<!-- \/ Yoast SEO plugin. -->","yoast_head_json":{"title":"Seguridad - Interpump Spain","robots":{"index":"noindex","follow":"follow","max-snippet":"max-snippet:-1","max-image-preview":"max-image-preview:large","max-video-preview":"max-video-preview:-1"},"og_locale":"en_GB","og_type":"article","og_title":"Seguridad - Interpump Spain","og_url":"https:\/\/www.interpumpfluidsolutions.com\/es\/about\/seguridad\/","og_site_name":"Interpump Spain","article_modified_time":"2024-12-19T07:07:55+00:00","twitter_card":"summary_large_image","twitter_misc":{"Estimated reading time":"2 minutes"},"schema":{"@context":"https:\/\/schema.org","@graph":[{"@type":"WebPage","@id":"https:\/\/www.interpumpfluidsolutions.com\/es\/about\/seguridad\/","url":"https:\/\/www.interpumpfluidsolutions.com\/es\/about\/seguridad\/","name":"Seguridad - Interpump Spain","isPartOf":{"@id":"https:\/\/www.interpumpfluidsolutions.com\/es\/#website"},"datePublished":"2017-11-20T13:30:05+00:00","dateModified":"2024-12-19T07:07:55+00:00","breadcrumb":{"@id":"https:\/\/www.interpumpfluidsolutions.com\/es\/about\/seguridad\/#breadcrumb"},"inLanguage":"en-GB","potentialAction":[{"@type":"ReadAction","target":["https:\/\/www.interpumpfluidsolutions.com\/es\/about\/seguridad\/"]}]},{"@type":"BreadcrumbList","@id":"https:\/\/www.interpumpfluidsolutions.com\/es\/about\/seguridad\/#breadcrumb","itemListElement":[{"@type":"ListItem","position":1,"name":"Home","item":"https:\/\/www.interpumpfluidsolutions.com\/es\/inicio\/"},{"@type":"ListItem","position":2,"name":"About","item":"https:\/\/www.interpumpfluidsolutions.com\/es\/about\/"},{"@type":"ListItem","position":3,"name":"Seguridad"}]},{"@type":"WebSite","@id":"https:\/\/www.interpumpfluidsolutions.com\/es\/#website","url":"https:\/\/www.interpumpfluidsolutions.com\/es\/","name":"Interpump Spain","description":"Fluid Solutions","potentialAction":[{"@type":"SearchAction","target":{"@type":"EntryPoint","urlTemplate":"https:\/\/www.interpumpfluidsolutions.com\/es\/?s={search_term_string}"},"query-input":{"@type":"PropertyValueSpecification","valueRequired":true,"valueName":"search_term_string"}}],"inLanguage":"en-GB"}]}},"_links":{"self":[{"href":"https:\/\/www.interpumpfluidsolutions.com\/es\/wp-json\/wp\/v2\/pages\/221","targetHints":{"allow":["GET"]}}],"collection":[{"href":"https:\/\/www.interpumpfluidsolutions.com\/es\/wp-json\/wp\/v2\/pages"}],"about":[{"href":"https:\/\/www.interpumpfluidsolutions.com\/es\/wp-json\/wp\/v2\/types\/page"}],"author":[{"embeddable":true,"href":"https:\/\/www.interpumpfluidsolutions.com\/es\/wp-json\/wp\/v2\/users\/3"}],"replies":[{"embeddable":true,"href":"https:\/\/www.interpumpfluidsolutions.com\/es\/wp-json\/wp\/v2\/comments?post=221"}],"version-history":[{"count":6,"href":"https:\/\/www.interpumpfluidsolutions.com\/es\/wp-json\/wp\/v2\/pages\/221\/revisions"}],"predecessor-version":[{"id":2965,"href":"https:\/\/www.interpumpfluidsolutions.com\/es\/wp-json\/wp\/v2\/pages\/221\/revisions\/2965"}],"up":[{"embeddable":true,"href":"https:\/\/www.interpumpfluidsolutions.com\/es\/wp-json\/wp\/v2\/pages\/56"}],"wp:attachment":[{"href":"https:\/\/www.interpumpfluidsolutions.com\/es\/wp-json\/wp\/v2\/media?parent=221"}],"curies":[{"name":"wp","href":"https:\/\/api.w.org\/{rel}","templated":true}]}}