{"id":224,"date":"2017-11-20T13:30:28","date_gmt":"2017-11-20T13:30:28","guid":{"rendered":"https:\/\/www.interpumpfluidsolutions.com\/es\/?page_id=224"},"modified":"2024-12-19T07:18:56","modified_gmt":"2024-12-19T07:18:56","slug":"certificaciones","status":"publish","type":"page","link":"https:\/\/www.interpumpfluidsolutions.com\/es\/about\/certificaciones\/","title":{"rendered":"Certificaciones"},"content":{"rendered":"\n<style type=\"text\/css\" data-created_by=\"avia_inline_auto\" id=\"style-css-av-17xn7s-15bd0a38b6d41880da0100b03856f7ff\">\n.flex_column.av-17xn7s-15bd0a38b6d41880da0100b03856f7ff{\nborder-radius:0px 0px 0px 0px;\npadding:0px 0px 0px 0px;\n}\n<\/style>\n<div  class='flex_column av-17xn7s-15bd0a38b6d41880da0100b03856f7ff av_one_full  avia-builder-el-0  el_before_av_one_half  avia-builder-el-first  first flex_column_div av-zero-column-padding  '     ><style type=\"text\/css\" data-created_by=\"avia_inline_auto\" id=\"style-css-av-15ly3k-4c8eeff7c92d36f24dd60f5ce34eac87\">\n#top .av-special-heading.av-15ly3k-4c8eeff7c92d36f24dd60f5ce34eac87{\npadding-bottom:10px;\n}\nbody .av-special-heading.av-15ly3k-4c8eeff7c92d36f24dd60f5ce34eac87 .av-special-heading-tag .heading-char{\nfont-size:25px;\n}\n.av-special-heading.av-15ly3k-4c8eeff7c92d36f24dd60f5ce34eac87 .av-subheading{\nfont-size:15px;\n}\n<\/style>\n<div  class='av-special-heading av-15ly3k-4c8eeff7c92d36f24dd60f5ce34eac87 av-special-heading-h3  avia-builder-el-1  avia-builder-el-no-sibling '><h3 class='av-special-heading-tag'  itemprop=\"headline\"  >Certificaciones<\/h3><div class=\"special-heading-border\"><div class=\"special-heading-inner-border\"><\/div><\/div><\/div><\/div>\n<style type=\"text\/css\" data-created_by=\"avia_inline_auto\" id=\"style-css-av-ccm8-cbca735ef7434dd1c646270688689c3b\">\n.flex_column.av-ccm8-cbca735ef7434dd1c646270688689c3b{\nborder-radius:0px 0px 0px 0px;\npadding:0px 0px 0px 0px;\n}\n<\/style>\n<div  class='flex_column av-ccm8-cbca735ef7434dd1c646270688689c3b av_one_half  avia-builder-el-2  el_after_av_one_full  el_before_av_one_half  first flex_column_div av-zero-column-padding  column-top-margin'     ><p>\n<style type=\"text\/css\" data-created_by=\"avia_inline_auto\" id=\"style-css-av-rwrgw-5caaec66a1d2491869efac4e1535120d\">\n.avia-image-container.av-rwrgw-5caaec66a1d2491869efac4e1535120d img.avia_image{\nbox-shadow:none;\n}\n.avia-image-container.av-rwrgw-5caaec66a1d2491869efac4e1535120d .av-image-caption-overlay-center{\ncolor:#ffffff;\n}\n<\/style>\n<div  class='avia-image-container av-rwrgw-5caaec66a1d2491869efac4e1535120d av-styling- av-hover-grow av-img-linked avia_animated_image av-animated-when-visible-95 av-rotateIn avia-align-center  avia-builder-el-3  el_before_av_textblock  avia-builder-el-first '   itemprop=\"image\" itemscope=\"itemscope\" itemtype=\"https:\/\/schema.org\/ImageObject\" ><div class=\"avia-image-container-inner\"><div class=\"avia-image-overlay-wrap\"><a href=\"https:\/\/www.interpumpfluidsolutions.com\/es\/wp-content\/uploads\/sites\/12\/2017\/11\/certificati-group.jpg\" data-srcset=\"https:\/\/www.interpumpfluidsolutions.com\/es\/wp-content\/uploads\/sites\/12\/2017\/11\/certificati-group.jpg 393w, https:\/\/www.interpumpfluidsolutions.com\/es\/wp-content\/uploads\/sites\/12\/2017\/11\/certificati-group-260x300.jpg 260w\" data-sizes=\"(max-width: 393px) 100vw, 393px\" class='avia_image '  aria-label='certificati-group'><img decoding=\"async\" fetchpriority=\"high\" class='wp-image-333 avia-img-lazy-loading-not-333 avia_image ' src=\"https:\/\/www.interpumpfluidsolutions.com\/es\/wp-content\/uploads\/sites\/12\/2017\/11\/certificati-group-260x300.jpg\" alt='Interpump Fluid Solutions Certification' title='certificati-group'  height=\"300\" width=\"260\"  itemprop=\"thumbnailUrl\" srcset=\"https:\/\/www.interpumpfluidsolutions.com\/es\/wp-content\/uploads\/sites\/12\/2017\/11\/certificati-group-260x300.jpg 260w, https:\/\/www.interpumpfluidsolutions.com\/es\/wp-content\/uploads\/sites\/12\/2017\/11\/certificati-group.jpg 393w\" sizes=\"(max-width: 260px) 100vw, 260px\" \/><\/a><\/div><\/div><\/div><br \/>\n<section  class='av_textblock_section av-m2xgg-7a8a5164271fe4cdc1c2909a23cee641 '   itemscope=\"itemscope\" itemtype=\"https:\/\/schema.org\/CreativeWork\" ><div class='avia_textblock'  itemprop=\"text\" ><blockquote>\n<p>La continua expansi\u00f3n y mejora de nuestra gama de productos nos ha permitido integrar nuestra experiencia en producci\u00f3n y control de calidad para establecer la compatibilidad de nuestros productos: utilizando nuestros m\u00e9todos de control y m\u00e1quinas de ensayo de desarrollo propio. El grupo ha obtenido una serie de homologaciones emitidas por organismos internacionales de certificaci\u00f3n.<\/p>\n<\/blockquote>\n<\/div><\/section><\/p><\/div>\n<style type=\"text\/css\" data-created_by=\"avia_inline_auto\" id=\"style-css-av-g1j2g-ea914b065b45f6dd4d4191b9248e02ed\">\n.flex_column.av-g1j2g-ea914b065b45f6dd4d4191b9248e02ed{\nborder-radius:0px 0px 0px 0px;\npadding:0px 0px 0px 0px;\n}\n<\/style>\n<div  class='flex_column av-g1j2g-ea914b065b45f6dd4d4191b9248e02ed av_one_half  avia-builder-el-5  el_after_av_one_half  avia-builder-el-last  flex_column_div av-zero-column-padding  column-top-margin'     ><section  class='av_textblock_section av-88sl4-f7f6cefc07dc240c72ee70efc7207924 '   itemscope=\"itemscope\" itemtype=\"https:\/\/schema.org\/CreativeWork\" ><div class='avia_textblock'  itemprop=\"text\" ><p>La seguridad, la fiabilidad y el alto nivel de rendimiento est\u00e1n reconocidos por organismos de certificaci\u00f3n como DNV-GL, Bureau Veritas, Lloyd&#8217;s Register, RINA, Korean Register y Nippon Register, que han emitido las aprobaciones y la certificaci\u00f3n de productos correspondientes tras una auditor\u00eda espec\u00edfica y pruebas realizadas con \u00e9xito.<\/p>\n<p>I.M.M. Hydraulics es miembro de UNI (Organismo Italiano de Normalizaci\u00f3n) y ASSOFLUID (Asociaci\u00f3n Italiana de Operadores y Fabricantes de Hidr\u00e1ulica y Neum\u00e1tica). Este es un consistente Valor A\u00f1adido para estar siempre actualizados e informados sobre normas, aplicaciones y soluciones.<\/p>\n<p><strong>\u00a0<\/strong><strong>\u00a0<\/strong><\/p>\n<table>\n<tbody>\n<tr>\n<td colspan=\"2\" width=\"991\"><strong>Management System<\/strong><\/td>\n<td width=\"934\"><strong>Certifying<\/strong><strong> Body<\/strong><\/td>\n<\/tr>\n<tr>\n<td width=\"453\">Quality<\/td>\n<td width=\"539\"><strong>ISO 9001:2015<\/strong><\/td>\n<td width=\"934\"><strong>DNV-GL<\/strong><\/td>\n<\/tr>\n<tr>\n<td width=\"453\">Environment<\/td>\n<td width=\"539\"><strong>ISO 14001:2015<\/strong><\/td>\n<td width=\"934\"><strong>DNV-GL<\/strong><\/td>\n<\/tr>\n<tr>\n<td width=\"453\">Health and Safety<\/td>\n<td width=\"539\"><strong>BS OHSAS 18001:2007<\/strong><\/td>\n<td width=\"934\"><strong>DNV-GL<\/strong><\/td>\n<\/tr>\n<\/tbody>\n<\/table>\n<p><strong>\u00a0<\/strong><strong>\u00a0<\/strong><\/p>\n<table>\n<tbody>\n<tr>\n<td colspan=\"2\" width=\"1926\"><strong>Type Approvals<\/strong><\/td>\n<\/tr>\n<tr>\n<td width=\"453\"><strong>DNV-GL<\/strong><\/td>\n<td width=\"1473\">Hypress 4SP, Hypress 4SH, HIPAC 2SC, KAIZEN 2SN<\/td>\n<\/tr>\n<tr>\n<td width=\"453\"><strong>ABS<\/strong><\/td>\n<td width=\"1473\">Hypress R17 MSHA, Hypress 2SC MSHA, HIPAC 2SC, KAIZEN 2SN, Hypress 1SC, MARATHON MSHA, Hypress 4SH, Hypress R13, Hypress R15<\/td>\n<\/tr>\n<tr>\n<td width=\"453\"><strong>LLOYD\u2019s Register<\/strong><\/td>\n<td width=\"1473\">Hypress 2SC, HIPAC 2SC, Hypress 2SN, KAZIEN 2SN<\/td>\n<\/tr>\n<tr>\n<td width=\"453\"><strong>RINA <\/strong><\/td>\n<td width=\"1473\">HIPAC 2SC, KAIZEN 2SN<\/td>\n<\/tr>\n<tr>\n<td width=\"453\"><strong>Bureau Veritas<\/strong><\/td>\n<td width=\"1473\">HIPAC 1SC e 2SC, LONGLIFE 1SC e 2SC, Hypress 4SP, Hypress 4SH, Hypress R15<\/td>\n<\/tr>\n<\/tbody>\n<\/table>\n<p><strong>\u00a0<\/strong><strong>\u00a0<\/strong><\/p>\n<table>\n<tbody>\n<tr>\n<td colspan=\"2\" width=\"1926\"><strong>Special Certification<\/strong><\/td>\n<\/tr>\n<tr>\n<td width=\"453\"><strong>MSHA<\/strong><\/td>\n<td width=\"1473\">Mescole di Copertura<\/td>\n<\/tr>\n<tr>\n<td width=\"453\"><strong>LAPI \u2013 EN 45545-2<\/strong><\/td>\n<td width=\"1473\">HyRail<\/td>\n<\/tr>\n<\/tbody>\n<\/table>\n<p><strong>\u00a0<\/strong><strong>\u00a0<\/strong><\/p>\n<table>\n<tbody>\n<tr>\n<td colspan=\"2\" width=\"1926\"><strong>Marine Equipment Directive <\/strong><\/td>\n<\/tr>\n<tr>\n<td width=\"453\"><strong>DNV-GL<\/strong><\/td>\n<td width=\"1473\">MED-D (HIPAC 2SC, KAIZEN 2SN, Hypress 4SP, Hypress 4SH)<\/td>\n<\/tr>\n<\/tbody>\n<\/table>\n<p><strong>\u00a0<\/strong><strong>\u00a0<\/strong><\/p>\n<p><strong>Regulatory <\/strong><strong>Compliance<\/strong><strong><br \/>\n<\/strong>\u2013 RoHS<br \/>\n\u2013 REACH<\/p>\n<p><strong>Collaborations\/Associations<br \/>\n<\/strong>\u2013 ASSOFLUID<br \/>\n\u2013 UNI<\/p>\n<\/div><\/section><\/div><\/p>\n","protected":false},"excerpt":{"rendered":"","protected":false},"author":3,"featured_media":0,"parent":56,"menu_order":6,"comment_status":"closed","ping_status":"closed","template":"","meta":{"footnotes":""},"class_list":["post-224","page","type-page","status-publish","hentry"],"yoast_head":"<!-- This site is optimized with the Yoast SEO plugin v26.2 - https:\/\/yoast.com\/wordpress\/plugins\/seo\/ -->\n<title>Certificaciones - Interpump Spain<\/title>\n<meta name=\"robots\" content=\"noindex, follow, max-snippet:-1, max-image-preview:large, max-video-preview:-1\" \/>\n<meta property=\"og:locale\" content=\"en_GB\" \/>\n<meta property=\"og:type\" content=\"article\" \/>\n<meta property=\"og:title\" content=\"Certificaciones - Interpump Spain\" \/>\n<meta property=\"og:url\" content=\"https:\/\/www.interpumpfluidsolutions.com\/es\/about\/certificaciones\/\" \/>\n<meta property=\"og:site_name\" content=\"Interpump Spain\" \/>\n<meta property=\"article:modified_time\" content=\"2024-12-19T07:18:56+00:00\" \/>\n<meta name=\"twitter:card\" content=\"summary_large_image\" \/>\n<meta name=\"twitter:label1\" content=\"Estimated reading time\" \/>\n\t<meta name=\"twitter:data1\" content=\"2 minutes\" \/>\n<script type=\"application\/ld+json\" class=\"yoast-schema-graph\">{\"@context\":\"https:\/\/schema.org\",\"@graph\":[{\"@type\":\"WebPage\",\"@id\":\"https:\/\/www.interpumpfluidsolutions.com\/es\/about\/certificaciones\/\",\"url\":\"https:\/\/www.interpumpfluidsolutions.com\/es\/about\/certificaciones\/\",\"name\":\"Certificaciones - Interpump Spain\",\"isPartOf\":{\"@id\":\"https:\/\/www.interpumpfluidsolutions.com\/es\/#website\"},\"datePublished\":\"2017-11-20T13:30:28+00:00\",\"dateModified\":\"2024-12-19T07:18:56+00:00\",\"breadcrumb\":{\"@id\":\"https:\/\/www.interpumpfluidsolutions.com\/es\/about\/certificaciones\/#breadcrumb\"},\"inLanguage\":\"en-GB\",\"potentialAction\":[{\"@type\":\"ReadAction\",\"target\":[\"https:\/\/www.interpumpfluidsolutions.com\/es\/about\/certificaciones\/\"]}]},{\"@type\":\"BreadcrumbList\",\"@id\":\"https:\/\/www.interpumpfluidsolutions.com\/es\/about\/certificaciones\/#breadcrumb\",\"itemListElement\":[{\"@type\":\"ListItem\",\"position\":1,\"name\":\"Home\",\"item\":\"https:\/\/www.interpumpfluidsolutions.com\/es\/inicio\/\"},{\"@type\":\"ListItem\",\"position\":2,\"name\":\"About\",\"item\":\"https:\/\/www.interpumpfluidsolutions.com\/es\/about\/\"},{\"@type\":\"ListItem\",\"position\":3,\"name\":\"Certificaciones\"}]},{\"@type\":\"WebSite\",\"@id\":\"https:\/\/www.interpumpfluidsolutions.com\/es\/#website\",\"url\":\"https:\/\/www.interpumpfluidsolutions.com\/es\/\",\"name\":\"Interpump Spain\",\"description\":\"Fluid Solutions\",\"potentialAction\":[{\"@type\":\"SearchAction\",\"target\":{\"@type\":\"EntryPoint\",\"urlTemplate\":\"https:\/\/www.interpumpfluidsolutions.com\/es\/?s={search_term_string}\"},\"query-input\":{\"@type\":\"PropertyValueSpecification\",\"valueRequired\":true,\"valueName\":\"search_term_string\"}}],\"inLanguage\":\"en-GB\"}]}<\/script>\n<!-- \/ Yoast SEO plugin. -->","yoast_head_json":{"title":"Certificaciones - Interpump Spain","robots":{"index":"noindex","follow":"follow","max-snippet":"max-snippet:-1","max-image-preview":"max-image-preview:large","max-video-preview":"max-video-preview:-1"},"og_locale":"en_GB","og_type":"article","og_title":"Certificaciones - Interpump Spain","og_url":"https:\/\/www.interpumpfluidsolutions.com\/es\/about\/certificaciones\/","og_site_name":"Interpump Spain","article_modified_time":"2024-12-19T07:18:56+00:00","twitter_card":"summary_large_image","twitter_misc":{"Estimated reading time":"2 minutes"},"schema":{"@context":"https:\/\/schema.org","@graph":[{"@type":"WebPage","@id":"https:\/\/www.interpumpfluidsolutions.com\/es\/about\/certificaciones\/","url":"https:\/\/www.interpumpfluidsolutions.com\/es\/about\/certificaciones\/","name":"Certificaciones - Interpump Spain","isPartOf":{"@id":"https:\/\/www.interpumpfluidsolutions.com\/es\/#website"},"datePublished":"2017-11-20T13:30:28+00:00","dateModified":"2024-12-19T07:18:56+00:00","breadcrumb":{"@id":"https:\/\/www.interpumpfluidsolutions.com\/es\/about\/certificaciones\/#breadcrumb"},"inLanguage":"en-GB","potentialAction":[{"@type":"ReadAction","target":["https:\/\/www.interpumpfluidsolutions.com\/es\/about\/certificaciones\/"]}]},{"@type":"BreadcrumbList","@id":"https:\/\/www.interpumpfluidsolutions.com\/es\/about\/certificaciones\/#breadcrumb","itemListElement":[{"@type":"ListItem","position":1,"name":"Home","item":"https:\/\/www.interpumpfluidsolutions.com\/es\/inicio\/"},{"@type":"ListItem","position":2,"name":"About","item":"https:\/\/www.interpumpfluidsolutions.com\/es\/about\/"},{"@type":"ListItem","position":3,"name":"Certificaciones"}]},{"@type":"WebSite","@id":"https:\/\/www.interpumpfluidsolutions.com\/es\/#website","url":"https:\/\/www.interpumpfluidsolutions.com\/es\/","name":"Interpump Spain","description":"Fluid Solutions","potentialAction":[{"@type":"SearchAction","target":{"@type":"EntryPoint","urlTemplate":"https:\/\/www.interpumpfluidsolutions.com\/es\/?s={search_term_string}"},"query-input":{"@type":"PropertyValueSpecification","valueRequired":true,"valueName":"search_term_string"}}],"inLanguage":"en-GB"}]}},"_links":{"self":[{"href":"https:\/\/www.interpumpfluidsolutions.com\/es\/wp-json\/wp\/v2\/pages\/224","targetHints":{"allow":["GET"]}}],"collection":[{"href":"https:\/\/www.interpumpfluidsolutions.com\/es\/wp-json\/wp\/v2\/pages"}],"about":[{"href":"https:\/\/www.interpumpfluidsolutions.com\/es\/wp-json\/wp\/v2\/types\/page"}],"author":[{"embeddable":true,"href":"https:\/\/www.interpumpfluidsolutions.com\/es\/wp-json\/wp\/v2\/users\/3"}],"replies":[{"embeddable":true,"href":"https:\/\/www.interpumpfluidsolutions.com\/es\/wp-json\/wp\/v2\/comments?post=224"}],"version-history":[{"count":11,"href":"https:\/\/www.interpumpfluidsolutions.com\/es\/wp-json\/wp\/v2\/pages\/224\/revisions"}],"predecessor-version":[{"id":3347,"href":"https:\/\/www.interpumpfluidsolutions.com\/es\/wp-json\/wp\/v2\/pages\/224\/revisions\/3347"}],"up":[{"embeddable":true,"href":"https:\/\/www.interpumpfluidsolutions.com\/es\/wp-json\/wp\/v2\/pages\/56"}],"wp:attachment":[{"href":"https:\/\/www.interpumpfluidsolutions.com\/es\/wp-json\/wp\/v2\/media?parent=224"}],"curies":[{"name":"wp","href":"https:\/\/api.w.org\/{rel}","templated":true}]}}