{"id":233,"date":"2017-11-20T13:32:55","date_gmt":"2017-11-20T13:32:55","guid":{"rendered":"https:\/\/www.interpumpfluidsolutions.com\/es\/?page_id=233"},"modified":"2018-03-16T11:41:29","modified_gmt":"2018-03-16T11:41:29","slug":"crimping-machines","status":"publish","type":"page","link":"https:\/\/www.interpumpfluidsolutions.com\/es\/productos\/maquinas\/crimping-machines\/","title":{"rendered":"Crimping machines"},"content":{"rendered":"\n<style type=\"text\/css\" data-created_by=\"avia_inline_auto\" id=\"style-css-av-av_heading-5aa42890bc725e42c2f60e45a071dc59\">\n#top .av-special-heading.av-av_heading-5aa42890bc725e42c2f60e45a071dc59{\npadding-bottom:20px;\n}\nbody .av-special-heading.av-av_heading-5aa42890bc725e42c2f60e45a071dc59 .av-special-heading-tag .heading-char{\nfont-size:25px;\n}\n.av-special-heading.av-av_heading-5aa42890bc725e42c2f60e45a071dc59 .av-subheading{\nfont-size:15px;\n}\n<\/style>\n<div  class='av-special-heading av-av_heading-5aa42890bc725e42c2f60e45a071dc59 av-special-heading-h1 meta-heading  avia-builder-el-0  el_before_av_one_half  avia-builder-el-first '><h1 class='av-special-heading-tag'  itemprop=\"headline\"  >Crimping machines<\/h1><div class=\"special-heading-border\"><div class=\"special-heading-inner-border\"><\/div><\/div><\/div>\n\n<style type=\"text\/css\" data-created_by=\"avia_inline_auto\" id=\"style-css-av-av_one_half-15d750bd1b332b34c6e70b077ebbccdf\">\n.flex_column.av-av_one_half-15d750bd1b332b34c6e70b077ebbccdf{\nborder-radius:0px 0px 0px 0px;\npadding:0px 0px 0px 0px;\n}\n<\/style>\n<div  class='flex_column av-av_one_half-15d750bd1b332b34c6e70b077ebbccdf av_one_half  avia-builder-el-1  el_after_av_heading  el_before_av_one_half  first flex_column_div av-zero-column-padding  '     ><section  class='av_textblock_section av-av_textblock-2de302bf1aa3cf4c9157dbe6f50ac7eb '   itemscope=\"itemscope\" itemtype=\"https:\/\/schema.org\/CreativeWork\" ><div class='avia_textblock'  itemprop=\"text\" ><p class=\"p1\">Please select your product below<\/p>\n<\/div><\/section><\/div>\n<style type=\"text\/css\" data-created_by=\"avia_inline_auto\" id=\"style-css-av-av_one_half-c8fc129dc35fd1ae2a1e410224d39ea8\">\n.flex_column.av-av_one_half-c8fc129dc35fd1ae2a1e410224d39ea8{\nborder-radius:0px 0px 0px 0px;\npadding:0px 0px 0px 0px;\n}\n<\/style>\n<div  class='flex_column av-av_one_half-c8fc129dc35fd1ae2a1e410224d39ea8 av_one_half  avia-builder-el-3  el_after_av_one_half  el_before_av_one_full  flex_column_div av-zero-column-padding  '     ><\/div><\/p>\n\n<style type=\"text\/css\" data-created_by=\"avia_inline_auto\" id=\"style-css-av-av_one_full-15d750bd1b332b34c6e70b077ebbccdf\">\n.flex_column.av-av_one_full-15d750bd1b332b34c6e70b077ebbccdf{\nborder-radius:0px 0px 0px 0px;\npadding:0px 0px 0px 0px;\n}\n<\/style>\n<div  class='flex_column av-av_one_full-15d750bd1b332b34c6e70b077ebbccdf av_one_full  avia-builder-el-4  el_after_av_one_half  el_before_av_section  avia-builder-el-last  first flex_column_div av-zero-column-padding  column-top-margin'     ><\/div>\n<\/div><\/div><\/div><!-- close content main div --><\/div><\/div><div id='home-blog'  class='avia-section av-av_section-5a25e3a00cb287387eaea4ab1355db96 main_color avia-section-default avia-no-shadow  avia-builder-el-6  el_after_av_one_full  avia-builder-el-last  avia-bg-style-scroll container_wrap fullsize'  ><div class='container av-section-cont-open' ><div class='template-page content  av-content-full alpha units'><div class='post-entry post-entry-type-page post-entry-233'><div class='entry-content-wrapper clearfix'>\n\n<style type=\"text\/css\" data-created_by=\"avia_inline_auto\" id=\"style-css-av-av_one_full-577210023eb6854b735f77c391087942\">\n.flex_column.av-av_one_full-577210023eb6854b735f77c391087942{\nborder-radius:0px 0px 0px 0px;\npadding:0px 0px 0px 0px;\n}\n<\/style>\n<div  class='flex_column av-av_one_full-577210023eb6854b735f77c391087942 av_one_full  avia-builder-el-7  avia-builder-el-no-sibling  first flex_column_div av-animated-generic top-to-bottom av-zero-column-padding  '     ><section  class='av_textblock_section av-av_textblock-64a4f44ddccde04bd278613f33d4e387 '   itemscope=\"itemscope\" itemtype=\"https:\/\/schema.org\/CreativeWork\" ><div class='avia_textblock'  itemprop=\"text\" ><h1>Latest News<\/h1>\n<\/div><\/section><br \/>\n<div  data-slideshow-options=\"{&quot;animation&quot;:&quot;fade&quot;,&quot;autoplay&quot;:false,&quot;loop_autoplay&quot;:&quot;once&quot;,&quot;interval&quot;:5,&quot;loop_manual&quot;:&quot;manual-endless&quot;,&quot;autoplay_stopper&quot;:false,&quot;noNavigation&quot;:false,&quot;show_slide_delay&quot;:90}\" class='avia-content-slider avia-content-grid-active avia-content-slider1 avia-content-slider-odd  avia-builder-el-9  el_after_av_textblock  avia-builder-el-last  av-slideshow-ui av-control-default   av-no-slider-navigation av-slideshow-manual av-loop-once av-loop-manual-endless '  itemscope=\"itemscope\" itemtype=\"https:\/\/schema.org\/Blog\" ><div class=\"avia-content-slider-inner\"><div class=\"slide-entry-wrap\"><article class='slide-entry flex_column  post-entry post-entry-3407 slide-entry-overview slide-loop-1 slide-parity-odd  av_one_third first real-thumbnail posttype-portfolio post-format-standard'  itemscope=\"itemscope\" itemtype=\"https:\/\/schema.org\/CreativeWork\" ><a href='https:\/\/www.interpumpfluidsolutions.com\/es\/portfolio-item\/mangueras-isobaricas\/' data-rel='slide-1' class='slide-image' title='Mangueras Isob\u00e1ricas'><img decoding=\"async\" fetchpriority=\"high\" width=\"495\" height=\"400\" src=\"https:\/\/www.interpumpfluidsolutions.com\/es\/wp-content\/uploads\/sites\/12\/2025\/03\/hysopress-scaled-495x400.jpg\" class=\"wp-image-3408 avia-img-lazy-loading-not-3408 attachment-portfolio size-portfolio wp-post-image\" alt=\"\" srcset=\"https:\/\/www.interpumpfluidsolutions.com\/es\/wp-content\/uploads\/sites\/12\/2025\/03\/hysopress-scaled-495x400.jpg 495w, https:\/\/www.interpumpfluidsolutions.com\/es\/wp-content\/uploads\/sites\/12\/2025\/03\/hysopress-scaled-845x684.jpg 845w\" sizes=\"(max-width: 495px) 100vw, 495px\" \/><\/a><div class=\"slide-content\"><header class=\"entry-content-header\"><h3 class='slide-entry-title entry-title '  itemprop=\"headline\" ><a href='https:\/\/www.interpumpfluidsolutions.com\/es\/portfolio-item\/mangueras-isobaricas\/' title='Mangueras Isob\u00e1ricas'>Mangueras Isob\u00e1ricas<\/a><\/h3><span class=\"blog-categories minor-meta\"><a href=\"https:\/\/www.interpumpfluidsolutions.com\/es\/portfolio_entries\/hose\/\" rel=\"tag\">Hose<\/a> <\/span><span class=\"av-vertical-delimiter\"><\/span><\/header><div class='slide-entry-excerpt entry-content'  itemprop=\"text\" >\r\n\r\n\r\n\r\n\r\n\r\n\r\n\r\n<\/div><\/div><footer class=\"entry-footer\"><div class=\"slide-meta\"><time class='slide-meta-time updated'  itemprop=\"datePublished\" datetime=\"2025-03-27T11:36:21+00:00\" >27th March 2025<\/time><\/div><\/footer><span class='hidden'>\n\t\t\t\t<span class='av-structured-data'  itemprop=\"image\" itemscope=\"itemscope\" itemtype=\"https:\/\/schema.org\/ImageObject\" >\n\t\t\t\t\t\t<span itemprop='url'>https:\/\/www.interpumpfluidsolutions.com\/es\/wp-content\/uploads\/sites\/12\/2025\/03\/hysopress-scaled.jpg<\/span>\n\t\t\t\t\t\t<span itemprop='height'>2560<\/span>\n\t\t\t\t\t\t<span itemprop='width'>2560<\/span>\n\t\t\t\t<\/span>\n\t\t\t\t<span class='av-structured-data'  itemprop=\"publisher\" itemtype=\"https:\/\/schema.org\/Organization\" itemscope=\"itemscope\" >\n\t\t\t\t\t\t<span itemprop='name'>dianaficco<\/span>\n\t\t\t\t\t\t<span itemprop='logo' itemscope itemtype='https:\/\/schema.org\/ImageObject'>\n\t\t\t\t\t\t\t<span itemprop='url'>https:\/\/www.interpumpfluidsolutions.com\/es\/wp-content\/uploads\/sites\/12\/2018\/11\/IFS_Powered-by-300x104.jpg<\/span>\n\t\t\t\t\t\t<\/span>\n\t\t\t\t<\/span><span class='av-structured-data'  itemprop=\"author\" itemscope=\"itemscope\" itemtype=\"https:\/\/schema.org\/Person\" ><span itemprop='name'>dianaficco<\/span><\/span><span class='av-structured-data'  itemprop=\"datePublished\" datetime=\"2017-11-20T13:32:55+00:00\" >2025-03-27 11:36:21<\/span><span class='av-structured-data'  itemprop=\"dateModified\" itemtype=\"https:\/\/schema.org\/dateModified\" >2025-03-27 11:37:59<\/span><span class='av-structured-data'  itemprop=\"mainEntityOfPage\" itemtype=\"https:\/\/schema.org\/mainEntityOfPage\" ><span itemprop='name'>Mangueras Isob\u00e1ricas<\/span><\/span><\/span><\/article><article class='slide-entry flex_column  post-entry post-entry-3250 slide-entry-overview slide-loop-2 slide-parity-even  av_one_third  fake-thumbnail posttype-nav_menu_item post-format-standard'  itemscope=\"itemscope\" itemtype=\"https:\/\/schema.org\/CreativeWork\" ><a href='https:\/\/www.interpumpfluidsolutions.com\/es\/reino-unido-ingles\/' data-rel='slide-1' class='slide-image' title='Reino Unido (ingl\u00e9s)'><span class='fallback-post-type-icon' aria-hidden='true' data-av_icon='\ue836' data-av_iconfont='entypo-fontello'><\/span><span class='slider-fallback-image'><img decoding=\"async\" fetchpriority=\"high\" width=\"495\" height=\"400\" src=\"https:\/\/www.interpumpfluidsolutions.com\/es\/wp-content\/uploads\/sites\/12\/2025\/03\/hysopress-scaled-495x400.jpg\" class=\"wp-image-3408 avia-img-lazy-loading-not-3408 attachment-portfolio size-portfolio wp-post-image\" alt=\"\" srcset=\"https:\/\/www.interpumpfluidsolutions.com\/es\/wp-content\/uploads\/sites\/12\/2025\/03\/hysopress-scaled-495x400.jpg 495w, https:\/\/www.interpumpfluidsolutions.com\/es\/wp-content\/uploads\/sites\/12\/2025\/03\/hysopress-scaled-845x684.jpg 845w\" sizes=\"(max-width: 495px) 100vw, 495px\" \/><\/span><\/a><div class=\"slide-content\"><header class=\"entry-content-header\"><h3 class='slide-entry-title entry-title '  itemprop=\"headline\" ><a href='https:\/\/www.interpumpfluidsolutions.com\/es\/reino-unido-ingles\/' title='Reino Unido (ingl\u00e9s)'>Reino Unido (ingl\u00e9s)<\/a><\/h3><span class=\"av-vertical-delimiter\"><\/span><\/header><\/div><footer class=\"entry-footer\"><div class=\"slide-meta\"><time class='slide-meta-time updated'  itemprop=\"datePublished\" datetime=\"2025-03-27T11:36:21+00:00\" >27th March 2025<\/time><\/div><\/footer><span class='hidden'>\n\t\t\t\t<span class='av-structured-data'  itemprop=\"image\" itemscope=\"itemscope\" itemtype=\"https:\/\/schema.org\/ImageObject\" >\n\t\t\t\t\t\t<span itemprop='url'>https:\/\/www.interpumpfluidsolutions.com\/es\/wp-content\/uploads\/sites\/12\/2018\/11\/IFS_Powered-by-300x104.jpg<\/span>\n\t\t\t\t\t\t<span itemprop='height'>0<\/span>\n\t\t\t\t\t\t<span itemprop='width'>0<\/span>\n\t\t\t\t<\/span>\n\t\t\t\t<span class='av-structured-data'  itemprop=\"publisher\" itemtype=\"https:\/\/schema.org\/Organization\" itemscope=\"itemscope\" >\n\t\t\t\t\t\t<span itemprop='name'>rosellapresenza<\/span>\n\t\t\t\t\t\t<span itemprop='logo' itemscope itemtype='https:\/\/schema.org\/ImageObject'>\n\t\t\t\t\t\t\t<span itemprop='url'>https:\/\/www.interpumpfluidsolutions.com\/es\/wp-content\/uploads\/sites\/12\/2018\/11\/IFS_Powered-by-300x104.jpg<\/span>\n\t\t\t\t\t\t<\/span>\n\t\t\t\t<\/span><span class='av-structured-data'  itemprop=\"author\" itemscope=\"itemscope\" itemtype=\"https:\/\/schema.org\/Person\" ><span itemprop='name'>rosellapresenza<\/span><\/span><span class='av-structured-data'  itemprop=\"datePublished\" datetime=\"2017-11-20T13:32:55+00:00\" >2025-01-08 12:03:43<\/span><span class='av-structured-data'  itemprop=\"dateModified\" itemtype=\"https:\/\/schema.org\/dateModified\" >2025-01-08 12:03:43<\/span><span class='av-structured-data'  itemprop=\"mainEntityOfPage\" itemtype=\"https:\/\/schema.org\/mainEntityOfPage\" ><span itemprop='name'>Reino Unido (ingl\u00e9s)<\/span><\/span><\/span><\/article><article class='slide-entry flex_column  post-entry post-entry-3248 slide-entry-overview slide-loop-3 slide-parity-odd  post-entry-last  av_one_third  fake-thumbnail posttype-nav_menu_item post-format-standard'  itemscope=\"itemscope\" itemtype=\"https:\/\/schema.org\/CreativeWork\" ><a href='https:\/\/www.interpumpfluidsolutions.com\/es\/spain-spanish\/' data-rel='slide-1' class='slide-image' title='Espa\u00f1a (espa\u00f1ol)'><span class='fallback-post-type-icon' aria-hidden='true' data-av_icon='\ue836' data-av_iconfont='entypo-fontello'><\/span><span class='slider-fallback-image'><img decoding=\"async\" fetchpriority=\"high\" width=\"495\" height=\"400\" src=\"https:\/\/www.interpumpfluidsolutions.com\/es\/wp-content\/uploads\/sites\/12\/2025\/03\/hysopress-scaled-495x400.jpg\" class=\"wp-image-3408 avia-img-lazy-loading-not-3408 attachment-portfolio size-portfolio wp-post-image\" alt=\"\" srcset=\"https:\/\/www.interpumpfluidsolutions.com\/es\/wp-content\/uploads\/sites\/12\/2025\/03\/hysopress-scaled-495x400.jpg 495w, https:\/\/www.interpumpfluidsolutions.com\/es\/wp-content\/uploads\/sites\/12\/2025\/03\/hysopress-scaled-845x684.jpg 845w\" sizes=\"(max-width: 495px) 100vw, 495px\" \/><\/span><\/a><div class=\"slide-content\"><header class=\"entry-content-header\"><h3 class='slide-entry-title entry-title '  itemprop=\"headline\" ><a href='https:\/\/www.interpumpfluidsolutions.com\/es\/spain-spanish\/' title='Espa\u00f1a (espa\u00f1ol)'>Espa\u00f1a (espa\u00f1ol)<\/a><\/h3><span class=\"av-vertical-delimiter\"><\/span><\/header><\/div><footer class=\"entry-footer\"><div class=\"slide-meta\"><time class='slide-meta-time updated'  itemprop=\"datePublished\" datetime=\"2025-03-27T11:36:21+00:00\" >27th March 2025<\/time><\/div><\/footer><span class='hidden'>\n\t\t\t\t<span class='av-structured-data'  itemprop=\"image\" itemscope=\"itemscope\" itemtype=\"https:\/\/schema.org\/ImageObject\" >\n\t\t\t\t\t\t<span itemprop='url'>https:\/\/www.interpumpfluidsolutions.com\/es\/wp-content\/uploads\/sites\/12\/2018\/11\/IFS_Powered-by-300x104.jpg<\/span>\n\t\t\t\t\t\t<span itemprop='height'>0<\/span>\n\t\t\t\t\t\t<span itemprop='width'>0<\/span>\n\t\t\t\t<\/span>\n\t\t\t\t<span class='av-structured-data'  itemprop=\"publisher\" itemtype=\"https:\/\/schema.org\/Organization\" itemscope=\"itemscope\" >\n\t\t\t\t\t\t<span itemprop='name'>rosellapresenza<\/span>\n\t\t\t\t\t\t<span itemprop='logo' itemscope itemtype='https:\/\/schema.org\/ImageObject'>\n\t\t\t\t\t\t\t<span itemprop='url'>https:\/\/www.interpumpfluidsolutions.com\/es\/wp-content\/uploads\/sites\/12\/2018\/11\/IFS_Powered-by-300x104.jpg<\/span>\n\t\t\t\t\t\t<\/span>\n\t\t\t\t<\/span><span class='av-structured-data'  itemprop=\"author\" itemscope=\"itemscope\" itemtype=\"https:\/\/schema.org\/Person\" ><span itemprop='name'>rosellapresenza<\/span><\/span><span class='av-structured-data'  itemprop=\"datePublished\" datetime=\"2017-11-20T13:32:55+00:00\" >2025-01-08 12:03:43<\/span><span class='av-structured-data'  itemprop=\"dateModified\" itemtype=\"https:\/\/schema.org\/dateModified\" >2025-01-08 12:03:43<\/span><span class='av-structured-data'  itemprop=\"mainEntityOfPage\" itemtype=\"https:\/\/schema.org\/mainEntityOfPage\" ><span itemprop='name'>Espa\u00f1a (espa\u00f1ol)<\/span><\/span><\/span><\/article><\/div><\/div><\/div><\/p><\/div>\n","protected":false},"excerpt":{"rendered":"","protected":false},"author":3,"featured_media":0,"parent":1188,"menu_order":1,"comment_status":"closed","ping_status":"closed","template":"","meta":{"footnotes":""},"class_list":["post-233","page","type-page","status-publish","hentry"],"yoast_head":"<!-- This site is optimized with the Yoast SEO plugin v26.2 - https:\/\/yoast.com\/wordpress\/plugins\/seo\/ -->\n<title>Crimping machines - Interpump Spain<\/title>\n<meta name=\"robots\" content=\"noindex, follow, max-snippet:-1, max-image-preview:large, max-video-preview:-1\" \/>\n<meta property=\"og:locale\" content=\"en_GB\" \/>\n<meta property=\"og:type\" content=\"article\" \/>\n<meta property=\"og:title\" content=\"Crimping machines - Interpump Spain\" \/>\n<meta property=\"og:url\" content=\"https:\/\/www.interpumpfluidsolutions.com\/es\/productos\/maquinas\/crimping-machines\/\" \/>\n<meta property=\"og:site_name\" content=\"Interpump Spain\" \/>\n<meta property=\"article:modified_time\" content=\"2018-03-16T11:41:29+00:00\" \/>\n<meta name=\"twitter:card\" content=\"summary_large_image\" \/>\n<meta name=\"twitter:label1\" content=\"Estimated reading time\" \/>\n\t<meta name=\"twitter:data1\" content=\"2 minutes\" \/>\n<script type=\"application\/ld+json\" class=\"yoast-schema-graph\">{\"@context\":\"https:\/\/schema.org\",\"@graph\":[{\"@type\":\"WebPage\",\"@id\":\"https:\/\/www.interpumpfluidsolutions.com\/es\/productos\/maquinas\/crimping-machines\/\",\"url\":\"https:\/\/www.interpumpfluidsolutions.com\/es\/productos\/maquinas\/crimping-machines\/\",\"name\":\"Crimping machines - Interpump Spain\",\"isPartOf\":{\"@id\":\"https:\/\/www.interpumpfluidsolutions.com\/es\/#website\"},\"datePublished\":\"2017-11-20T13:32:55+00:00\",\"dateModified\":\"2018-03-16T11:41:29+00:00\",\"breadcrumb\":{\"@id\":\"https:\/\/www.interpumpfluidsolutions.com\/es\/productos\/maquinas\/crimping-machines\/#breadcrumb\"},\"inLanguage\":\"en-GB\",\"potentialAction\":[{\"@type\":\"ReadAction\",\"target\":[\"https:\/\/www.interpumpfluidsolutions.com\/es\/productos\/maquinas\/crimping-machines\/\"]}]},{\"@type\":\"BreadcrumbList\",\"@id\":\"https:\/\/www.interpumpfluidsolutions.com\/es\/productos\/maquinas\/crimping-machines\/#breadcrumb\",\"itemListElement\":[{\"@type\":\"ListItem\",\"position\":1,\"name\":\"Home\",\"item\":\"https:\/\/www.interpumpfluidsolutions.com\/es\/inicio\/\"},{\"@type\":\"ListItem\",\"position\":2,\"name\":\"Productos\",\"item\":\"https:\/\/www.interpumpfluidsolutions.com\/es\/productos\/\"},{\"@type\":\"ListItem\",\"position\":3,\"name\":\"M\u00e1quinas\",\"item\":\"https:\/\/www.interpumpfluidsolutions.com\/es\/productos\/maquinas\/\"},{\"@type\":\"ListItem\",\"position\":4,\"name\":\"Crimping machines\"}]},{\"@type\":\"WebSite\",\"@id\":\"https:\/\/www.interpumpfluidsolutions.com\/es\/#website\",\"url\":\"https:\/\/www.interpumpfluidsolutions.com\/es\/\",\"name\":\"Interpump Spain\",\"description\":\"Fluid Solutions\",\"potentialAction\":[{\"@type\":\"SearchAction\",\"target\":{\"@type\":\"EntryPoint\",\"urlTemplate\":\"https:\/\/www.interpumpfluidsolutions.com\/es\/?s={search_term_string}\"},\"query-input\":{\"@type\":\"PropertyValueSpecification\",\"valueRequired\":true,\"valueName\":\"search_term_string\"}}],\"inLanguage\":\"en-GB\"}]}<\/script>\n<!-- \/ Yoast SEO plugin. -->","yoast_head_json":{"title":"Crimping machines - Interpump Spain","robots":{"index":"noindex","follow":"follow","max-snippet":"max-snippet:-1","max-image-preview":"max-image-preview:large","max-video-preview":"max-video-preview:-1"},"og_locale":"en_GB","og_type":"article","og_title":"Crimping machines - Interpump Spain","og_url":"https:\/\/www.interpumpfluidsolutions.com\/es\/productos\/maquinas\/crimping-machines\/","og_site_name":"Interpump Spain","article_modified_time":"2018-03-16T11:41:29+00:00","twitter_card":"summary_large_image","twitter_misc":{"Estimated reading time":"2 minutes"},"schema":{"@context":"https:\/\/schema.org","@graph":[{"@type":"WebPage","@id":"https:\/\/www.interpumpfluidsolutions.com\/es\/productos\/maquinas\/crimping-machines\/","url":"https:\/\/www.interpumpfluidsolutions.com\/es\/productos\/maquinas\/crimping-machines\/","name":"Crimping machines - Interpump Spain","isPartOf":{"@id":"https:\/\/www.interpumpfluidsolutions.com\/es\/#website"},"datePublished":"2017-11-20T13:32:55+00:00","dateModified":"2018-03-16T11:41:29+00:00","breadcrumb":{"@id":"https:\/\/www.interpumpfluidsolutions.com\/es\/productos\/maquinas\/crimping-machines\/#breadcrumb"},"inLanguage":"en-GB","potentialAction":[{"@type":"ReadAction","target":["https:\/\/www.interpumpfluidsolutions.com\/es\/productos\/maquinas\/crimping-machines\/"]}]},{"@type":"BreadcrumbList","@id":"https:\/\/www.interpumpfluidsolutions.com\/es\/productos\/maquinas\/crimping-machines\/#breadcrumb","itemListElement":[{"@type":"ListItem","position":1,"name":"Home","item":"https:\/\/www.interpumpfluidsolutions.com\/es\/inicio\/"},{"@type":"ListItem","position":2,"name":"Productos","item":"https:\/\/www.interpumpfluidsolutions.com\/es\/productos\/"},{"@type":"ListItem","position":3,"name":"M\u00e1quinas","item":"https:\/\/www.interpumpfluidsolutions.com\/es\/productos\/maquinas\/"},{"@type":"ListItem","position":4,"name":"Crimping machines"}]},{"@type":"WebSite","@id":"https:\/\/www.interpumpfluidsolutions.com\/es\/#website","url":"https:\/\/www.interpumpfluidsolutions.com\/es\/","name":"Interpump Spain","description":"Fluid Solutions","potentialAction":[{"@type":"SearchAction","target":{"@type":"EntryPoint","urlTemplate":"https:\/\/www.interpumpfluidsolutions.com\/es\/?s={search_term_string}"},"query-input":{"@type":"PropertyValueSpecification","valueRequired":true,"valueName":"search_term_string"}}],"inLanguage":"en-GB"}]}},"_links":{"self":[{"href":"https:\/\/www.interpumpfluidsolutions.com\/es\/wp-json\/wp\/v2\/pages\/233","targetHints":{"allow":["GET"]}}],"collection":[{"href":"https:\/\/www.interpumpfluidsolutions.com\/es\/wp-json\/wp\/v2\/pages"}],"about":[{"href":"https:\/\/www.interpumpfluidsolutions.com\/es\/wp-json\/wp\/v2\/types\/page"}],"author":[{"embeddable":true,"href":"https:\/\/www.interpumpfluidsolutions.com\/es\/wp-json\/wp\/v2\/users\/3"}],"replies":[{"embeddable":true,"href":"https:\/\/www.interpumpfluidsolutions.com\/es\/wp-json\/wp\/v2\/comments?post=233"}],"version-history":[{"count":18,"href":"https:\/\/www.interpumpfluidsolutions.com\/es\/wp-json\/wp\/v2\/pages\/233\/revisions"}],"predecessor-version":[{"id":1772,"href":"https:\/\/www.interpumpfluidsolutions.com\/es\/wp-json\/wp\/v2\/pages\/233\/revisions\/1772"}],"up":[{"embeddable":true,"href":"https:\/\/www.interpumpfluidsolutions.com\/es\/wp-json\/wp\/v2\/pages\/1188"}],"wp:attachment":[{"href":"https:\/\/www.interpumpfluidsolutions.com\/es\/wp-json\/wp\/v2\/media?parent=233"}],"curies":[{"name":"wp","href":"https:\/\/api.w.org\/{rel}","templated":true}]}}