{"id":993,"date":"2018-01-10T11:01:41","date_gmt":"2018-01-10T11:01:41","guid":{"rendered":"https:\/\/www.interpumpfluidsolutions.com\/es\/?page_id=993"},"modified":"2024-12-10T07:42:21","modified_gmt":"2024-12-10T07:42:21","slug":"quienes-somos","status":"publish","type":"page","link":"https:\/\/www.interpumpfluidsolutions.com\/es\/about\/quienes-somos\/","title":{"rendered":"Quienes somos"},"content":{"rendered":"<div id='full_slider_1'  class='avia-fullwidth-slider main_color avia-shadow   avia-builder-el-0  el_before_av_one_full  avia-builder-el-first   container_wrap fullsize'  >\n<style type=\"text\/css\" data-created_by=\"avia_inline_auto\" id=\"style-css-av-3u7itl-8e41cb61aec4bae7924e52c1ddebf393\">\n#top #wrap_all .avia-slideshow .av-slideshow-caption.av-3u7itl-8e41cb61aec4bae7924e52c1ddebf393__0 .avia-caption-title{\nfont-size:60px;\n}\n<\/style>\n<div  class='avia-slideshow av-3u7itl-8e41cb61aec4bae7924e52c1ddebf393 avia-slideshow-featured av_slideshow_full avia-slide-slider av-slideshow-ui av-control-default av-slideshow-manual av-loop-once av-loop-manual-endless av-default-height-applied   avia-slideshow-1' data-slideshow-options=\"{&quot;animation&quot;:&quot;slide&quot;,&quot;autoplay&quot;:false,&quot;loop_autoplay&quot;:&quot;once&quot;,&quot;interval&quot;:5,&quot;loop_manual&quot;:&quot;manual-endless&quot;,&quot;autoplay_stopper&quot;:false,&quot;noNavigation&quot;:false,&quot;bg_slider&quot;:false,&quot;keep_padding&quot;:false,&quot;hoverpause&quot;:false,&quot;show_slide_delay&quot;:0}\"  itemprop=\"image\" itemscope=\"itemscope\" itemtype=\"https:\/\/schema.org\/ImageObject\" ><ul class='avia-slideshow-inner ' style='padding-bottom: 28.666666666667%;'><li  class='avia-slideshow-slide av-3u7itl-8e41cb61aec4bae7924e52c1ddebf393__0  av-single-slide slide-1 slide-odd'><div data-rel='slideshow-1' class='avia-slide-wrap '   ><div class='av-slideshow-caption av-3u7itl-8e41cb61aec4bae7924e52c1ddebf393__0 caption_fullwidth caption_left'><div class=\"container caption_container\"><div class=\"slideshow_caption\"><div class=\"slideshow_inner_caption\"><div class=\"slideshow_align_caption\"><h2 class='avia-caption-title '  itemprop=\"name\" >Quienes somos<\/h2><div class='avia-caption-content '  itemprop=\"description\" ><p>Utilizamos nuestros conocimientos tecnol\u00f3gicos y nuestra inversi\u00f3n para ofrecer soluciones de fluidos a la medida de nuestros socios<\/p>\n<\/div><\/div><\/div><\/div><\/div><\/div><img decoding=\"async\" fetchpriority=\"high\" class=\"wp-image-736 avia-img-lazy-loading-not-736\"  src=\"https:\/\/www.interpumpfluidsolutions.com\/es\/wp-content\/uploads\/sites\/12\/2017\/11\/IFSengineers-1500x430.jpg\" width=\"1500\" height=\"430\" title='IFSengineers' alt=''  itemprop=\"thumbnailUrl\"   \/><\/div><\/li><\/ul><\/div><\/div><div id='after_full_slider_1'  class='main_color av_default_container_wrap container_wrap fullsize'  ><div class='container av-section-cont-open' ><div class='template-page content  av-content-full alpha units'><div class='post-entry post-entry-type-page post-entry-993'><div class='entry-content-wrapper clearfix'>\n\n<style type=\"text\/css\" data-created_by=\"avia_inline_auto\" id=\"style-css-av-3jjndl-2c8fd48e797ebf6351a6155cc52f77a7\">\n.flex_column.av-3jjndl-2c8fd48e797ebf6351a6155cc52f77a7{\nborder-radius:0px 0px 0px 0px;\npadding:0px 0px 0px 0px;\n}\n<\/style>\n<div  class='flex_column av-3jjndl-2c8fd48e797ebf6351a6155cc52f77a7 av_one_full  avia-builder-el-1  el_after_av_slideshow_full  el_before_av_hr  avia-builder-el-first  first flex_column_div av-zero-column-padding  '     ><section  class='av_textblock_section av-cbue1-af3ad63bf17940bdcbca291ce89e67c4 '   itemscope=\"itemscope\" itemtype=\"https:\/\/schema.org\/CreativeWork\" ><div class='avia_textblock'  itemprop=\"text\" ><p>I.M.M. Hydraulics es, desde hace m\u00e1s de 30 a\u00f1os, l\u00edder en la fabricaci\u00f3n de mangueras, racores y accesorios de alta calidad. Con cinco plantas de fabricaci\u00f3n en Europa. I.M.M. forma parte del grupo Interpump.<\/p>\n<p>A trav\u00e9s de la inversi\u00f3n del Grupo Interpump en el mercado de la hidr\u00e1ulica, se adquirieron varias marcas de fabricaci\u00f3n y productos, creando una \u00fanica fuente de oferta al mercado para todas sus necesidades de transferencia de fluidos. Interpump Fluid Solutions se cre\u00f3 para englobar a todos estos fabricantes en un \u00fanico proveedor de mangueras, racores, m\u00e1quinas y accesorios hidr\u00e1ulicos certificados y compatibles.<\/p>\n<p>Fabricamos en Europa y distribuimos a trav\u00e9s de nuestra red de sucursales en Alemania, Australia, Canad\u00e1, Estados Unidos, Francia, Italia, Reino Unido, Espa\u00f1a y Sud\u00e1frica.<\/p>\n<p>Interpump Fluid Solutions incorpora actualmente 3 marcas de fabricaci\u00f3n y productos, incluidas Hypress, Hydralok y GS-Hydro.<\/p>\n<\/div><\/section><\/div>\n<div  class='hr av-2g8kh5-edbfcbe09ab960364cde2e6aa1039727 hr-default  avia-builder-el-3  el_after_av_one_full  el_before_av_section  avia-builder-el-last '><span class='hr-inner '><span class=\"hr-inner-style\"><\/span><\/span><\/div>\n<\/div><\/div><\/div><!-- close content main div --><\/div><\/div>\n<style type=\"text\/css\" data-created_by=\"avia_inline_auto\" id=\"style-css-av-1jurc9-e419beef4743aadb963a68bef496b97c\">\n.avia-section.av-1jurc9-e419beef4743aadb963a68bef496b97c .av-parallax .av-parallax-inner{\nbackground-repeat:no-repeat;\nbackground-image:url(https:\/\/www.interpumpfluidsolutions.com\/es\/wp-content\/uploads\/sites\/12\/2017\/11\/shutterstock_400486630.jpg);\nbackground-position:0% 0%;\nbackground-attachment:scroll;\n}\n<\/style>\n<div id='home-people'  class='avia-section av-1jurc9-e419beef4743aadb963a68bef496b97c main_color avia-section-large avia-no-border-styling  avia-builder-el-4  el_after_av_hr  avia-builder-el-last  av-parallax-section avia-bg-style-parallax container_wrap fullsize'  data-section-bg-repeat='no-repeat'><div class='av-parallax' data-avia-parallax-ratio='0.3' ><div class='av-parallax-inner main_color avia-full-stretch'><\/div><\/div><div class='container av-section-cont-open' ><div class='template-page content  av-content-full alpha units'><div class='post-entry post-entry-type-page post-entry-993'><div class='entry-content-wrapper clearfix'>\n\n<style type=\"text\/css\" data-created_by=\"avia_inline_auto\" id=\"style-css-av-1gykkh-2179829d37a11a90385b4a06bd54c66f\">\n.flex_column.av-1gykkh-2179829d37a11a90385b4a06bd54c66f{\nborder-radius:0px 0px 0px 0px;\npadding:0px 0px 0px 0px;\n}\n<\/style>\n<div  class='flex_column av-1gykkh-2179829d37a11a90385b4a06bd54c66f av_one_fourth  avia-builder-el-5  el_before_av_one_half  avia-builder-el-first  first flex_column_div av-zero-column-padding  '     ><\/div>\n<style type=\"text\/css\" data-created_by=\"avia_inline_auto\" id=\"style-css-av-198tc9-d6eb94589c5adc50addf41539db54e48\">\n.flex_column.av-198tc9-d6eb94589c5adc50addf41539db54e48{\nborder-radius:0px 0px 0px 0px;\npadding:0px 0px 0px 0px;\n}\n<\/style>\n<div  class='flex_column av-198tc9-d6eb94589c5adc50addf41539db54e48 av_one_half  avia-builder-el-6  el_after_av_one_fourth  el_before_av_one_fourth  flex_column_div av-zero-column-padding  '     ><style type=\"text\/css\" data-created_by=\"avia_inline_auto\" id=\"style-css-av-119yy9-b9964dad938f2a12d94646edda69085d\">\n#top .av_textblock_section.av-119yy9-b9964dad938f2a12d94646edda69085d .avia_textblock{\ncolor:#ffffff;\n}\n<\/style>\n<section  class='av_textblock_section av-119yy9-b9964dad938f2a12d94646edda69085d '   itemscope=\"itemscope\" itemtype=\"https:\/\/schema.org\/CreativeWork\" ><div class='avia_textblock av_inherit_color'  itemprop=\"text\" ><h2 style=\"text-align: center;\">Nuestro equipo<\/h2>\n<\/div><\/section><br \/>\n\n<style type=\"text\/css\" data-created_by=\"avia_inline_auto\" id=\"style-css-av-3aahd-645dda1d71015b4f0959f51316305f86\">\n#top .hr.hr-invisible.av-3aahd-645dda1d71015b4f0959f51316305f86{\nheight:20px;\n}\n<\/style>\n<div  class='hr av-3aahd-645dda1d71015b4f0959f51316305f86 hr-invisible  avia-builder-el-8  el_after_av_textblock  el_before_av_textblock '><span class='hr-inner '><span class=\"hr-inner-style\"><\/span><\/span><\/div><br \/>\n\n<style type=\"text\/css\" data-created_by=\"avia_inline_auto\" id=\"style-css-av-smdcx-6de1b980ce87967d976b17468a153536\">\n#top .av_textblock_section.av-smdcx-6de1b980ce87967d976b17468a153536 .avia_textblock{\ncolor:#ffffff;\n}\n<\/style>\n<section  class='av_textblock_section av-smdcx-6de1b980ce87967d976b17468a153536 '   itemscope=\"itemscope\" itemtype=\"https:\/\/schema.org\/CreativeWork\" ><div class='avia_textblock av_inherit_color'  itemprop=\"text\" ><p style=\"text-align: center;\">Dise\u00f1adores, ingenieros, expertos en producci\u00f3n, profesionales de la distribuci\u00f3n: nuestro equipo IMM HYDRAULICS est\u00e1 preparado para trabajar juntos y crear soluciones hidr\u00e1ulicas de primera categoria.<\/p>\n<\/div><\/section><br \/>\n\n<style type=\"text\/css\" data-created_by=\"avia_inline_auto\" id=\"style-css-av-j5uvd-b4ce8006833e741b34815c22ab759110\">\n#top .hr.hr-invisible.av-j5uvd-b4ce8006833e741b34815c22ab759110{\nheight:20px;\n}\n<\/style>\n<div  class='hr av-j5uvd-b4ce8006833e741b34815c22ab759110 hr-invisible  avia-builder-el-10  el_after_av_textblock  el_before_av_button '><span class='hr-inner '><span class=\"hr-inner-style\"><\/span><\/span><\/div><br \/>\n<div  class='avia-button-wrap av-cphwh-cd5fe5402b0ca6e2ec63de1251f5d161-wrap avia-button-center  avia-builder-el-11  el_after_av_hr  avia-builder-el-last '><a href='https:\/\/www.interpumpfluidsolutions.com\/es\/about\/people\/'  class='avia-button av-cphwh-cd5fe5402b0ca6e2ec63de1251f5d161 av-link-btn avia-icon_select-no avia-size-small avia-position-center avia-color-light'  ><span class='avia_iconbox_title' >Read More<\/span><\/a><\/div><\/p><\/div>\n<style type=\"text\/css\" data-created_by=\"avia_inline_auto\" id=\"style-css-av-84jmp-946da9909b75ffaf0ac03a2309174505\">\n.flex_column.av-84jmp-946da9909b75ffaf0ac03a2309174505{\nborder-radius:0px 0px 0px 0px;\npadding:0px 0px 0px 0px;\n}\n<\/style>\n<div  class='flex_column av-84jmp-946da9909b75ffaf0ac03a2309174505 av_one_fourth  avia-builder-el-12  el_after_av_one_half  avia-builder-el-last  flex_column_div av-zero-column-padding  '     ><\/div>\n\n","protected":false},"excerpt":{"rendered":"","protected":false},"author":3,"featured_media":0,"parent":56,"menu_order":1,"comment_status":"closed","ping_status":"closed","template":"","meta":{"footnotes":""},"class_list":["post-993","page","type-page","status-publish","hentry"],"yoast_head":"<!-- This site is optimized with the Yoast SEO plugin v26.2 - https:\/\/yoast.com\/wordpress\/plugins\/seo\/ -->\n<title>Who We Are - One Source Interpump Fluid Solutions<\/title>\n<meta name=\"description\" content=\"One Source : Interpump Fluid Solutions, part of Interpump Group, are your \u2018one source\u2019 provider of certified, compatible hydraulic hoses, fittings, machines and accessories\" \/>\n<meta name=\"robots\" content=\"noindex, follow, max-snippet:-1, max-image-preview:large, max-video-preview:-1\" \/>\n<meta property=\"og:locale\" content=\"en_GB\" \/>\n<meta property=\"og:type\" content=\"article\" \/>\n<meta property=\"og:title\" content=\"Who We Are - One Source Interpump Fluid Solutions\" \/>\n<meta property=\"og:description\" content=\"One Source : Interpump Fluid Solutions, part of Interpump Group, are your \u2018one source\u2019 provider of certified, compatible hydraulic hoses, fittings, machines and accessories\" \/>\n<meta property=\"og:url\" content=\"https:\/\/www.interpumpfluidsolutions.com\/es\/about\/quienes-somos\/\" \/>\n<meta property=\"og:site_name\" content=\"Interpump Spain\" \/>\n<meta property=\"article:modified_time\" content=\"2024-12-10T07:42:21+00:00\" \/>\n<meta name=\"twitter:card\" content=\"summary_large_image\" \/>\n<meta name=\"twitter:label1\" content=\"Estimated reading time\" \/>\n\t<meta name=\"twitter:data1\" content=\"2 minutes\" \/>\n<script type=\"application\/ld+json\" class=\"yoast-schema-graph\">{\"@context\":\"https:\/\/schema.org\",\"@graph\":[{\"@type\":\"WebPage\",\"@id\":\"https:\/\/www.interpumpfluidsolutions.com\/es\/about\/quienes-somos\/\",\"url\":\"https:\/\/www.interpumpfluidsolutions.com\/es\/about\/quienes-somos\/\",\"name\":\"Who We Are - One Source Interpump Fluid Solutions\",\"isPartOf\":{\"@id\":\"https:\/\/www.interpumpfluidsolutions.com\/es\/#website\"},\"datePublished\":\"2018-01-10T11:01:41+00:00\",\"dateModified\":\"2024-12-10T07:42:21+00:00\",\"description\":\"One Source : Interpump Fluid Solutions, part of Interpump Group, are your \u2018one source\u2019 provider of certified, compatible hydraulic hoses, fittings, machines and accessories\",\"breadcrumb\":{\"@id\":\"https:\/\/www.interpumpfluidsolutions.com\/es\/about\/quienes-somos\/#breadcrumb\"},\"inLanguage\":\"en-GB\",\"potentialAction\":[{\"@type\":\"ReadAction\",\"target\":[\"https:\/\/www.interpumpfluidsolutions.com\/es\/about\/quienes-somos\/\"]}]},{\"@type\":\"BreadcrumbList\",\"@id\":\"https:\/\/www.interpumpfluidsolutions.com\/es\/about\/quienes-somos\/#breadcrumb\",\"itemListElement\":[{\"@type\":\"ListItem\",\"position\":1,\"name\":\"Home\",\"item\":\"https:\/\/www.interpumpfluidsolutions.com\/es\/inicio\/\"},{\"@type\":\"ListItem\",\"position\":2,\"name\":\"About\",\"item\":\"https:\/\/www.interpumpfluidsolutions.com\/es\/about\/\"},{\"@type\":\"ListItem\",\"position\":3,\"name\":\"Quienes somos\"}]},{\"@type\":\"WebSite\",\"@id\":\"https:\/\/www.interpumpfluidsolutions.com\/es\/#website\",\"url\":\"https:\/\/www.interpumpfluidsolutions.com\/es\/\",\"name\":\"Interpump Spain\",\"description\":\"Fluid Solutions\",\"potentialAction\":[{\"@type\":\"SearchAction\",\"target\":{\"@type\":\"EntryPoint\",\"urlTemplate\":\"https:\/\/www.interpumpfluidsolutions.com\/es\/?s={search_term_string}\"},\"query-input\":{\"@type\":\"PropertyValueSpecification\",\"valueRequired\":true,\"valueName\":\"search_term_string\"}}],\"inLanguage\":\"en-GB\"}]}<\/script>\n<!-- \/ Yoast SEO plugin. -->","yoast_head_json":{"title":"Who We Are - One Source Interpump Fluid Solutions","description":"One Source : Interpump Fluid Solutions, part of Interpump Group, are your \u2018one source\u2019 provider of certified, compatible hydraulic hoses, fittings, machines and accessories","robots":{"index":"noindex","follow":"follow","max-snippet":"max-snippet:-1","max-image-preview":"max-image-preview:large","max-video-preview":"max-video-preview:-1"},"og_locale":"en_GB","og_type":"article","og_title":"Who We Are - One Source Interpump Fluid Solutions","og_description":"One Source : Interpump Fluid Solutions, part of Interpump Group, are your \u2018one source\u2019 provider of certified, compatible hydraulic hoses, fittings, machines and accessories","og_url":"https:\/\/www.interpumpfluidsolutions.com\/es\/about\/quienes-somos\/","og_site_name":"Interpump Spain","article_modified_time":"2024-12-10T07:42:21+00:00","twitter_card":"summary_large_image","twitter_misc":{"Estimated reading time":"2 minutes"},"schema":{"@context":"https:\/\/schema.org","@graph":[{"@type":"WebPage","@id":"https:\/\/www.interpumpfluidsolutions.com\/es\/about\/quienes-somos\/","url":"https:\/\/www.interpumpfluidsolutions.com\/es\/about\/quienes-somos\/","name":"Who We Are - One Source Interpump Fluid Solutions","isPartOf":{"@id":"https:\/\/www.interpumpfluidsolutions.com\/es\/#website"},"datePublished":"2018-01-10T11:01:41+00:00","dateModified":"2024-12-10T07:42:21+00:00","description":"One Source : Interpump Fluid Solutions, part of Interpump Group, are your \u2018one source\u2019 provider of certified, compatible hydraulic hoses, fittings, machines and accessories","breadcrumb":{"@id":"https:\/\/www.interpumpfluidsolutions.com\/es\/about\/quienes-somos\/#breadcrumb"},"inLanguage":"en-GB","potentialAction":[{"@type":"ReadAction","target":["https:\/\/www.interpumpfluidsolutions.com\/es\/about\/quienes-somos\/"]}]},{"@type":"BreadcrumbList","@id":"https:\/\/www.interpumpfluidsolutions.com\/es\/about\/quienes-somos\/#breadcrumb","itemListElement":[{"@type":"ListItem","position":1,"name":"Home","item":"https:\/\/www.interpumpfluidsolutions.com\/es\/inicio\/"},{"@type":"ListItem","position":2,"name":"About","item":"https:\/\/www.interpumpfluidsolutions.com\/es\/about\/"},{"@type":"ListItem","position":3,"name":"Quienes somos"}]},{"@type":"WebSite","@id":"https:\/\/www.interpumpfluidsolutions.com\/es\/#website","url":"https:\/\/www.interpumpfluidsolutions.com\/es\/","name":"Interpump Spain","description":"Fluid Solutions","potentialAction":[{"@type":"SearchAction","target":{"@type":"EntryPoint","urlTemplate":"https:\/\/www.interpumpfluidsolutions.com\/es\/?s={search_term_string}"},"query-input":{"@type":"PropertyValueSpecification","valueRequired":true,"valueName":"search_term_string"}}],"inLanguage":"en-GB"}]}},"_links":{"self":[{"href":"https:\/\/www.interpumpfluidsolutions.com\/es\/wp-json\/wp\/v2\/pages\/993","targetHints":{"allow":["GET"]}}],"collection":[{"href":"https:\/\/www.interpumpfluidsolutions.com\/es\/wp-json\/wp\/v2\/pages"}],"about":[{"href":"https:\/\/www.interpumpfluidsolutions.com\/es\/wp-json\/wp\/v2\/types\/page"}],"author":[{"embeddable":true,"href":"https:\/\/www.interpumpfluidsolutions.com\/es\/wp-json\/wp\/v2\/users\/3"}],"replies":[{"embeddable":true,"href":"https:\/\/www.interpumpfluidsolutions.com\/es\/wp-json\/wp\/v2\/comments?post=993"}],"version-history":[{"count":22,"href":"https:\/\/www.interpumpfluidsolutions.com\/es\/wp-json\/wp\/v2\/pages\/993\/revisions"}],"predecessor-version":[{"id":2922,"href":"https:\/\/www.interpumpfluidsolutions.com\/es\/wp-json\/wp\/v2\/pages\/993\/revisions\/2922"}],"up":[{"embeddable":true,"href":"https:\/\/www.interpumpfluidsolutions.com\/es\/wp-json\/wp\/v2\/pages\/56"}],"wp:attachment":[{"href":"https:\/\/www.interpumpfluidsolutions.com\/es\/wp-json\/wp\/v2\/media?parent=993"}],"curies":[{"name":"wp","href":"https:\/\/api.w.org\/{rel}","templated":true}]}}