{"id":209,"date":"2017-11-20T13:25:23","date_gmt":"2017-11-20T13:25:23","guid":{"rendered":"https:\/\/www.interpumpfluidsolutions.com\/fr\/?page_id=209"},"modified":"2021-12-16T15:24:31","modified_gmt":"2021-12-16T15:24:31","slug":"group","status":"publish","type":"page","link":"https:\/\/www.interpumpfluidsolutions.com\/fr\/about\/group\/","title":{"rendered":"Group"},"content":{"rendered":"\n<style type=\"text\/css\" data-created_by=\"avia_inline_auto\" id=\"style-css-av-av_image-70a3890e32172fe7db5659b3ae6c1a12\">\n.avia-image-container.av-av_image-70a3890e32172fe7db5659b3ae6c1a12 img.avia_image{\nbox-shadow:none;\n}\n.avia-image-container.av-av_image-70a3890e32172fe7db5659b3ae6c1a12 .av-image-caption-overlay-center{\ncolor:#ffffff;\n}\n<\/style>\n<div  class='avia-image-container av-av_image-70a3890e32172fe7db5659b3ae6c1a12 av-styling- av-hover-grow av-img-linked avia_animated_image av-animated-when-visible-95 fade-in avia-align-center  avia-builder-el-0  el_before_av_hr  avia-builder-el-first '   itemprop=\"image\" itemscope=\"itemscope\" itemtype=\"https:\/\/schema.org\/ImageObject\" ><div class=\"avia-image-container-inner\"><div class=\"avia-image-overlay-wrap\"><a href=\"https:\/\/www.interpumpgroup.it\/uk\/default.aspx\" class='avia_image ' target=\"_blank\" rel=\"noopener noreferrer\" aria-label='Interpump Group'><img decoding=\"async\" fetchpriority=\"high\" class='wp-image-547 avia-img-lazy-loading-not-547 avia_image ' src=\"https:\/\/www.interpumpfluidsolutions.com\/fr\/wp-content\/uploads\/sites\/13\/2017\/11\/InterpumpGroup-1500x430.jpeg\" alt='Interpump Group' title='Interpump Group'  height=\"430\" width=\"1500\"  itemprop=\"thumbnailUrl\"  \/><\/a><\/div><\/div><\/div>\n\n<style type=\"text\/css\" data-created_by=\"avia_inline_auto\" id=\"style-css-av-av_hr-616cd310f4c6bf63bbd1f033802c1165\">\n#top .hr.hr-invisible.av-av_hr-616cd310f4c6bf63bbd1f033802c1165{\nheight:20px;\n}\n<\/style>\n<div  class='hr av-av_hr-616cd310f4c6bf63bbd1f033802c1165 hr-invisible  avia-builder-el-1  el_after_av_image  el_before_av_one_half '><span class='hr-inner '><span class=\"hr-inner-style\"><\/span><\/span><\/div>\n\n<style type=\"text\/css\" data-created_by=\"avia_inline_auto\" id=\"style-css-av-av_one_half-15d750bd1b332b34c6e70b077ebbccdf\">\n.flex_column.av-av_one_half-15d750bd1b332b34c6e70b077ebbccdf{\nborder-radius:0px 0px 0px 0px;\npadding:0px 0px 0px 0px;\n}\n<\/style>\n<div  class='flex_column av-av_one_half-15d750bd1b332b34c6e70b077ebbccdf av_one_half  avia-builder-el-2  el_after_av_hr  el_before_av_one_half  first flex_column_div av-zero-column-padding  '     ><section  class='av_textblock_section av-av_textblock-2de302bf1aa3cf4c9157dbe6f50ac7eb '   itemscope=\"itemscope\" itemtype=\"https:\/\/schema.org\/CreativeWork\" ><div class='avia_textblock'  itemprop=\"text\" ><p><a href=\"https:\/\/www.interpumpgroup.it\/uk\/default.aspx\" target=\"_blank\" rel=\"noopener noreferrer\">Interpump Group <\/a>est le plus grand fabricant mondial de prises de force et l&#8217;un des principaux fabricants de pompes hydrauliques, de v\u00e9rins et d&#8217;autres composants hydrauliques.<\/p>\n<p>Les prises de force sont utilis\u00e9es pour transmettre la puissance du moteur d&#8217;un v\u00e9hicule industriel aux autres composants hydrauliques et sont connect\u00e9es \u00e0 la bo\u00eete de transmission du v\u00e9hicule.<\/p>\n<p>D&#8217;autres composants hydrauliques fabriqu\u00e9s par les soci\u00e9t\u00e9s du Groupe (Pompes hydrauliques, unit\u00e9s de contr\u00f4le, vannes, v\u00e9rins, r\u00e9servoirs) permettent d&#8217;accomplir des fonctions sp\u00e9ciales, par exemple le levage de bennes basculantes, la conduite de grues embarqu\u00e9es et la conduite de malaxeurs \u00e0 b\u00e9ton.<\/p>\n<\/div><\/section><\/div>\n\n<style type=\"text\/css\" data-created_by=\"avia_inline_auto\" id=\"style-css-av-av_one_half-c8fc129dc35fd1ae2a1e410224d39ea8\">\n.flex_column.av-av_one_half-c8fc129dc35fd1ae2a1e410224d39ea8{\nborder-radius:0px 0px 0px 0px;\npadding:0px 0px 0px 0px;\n}\n<\/style>\n<div  class='flex_column av-av_one_half-c8fc129dc35fd1ae2a1e410224d39ea8 av_one_half  avia-builder-el-4  el_after_av_one_half  el_before_av_section  avia-builder-el-last  flex_column_div av-zero-column-padding  '     ><p><section  class='av_textblock_section av-av_textblock-2de302bf1aa3cf4c9157dbe6f50ac7eb '   itemscope=\"itemscope\" itemtype=\"https:\/\/schema.org\/CreativeWork\" ><div class='avia_textblock'  itemprop=\"text\" ><p>Nous sommes un des leader mondiaux dans la fabrication de tuyaux et embouts hydrauliques<\/p>\n<p>Nous fournissons les fabricants les plus prestigieux au monde et nos produits sont utilis\u00e9s dans de nombreux secteurs tels que l&#8217;agriculture, la marine, l&#8217;offshore, la construction, les \u00e9quipements de levage, l&#8217;\u00e9nergie, le mouvement militaire, le nettoyage et le ferroviaire.<\/p>\n<p>L&#8217;entreprise compte 10 sites de production et commerciaux et 550 personnes. Parmi eux, 10 % sont des ing\u00e9nieurs et des sp\u00e9cialistes produits travaillant dans la recherche et le d\u00e9veloppement.<\/p>\n<\/div><\/section><br \/>\n\n<style type=\"text\/css\" data-created_by=\"avia_inline_auto\" id=\"style-css-av-av_hr-373523e22f0366b13a549278f1ad345e\">\n#top .hr.hr-invisible.av-av_hr-373523e22f0366b13a549278f1ad345e{\nheight:10px;\n}\n<\/style>\n<div  class='hr av-av_hr-373523e22f0366b13a549278f1ad345e hr-invisible  avia-builder-el-6  el_after_av_textblock  el_before_av_button '><span class='hr-inner '><span class=\"hr-inner-style\"><\/span><\/span><\/div><br \/>\n<div  class='avia-button-wrap av-av_button-4acf803d2075a2d227dae23e7b6c043d-wrap avia-button-center  avia-builder-el-7  el_after_av_hr  avia-builder-el-last '><a href='https:\/\/www.interpumpgroup.it\/uk\/default.aspx' class='avia-button av-av_button-4acf803d2075a2d227dae23e7b6c043d av-link-btn avia-icon_select-yes-left-icon avia-size-small avia-position-center avia-color-theme-color' target=\"_blank\" rel=\"noopener noreferrer\"><span class='avia_button_icon avia_button_icon_left' aria-hidden='true' data-av_icon='\ue8b1' data-av_iconfont='entypo-fontello'><\/span><span class='avia_iconbox_title' >Interpump Group Website<\/span><\/a><\/div><\/p><\/div><\/div><\/div><\/div><!-- close content main div --><\/div><\/div>\n<style type=\"text\/css\" data-created_by=\"avia_inline_auto\" id=\"style-css-av-av_section-3ae694c99f8b55462ac1fa9d59ac42e1\">\n.avia-section.av-av_section-3ae694c99f8b55462ac1fa9d59ac42e1 .av-parallax .av-parallax-inner{\nbackground-repeat:no-repeat;\nbackground-image:url(https:\/\/www.interpumpfluidsolutions.com\/fr\/wp-content\/uploads\/sites\/13\/2017\/11\/shutterstock_400486630.jpg);\nbackground-position:0% 0%;\nbackground-attachment:scroll;\n}\n<\/style>\n<div id='home-people'  class='avia-section av-av_section-3ae694c99f8b55462ac1fa9d59ac42e1 main_color avia-section-large avia-no-border-styling  avia-builder-el-8  el_after_av_one_half  avia-builder-el-last  av-parallax-section avia-bg-style-parallax container_wrap fullsize'  data-section-bg-repeat='no-repeat'><div class='av-parallax' data-avia-parallax-ratio='0.3' ><div class='av-parallax-inner main_color avia-full-stretch'><\/div><\/div><div class='container av-section-cont-open' ><div class='template-page content  av-content-full alpha units'><div class='post-entry post-entry-type-page post-entry-209'><div class='entry-content-wrapper clearfix'>\n\n<style type=\"text\/css\" data-created_by=\"avia_inline_auto\" id=\"style-css-av-av_one_fourth-15d750bd1b332b34c6e70b077ebbccdf\">\n.flex_column.av-av_one_fourth-15d750bd1b332b34c6e70b077ebbccdf{\nborder-radius:0px 0px 0px 0px;\npadding:0px 0px 0px 0px;\n}\n<\/style>\n<div  class='flex_column av-av_one_fourth-15d750bd1b332b34c6e70b077ebbccdf av_one_fourth  avia-builder-el-9  el_before_av_one_half  avia-builder-el-first  first flex_column_div av-zero-column-padding  '     ><\/div>\n<style type=\"text\/css\" data-created_by=\"avia_inline_auto\" id=\"style-css-av-av_one_half-c8fc129dc35fd1ae2a1e410224d39ea8\">\n.flex_column.av-av_one_half-c8fc129dc35fd1ae2a1e410224d39ea8{\nborder-radius:0px 0px 0px 0px;\npadding:0px 0px 0px 0px;\n}\n<\/style>\n<div  class='flex_column av-av_one_half-c8fc129dc35fd1ae2a1e410224d39ea8 av_one_half  avia-builder-el-10  el_after_av_one_fourth  el_before_av_one_fourth  flex_column_div av-zero-column-padding  '     ><style type=\"text\/css\" data-created_by=\"avia_inline_auto\" id=\"style-css-av-av_textblock-dd2387397296c1a314b0b5f4a3f918a3\">\n#top .av_textblock_section.av-av_textblock-dd2387397296c1a314b0b5f4a3f918a3 .avia_textblock{\ncolor:#ffffff;\n}\n<\/style>\n<section  class='av_textblock_section av-av_textblock-dd2387397296c1a314b0b5f4a3f918a3 '   itemscope=\"itemscope\" itemtype=\"https:\/\/schema.org\/CreativeWork\" ><div class='avia_textblock av_inherit_color'  itemprop=\"text\" ><h2 style=\"text-align: center\">Notre \u00e9quipe<\/h2>\n<\/div><\/section><br \/>\n\n<style type=\"text\/css\" data-created_by=\"avia_inline_auto\" id=\"style-css-av-av_hr-616cd310f4c6bf63bbd1f033802c1165\">\n#top .hr.hr-invisible.av-av_hr-616cd310f4c6bf63bbd1f033802c1165{\nheight:20px;\n}\n<\/style>\n<div  class='hr av-av_hr-616cd310f4c6bf63bbd1f033802c1165 hr-invisible  avia-builder-el-12  el_after_av_textblock  el_before_av_textblock '><span class='hr-inner '><span class=\"hr-inner-style\"><\/span><\/span><\/div><br \/>\n\n<style type=\"text\/css\" data-created_by=\"avia_inline_auto\" id=\"style-css-av-av_textblock-dd2387397296c1a314b0b5f4a3f918a3\">\n#top .av_textblock_section.av-av_textblock-dd2387397296c1a314b0b5f4a3f918a3 .avia_textblock{\ncolor:#ffffff;\n}\n<\/style>\n<section  class='av_textblock_section av-av_textblock-dd2387397296c1a314b0b5f4a3f918a3 '   itemscope=\"itemscope\" itemtype=\"https:\/\/schema.org\/CreativeWork\" ><div class='avia_textblock av_inherit_color'  itemprop=\"text\" ><p style=\"text-align: center\">Concepteurs, Ing\u00e9nieurs Hydrauliques. Experts de Production, Professionnels de la distribution, notre \u00e9quipe IMM HYDRAULICS met en commun ses comp\u00e9tences pour r\u00e9aliser des solutions \u00e0 de pointe de la technologie.<\/p>\n<\/div><\/section><br \/>\n\n<style type=\"text\/css\" data-created_by=\"avia_inline_auto\" id=\"style-css-av-av_hr-616cd310f4c6bf63bbd1f033802c1165\">\n#top .hr.hr-invisible.av-av_hr-616cd310f4c6bf63bbd1f033802c1165{\nheight:20px;\n}\n<\/style>\n<div  class='hr av-av_hr-616cd310f4c6bf63bbd1f033802c1165 hr-invisible  avia-builder-el-14  el_after_av_textblock  el_before_av_button '><span class='hr-inner '><span class=\"hr-inner-style\"><\/span><\/span><\/div><br \/>\n<div  class='avia-button-wrap av-av_button-fc587b9f8d3cd6a5bdbd004d3adfc92c-wrap avia-button-center  avia-builder-el-15  el_after_av_hr  avia-builder-el-last '><a href='https:\/\/www.interpumpfluidsolutions.com\/fr\/about\/people-old\/'  class='avia-button av-av_button-fc587b9f8d3cd6a5bdbd004d3adfc92c av-link-btn avia-icon_select-no avia-size-small avia-position-center avia-color-light'  ><span class='avia_iconbox_title' >en lire davantage<\/span><\/a><\/div><\/p><\/div>\n<style type=\"text\/css\" data-created_by=\"avia_inline_auto\" id=\"style-css-av-av_one_fourth-c8fc129dc35fd1ae2a1e410224d39ea8\">\n.flex_column.av-av_one_fourth-c8fc129dc35fd1ae2a1e410224d39ea8{\nborder-radius:0px 0px 0px 0px;\npadding:0px 0px 0px 0px;\n}\n<\/style>\n<div  class='flex_column av-av_one_fourth-c8fc129dc35fd1ae2a1e410224d39ea8 av_one_fourth  avia-builder-el-16  el_after_av_one_half  avia-builder-el-last  flex_column_div av-zero-column-padding  '     ><\/div>\n<\/p>\n","protected":false},"excerpt":{"rendered":"","protected":false},"author":3,"featured_media":0,"parent":56,"menu_order":7,"comment_status":"closed","ping_status":"closed","template":"","meta":{"footnotes":""},"class_list":["post-209","page","type-page","status-publish","hentry"],"yoast_head":"<!-- This site is optimized with the Yoast SEO plugin v26.2 - https:\/\/yoast.com\/wordpress\/plugins\/seo\/ -->\n<title>Interpump Fluid Solutions Group, worldwide hydraulic products and service<\/title>\n<meta name=\"description\" content=\"Interpump Fluid Solutions is a world leading Group and acknowledged innovator in the production of hose and fittings for hydraulic systems.\" \/>\n<meta name=\"robots\" content=\"noindex, follow, max-snippet:-1, max-image-preview:large, max-video-preview:-1\" \/>\n<meta property=\"og:locale\" content=\"en_GB\" \/>\n<meta property=\"og:type\" content=\"article\" \/>\n<meta property=\"og:title\" content=\"Interpump Fluid Solutions Group, worldwide hydraulic products and service\" \/>\n<meta property=\"og:description\" content=\"Interpump Fluid Solutions is a world leading Group and acknowledged innovator in the production of hose and fittings for hydraulic systems.\" \/>\n<meta property=\"og:url\" content=\"https:\/\/www.interpumpfluidsolutions.com\/fr\/about\/group\/\" \/>\n<meta property=\"og:site_name\" content=\"Interpump France\" \/>\n<meta property=\"article:modified_time\" content=\"2021-12-16T15:24:31+00:00\" \/>\n<meta name=\"twitter:card\" content=\"summary_large_image\" \/>\n<meta name=\"twitter:label1\" content=\"Estimated reading time\" \/>\n\t<meta name=\"twitter:data1\" content=\"5 minutes\" \/>\n<script type=\"application\/ld+json\" class=\"yoast-schema-graph\">{\"@context\":\"https:\/\/schema.org\",\"@graph\":[{\"@type\":\"WebPage\",\"@id\":\"https:\/\/www.interpumpfluidsolutions.com\/fr\/about\/group\/\",\"url\":\"https:\/\/www.interpumpfluidsolutions.com\/fr\/about\/group\/\",\"name\":\"Interpump Fluid Solutions Group, worldwide hydraulic products and service\",\"isPartOf\":{\"@id\":\"https:\/\/www.interpumpfluidsolutions.com\/fr\/#website\"},\"datePublished\":\"2017-11-20T13:25:23+00:00\",\"dateModified\":\"2021-12-16T15:24:31+00:00\",\"description\":\"Interpump Fluid Solutions is a world leading Group and acknowledged innovator in the production of hose and fittings for hydraulic systems.\",\"breadcrumb\":{\"@id\":\"https:\/\/www.interpumpfluidsolutions.com\/fr\/about\/group\/#breadcrumb\"},\"inLanguage\":\"en-GB\",\"potentialAction\":[{\"@type\":\"ReadAction\",\"target\":[\"https:\/\/www.interpumpfluidsolutions.com\/fr\/about\/group\/\"]}]},{\"@type\":\"BreadcrumbList\",\"@id\":\"https:\/\/www.interpumpfluidsolutions.com\/fr\/about\/group\/#breadcrumb\",\"itemListElement\":[{\"@type\":\"ListItem\",\"position\":1,\"name\":\"Home\",\"item\":\"https:\/\/www.interpumpfluidsolutions.com\/fr\/home\/\"},{\"@type\":\"ListItem\",\"position\":2,\"name\":\"About\",\"item\":\"https:\/\/www.interpumpfluidsolutions.com\/fr\/about\/\"},{\"@type\":\"ListItem\",\"position\":3,\"name\":\"Group\"}]},{\"@type\":\"WebSite\",\"@id\":\"https:\/\/www.interpumpfluidsolutions.com\/fr\/#website\",\"url\":\"https:\/\/www.interpumpfluidsolutions.com\/fr\/\",\"name\":\"Interpump France\",\"description\":\"Fluid Solutions\",\"potentialAction\":[{\"@type\":\"SearchAction\",\"target\":{\"@type\":\"EntryPoint\",\"urlTemplate\":\"https:\/\/www.interpumpfluidsolutions.com\/fr\/?s={search_term_string}\"},\"query-input\":{\"@type\":\"PropertyValueSpecification\",\"valueRequired\":true,\"valueName\":\"search_term_string\"}}],\"inLanguage\":\"en-GB\"}]}<\/script>\n<!-- \/ Yoast SEO plugin. -->","yoast_head_json":{"title":"Interpump Fluid Solutions Group, worldwide hydraulic products and service","description":"Interpump Fluid Solutions is a world leading Group and acknowledged innovator in the production of hose and fittings for hydraulic systems.","robots":{"index":"noindex","follow":"follow","max-snippet":"max-snippet:-1","max-image-preview":"max-image-preview:large","max-video-preview":"max-video-preview:-1"},"og_locale":"en_GB","og_type":"article","og_title":"Interpump Fluid Solutions Group, worldwide hydraulic products and service","og_description":"Interpump Fluid Solutions is a world leading Group and acknowledged innovator in the production of hose and fittings for hydraulic systems.","og_url":"https:\/\/www.interpumpfluidsolutions.com\/fr\/about\/group\/","og_site_name":"Interpump France","article_modified_time":"2021-12-16T15:24:31+00:00","twitter_card":"summary_large_image","twitter_misc":{"Estimated reading time":"5 minutes"},"schema":{"@context":"https:\/\/schema.org","@graph":[{"@type":"WebPage","@id":"https:\/\/www.interpumpfluidsolutions.com\/fr\/about\/group\/","url":"https:\/\/www.interpumpfluidsolutions.com\/fr\/about\/group\/","name":"Interpump Fluid Solutions Group, worldwide hydraulic products and service","isPartOf":{"@id":"https:\/\/www.interpumpfluidsolutions.com\/fr\/#website"},"datePublished":"2017-11-20T13:25:23+00:00","dateModified":"2021-12-16T15:24:31+00:00","description":"Interpump Fluid Solutions is a world leading Group and acknowledged innovator in the production of hose and fittings for hydraulic systems.","breadcrumb":{"@id":"https:\/\/www.interpumpfluidsolutions.com\/fr\/about\/group\/#breadcrumb"},"inLanguage":"en-GB","potentialAction":[{"@type":"ReadAction","target":["https:\/\/www.interpumpfluidsolutions.com\/fr\/about\/group\/"]}]},{"@type":"BreadcrumbList","@id":"https:\/\/www.interpumpfluidsolutions.com\/fr\/about\/group\/#breadcrumb","itemListElement":[{"@type":"ListItem","position":1,"name":"Home","item":"https:\/\/www.interpumpfluidsolutions.com\/fr\/home\/"},{"@type":"ListItem","position":2,"name":"About","item":"https:\/\/www.interpumpfluidsolutions.com\/fr\/about\/"},{"@type":"ListItem","position":3,"name":"Group"}]},{"@type":"WebSite","@id":"https:\/\/www.interpumpfluidsolutions.com\/fr\/#website","url":"https:\/\/www.interpumpfluidsolutions.com\/fr\/","name":"Interpump France","description":"Fluid Solutions","potentialAction":[{"@type":"SearchAction","target":{"@type":"EntryPoint","urlTemplate":"https:\/\/www.interpumpfluidsolutions.com\/fr\/?s={search_term_string}"},"query-input":{"@type":"PropertyValueSpecification","valueRequired":true,"valueName":"search_term_string"}}],"inLanguage":"en-GB"}]}},"_links":{"self":[{"href":"https:\/\/www.interpumpfluidsolutions.com\/fr\/wp-json\/wp\/v2\/pages\/209","targetHints":{"allow":["GET"]}}],"collection":[{"href":"https:\/\/www.interpumpfluidsolutions.com\/fr\/wp-json\/wp\/v2\/pages"}],"about":[{"href":"https:\/\/www.interpumpfluidsolutions.com\/fr\/wp-json\/wp\/v2\/types\/page"}],"author":[{"embeddable":true,"href":"https:\/\/www.interpumpfluidsolutions.com\/fr\/wp-json\/wp\/v2\/users\/3"}],"replies":[{"embeddable":true,"href":"https:\/\/www.interpumpfluidsolutions.com\/fr\/wp-json\/wp\/v2\/comments?post=209"}],"version-history":[{"count":15,"href":"https:\/\/www.interpumpfluidsolutions.com\/fr\/wp-json\/wp\/v2\/pages\/209\/revisions"}],"predecessor-version":[{"id":3301,"href":"https:\/\/www.interpumpfluidsolutions.com\/fr\/wp-json\/wp\/v2\/pages\/209\/revisions\/3301"}],"up":[{"embeddable":true,"href":"https:\/\/www.interpumpfluidsolutions.com\/fr\/wp-json\/wp\/v2\/pages\/56"}],"wp:attachment":[{"href":"https:\/\/www.interpumpfluidsolutions.com\/fr\/wp-json\/wp\/v2\/media?parent=209"}],"curies":[{"name":"wp","href":"https:\/\/api.w.org\/{rel}","templated":true}]}}