{"id":215,"date":"2017-11-20T13:26:52","date_gmt":"2017-11-20T13:26:52","guid":{"rendered":"https:\/\/www.interpumpfluidsolutions.com\/fr\/?page_id=215"},"modified":"2025-02-14T07:43:18","modified_gmt":"2025-02-14T07:43:18","slug":"locations","status":"publish","type":"page","link":"https:\/\/www.interpumpfluidsolutions.com\/fr\/about\/locations\/","title":{"rendered":"Nos sites"},"content":{"rendered":"<div id='full_slider_1'  class='avia-fullwidth-slider main_color avia-shadow   avia-builder-el-0  el_before_av_one_full  avia-builder-el-first   container_wrap fullsize'  >\n<style type=\"text\/css\" data-created_by=\"avia_inline_auto\" id=\"style-css-av-2k1x3b-b8fc25348ddf0cc5d0fbcde640852599\">\n#top #wrap_all .avia-slideshow .av-slideshow-caption.av-2k1x3b-b8fc25348ddf0cc5d0fbcde640852599__0 .avia-caption-title{\nfont-size:36px;\ncolor:#ffffff;\n}\n#top .avia-slideshow .av-slideshow-caption.av-2k1x3b-b8fc25348ddf0cc5d0fbcde640852599__0 .avia-caption-content{\nfont-size:15px;\ncolor:#ffffff;\n}\n#top .avia-slideshow .av-slideshow-caption.av-2k1x3b-b8fc25348ddf0cc5d0fbcde640852599__0 .avia-caption-content p{\nfont-size:15px;\n}\n<\/style>\n<div  class='avia-slideshow av-2k1x3b-b8fc25348ddf0cc5d0fbcde640852599 avia-slideshow-featured av_slideshow_full avia-slide-slider av-slideshow-ui av-control-default av-slideshow-manual av-loop-once av-loop-manual-endless av-default-height-applied   avia-slideshow-1' data-slideshow-options=\"{&quot;animation&quot;:&quot;slide&quot;,&quot;autoplay&quot;:false,&quot;loop_autoplay&quot;:&quot;once&quot;,&quot;interval&quot;:5,&quot;loop_manual&quot;:&quot;manual-endless&quot;,&quot;autoplay_stopper&quot;:false,&quot;noNavigation&quot;:false,&quot;bg_slider&quot;:false,&quot;keep_padding&quot;:false,&quot;hoverpause&quot;:false,&quot;show_slide_delay&quot;:0}\"  itemprop=\"image\" itemscope=\"itemscope\" itemtype=\"https:\/\/schema.org\/ImageObject\" ><ul class='avia-slideshow-inner ' style='padding-bottom: 28.666666666667%;'><li  class='avia-slideshow-slide av-2k1x3b-b8fc25348ddf0cc5d0fbcde640852599__0  av-single-slide slide-1 slide-odd'><div data-rel='slideshow-1' class='avia-slide-wrap '   ><div class='av-slideshow-caption av-2k1x3b-b8fc25348ddf0cc5d0fbcde640852599__0 caption_fullwidth caption_left'><div class=\"container caption_container\"><div class=\"slideshow_caption\"><div class=\"slideshow_inner_caption\"><div class=\"slideshow_align_caption\"><h2 class='avia-caption-title '  itemprop=\"name\" >Nos sites<\/h2><\/div><\/div><\/div><\/div><\/div><img decoding=\"async\" fetchpriority=\"high\" class=\"wp-image-1106 avia-img-lazy-loading-not-1106\"  src=\"https:\/\/www.interpumpfluidsolutions.com\/fr\/wp-content\/uploads\/sites\/13\/2018\/02\/world-1500x430.jpg\" width=\"1500\" height=\"430\" title='world-1500x430' alt=''  itemprop=\"thumbnailUrl\" srcset=\"https:\/\/www.interpumpfluidsolutions.com\/fr\/wp-content\/uploads\/sites\/13\/2018\/02\/world-1500x430.jpg 1500w, https:\/\/www.interpumpfluidsolutions.com\/fr\/wp-content\/uploads\/sites\/13\/2018\/02\/world-1500x430-300x86.jpg 300w, https:\/\/www.interpumpfluidsolutions.com\/fr\/wp-content\/uploads\/sites\/13\/2018\/02\/world-1500x430-768x220.jpg 768w, https:\/\/www.interpumpfluidsolutions.com\/fr\/wp-content\/uploads\/sites\/13\/2018\/02\/world-1500x430-1030x295.jpg 1030w, https:\/\/www.interpumpfluidsolutions.com\/fr\/wp-content\/uploads\/sites\/13\/2018\/02\/world-1500x430-705x202.jpg 705w, https:\/\/www.interpumpfluidsolutions.com\/fr\/wp-content\/uploads\/sites\/13\/2018\/02\/world-1500x430-450x129.jpg 450w\" sizes=\"(max-width: 1500px) 100vw, 1500px\" \/><\/div><\/li><\/ul><\/div><\/div><div id='after_full_slider_1'  class='main_color av_default_container_wrap container_wrap fullsize'  ><div class='container av-section-cont-open' ><div class='template-page content  av-content-full alpha units'><div class='post-entry post-entry-type-page post-entry-215'><div class='entry-content-wrapper clearfix'>\n\n<style type=\"text\/css\" data-created_by=\"avia_inline_auto\" id=\"style-css-av-28x2jb-006c44e63c447878e64ada07d5766e26\">\n.flex_column.av-28x2jb-006c44e63c447878e64ada07d5766e26{\nborder-radius:0px 0px 0px 0px;\npadding:0px 0px 0px 0px;\n}\n<\/style>\n<div  class='flex_column av-28x2jb-006c44e63c447878e64ada07d5766e26 av_one_full  avia-builder-el-1  el_after_av_slideshow_full  el_before_av_section  avia-builder-el-no-sibling  first flex_column_div av-zero-column-padding  '     ><div  class='avia-icon-list-container av-25bgn3-4e54d83007dc4e467aee12a4963c0ac9  avia-builder-el-2  avia-builder-el-no-sibling '><ul class='avia-icon-list avia_animate_when_almost_visible avia-icon-list-left av-iconlist-big av-25bgn3-4e54d83007dc4e467aee12a4963c0ac9 avia-iconlist-animate'>\n<li><div class='iconlist_icon av-1uttqf-bc9e8f7ad21c9d4453415d2ea3d8b678 avia-font-entypo-fontello'><span class='iconlist-char' aria-hidden='true' data-av_icon='\ue856' data-av_iconfont='entypo-fontello'><\/span><\/div><article class=\"article-icon-entry \"  itemscope=\"itemscope\" itemtype=\"https:\/\/schema.org\/CreativeWork\" ><div class=\"iconlist_content_wrap\"><header class=\"entry-content-header\"><h4 class='av_iconlist_title iconlist_title  '  itemprop=\"headline\" >Usines<\/h4><\/header><div class='iconlist_content '  itemprop=\"text\" ><header class=\"entry-content-header\"><\/header>\n<div class=\"iconlist_content \">\n<h3>I.M.M. HYDRAULICS S.P.A.<\/h3>\n<h3>Italie<\/h3>\n<h5>Si\u00e8ge social &amp; Usine<\/h5>\n<p>Via Italia, 49-51 66041 Atessa (CH)<\/p>\n<p>T +39 0872 889225 F +39 0872 889226<\/p>\n<h5>Usine<\/h5>\n<p>Contrada Giarnera Grande I-71022 Ascoli Satriano (FG)<\/p>\n<h3>Roumanie<\/h3>\n<h5>Production tuyaux<\/h5>\n<p>Loc. Dej, Str. Henri Coanda nr. 9 in incinta ARC PARC cod: 405200 Judetul Cluj Romania.<\/p>\n<h5>Production Embouts<\/h5>\n<p>Loc. Catcau nr. 353 cod: 407180 Judetul Cluj Romania.<\/p>\n<\/div>\n<\/div><\/div><footer class=\"entry-footer\"><\/footer><\/article><div class=\"iconlist-timeline\"><\/div><\/li>\n<li><div class='iconlist_icon av-1s4tg7-50342ed424ace9a559ff62ead9785d44 avia-font-entypo-fontello'><span class='iconlist-char' aria-hidden='true' data-av_icon='\ue80b' data-av_iconfont='entypo-fontello'><\/span><\/div><article class=\"article-icon-entry \"  itemscope=\"itemscope\" itemtype=\"https:\/\/schema.org\/CreativeWork\" ><div class=\"iconlist_content_wrap\"><header class=\"entry-content-header\"><h4 class='av_iconlist_title iconlist_title  '  itemprop=\"headline\" >VENTES<\/h4><\/header><div class='iconlist_content '  itemprop=\"text\" ><h3><\/h3>\n<h3>IFS Ventes Italie<\/h3>\n<p>Via dell\u2019Industria, 112 I-36015 Schio (VI)<\/p>\n<p>T +39 0445576085<\/p>\n<p>Lungotorrente Secca 4B-rosso 16163 Bolzaneto GE Italie<\/p>\n<p>T +39 (0)10 710962 F +39 (0)10 712603<\/p>\n<h3>IFS Ventes U.K.<\/h3>\n<p><strong>UK Head Office \u2013 Distribution <\/strong><\/p>\n<p>Unit 5 Green Hill Industrial Estate, Birmingham Road, Kidderminster, DY10 2RN, United Kingdom<\/p>\n<p>T +44 (0)1215 501115<\/p>\n<p><strong>UK Mobile Van Service Depots<\/strong><\/p>\n<p><em>Bristol Depot<\/em><\/p>\n<p>Units 1-3 St. Brendans Trading Estate, Avonmouth Way West, Avonmouth, Bristol, BS11 9EH, United Kingdom<\/p>\n<p>T +44 (0)3333 209 888<\/p>\n<p><em>Gloucester Depot<\/em><\/p>\n<p>Unit 6, Rockhaven Triangle Park, Triangle Way, Gloucester, GL1 1AJ, United Kingdom<\/p>\n<p>T +44 (0)3333 209 888<\/p>\n<p><em>Southampton Depot<\/em><\/p>\n<p>Unit 26, City Industrial Park, Southern Road, Southampton, SO15 1HA, United Kingdom<\/p>\n<p>T +44 (0)3333 209 888<\/p>\n<p><em>Bridgwater Depot<\/em><\/p>\n<p>Unit E, Brue Ave, TA6 5LT Bridgwater, United Kingdom<\/p>\n<p>T +44 (0)3333 209 888<\/p>\n<h3>IFS Ventes Allemagne<\/h3>\n<p>58540 Meinerzhagen \u2013 Allemagne<\/p>\n<p>T +49 (0) 2354 708850 F +49 (0) 2354 7088515<\/p>\n<h3>IFS Ventes France<\/h3>\n<p>12, Rue Forlen 67118 Geispolsheim France<\/p>\n<p>T +33 (0) 388554014 F +33 (0) 388401226<\/p>\n<h3>IFS Sales Espagne<\/h3>\n<p>Av. de Rosa Parks, 61 25005 Lleida Spain<\/p>\n<p>T +34 (0) 973 232 198<\/p>\n<h3>IFS Ventes Afrique du Sud<\/h3>\n<p>8-10 Yaldwyn Road, Lakeview Business Park, Unit 11<\/p>\n<p>T +27 (0) 11 824 5494 F +27 (0) 0118245499<\/p>\n<h3>Tekno Tubi Ventes<\/h3>\n<p>Via Dell\u2019Artigianato, 8 \u2013 44047 SANT\u2019AGOSTINO (FE)<\/p>\n<p>T 0532 84022 F 0532 350455<\/p>\n<\/div><\/div><footer class=\"entry-footer\"><\/footer><\/article><div class=\"iconlist-timeline\"><\/div><\/li>\n<\/ul><\/div><\/div><\/div><\/div><\/div><!-- close content main div --><\/div><\/div>\n<style type=\"text\/css\" data-created_by=\"avia_inline_auto\" id=\"style-css-av-1kkyev-095c2a99f1774d335ba355230845b2f5\">\n.avia-section.av-1kkyev-095c2a99f1774d335ba355230845b2f5 .av-parallax .av-parallax-inner{\nbackground-repeat:no-repeat;\nbackground-image:url(https:\/\/www.interpumpfluidsolutions.com\/fr\/wp-content\/uploads\/sites\/13\/2017\/11\/shutterstock_400486630.jpg);\nbackground-position:0% 0%;\nbackground-attachment:scroll;\n}\n<\/style>\n<div id='home-people'  class='avia-section av-1kkyev-095c2a99f1774d335ba355230845b2f5 main_color avia-section-large avia-no-border-styling  avia-builder-el-3  el_after_av_one_full  avia-builder-el-last  av-parallax-section avia-bg-style-parallax container_wrap fullsize'  data-section-bg-repeat='no-repeat'><div class='av-parallax' data-avia-parallax-ratio='0.3' ><div class='av-parallax-inner main_color avia-full-stretch'><\/div><\/div><div class='container av-section-cont-open' ><div class='template-page content  av-content-full alpha units'><div class='post-entry post-entry-type-page post-entry-215'><div class='entry-content-wrapper clearfix'>\n\n<style type=\"text\/css\" data-created_by=\"avia_inline_auto\" id=\"style-css-av-1gnmg7-4512bb9d6b3bfc259249ed161504e4fe\">\n.flex_column.av-1gnmg7-4512bb9d6b3bfc259249ed161504e4fe{\nborder-radius:0px 0px 0px 0px;\npadding:0px 0px 0px 0px;\n}\n<\/style>\n<div  class='flex_column av-1gnmg7-4512bb9d6b3bfc259249ed161504e4fe av_one_fourth  avia-builder-el-4  el_before_av_one_half  avia-builder-el-first  first flex_column_div av-zero-column-padding  '     ><\/div>\n<style type=\"text\/css\" data-created_by=\"avia_inline_auto\" id=\"style-css-av-17auzr-fa6876b7a78f41e96c8e9c44d6af5da9\">\n.flex_column.av-17auzr-fa6876b7a78f41e96c8e9c44d6af5da9{\nborder-radius:0px 0px 0px 0px;\npadding:0px 0px 0px 0px;\n}\n<\/style>\n<div  class='flex_column av-17auzr-fa6876b7a78f41e96c8e9c44d6af5da9 av_one_half  avia-builder-el-5  el_after_av_one_fourth  el_before_av_one_fourth  flex_column_div av-zero-column-padding  '     ><style type=\"text\/css\" data-created_by=\"avia_inline_auto\" id=\"style-css-av-41kwn-fb6ef591ae112a0a0fcf753727aec65b\">\n#top .av_textblock_section.av-41kwn-fb6ef591ae112a0a0fcf753727aec65b .avia_textblock{\ncolor:#ffffff;\n}\n<\/style>\n<section  class='av_textblock_section av-41kwn-fb6ef591ae112a0a0fcf753727aec65b '   itemscope=\"itemscope\" itemtype=\"https:\/\/schema.org\/CreativeWork\" ><div class='avia_textblock av_inherit_color'  itemprop=\"text\" ><h2 style=\"text-align: center;\">Notre \u00e9quipe<\/h2>\n<\/div><\/section><br \/>\n\n<style type=\"text\/css\" data-created_by=\"avia_inline_auto\" id=\"style-css-av-36frj-4bf929553a865f32ae5e1976ece4c93d\">\n#top .hr.hr-invisible.av-36frj-4bf929553a865f32ae5e1976ece4c93d{\nheight:20px;\n}\n<\/style>\n<div  class='hr av-36frj-4bf929553a865f32ae5e1976ece4c93d hr-invisible  avia-builder-el-7  el_after_av_textblock  el_before_av_textblock '><span class='hr-inner '><span class=\"hr-inner-style\"><\/span><\/span><\/div><br \/>\n\n<style type=\"text\/css\" data-created_by=\"avia_inline_auto\" id=\"style-css-av-ov02n-a2668eb20992fa700ebc318775e23216\">\n#top .av_textblock_section.av-ov02n-a2668eb20992fa700ebc318775e23216 .avia_textblock{\ncolor:#ffffff;\n}\n<\/style>\n<section  class='av_textblock_section av-ov02n-a2668eb20992fa700ebc318775e23216 '   itemscope=\"itemscope\" itemtype=\"https:\/\/schema.org\/CreativeWork\" ><div class='avia_textblock av_inherit_color'  itemprop=\"text\" ><p style=\"text-align: center;\">Concepteurs, Ing\u00e9nieurs Hydrauliques. Experts de Production, Professionnels de la distribution, notre \u00e9quipe IMM HYDRAULICS met en commun ses comp\u00e9tences pour r\u00e9aliser des solutions \u00e0 de pointe de la technologie.<\/p>\n<\/div><\/section><br \/>\n\n<style type=\"text\/css\" data-created_by=\"avia_inline_auto\" id=\"style-css-av-lofuf-c98cdfcc4d3338f013763238f0caeeaa\">\n#top .hr.hr-invisible.av-lofuf-c98cdfcc4d3338f013763238f0caeeaa{\nheight:20px;\n}\n<\/style>\n<div  class='hr av-lofuf-c98cdfcc4d3338f013763238f0caeeaa hr-invisible  avia-builder-el-9  el_after_av_textblock  el_before_av_button '><span class='hr-inner '><span class=\"hr-inner-style\"><\/span><\/span><\/div><br \/>\n<div  class='avia-button-wrap av-hlq7j-231b1a6ea497f96c4736c26f722dc93d-wrap avia-button-center  avia-builder-el-10  el_after_av_hr  avia-builder-el-last '><a href='https:\/\/www.interpumpfluidsolutions.com\/fr\/about\/people-old\/'  class='avia-button av-hlq7j-231b1a6ea497f96c4736c26f722dc93d av-link-btn avia-icon_select-no avia-size-small avia-position-center avia-color-light'  ><span class='avia_iconbox_title' >en lire davantage<\/span><\/a><\/div><\/p><\/div>\n<style type=\"text\/css\" data-created_by=\"avia_inline_auto\" id=\"style-css-av-8yypj-910562429ef0fddd7502fe39d99a702a\">\n.flex_column.av-8yypj-910562429ef0fddd7502fe39d99a702a{\nborder-radius:0px 0px 0px 0px;\npadding:0px 0px 0px 0px;\n}\n<\/style>\n<div  class='flex_column av-8yypj-910562429ef0fddd7502fe39d99a702a av_one_fourth  avia-builder-el-11  el_after_av_one_half  avia-builder-el-last  flex_column_div av-zero-column-padding  '     ><\/div>\n<\/p>\n","protected":false},"excerpt":{"rendered":"","protected":false},"author":3,"featured_media":0,"parent":56,"menu_order":3,"comment_status":"closed","ping_status":"closed","template":"","meta":{"footnotes":""},"class_list":["post-215","page","type-page","status-publish","hentry"],"yoast_head":"<!-- This site is optimized with the Yoast SEO plugin v26.2 - https:\/\/yoast.com\/wordpress\/plugins\/seo\/ -->\n<title>Nos sites - Interpump France<\/title>\n<meta name=\"robots\" content=\"noindex, follow, max-snippet:-1, max-image-preview:large, max-video-preview:-1\" \/>\n<meta property=\"og:locale\" content=\"en_GB\" \/>\n<meta property=\"og:type\" content=\"article\" \/>\n<meta property=\"og:title\" content=\"Nos sites - Interpump France\" \/>\n<meta property=\"og:url\" content=\"https:\/\/www.interpumpfluidsolutions.com\/fr\/about\/locations\/\" \/>\n<meta property=\"og:site_name\" content=\"Interpump France\" \/>\n<meta property=\"article:modified_time\" content=\"2025-02-14T07:43:18+00:00\" \/>\n<meta name=\"twitter:card\" content=\"summary_large_image\" \/>\n<meta name=\"twitter:label1\" content=\"Estimated reading time\" \/>\n\t<meta name=\"twitter:data1\" content=\"2 minutes\" \/>\n<script type=\"application\/ld+json\" class=\"yoast-schema-graph\">{\"@context\":\"https:\/\/schema.org\",\"@graph\":[{\"@type\":\"WebPage\",\"@id\":\"https:\/\/www.interpumpfluidsolutions.com\/fr\/about\/locations\/\",\"url\":\"https:\/\/www.interpumpfluidsolutions.com\/fr\/about\/locations\/\",\"name\":\"Nos sites - Interpump France\",\"isPartOf\":{\"@id\":\"https:\/\/www.interpumpfluidsolutions.com\/fr\/#website\"},\"datePublished\":\"2017-11-20T13:26:52+00:00\",\"dateModified\":\"2025-02-14T07:43:18+00:00\",\"breadcrumb\":{\"@id\":\"https:\/\/www.interpumpfluidsolutions.com\/fr\/about\/locations\/#breadcrumb\"},\"inLanguage\":\"en-GB\",\"potentialAction\":[{\"@type\":\"ReadAction\",\"target\":[\"https:\/\/www.interpumpfluidsolutions.com\/fr\/about\/locations\/\"]}]},{\"@type\":\"BreadcrumbList\",\"@id\":\"https:\/\/www.interpumpfluidsolutions.com\/fr\/about\/locations\/#breadcrumb\",\"itemListElement\":[{\"@type\":\"ListItem\",\"position\":1,\"name\":\"Home\",\"item\":\"https:\/\/www.interpumpfluidsolutions.com\/fr\/home\/\"},{\"@type\":\"ListItem\",\"position\":2,\"name\":\"About\",\"item\":\"https:\/\/www.interpumpfluidsolutions.com\/fr\/about\/\"},{\"@type\":\"ListItem\",\"position\":3,\"name\":\"Nos sites\"}]},{\"@type\":\"WebSite\",\"@id\":\"https:\/\/www.interpumpfluidsolutions.com\/fr\/#website\",\"url\":\"https:\/\/www.interpumpfluidsolutions.com\/fr\/\",\"name\":\"Interpump France\",\"description\":\"Fluid Solutions\",\"potentialAction\":[{\"@type\":\"SearchAction\",\"target\":{\"@type\":\"EntryPoint\",\"urlTemplate\":\"https:\/\/www.interpumpfluidsolutions.com\/fr\/?s={search_term_string}\"},\"query-input\":{\"@type\":\"PropertyValueSpecification\",\"valueRequired\":true,\"valueName\":\"search_term_string\"}}],\"inLanguage\":\"en-GB\"}]}<\/script>\n<!-- \/ Yoast SEO plugin. -->","yoast_head_json":{"title":"Nos sites - Interpump France","robots":{"index":"noindex","follow":"follow","max-snippet":"max-snippet:-1","max-image-preview":"max-image-preview:large","max-video-preview":"max-video-preview:-1"},"og_locale":"en_GB","og_type":"article","og_title":"Nos sites - Interpump France","og_url":"https:\/\/www.interpumpfluidsolutions.com\/fr\/about\/locations\/","og_site_name":"Interpump France","article_modified_time":"2025-02-14T07:43:18+00:00","twitter_card":"summary_large_image","twitter_misc":{"Estimated reading time":"2 minutes"},"schema":{"@context":"https:\/\/schema.org","@graph":[{"@type":"WebPage","@id":"https:\/\/www.interpumpfluidsolutions.com\/fr\/about\/locations\/","url":"https:\/\/www.interpumpfluidsolutions.com\/fr\/about\/locations\/","name":"Nos sites - Interpump France","isPartOf":{"@id":"https:\/\/www.interpumpfluidsolutions.com\/fr\/#website"},"datePublished":"2017-11-20T13:26:52+00:00","dateModified":"2025-02-14T07:43:18+00:00","breadcrumb":{"@id":"https:\/\/www.interpumpfluidsolutions.com\/fr\/about\/locations\/#breadcrumb"},"inLanguage":"en-GB","potentialAction":[{"@type":"ReadAction","target":["https:\/\/www.interpumpfluidsolutions.com\/fr\/about\/locations\/"]}]},{"@type":"BreadcrumbList","@id":"https:\/\/www.interpumpfluidsolutions.com\/fr\/about\/locations\/#breadcrumb","itemListElement":[{"@type":"ListItem","position":1,"name":"Home","item":"https:\/\/www.interpumpfluidsolutions.com\/fr\/home\/"},{"@type":"ListItem","position":2,"name":"About","item":"https:\/\/www.interpumpfluidsolutions.com\/fr\/about\/"},{"@type":"ListItem","position":3,"name":"Nos sites"}]},{"@type":"WebSite","@id":"https:\/\/www.interpumpfluidsolutions.com\/fr\/#website","url":"https:\/\/www.interpumpfluidsolutions.com\/fr\/","name":"Interpump France","description":"Fluid Solutions","potentialAction":[{"@type":"SearchAction","target":{"@type":"EntryPoint","urlTemplate":"https:\/\/www.interpumpfluidsolutions.com\/fr\/?s={search_term_string}"},"query-input":{"@type":"PropertyValueSpecification","valueRequired":true,"valueName":"search_term_string"}}],"inLanguage":"en-GB"}]}},"_links":{"self":[{"href":"https:\/\/www.interpumpfluidsolutions.com\/fr\/wp-json\/wp\/v2\/pages\/215","targetHints":{"allow":["GET"]}}],"collection":[{"href":"https:\/\/www.interpumpfluidsolutions.com\/fr\/wp-json\/wp\/v2\/pages"}],"about":[{"href":"https:\/\/www.interpumpfluidsolutions.com\/fr\/wp-json\/wp\/v2\/types\/page"}],"author":[{"embeddable":true,"href":"https:\/\/www.interpumpfluidsolutions.com\/fr\/wp-json\/wp\/v2\/users\/3"}],"replies":[{"embeddable":true,"href":"https:\/\/www.interpumpfluidsolutions.com\/fr\/wp-json\/wp\/v2\/comments?post=215"}],"version-history":[{"count":22,"href":"https:\/\/www.interpumpfluidsolutions.com\/fr\/wp-json\/wp\/v2\/pages\/215\/revisions"}],"predecessor-version":[{"id":9247,"href":"https:\/\/www.interpumpfluidsolutions.com\/fr\/wp-json\/wp\/v2\/pages\/215\/revisions\/9247"}],"up":[{"embeddable":true,"href":"https:\/\/www.interpumpfluidsolutions.com\/fr\/wp-json\/wp\/v2\/pages\/56"}],"wp:attachment":[{"href":"https:\/\/www.interpumpfluidsolutions.com\/fr\/wp-json\/wp\/v2\/media?parent=215"}],"curies":[{"name":"wp","href":"https:\/\/api.w.org\/{rel}","templated":true}]}}