{"id":221,"date":"2017-11-20T13:30:05","date_gmt":"2017-11-20T13:30:05","guid":{"rendered":"https:\/\/www.interpumpfluidsolutions.com\/fr\/?page_id=221"},"modified":"2021-12-16T15:22:52","modified_gmt":"2021-12-16T15:22:52","slug":"security","status":"publish","type":"page","link":"https:\/\/www.interpumpfluidsolutions.com\/fr\/about\/security\/","title":{"rendered":"S\u00e9curit\u00e9"},"content":{"rendered":"\n<style type=\"text\/css\" data-created_by=\"avia_inline_auto\" id=\"style-css-av-av_one_full-15d750bd1b332b34c6e70b077ebbccdf\">\n.flex_column.av-av_one_full-15d750bd1b332b34c6e70b077ebbccdf{\nborder-radius:0px 0px 0px 0px;\npadding:0px 0px 0px 0px;\n}\n<\/style>\n<div  class='flex_column av-av_one_full-15d750bd1b332b34c6e70b077ebbccdf av_one_full  avia-builder-el-0  el_before_av_one_half  avia-builder-el-first  first flex_column_div av-zero-column-padding  '     ><style type=\"text\/css\" data-created_by=\"avia_inline_auto\" id=\"style-css-av-av_heading-dfed13883bf13796bbe2a861823834b3\">\n#top .av-special-heading.av-av_heading-dfed13883bf13796bbe2a861823834b3{\npadding-bottom:10px;\n}\nbody .av-special-heading.av-av_heading-dfed13883bf13796bbe2a861823834b3 .av-special-heading-tag .heading-char{\nfont-size:25px;\n}\n.av-special-heading.av-av_heading-dfed13883bf13796bbe2a861823834b3 .av-subheading{\nfont-size:15px;\n}\n<\/style>\n<div  class='av-special-heading av-av_heading-dfed13883bf13796bbe2a861823834b3 av-special-heading-h3  avia-builder-el-1  avia-builder-el-no-sibling '><h3 class='av-special-heading-tag'  itemprop=\"headline\"  >Politique de s\u00e9curit\u00e9<\/h3><div class=\"special-heading-border\"><div class=\"special-heading-inner-border\"><\/div><\/div><\/div><\/div>\n\n<style type=\"text\/css\" data-created_by=\"avia_inline_auto\" id=\"style-css-av-av_one_half-15d750bd1b332b34c6e70b077ebbccdf\">\n.flex_column.av-av_one_half-15d750bd1b332b34c6e70b077ebbccdf{\nborder-radius:0px 0px 0px 0px;\npadding:0px 0px 0px 0px;\n}\n<\/style>\n<div  class='flex_column av-av_one_half-15d750bd1b332b34c6e70b077ebbccdf av_one_half  avia-builder-el-2  el_after_av_one_full  el_before_av_one_half  first flex_column_div av-zero-column-padding  column-top-margin'     ><section  class='av_textblock_section av-av_textblock-2de302bf1aa3cf4c9157dbe6f50ac7eb '   itemscope=\"itemscope\" itemtype=\"https:\/\/schema.org\/CreativeWork\" ><div class='avia_textblock'  itemprop=\"text\" ><p>Le d\u00e9veloppement continue et l\u2019am\u00e9lioration de notre gamme produits nous a permis de mettre au point et d\u2019utiliser aujourd\u2019hui nos propres m\u00e9thodes de contr\u00f4le et de test pour v\u00e9rifier la compatibilit\u00e9 de tous nos composants.<br \/>\nLes certifications internationales attestent de la continuit\u00e9 des livraisons, du respect des standards qualitatifs et de la compatibilit\u00e9 des composants. Les certifications Bureau Veritas et Germanischer Lloyd garantissent l\u2019utilisation de m\u00e9thodes de test sp\u00e9cifiques. Les autres contr\u00f4les qualit\u00e9 sont ceux impos\u00e9s par l\u2019UNI (Association Italienne de Normalisation) et par l\u2019Association Italienne des Producteurs de Composants hydrauliques (ASSOFLUID).<br \/>\nLa pr\u00e9vention des risques professionnels sur le lieu de travail est \u00e9galement un des objectifs principaux de la IMM Hydraulics. Les salari\u00e9s doivent respecter les normes de s\u00e9curit\u00e9, tr\u00e8s strictes, mises en place par la direction.<br \/>\nNous sommes engag\u00e9s \u00e0 assurer pour un d\u00e9veloppement durable en minimisant l\u2019impact sur l\u2019environnement pour toutes les phases de la production.<br \/>\nNous sommes certifi\u00e9s BS OHSAS 18001:2007.<\/p>\n<\/div><\/section><\/div>\n<style type=\"text\/css\" data-created_by=\"avia_inline_auto\" id=\"style-css-av-av_one_half-c8fc129dc35fd1ae2a1e410224d39ea8\">\n.flex_column.av-av_one_half-c8fc129dc35fd1ae2a1e410224d39ea8{\nborder-radius:0px 0px 0px 0px;\npadding:0px 0px 0px 0px;\n}\n<\/style>\n<div  class='flex_column av-av_one_half-c8fc129dc35fd1ae2a1e410224d39ea8 av_one_half  avia-builder-el-4  el_after_av_one_half  avia-builder-el-last  flex_column_div av-zero-column-padding  column-top-margin'     ><style type=\"text\/css\" data-created_by=\"avia_inline_auto\" id=\"style-css-av-av_image-f55982f359e6916a381d2b91830b49ff\">\n.avia-image-container.av-av_image-f55982f359e6916a381d2b91830b49ff img.avia_image{\nbox-shadow:none;\n}\n.avia-image-container.av-av_image-f55982f359e6916a381d2b91830b49ff .av-image-caption-overlay-center{\ncolor:#ffffff;\n}\n<\/style>\n<div  class='avia-image-container av-av_image-f55982f359e6916a381d2b91830b49ff av-styling- av-hover-grow av-img-linked avia_animated_image av-animated-when-visible-95 av-rotateIn avia-align-center  avia-builder-el-5  avia-builder-el-no-sibling '   itemprop=\"image\" itemscope=\"itemscope\" itemtype=\"https:\/\/schema.org\/ImageObject\" ><div class=\"avia-image-container-inner\"><div class=\"avia-image-overlay-wrap\"><a href=\"https:\/\/www.interpumpfluidsolutions.com\/fr\/wp-content\/uploads\/sites\/13\/2017\/11\/sicurezza.jpg\" data-srcset=\"https:\/\/www.interpumpfluidsolutions.com\/fr\/wp-content\/uploads\/sites\/13\/2017\/11\/sicurezza.jpg 402w, https:\/\/www.interpumpfluidsolutions.com\/fr\/wp-content\/uploads\/sites\/13\/2017\/11\/sicurezza-212x300.jpg 212w\" data-sizes=\"(max-width: 402px) 100vw, 402px\" class='avia_image '  aria-label='sicurezza'><img decoding=\"async\" fetchpriority=\"high\" class='wp-image-327 avia-img-lazy-loading-not-327 avia_image ' src=\"https:\/\/www.interpumpfluidsolutions.com\/fr\/wp-content\/uploads\/sites\/13\/2017\/11\/sicurezza-212x300.jpg\" alt='Interpump Fluid Solutions Security Policy' title='sicurezza'  height=\"300\" width=\"212\"  itemprop=\"thumbnailUrl\" srcset=\"https:\/\/www.interpumpfluidsolutions.com\/fr\/wp-content\/uploads\/sites\/13\/2017\/11\/sicurezza-212x300.jpg 212w, https:\/\/www.interpumpfluidsolutions.com\/fr\/wp-content\/uploads\/sites\/13\/2017\/11\/sicurezza.jpg 402w\" sizes=\"(max-width: 212px) 100vw, 212px\" \/><\/a><\/div><\/div><\/div><\/div><\/p>\n","protected":false},"excerpt":{"rendered":"","protected":false},"author":3,"featured_media":0,"parent":56,"menu_order":5,"comment_status":"closed","ping_status":"closed","template":"","meta":{"footnotes":""},"class_list":["post-221","page","type-page","status-publish","hentry"],"yoast_head":"<!-- This site is optimized with the Yoast SEO plugin v26.2 - https:\/\/yoast.com\/wordpress\/plugins\/seo\/ -->\n<title>S\u00e9curit\u00e9 - Interpump France<\/title>\n<meta name=\"robots\" content=\"noindex, follow, max-snippet:-1, max-image-preview:large, max-video-preview:-1\" \/>\n<meta property=\"og:locale\" content=\"en_GB\" \/>\n<meta property=\"og:type\" content=\"article\" \/>\n<meta property=\"og:title\" content=\"S\u00e9curit\u00e9 - Interpump France\" \/>\n<meta property=\"og:url\" content=\"https:\/\/www.interpumpfluidsolutions.com\/fr\/about\/security\/\" \/>\n<meta property=\"og:site_name\" content=\"Interpump France\" \/>\n<meta property=\"article:modified_time\" content=\"2021-12-16T15:22:52+00:00\" \/>\n<meta name=\"twitter:card\" content=\"summary_large_image\" \/>\n<meta name=\"twitter:label1\" content=\"Estimated reading time\" \/>\n\t<meta name=\"twitter:data1\" content=\"2 minutes\" \/>\n<script type=\"application\/ld+json\" class=\"yoast-schema-graph\">{\"@context\":\"https:\/\/schema.org\",\"@graph\":[{\"@type\":\"WebPage\",\"@id\":\"https:\/\/www.interpumpfluidsolutions.com\/fr\/about\/security\/\",\"url\":\"https:\/\/www.interpumpfluidsolutions.com\/fr\/about\/security\/\",\"name\":\"S\u00e9curit\u00e9 - Interpump France\",\"isPartOf\":{\"@id\":\"https:\/\/www.interpumpfluidsolutions.com\/fr\/#website\"},\"datePublished\":\"2017-11-20T13:30:05+00:00\",\"dateModified\":\"2021-12-16T15:22:52+00:00\",\"breadcrumb\":{\"@id\":\"https:\/\/www.interpumpfluidsolutions.com\/fr\/about\/security\/#breadcrumb\"},\"inLanguage\":\"en-GB\",\"potentialAction\":[{\"@type\":\"ReadAction\",\"target\":[\"https:\/\/www.interpumpfluidsolutions.com\/fr\/about\/security\/\"]}]},{\"@type\":\"BreadcrumbList\",\"@id\":\"https:\/\/www.interpumpfluidsolutions.com\/fr\/about\/security\/#breadcrumb\",\"itemListElement\":[{\"@type\":\"ListItem\",\"position\":1,\"name\":\"Home\",\"item\":\"https:\/\/www.interpumpfluidsolutions.com\/fr\/home\/\"},{\"@type\":\"ListItem\",\"position\":2,\"name\":\"About\",\"item\":\"https:\/\/www.interpumpfluidsolutions.com\/fr\/about\/\"},{\"@type\":\"ListItem\",\"position\":3,\"name\":\"S\u00e9curit\u00e9\"}]},{\"@type\":\"WebSite\",\"@id\":\"https:\/\/www.interpumpfluidsolutions.com\/fr\/#website\",\"url\":\"https:\/\/www.interpumpfluidsolutions.com\/fr\/\",\"name\":\"Interpump France\",\"description\":\"Fluid Solutions\",\"potentialAction\":[{\"@type\":\"SearchAction\",\"target\":{\"@type\":\"EntryPoint\",\"urlTemplate\":\"https:\/\/www.interpumpfluidsolutions.com\/fr\/?s={search_term_string}\"},\"query-input\":{\"@type\":\"PropertyValueSpecification\",\"valueRequired\":true,\"valueName\":\"search_term_string\"}}],\"inLanguage\":\"en-GB\"}]}<\/script>\n<!-- \/ Yoast SEO plugin. -->","yoast_head_json":{"title":"S\u00e9curit\u00e9 - Interpump France","robots":{"index":"noindex","follow":"follow","max-snippet":"max-snippet:-1","max-image-preview":"max-image-preview:large","max-video-preview":"max-video-preview:-1"},"og_locale":"en_GB","og_type":"article","og_title":"S\u00e9curit\u00e9 - Interpump France","og_url":"https:\/\/www.interpumpfluidsolutions.com\/fr\/about\/security\/","og_site_name":"Interpump France","article_modified_time":"2021-12-16T15:22:52+00:00","twitter_card":"summary_large_image","twitter_misc":{"Estimated reading time":"2 minutes"},"schema":{"@context":"https:\/\/schema.org","@graph":[{"@type":"WebPage","@id":"https:\/\/www.interpumpfluidsolutions.com\/fr\/about\/security\/","url":"https:\/\/www.interpumpfluidsolutions.com\/fr\/about\/security\/","name":"S\u00e9curit\u00e9 - Interpump France","isPartOf":{"@id":"https:\/\/www.interpumpfluidsolutions.com\/fr\/#website"},"datePublished":"2017-11-20T13:30:05+00:00","dateModified":"2021-12-16T15:22:52+00:00","breadcrumb":{"@id":"https:\/\/www.interpumpfluidsolutions.com\/fr\/about\/security\/#breadcrumb"},"inLanguage":"en-GB","potentialAction":[{"@type":"ReadAction","target":["https:\/\/www.interpumpfluidsolutions.com\/fr\/about\/security\/"]}]},{"@type":"BreadcrumbList","@id":"https:\/\/www.interpumpfluidsolutions.com\/fr\/about\/security\/#breadcrumb","itemListElement":[{"@type":"ListItem","position":1,"name":"Home","item":"https:\/\/www.interpumpfluidsolutions.com\/fr\/home\/"},{"@type":"ListItem","position":2,"name":"About","item":"https:\/\/www.interpumpfluidsolutions.com\/fr\/about\/"},{"@type":"ListItem","position":3,"name":"S\u00e9curit\u00e9"}]},{"@type":"WebSite","@id":"https:\/\/www.interpumpfluidsolutions.com\/fr\/#website","url":"https:\/\/www.interpumpfluidsolutions.com\/fr\/","name":"Interpump France","description":"Fluid Solutions","potentialAction":[{"@type":"SearchAction","target":{"@type":"EntryPoint","urlTemplate":"https:\/\/www.interpumpfluidsolutions.com\/fr\/?s={search_term_string}"},"query-input":{"@type":"PropertyValueSpecification","valueRequired":true,"valueName":"search_term_string"}}],"inLanguage":"en-GB"}]}},"_links":{"self":[{"href":"https:\/\/www.interpumpfluidsolutions.com\/fr\/wp-json\/wp\/v2\/pages\/221","targetHints":{"allow":["GET"]}}],"collection":[{"href":"https:\/\/www.interpumpfluidsolutions.com\/fr\/wp-json\/wp\/v2\/pages"}],"about":[{"href":"https:\/\/www.interpumpfluidsolutions.com\/fr\/wp-json\/wp\/v2\/types\/page"}],"author":[{"embeddable":true,"href":"https:\/\/www.interpumpfluidsolutions.com\/fr\/wp-json\/wp\/v2\/users\/3"}],"replies":[{"embeddable":true,"href":"https:\/\/www.interpumpfluidsolutions.com\/fr\/wp-json\/wp\/v2\/comments?post=221"}],"version-history":[{"count":8,"href":"https:\/\/www.interpumpfluidsolutions.com\/fr\/wp-json\/wp\/v2\/pages\/221\/revisions"}],"predecessor-version":[{"id":3299,"href":"https:\/\/www.interpumpfluidsolutions.com\/fr\/wp-json\/wp\/v2\/pages\/221\/revisions\/3299"}],"up":[{"embeddable":true,"href":"https:\/\/www.interpumpfluidsolutions.com\/fr\/wp-json\/wp\/v2\/pages\/56"}],"wp:attachment":[{"href":"https:\/\/www.interpumpfluidsolutions.com\/fr\/wp-json\/wp\/v2\/media?parent=221"}],"curies":[{"name":"wp","href":"https:\/\/api.w.org\/{rel}","templated":true}]}}