{"id":224,"date":"2017-11-20T13:30:28","date_gmt":"2017-11-20T13:30:28","guid":{"rendered":"https:\/\/www.interpumpfluidsolutions.com\/fr\/?page_id=224"},"modified":"2025-03-17T15:36:50","modified_gmt":"2025-03-17T15:36:50","slug":"certification","status":"publish","type":"page","link":"https:\/\/www.interpumpfluidsolutions.com\/fr\/about\/certification\/","title":{"rendered":"Certification"},"content":{"rendered":"\n<style type=\"text\/css\" data-created_by=\"avia_inline_auto\" id=\"style-css-av-1fvl74-5e31fd7120da2f085e44ba5136fd4016\">\n.flex_column.av-1fvl74-5e31fd7120da2f085e44ba5136fd4016{\nborder-radius:0px 0px 0px 0px;\npadding:0px 0px 0px 0px;\n}\n<\/style>\n<div  class='flex_column av-1fvl74-5e31fd7120da2f085e44ba5136fd4016 av_one_full  avia-builder-el-0  el_before_av_one_half  avia-builder-el-first  first flex_column_div av-zero-column-padding  '     ><style type=\"text\/css\" data-created_by=\"avia_inline_auto\" id=\"style-css-av-49ym0-80629ebe2f860a40b6ce22fd0b0d0470\">\n#top .av-special-heading.av-49ym0-80629ebe2f860a40b6ce22fd0b0d0470{\npadding-bottom:10px;\n}\nbody .av-special-heading.av-49ym0-80629ebe2f860a40b6ce22fd0b0d0470 .av-special-heading-tag .heading-char{\nfont-size:25px;\n}\n.av-special-heading.av-49ym0-80629ebe2f860a40b6ce22fd0b0d0470 .av-subheading{\nfont-size:15px;\n}\n<\/style>\n<div  class='av-special-heading av-49ym0-80629ebe2f860a40b6ce22fd0b0d0470 av-special-heading-h3  avia-builder-el-1  avia-builder-el-no-sibling '><h3 class='av-special-heading-tag'  itemprop=\"headline\"  >Certification<\/h3><div class=\"special-heading-border\"><div class=\"special-heading-inner-border\"><\/div><\/div><\/div><\/div>\n\n<style type=\"text\/css\" data-created_by=\"avia_inline_auto\" id=\"style-css-av-42ly8-2ae0a86bc3c218382d56f8ae7ffc1545\">\n.flex_column.av-42ly8-2ae0a86bc3c218382d56f8ae7ffc1545{\nborder-radius:0px 0px 0px 0px;\npadding:0px 0px 0px 0px;\n}\n<\/style>\n<div  class='flex_column av-42ly8-2ae0a86bc3c218382d56f8ae7ffc1545 av_one_half  avia-builder-el-2  el_after_av_one_full  el_before_av_one_half  first flex_column_div av-zero-column-padding  column-top-margin'     ><p>\n<style type=\"text\/css\" data-created_by=\"avia_inline_auto\" id=\"style-css-av-y0rzs-d5f6b929a3a4b19aa18cfd56bb1d791d\">\n.avia-image-container.av-y0rzs-d5f6b929a3a4b19aa18cfd56bb1d791d img.avia_image{\nbox-shadow:none;\n}\n.avia-image-container.av-y0rzs-d5f6b929a3a4b19aa18cfd56bb1d791d .av-image-caption-overlay-center{\ncolor:#ffffff;\n}\n<\/style>\n<div  class='avia-image-container av-y0rzs-d5f6b929a3a4b19aa18cfd56bb1d791d av-styling- av-hover-grow av-img-linked avia_animated_image av-animated-when-visible-95 av-rotateIn avia-align-center  avia-builder-el-3  el_before_av_textblock  avia-builder-el-first '   itemprop=\"image\" itemscope=\"itemscope\" itemtype=\"https:\/\/schema.org\/ImageObject\" ><div class=\"avia-image-container-inner\"><div class=\"avia-image-overlay-wrap\"><a href=\"https:\/\/www.interpumpfluidsolutions.com\/fr\/wp-content\/uploads\/sites\/13\/2017\/11\/certificati-group.jpg\" data-srcset=\"https:\/\/www.interpumpfluidsolutions.com\/fr\/wp-content\/uploads\/sites\/13\/2017\/11\/certificati-group.jpg 393w, https:\/\/www.interpumpfluidsolutions.com\/fr\/wp-content\/uploads\/sites\/13\/2017\/11\/certificati-group-260x300.jpg 260w\" data-sizes=\"(max-width: 393px) 100vw, 393px\" class='avia_image '  aria-label='certificati-group'><img decoding=\"async\" fetchpriority=\"high\" class='wp-image-333 avia-img-lazy-loading-not-333 avia_image ' src=\"https:\/\/www.interpumpfluidsolutions.com\/fr\/wp-content\/uploads\/sites\/13\/2017\/11\/certificati-group-260x300.jpg\" alt='Interpump Fluid Solutions Certification' title='certificati-group'  height=\"300\" width=\"260\"  itemprop=\"thumbnailUrl\" srcset=\"https:\/\/www.interpumpfluidsolutions.com\/fr\/wp-content\/uploads\/sites\/13\/2017\/11\/certificati-group-260x300.jpg 260w, https:\/\/www.interpumpfluidsolutions.com\/fr\/wp-content\/uploads\/sites\/13\/2017\/11\/certificati-group.jpg 393w\" sizes=\"(max-width: 260px) 100vw, 260px\" \/><\/a><\/div><\/div><\/div><br \/>\n<section  class='av_textblock_section av-2ybc0-6b35cffb20f5cffa7cd2efcbadf787bf '   itemscope=\"itemscope\" itemtype=\"https:\/\/schema.org\/CreativeWork\" ><div class='avia_textblock'  itemprop=\"text\" ><blockquote>\n<p>Dans le cadre du d\u00e9veloppement de notre gamme nous avons mis au point une s\u00e9rie de proc\u00e9dures de contr\u00f4le et de test qui garantissent la qualit\u00e9 et la compatibilit\u00e9 de nos composants.<br \/>\nLe groupe a \u00e9t\u00e9 certifi\u00e9 par les plus importants Organismes Internationaux.<\/p>\n<\/blockquote>\n<\/div><\/section><br \/>\n<div  class='avia-button-wrap avia-button-center  avia-builder-el-5  el_after_av_textblock  avia-builder-el-last '>\n<style type=\"text\/css\" data-created_by=\"avia_inline_auto\" id=\"style-css-av-np21s-bb27a06b3f13643b34cd06736a01d096\">\n#top #wrap_all .avia-button.av-np21s-bb27a06b3f13643b34cd06736a01d096:hover{\ncolor:white;\ntransition:all 0.4s ease-in-out;\n}\n<\/style>\n<a href='https:\/\/www.interpumpfluidsolutions.com\/fr\/wp-content\/uploads\/sites\/13\/2025\/01\/tabella-certificazioni.pdf' class='avia-color-theme-color avia-font-color-theme-color avia-button avia-button-fullwidth av-np21s-bb27a06b3f13643b34cd06736a01d096 avia-icon_select-no avia-color-theme-color'  target=\"_blank\"  rel=\"noopener noreferrer\" ><span class='avia_iconbox_title' >Liste Certificats<\/span><span class='avia_button_background avia-button avia-button-fullwidth avia-color-theme-color'><\/span><\/a><\/div><\/p><\/div>\n<style type=\"text\/css\" data-created_by=\"avia_inline_auto\" id=\"style-css-av-gv6yw-8cf129a2a3834a350650076704643569\">\n.flex_column.av-gv6yw-8cf129a2a3834a350650076704643569{\nborder-radius:0px 0px 0px 0px;\npadding:0px 0px 0px 0px;\n}\n<\/style>\n<div  class='flex_column av-gv6yw-8cf129a2a3834a350650076704643569 av_one_half  avia-builder-el-6  el_after_av_one_half  avia-builder-el-last  flex_column_div av-zero-column-padding  column-top-margin'     ><section  class='av_textblock_section av-td9s-9d0d01debd8488677fe9ae376e6b4a9d '   itemscope=\"itemscope\" itemtype=\"https:\/\/schema.org\/CreativeWork\" ><div class='avia_textblock'  itemprop=\"text\" ><p>La s\u00e9curit\u00e9, la fiabilit\u00e9 et le niveau de performance \u00e9lev\u00e9 sont reconnus par des organismes de certification tels que DNV-GL, Bureau Veritas, Lloyd&#8217;s Register, RINA, Korean Register et Nippon Register qui ont publi\u00e9 les approbations et la certification de produit correspondantes apr\u00e8s un audit d\u00e9di\u00e9 et des tests contr\u00f4l\u00e9s avec succ\u00e8s.<\/p>\n<p>I.M.M. Hydraulics est membre de l&#8217;UNI (organisme italien de normalisation) et de l&#8217;ASSOFLUID (Association italienne des op\u00e9rateurs et fabricants d&#8217;hydraulique et de pneumatique). Il s&#8217;agit d&#8217;une valeur ajout\u00e9e coh\u00e9rente afin d&#8217;\u00eatre toujours \u00e0 jour et inform\u00e9 sur les normes, les applications et les solutions.<\/p>\n<table>\n<tbody>\n<tr>\n<td colspan=\"2\" width=\"330\"><strong>Management System<\/strong><\/td>\n<td width=\"311\"><strong>Certifying<\/strong><strong> Body<\/strong><\/td>\n<\/tr>\n<tr>\n<td width=\"151\">Quality<\/td>\n<td width=\"180\"><strong>ISO 9001:2015<\/strong><\/td>\n<td width=\"311\"><strong>DNV-GL<\/strong><\/td>\n<\/tr>\n<tr>\n<td width=\"151\">Environment<\/td>\n<td width=\"180\"><strong>ISO 14001:2015<\/strong><\/td>\n<td width=\"311\"><strong>DNV-GL<\/strong><\/td>\n<\/tr>\n<tr>\n<td width=\"151\">Health and Safety<\/td>\n<td width=\"180\"><strong>ISO 45001:2018 <\/strong><\/td>\n<td width=\"311\"><strong>DNV-GL<\/strong><\/td>\n<\/tr>\n<\/tbody>\n<\/table>\n<p><strong>\u00a0<\/strong><\/p>\n<table>\n<tbody>\n<tr>\n<td colspan=\"2\" width=\"642\"><strong>Type Approvals<\/strong><\/td>\n<\/tr>\n<tr>\n<td width=\"151\"><strong>DNV-GL<\/strong><\/td>\n<td width=\"491\">Hypress 4SP, Hypress 4SH, HIPAC\/LONGLIFE 2SC, KAIZEN 2SN<\/p>\n<p>HyGreen 4SH, HyGreen R13, HyGreen R15, MARATHON MSHA, Hypress R17 MSHA, Hypress 2SC MSHA<\/td>\n<\/tr>\n<tr>\n<td width=\"151\"><strong>ABS<\/strong><\/td>\n<td width=\"491\">Hypress R17 MSHA, Hypress 2SC MSHA, HIPAC\/LONGLIFE 2SC, KAIZEN 2SN, Hypress 1SC, MARATHON MSHA, Hypress 4SH, Hypress R13, Hypress R15, HyGreen 4SH, HyGreen R13, HyGreen R15<\/td>\n<\/tr>\n<tr>\n<td width=\"151\"><strong>LLOYD\u2019s Register<\/strong><\/td>\n<td width=\"491\">Hypress 2SC, HIPAC\/LONGLIFE 2SC, Hypress 2SN, KAZIEN 2SN, HyGreen 4SH, HyGreen R13, HyGreen R15, Marathon MSHA, Hypress R17 MSHA, Hypress 2SC MSHA<\/td>\n<\/tr>\n<tr>\n<td width=\"151\"><strong>RINA <\/strong><\/td>\n<td width=\"491\">HIPAC\/LONGLIFE 2SC, KAIZEN 2SN<\/td>\n<\/tr>\n<tr>\n<td width=\"151\"><strong>Bureau Veritas<\/strong><\/td>\n<td width=\"491\">HyGreen 4SH, HyGreen R13, HyGreen R15, Hypress 2SC MSHA, Hypress R17 MSHA, HIPAC 2SC MSHA &amp; MARATHON MSHA, HIPAC 1SC, LongLife 1SC, HIPAC 2SC, LongLife 2SC, KAIZEN 2SN, Hypress 4SH, Hypress 4SP, Hypress R15<\/td>\n<\/tr>\n<tr>\n<td width=\"151\"><strong>K<\/strong><strong>R<\/strong><\/td>\n<td width=\"491\">Hygreen 4SH, R13, R15, Hypress 4SH, Hypress 4SP, Hypress R15, Hypress R17, Hypress 2SC, Marathon 2SC, Kaizen 2SN, HIPAC 1SC, HIPAC 2SC, LongLife 1SC, LongLife 2SC<\/td>\n<\/tr>\n<tr>\n<td width=\"151\"><strong>NKK<\/strong><\/td>\n<td width=\"491\">INTERPUMP Hypress R17, INTERPUMP Hypress 4SH, INTERPUMP KAIZEN 2SN, INTERPUMP HIPAC 1SC&amp;2SC &#8211; LONGLIFE 1SC&amp;2SC, INTERPUMP Hypress 4SP, INTERPUMP Hypress 2SC, INTERPUMP Marathon, HyGreen 4SH, HyGreen R13, HyGreen R15<\/td>\n<\/tr>\n<tr>\n<td width=\"151\"><strong>CCS<\/strong><\/td>\n<td width=\"491\">INTERPUMP Hypress R17, INTERPUMP Hypress 1SC&amp;2SC, INTERPUMP KAIZEN 2SN, INTERPUMP HIPAC\/LONGLIFE 1SC&amp;2SC, INTERPUMP Hypress 4SP, INTERPUMP Marathon, HyGreen 4SH, HyGreen R13, HyGreen R15<\/td>\n<\/tr>\n<\/tbody>\n<\/table>\n<p><strong>\u00a0<\/strong><\/p>\n<p><strong>\u00a0<\/strong><\/p>\n<table>\n<tbody>\n<tr>\n<td colspan=\"2\" width=\"642\"><strong>Special Certification<\/strong><\/td>\n<\/tr>\n<tr>\n<td width=\"151\"><strong>MSHA<\/strong><\/td>\n<td width=\"491\">Cover Compound<\/td>\n<\/tr>\n<tr>\n<td width=\"151\"><strong>LAPI \u2013 EN 45545-2<\/strong><\/td>\n<td width=\"491\">Hose HyRail<\/td>\n<\/tr>\n<\/tbody>\n<\/table>\n<p><strong>\u00a0<\/strong><\/p>\n<table>\n<tbody>\n<tr>\n<td colspan=\"2\" width=\"642\"><strong>Marine Equipment Directive <\/strong><\/td>\n<\/tr>\n<tr>\n<td width=\"151\"><strong>DNV-GL<\/strong><\/td>\n<td width=\"491\">MED-D (HIPAC 2SC, KAIZEN 2SN, Hypress 4SP, Hypress 4SH, HyGreen 4SH, HyGreen R13, HyGreen R15, Hypress R17, Hypress 2SC, MARATHON)<\/td>\n<\/tr>\n<\/tbody>\n<\/table>\n<p><strong>\u00a0<\/strong><\/p>\n<p><strong>\u00a0<\/strong><\/p>\n<p><strong>Regulatory <\/strong><strong>Compliance<\/strong><strong><br \/>\n<\/strong>\u2013 RoHS<br \/>\n\u2013 REACH<\/p>\n<p><strong>Collaborations\/Associations<br \/>\n<\/strong>\u2013 ASSOFLUID<br \/>\n\u2013 UNI<\/p>\n<\/div><\/section><\/div><\/p>\n","protected":false},"excerpt":{"rendered":"","protected":false},"author":3,"featured_media":0,"parent":56,"menu_order":6,"comment_status":"closed","ping_status":"closed","template":"","meta":{"footnotes":""},"class_list":["post-224","page","type-page","status-publish","hentry"],"yoast_head":"<!-- This site is optimized with the Yoast SEO plugin v26.2 - https:\/\/yoast.com\/wordpress\/plugins\/seo\/ -->\n<title>Certification - Interpump France<\/title>\n<meta name=\"robots\" content=\"noindex, follow, max-snippet:-1, max-image-preview:large, max-video-preview:-1\" \/>\n<meta property=\"og:locale\" content=\"en_GB\" \/>\n<meta property=\"og:type\" content=\"article\" \/>\n<meta property=\"og:title\" content=\"Certification - Interpump France\" \/>\n<meta property=\"og:url\" content=\"https:\/\/www.interpumpfluidsolutions.com\/fr\/about\/certification\/\" \/>\n<meta property=\"og:site_name\" content=\"Interpump France\" \/>\n<meta property=\"article:modified_time\" content=\"2025-03-17T15:36:50+00:00\" \/>\n<meta name=\"twitter:card\" content=\"summary_large_image\" \/>\n<meta name=\"twitter:label1\" content=\"Estimated reading time\" \/>\n\t<meta name=\"twitter:data1\" content=\"2 minutes\" \/>\n<script type=\"application\/ld+json\" class=\"yoast-schema-graph\">{\"@context\":\"https:\/\/schema.org\",\"@graph\":[{\"@type\":\"WebPage\",\"@id\":\"https:\/\/www.interpumpfluidsolutions.com\/fr\/about\/certification\/\",\"url\":\"https:\/\/www.interpumpfluidsolutions.com\/fr\/about\/certification\/\",\"name\":\"Certification - Interpump France\",\"isPartOf\":{\"@id\":\"https:\/\/www.interpumpfluidsolutions.com\/fr\/#website\"},\"datePublished\":\"2017-11-20T13:30:28+00:00\",\"dateModified\":\"2025-03-17T15:36:50+00:00\",\"breadcrumb\":{\"@id\":\"https:\/\/www.interpumpfluidsolutions.com\/fr\/about\/certification\/#breadcrumb\"},\"inLanguage\":\"en-GB\",\"potentialAction\":[{\"@type\":\"ReadAction\",\"target\":[\"https:\/\/www.interpumpfluidsolutions.com\/fr\/about\/certification\/\"]}]},{\"@type\":\"BreadcrumbList\",\"@id\":\"https:\/\/www.interpumpfluidsolutions.com\/fr\/about\/certification\/#breadcrumb\",\"itemListElement\":[{\"@type\":\"ListItem\",\"position\":1,\"name\":\"Home\",\"item\":\"https:\/\/www.interpumpfluidsolutions.com\/fr\/home\/\"},{\"@type\":\"ListItem\",\"position\":2,\"name\":\"About\",\"item\":\"https:\/\/www.interpumpfluidsolutions.com\/fr\/about\/\"},{\"@type\":\"ListItem\",\"position\":3,\"name\":\"Certification\"}]},{\"@type\":\"WebSite\",\"@id\":\"https:\/\/www.interpumpfluidsolutions.com\/fr\/#website\",\"url\":\"https:\/\/www.interpumpfluidsolutions.com\/fr\/\",\"name\":\"Interpump France\",\"description\":\"Fluid Solutions\",\"potentialAction\":[{\"@type\":\"SearchAction\",\"target\":{\"@type\":\"EntryPoint\",\"urlTemplate\":\"https:\/\/www.interpumpfluidsolutions.com\/fr\/?s={search_term_string}\"},\"query-input\":{\"@type\":\"PropertyValueSpecification\",\"valueRequired\":true,\"valueName\":\"search_term_string\"}}],\"inLanguage\":\"en-GB\"}]}<\/script>\n<!-- \/ Yoast SEO plugin. -->","yoast_head_json":{"title":"Certification - Interpump France","robots":{"index":"noindex","follow":"follow","max-snippet":"max-snippet:-1","max-image-preview":"max-image-preview:large","max-video-preview":"max-video-preview:-1"},"og_locale":"en_GB","og_type":"article","og_title":"Certification - Interpump France","og_url":"https:\/\/www.interpumpfluidsolutions.com\/fr\/about\/certification\/","og_site_name":"Interpump France","article_modified_time":"2025-03-17T15:36:50+00:00","twitter_card":"summary_large_image","twitter_misc":{"Estimated reading time":"2 minutes"},"schema":{"@context":"https:\/\/schema.org","@graph":[{"@type":"WebPage","@id":"https:\/\/www.interpumpfluidsolutions.com\/fr\/about\/certification\/","url":"https:\/\/www.interpumpfluidsolutions.com\/fr\/about\/certification\/","name":"Certification - Interpump France","isPartOf":{"@id":"https:\/\/www.interpumpfluidsolutions.com\/fr\/#website"},"datePublished":"2017-11-20T13:30:28+00:00","dateModified":"2025-03-17T15:36:50+00:00","breadcrumb":{"@id":"https:\/\/www.interpumpfluidsolutions.com\/fr\/about\/certification\/#breadcrumb"},"inLanguage":"en-GB","potentialAction":[{"@type":"ReadAction","target":["https:\/\/www.interpumpfluidsolutions.com\/fr\/about\/certification\/"]}]},{"@type":"BreadcrumbList","@id":"https:\/\/www.interpumpfluidsolutions.com\/fr\/about\/certification\/#breadcrumb","itemListElement":[{"@type":"ListItem","position":1,"name":"Home","item":"https:\/\/www.interpumpfluidsolutions.com\/fr\/home\/"},{"@type":"ListItem","position":2,"name":"About","item":"https:\/\/www.interpumpfluidsolutions.com\/fr\/about\/"},{"@type":"ListItem","position":3,"name":"Certification"}]},{"@type":"WebSite","@id":"https:\/\/www.interpumpfluidsolutions.com\/fr\/#website","url":"https:\/\/www.interpumpfluidsolutions.com\/fr\/","name":"Interpump France","description":"Fluid Solutions","potentialAction":[{"@type":"SearchAction","target":{"@type":"EntryPoint","urlTemplate":"https:\/\/www.interpumpfluidsolutions.com\/fr\/?s={search_term_string}"},"query-input":{"@type":"PropertyValueSpecification","valueRequired":true,"valueName":"search_term_string"}}],"inLanguage":"en-GB"}]}},"_links":{"self":[{"href":"https:\/\/www.interpumpfluidsolutions.com\/fr\/wp-json\/wp\/v2\/pages\/224","targetHints":{"allow":["GET"]}}],"collection":[{"href":"https:\/\/www.interpumpfluidsolutions.com\/fr\/wp-json\/wp\/v2\/pages"}],"about":[{"href":"https:\/\/www.interpumpfluidsolutions.com\/fr\/wp-json\/wp\/v2\/types\/page"}],"author":[{"embeddable":true,"href":"https:\/\/www.interpumpfluidsolutions.com\/fr\/wp-json\/wp\/v2\/users\/3"}],"replies":[{"embeddable":true,"href":"https:\/\/www.interpumpfluidsolutions.com\/fr\/wp-json\/wp\/v2\/comments?post=224"}],"version-history":[{"count":17,"href":"https:\/\/www.interpumpfluidsolutions.com\/fr\/wp-json\/wp\/v2\/pages\/224\/revisions"}],"predecessor-version":[{"id":9254,"href":"https:\/\/www.interpumpfluidsolutions.com\/fr\/wp-json\/wp\/v2\/pages\/224\/revisions\/9254"}],"up":[{"embeddable":true,"href":"https:\/\/www.interpumpfluidsolutions.com\/fr\/wp-json\/wp\/v2\/pages\/56"}],"wp:attachment":[{"href":"https:\/\/www.interpumpfluidsolutions.com\/fr\/wp-json\/wp\/v2\/media?parent=224"}],"curies":[{"name":"wp","href":"https:\/\/api.w.org\/{rel}","templated":true}]}}