{"id":9104,"date":"2024-01-19T07:58:00","date_gmt":"2024-01-19T07:58:00","guid":{"rendered":"https:\/\/www.interpumpfluidsolutions.com\/fr\/?page_id=9104"},"modified":"2025-07-31T11:59:24","modified_gmt":"2025-07-31T10:59:24","slug":"gestion-des-rapports-de-denonciation","status":"publish","type":"page","link":"https:\/\/www.interpumpfluidsolutions.com\/fr\/gestion-des-rapports-de-denonciation\/","title":{"rendered":"Gestion des Rapports de D\u00e9nonciation"},"content":{"rendered":"\n<style type=\"text\/css\" data-created_by=\"avia_inline_auto\" id=\"style-css-av-95lc34-7a1b717b6e4708b5379167bfb9313190\">\n.avia-image-container.av-95lc34-7a1b717b6e4708b5379167bfb9313190 img.avia_image{\nbox-shadow:none;\n}\n.avia-image-container.av-95lc34-7a1b717b6e4708b5379167bfb9313190 .av-caption-image-overlay-bg{\nopacity:0.4;\nbackground-color:#000000;\n}\n.avia-image-container.av-95lc34-7a1b717b6e4708b5379167bfb9313190 .av-image-caption-overlay-center{\ncolor:#ffffff;\nfont-size:28px;\n}\n<\/style>\n<div  class='avia-image-container av-95lc34-7a1b717b6e4708b5379167bfb9313190 av-styling- av-hover-grow avia_animated_image av-animated-when-visible-95 fade-in avia-align-center  avia-builder-el-0  el_before_av_hr  avia-builder-el-first  noHover av-overlay-hover-deactivate'   itemprop=\"image\" itemscope=\"itemscope\" itemtype=\"https:\/\/schema.org\/ImageObject\" ><div class=\"avia-image-container-inner\"><div class=\"avia-image-overlay-wrap\"><div class=\"av-image-caption-overlay\"><div class=\"av-caption-image-overlay-bg\"><\/div><div class=\"av-image-caption-overlay-position\"><div class=\"av-image-caption-overlay-center\"><p>Gestion des Rapports de D\u00e9nonciation<\/p>\n<\/div><\/div><\/div><img decoding=\"async\" fetchpriority=\"high\" class='wp-image-9109 avia-img-lazy-loading-not-9109 avia_image ' src=\"https:\/\/www.interpumpfluidsolutions.com\/fr\/wp-content\/uploads\/sites\/13\/2024\/01\/InterpumpGroup-1500x430-fr.jpg\" alt='' title='InterpumpGroup-1500x430-fr'  height=\"430\" width=\"1500\"  itemprop=\"thumbnailUrl\" srcset=\"https:\/\/www.interpumpfluidsolutions.com\/fr\/wp-content\/uploads\/sites\/13\/2024\/01\/InterpumpGroup-1500x430-fr.jpg 1500w, https:\/\/www.interpumpfluidsolutions.com\/fr\/wp-content\/uploads\/sites\/13\/2024\/01\/InterpumpGroup-1500x430-fr-300x86.jpg 300w, https:\/\/www.interpumpfluidsolutions.com\/fr\/wp-content\/uploads\/sites\/13\/2024\/01\/InterpumpGroup-1500x430-fr-1030x295.jpg 1030w, https:\/\/www.interpumpfluidsolutions.com\/fr\/wp-content\/uploads\/sites\/13\/2024\/01\/InterpumpGroup-1500x430-fr-768x220.jpg 768w, https:\/\/www.interpumpfluidsolutions.com\/fr\/wp-content\/uploads\/sites\/13\/2024\/01\/InterpumpGroup-1500x430-fr-705x202.jpg 705w, https:\/\/www.interpumpfluidsolutions.com\/fr\/wp-content\/uploads\/sites\/13\/2024\/01\/InterpumpGroup-1500x430-fr-450x129.jpg 450w\" sizes=\"(max-width: 1500px) 100vw, 1500px\" \/><\/div><\/div><\/div>\n\n<style type=\"text\/css\" data-created_by=\"avia_inline_auto\" id=\"style-css-av-71kxa8-7408a5515d0245f9bdd2b95ae98b9b64\">\n#top .hr.hr-invisible.av-71kxa8-7408a5515d0245f9bdd2b95ae98b9b64{\nheight:20px;\n}\n<\/style>\n<div  class='hr av-71kxa8-7408a5515d0245f9bdd2b95ae98b9b64 hr-invisible  avia-builder-el-1  el_after_av_image  el_before_av_textblock '><span class='hr-inner '><span class=\"hr-inner-style\"><\/span><\/span><\/div>\n<section  class='av_textblock_section av-64207k-0d2a1b709ff51ee1989adf6818db50e4 '   itemscope=\"itemscope\" itemtype=\"https:\/\/schema.org\/CreativeWork\" ><div class='avia_textblock'  itemprop=\"text\" ><p><strong>IFS France SARL <\/strong>met \u00e0 disposition diff\u00e9rents canaux permettant de signaler, de mani\u00e8re confidentielle et divulgu\u00e9e, une violation, ou une violation pr\u00e9sum\u00e9e, des principes et des r\u00e8gles contenus dans le code d&#8217;\u00e9thique, dans les politiques et les proc\u00e9dures du groupe et, en g\u00e9n\u00e9ral, des violations (ou des violations pr\u00e9sum\u00e9es) des lois et\/ou des r\u00e9glementations.<\/p>\n<p><strong>IFS France SARL s<\/strong>&#8216;engage \u00e0 garantir la confidentialit\u00e9 des sujets et des faits rapport\u00e9s, ainsi que l&#8217;identit\u00e9 du d\u00e9nonciateur. Apr\u00e8s v\u00e9rification de leur fiabilit\u00e9, tous les rapports, y compris les rapports anonymes, seront trait\u00e9s par les Charg\u00e9es de la Gestion des D\u00e9nonciations conform\u00e9ment \u00e0 la &#8220;Proc\u00e9dure de gestion des d\u00e9nonciations&#8221;.<\/p>\n<p>Les donn\u00e9es personnelles et les informations fournies dans le cadre de la proc\u00e9dure de d\u00e9nonciation seront trait\u00e9es dans le but de g\u00e9rer et de suivre le rapport, ainsi que d&#8217;enqu\u00eater sur tout comportement signal\u00e9 et de prendre les mesures n\u00e9cessaires, conform\u00e9ment aux lois applicables, y compris le r\u00e8glement sur la protection des donn\u00e9es personnelles. Les finalit\u00e9s et les m\u00e9thodes de traitement des donn\u00e9es par <strong>IFS France SARL<\/strong> sont r\u00e9gies par la politique de confidentialit\u00e9.<\/p>\n<p>Les signalements doivent \u00eatre effectu\u00e9s en remplissant un formulaire sp\u00e9cifique ou en enregistrant un message vocal, en utilisant le Portail de Gestion des D\u00e9nonciations, accessible \u00e0 partir du lien suivant:<\/p>\n<p><strong><u>https:\/\/interpumpgroup.integrityline.com\/<\/u><\/strong><\/p>\n<p>Bien que le canal mentionn\u00e9 ci-dessus reste le choix pr\u00e9f\u00e9r\u00e9, il sera \u00e9galement possible de faire un rapport par les moyens suivants:<\/p>\n<ul>\n<li>bo\u00eete aux lettres : Interpump Group S.p.A., c.a. Charg\u00e9es de la Gestion des D\u00e9nonciations, via E. Fermi, 25 &#8211; 42049 S. Ilario d&#8217;Enza (RE) &#8211; Italie ; afin de garantir la confidentialit\u00e9, le rapport doit \u00eatre plac\u00e9 dans deux enveloppes scell\u00e9es, la premi\u00e8re contenant les donn\u00e9es d&#8217;identification du d\u00e9nonciateur et la seconde le rapport, et les deux doivent \u00eatre plac\u00e9es dans une troisi\u00e8me enveloppe scell\u00e9e portant \u00e0 l&#8217;ext\u00e9rieur les mots &#8220;confidentiel&#8221; aux Charg\u00e9es de la Gestion des D\u00e9nonciations d&#8217;Interpump Group S.p.A;<\/li>\n<li>en appelant le num\u00e9ro de t\u00e9l\u00e9phone suivant +39 0522 904 311 (Mon-Fri | 9-17).<\/li>\n<\/ul>\n<\/div><\/section>\n<div  class='avia-button-wrap av-3z6av4-8ad85d9d2308f3a0856095470f4ec72c-wrap avia-button-left  avia-builder-el-3  el_after_av_textblock  el_before_av_button '><a href='https:\/\/www.interpumpfluidsolutions.com\/fr\/wp-content\/uploads\/sites\/13\/2025\/07\/Procedure-de-Gestion-des-Denonciation.pdf'  class='avia-button av-3z6av4-8ad85d9d2308f3a0856095470f4ec72c av-link-btn avia-icon_select-no avia-size-small avia-position-left avia-color-theme-color'  target=\"_blank\"  rel=\"noopener noreferrer\" ><span class='avia_iconbox_title' >Gestion des Rapports de D\u00e9nonciation<\/span><\/a><\/div>\n<div  class='avia-button-wrap av-2z5d1s-616711d396260e432da0b75989241e34-wrap avia-button-left  avia-builder-el-4  el_after_av_button  avia-builder-el-last '><a href='https:\/\/www.interpumpfluidsolutions.com\/fr\/wp-content\/uploads\/sites\/13\/2025\/07\/Privacy-Policy.pdf'  class='avia-button av-2z5d1s-616711d396260e432da0b75989241e34 av-link-btn avia-icon_select-no avia-size-small avia-position-left avia-color-theme-color'  target=\"_blank\"  rel=\"noopener noreferrer\" ><span class='avia_iconbox_title' >Politique de confidentialit\u00e9 des donn\u00e9es<\/span><\/a><\/div>\n","protected":false},"excerpt":{"rendered":"","protected":false},"author":19,"featured_media":0,"parent":0,"menu_order":0,"comment_status":"closed","ping_status":"closed","template":"","meta":{"footnotes":""},"class_list":["post-9104","page","type-page","status-publish","hentry"],"yoast_head":"<!-- This site is optimized with the Yoast SEO plugin v26.2 - https:\/\/yoast.com\/wordpress\/plugins\/seo\/ -->\n<title>Gestion des Rapports de D\u00e9nonciation - Interpump France<\/title>\n<meta name=\"description\" content=\"IFS France SARL s&#039;engage \u00e0 garantir la confidentialit\u00e9 des sujets et des faits rapport\u00e9s, ainsi que l&#039;identit\u00e9 du d\u00e9nonciateur.\" \/>\n<meta name=\"robots\" content=\"noindex, follow, max-snippet:-1, max-image-preview:large, max-video-preview:-1\" \/>\n<meta property=\"og:locale\" content=\"en_GB\" \/>\n<meta property=\"og:type\" content=\"article\" \/>\n<meta property=\"og:title\" content=\"Gestion des Rapports de D\u00e9nonciation - Interpump France\" \/>\n<meta property=\"og:description\" content=\"IFS France SARL s&#039;engage \u00e0 garantir la confidentialit\u00e9 des sujets et des faits rapport\u00e9s, ainsi que l&#039;identit\u00e9 du d\u00e9nonciateur.\" \/>\n<meta property=\"og:url\" content=\"https:\/\/www.interpumpfluidsolutions.com\/fr\/gestion-des-rapports-de-denonciation\/\" \/>\n<meta property=\"og:site_name\" content=\"Interpump France\" \/>\n<meta property=\"article:modified_time\" content=\"2025-07-31T10:59:24+00:00\" \/>\n<meta name=\"twitter:card\" content=\"summary_large_image\" \/>\n<meta name=\"twitter:label1\" content=\"Estimated reading time\" \/>\n\t<meta name=\"twitter:data1\" content=\"2 minutes\" \/>\n<script type=\"application\/ld+json\" class=\"yoast-schema-graph\">{\"@context\":\"https:\/\/schema.org\",\"@graph\":[{\"@type\":\"WebPage\",\"@id\":\"https:\/\/www.interpumpfluidsolutions.com\/fr\/gestion-des-rapports-de-denonciation\/\",\"url\":\"https:\/\/www.interpumpfluidsolutions.com\/fr\/gestion-des-rapports-de-denonciation\/\",\"name\":\"Gestion des Rapports de D\u00e9nonciation - Interpump France\",\"isPartOf\":{\"@id\":\"https:\/\/www.interpumpfluidsolutions.com\/fr\/#website\"},\"datePublished\":\"2024-01-19T07:58:00+00:00\",\"dateModified\":\"2025-07-31T10:59:24+00:00\",\"description\":\"IFS France SARL s'engage \u00e0 garantir la confidentialit\u00e9 des sujets et des faits rapport\u00e9s, ainsi que l'identit\u00e9 du d\u00e9nonciateur.\",\"breadcrumb\":{\"@id\":\"https:\/\/www.interpumpfluidsolutions.com\/fr\/gestion-des-rapports-de-denonciation\/#breadcrumb\"},\"inLanguage\":\"en-GB\",\"potentialAction\":[{\"@type\":\"ReadAction\",\"target\":[\"https:\/\/www.interpumpfluidsolutions.com\/fr\/gestion-des-rapports-de-denonciation\/\"]}]},{\"@type\":\"BreadcrumbList\",\"@id\":\"https:\/\/www.interpumpfluidsolutions.com\/fr\/gestion-des-rapports-de-denonciation\/#breadcrumb\",\"itemListElement\":[{\"@type\":\"ListItem\",\"position\":1,\"name\":\"Home\",\"item\":\"https:\/\/www.interpumpfluidsolutions.com\/fr\/home\/\"},{\"@type\":\"ListItem\",\"position\":2,\"name\":\"Gestion des Rapports de D\u00e9nonciation\"}]},{\"@type\":\"WebSite\",\"@id\":\"https:\/\/www.interpumpfluidsolutions.com\/fr\/#website\",\"url\":\"https:\/\/www.interpumpfluidsolutions.com\/fr\/\",\"name\":\"Interpump France\",\"description\":\"Fluid Solutions\",\"potentialAction\":[{\"@type\":\"SearchAction\",\"target\":{\"@type\":\"EntryPoint\",\"urlTemplate\":\"https:\/\/www.interpumpfluidsolutions.com\/fr\/?s={search_term_string}\"},\"query-input\":{\"@type\":\"PropertyValueSpecification\",\"valueRequired\":true,\"valueName\":\"search_term_string\"}}],\"inLanguage\":\"en-GB\"}]}<\/script>\n<!-- \/ Yoast SEO plugin. -->","yoast_head_json":{"title":"Gestion des Rapports de D\u00e9nonciation - Interpump France","description":"IFS France SARL s'engage \u00e0 garantir la confidentialit\u00e9 des sujets et des faits rapport\u00e9s, ainsi que l'identit\u00e9 du d\u00e9nonciateur.","robots":{"index":"noindex","follow":"follow","max-snippet":"max-snippet:-1","max-image-preview":"max-image-preview:large","max-video-preview":"max-video-preview:-1"},"og_locale":"en_GB","og_type":"article","og_title":"Gestion des Rapports de D\u00e9nonciation - Interpump France","og_description":"IFS France SARL s'engage \u00e0 garantir la confidentialit\u00e9 des sujets et des faits rapport\u00e9s, ainsi que l'identit\u00e9 du d\u00e9nonciateur.","og_url":"https:\/\/www.interpumpfluidsolutions.com\/fr\/gestion-des-rapports-de-denonciation\/","og_site_name":"Interpump France","article_modified_time":"2025-07-31T10:59:24+00:00","twitter_card":"summary_large_image","twitter_misc":{"Estimated reading time":"2 minutes"},"schema":{"@context":"https:\/\/schema.org","@graph":[{"@type":"WebPage","@id":"https:\/\/www.interpumpfluidsolutions.com\/fr\/gestion-des-rapports-de-denonciation\/","url":"https:\/\/www.interpumpfluidsolutions.com\/fr\/gestion-des-rapports-de-denonciation\/","name":"Gestion des Rapports de D\u00e9nonciation - Interpump France","isPartOf":{"@id":"https:\/\/www.interpumpfluidsolutions.com\/fr\/#website"},"datePublished":"2024-01-19T07:58:00+00:00","dateModified":"2025-07-31T10:59:24+00:00","description":"IFS France SARL s'engage \u00e0 garantir la confidentialit\u00e9 des sujets et des faits rapport\u00e9s, ainsi que l'identit\u00e9 du d\u00e9nonciateur.","breadcrumb":{"@id":"https:\/\/www.interpumpfluidsolutions.com\/fr\/gestion-des-rapports-de-denonciation\/#breadcrumb"},"inLanguage":"en-GB","potentialAction":[{"@type":"ReadAction","target":["https:\/\/www.interpumpfluidsolutions.com\/fr\/gestion-des-rapports-de-denonciation\/"]}]},{"@type":"BreadcrumbList","@id":"https:\/\/www.interpumpfluidsolutions.com\/fr\/gestion-des-rapports-de-denonciation\/#breadcrumb","itemListElement":[{"@type":"ListItem","position":1,"name":"Home","item":"https:\/\/www.interpumpfluidsolutions.com\/fr\/home\/"},{"@type":"ListItem","position":2,"name":"Gestion des Rapports de D\u00e9nonciation"}]},{"@type":"WebSite","@id":"https:\/\/www.interpumpfluidsolutions.com\/fr\/#website","url":"https:\/\/www.interpumpfluidsolutions.com\/fr\/","name":"Interpump France","description":"Fluid Solutions","potentialAction":[{"@type":"SearchAction","target":{"@type":"EntryPoint","urlTemplate":"https:\/\/www.interpumpfluidsolutions.com\/fr\/?s={search_term_string}"},"query-input":{"@type":"PropertyValueSpecification","valueRequired":true,"valueName":"search_term_string"}}],"inLanguage":"en-GB"}]}},"_links":{"self":[{"href":"https:\/\/www.interpumpfluidsolutions.com\/fr\/wp-json\/wp\/v2\/pages\/9104","targetHints":{"allow":["GET"]}}],"collection":[{"href":"https:\/\/www.interpumpfluidsolutions.com\/fr\/wp-json\/wp\/v2\/pages"}],"about":[{"href":"https:\/\/www.interpumpfluidsolutions.com\/fr\/wp-json\/wp\/v2\/types\/page"}],"author":[{"embeddable":true,"href":"https:\/\/www.interpumpfluidsolutions.com\/fr\/wp-json\/wp\/v2\/users\/19"}],"replies":[{"embeddable":true,"href":"https:\/\/www.interpumpfluidsolutions.com\/fr\/wp-json\/wp\/v2\/comments?post=9104"}],"version-history":[{"count":17,"href":"https:\/\/www.interpumpfluidsolutions.com\/fr\/wp-json\/wp\/v2\/pages\/9104\/revisions"}],"predecessor-version":[{"id":9344,"href":"https:\/\/www.interpumpfluidsolutions.com\/fr\/wp-json\/wp\/v2\/pages\/9104\/revisions\/9344"}],"wp:attachment":[{"href":"https:\/\/www.interpumpfluidsolutions.com\/fr\/wp-json\/wp\/v2\/media?parent=9104"}],"curies":[{"name":"wp","href":"https:\/\/api.w.org\/{rel}","templated":true}]}}