{"id":993,"date":"2018-01-10T11:01:41","date_gmt":"2018-01-10T11:01:41","guid":{"rendered":"https:\/\/www.interpumpfluidsolutions.com\/fr\/?page_id=993"},"modified":"2022-03-22T13:35:29","modified_gmt":"2022-03-22T13:35:29","slug":"who-we-are","status":"publish","type":"page","link":"https:\/\/www.interpumpfluidsolutions.com\/fr\/about\/who-we-are\/","title":{"rendered":"Qui sommes nous"},"content":{"rendered":"<div id='full_slider_1'  class='avia-fullwidth-slider main_color avia-shadow   avia-builder-el-0  el_before_av_one_full  avia-builder-el-first   container_wrap fullsize'  >\n<style type=\"text\/css\" data-created_by=\"avia_inline_auto\" id=\"style-css-av-av_slideshow_full-32de997090c749a8c82b86d1ff824dd4\">\n#top #wrap_all .avia-slideshow .av-slideshow-caption.av-av_slideshow_full-32de997090c749a8c82b86d1ff824dd4__0 .avia-caption-title{\nfont-size:60px;\n}\n<\/style>\n<div  class='avia-slideshow av-av_slideshow_full-32de997090c749a8c82b86d1ff824dd4 avia-slideshow-featured av_slideshow_full avia-slide-slider av-slideshow-ui av-control-default av-slideshow-manual av-loop-once av-loop-manual-endless av-default-height-applied   avia-slideshow-1' data-slideshow-options=\"{&quot;animation&quot;:&quot;slide&quot;,&quot;autoplay&quot;:false,&quot;loop_autoplay&quot;:&quot;once&quot;,&quot;interval&quot;:5,&quot;loop_manual&quot;:&quot;manual-endless&quot;,&quot;autoplay_stopper&quot;:false,&quot;noNavigation&quot;:false,&quot;bg_slider&quot;:false,&quot;keep_padding&quot;:false,&quot;hoverpause&quot;:false,&quot;show_slide_delay&quot;:0}\"  itemprop=\"image\" itemscope=\"itemscope\" itemtype=\"https:\/\/schema.org\/ImageObject\" ><ul class='avia-slideshow-inner ' style='padding-bottom: 28.666666666667%;'><li  class='avia-slideshow-slide av-av_slideshow_full-32de997090c749a8c82b86d1ff824dd4__0  av-single-slide slide-1 slide-odd'><div data-rel='slideshow-1' class='avia-slide-wrap '   ><div class='av-slideshow-caption av-av_slideshow_full-32de997090c749a8c82b86d1ff824dd4__0 caption_fullwidth caption_left'><div class=\"container caption_container\"><div class=\"slideshow_caption\"><div class=\"slideshow_inner_caption\"><div class=\"slideshow_align_caption\"><h2 class='avia-caption-title '  itemprop=\"name\" >Qui sommes nous<\/h2><div class='avia-caption-content '  itemprop=\"description\" ><p>Nous fournissons des solutions personnalis\u00e9es, r\u00e9sultats d&#8217;une technologie de pointe combin\u00e9es \u00e0 notre expertise technique.<\/p>\n<\/div><\/div><\/div><\/div><\/div><\/div><img decoding=\"async\" fetchpriority=\"high\" class=\"wp-image-736 avia-img-lazy-loading-not-736\"  src=\"https:\/\/www.interpumpfluidsolutions.com\/fr\/wp-content\/uploads\/sites\/13\/2017\/11\/IFSengineers-1500x430.jpg\" width=\"1500\" height=\"430\" title='IFSengineers' alt=''  itemprop=\"thumbnailUrl\"   \/><\/div><\/li><\/ul><\/div><\/div><div id='after_full_slider_1'  class='main_color av_default_container_wrap container_wrap fullsize'  ><div class='container av-section-cont-open' ><div class='template-page content  av-content-full alpha units'><div class='post-entry post-entry-type-page post-entry-993'><div class='entry-content-wrapper clearfix'>\n\n<style type=\"text\/css\" data-created_by=\"avia_inline_auto\" id=\"style-css-av-av_one_full-15d750bd1b332b34c6e70b077ebbccdf\">\n.flex_column.av-av_one_full-15d750bd1b332b34c6e70b077ebbccdf{\nborder-radius:0px 0px 0px 0px;\npadding:0px 0px 0px 0px;\n}\n<\/style>\n<div  class='flex_column av-av_one_full-15d750bd1b332b34c6e70b077ebbccdf av_one_full  avia-builder-el-1  el_after_av_slideshow_full  el_before_av_hr  avia-builder-el-first  first flex_column_div av-zero-column-padding  '     ><section  class='av_textblock_section av-av_textblock-2de302bf1aa3cf4c9157dbe6f50ac7eb '   itemscope=\"itemscope\" itemtype=\"https:\/\/schema.org\/CreativeWork\" ><div class='avia_textblock'  itemprop=\"text\" ><p>I.M.M. Hydraulics est, depuis plus de 30 ans, leader dans la fabrication de tuyaux, embouts et accessoires de\u00a0qualit\u00e9. Avec cinq sites de fabrication situ\u00e9s en Europe. I.M.M. fait partie du groupe Interpump qui a rachet\u00e9 de nombreux fabriquants\u00a0hydrauliques et est aujourd&#8217;hui un fournisseur global de composants pour le\u00a0transfert de fluides. Au sein du groupe, Interpump Fluid Solutions regroupe\u00a0les fabricants\u00a0de tuyaux, embouts,\u00a0machines d&#8217;assemblage et d\u2019accessoires hydrauliques certifi\u00e9s et compatibles fabriqu\u00e9 en Europe et distribu\u00e9s par un\u00a0r\u00e9seau de filiales\u00a0en Australie, au Canada, en Allemagne, en Italie, en Afrique du Sud, au Royaume-Uni et aux \u00c9tats-Unis. En France Interpump Fluid Solutions est pr\u00e9sent avec sa filiale Hypress bas\u00e9e \u00e0 Strasbourg.<\/p>\n<\/div><\/section><\/div>\n<div  class='hr av-av_hr-0ff602b3e980a3377077ff3c1c834df6 hr-default  avia-builder-el-3  el_after_av_one_full  el_before_av_one_full '><span class='hr-inner '><span class=\"hr-inner-style\"><\/span><\/span><\/div>\n\n<style type=\"text\/css\" data-created_by=\"avia_inline_auto\" id=\"style-css-av-av_one_full-15d750bd1b332b34c6e70b077ebbccdf\">\n.flex_column.av-av_one_full-15d750bd1b332b34c6e70b077ebbccdf{\nborder-radius:0px 0px 0px 0px;\npadding:0px 0px 0px 0px;\n}\n<\/style>\n<div  class='flex_column av-av_one_full-15d750bd1b332b34c6e70b077ebbccdf av_one_full  avia-builder-el-4  el_after_av_hr  el_before_av_hr  first flex_column_div av-zero-column-padding  '     ><section  class='av_textblock_section av-av_textblock-2de302bf1aa3cf4c9157dbe6f50ac7eb '   itemscope=\"itemscope\" itemtype=\"https:\/\/schema.org\/CreativeWork\" ><div class='avia_textblock'  itemprop=\"text\" ><h2><span class='av_dropcap1 av-av_dropcap1-3cd9da5fea0ef5fb27aee617571c39a3'>V<\/span>ision<\/h2>\n<p>Etre partenaire de confiance des professionels de l&#8217;hydraulique haute pression, en mesure de faciliter la t\u00e2che<br \/>\ndes constructeurs et utilisateurs finaux, gr\u00e2ce \u00e0 des syst\u00e8mes qui garantissent s\u00e9curit\u00e9, durabilit\u00e9 et fiabilit\u00e9, dans le plein respect<br \/>\ndes principes \u00e9thiques et de d\u00e9veloppement durable<\/p>\n<h2><span class='av_dropcap1 av-av_dropcap1-3cd9da5fea0ef5fb27aee617571c39a3'>M<\/span>ission<\/h2>\n<p>Concevoir et r\u00e9aliser des syst\u00e8mes int\u00e9gr\u00e9s de connectique hydraulique haute pression, des machines d&#8217;assemblage, des software de gestion pour divers secteurs d&#8217;activit\u00e9, \u00e0 un prix comp\u00e9titif. La conception vise toujours \u00e0 mettre au point des solutions taill\u00e9es sur mesure, souvent au del\u00e0 des standards internationaux.<\/p>\n<\/div><\/section><\/div><div  class='hr av-av_hr-0ff602b3e980a3377077ff3c1c834df6 hr-default  avia-builder-el-6  el_after_av_one_full  el_before_av_one_half '><span class='hr-inner '><span class=\"hr-inner-style\"><\/span><\/span><\/div><\/p>\n\n<style type=\"text\/css\" data-created_by=\"avia_inline_auto\" id=\"style-css-av-av_one_half-15d750bd1b332b34c6e70b077ebbccdf\">\n.flex_column.av-av_one_half-15d750bd1b332b34c6e70b077ebbccdf{\nborder-radius:0px 0px 0px 0px;\npadding:0px 0px 0px 0px;\n}\n<\/style>\n<div  class='flex_column av-av_one_half-15d750bd1b332b34c6e70b077ebbccdf av_one_half  avia-builder-el-7  el_after_av_hr  el_before_av_one_half  first flex_column_div av-zero-column-padding  '     ><section  class='av_textblock_section av-av_textblock-2de302bf1aa3cf4c9157dbe6f50ac7eb '   itemscope=\"itemscope\" itemtype=\"https:\/\/schema.org\/CreativeWork\" ><div class='avia_textblock'  itemprop=\"text\" ><p>Question \u2013 <strong>J\u2019ai l\u2019habitude de travailler directement avec Hypress.<\/strong><\/p>\n<p>R\u00e9ponse \u2013 Si vous avez un contact existant chez Hypress, ou tout autre de nos fabricants et que vous avez une question technique ou une suggestion de d\u00e9veloppement de nouveaux produits, vous pouvez directement le contacter.<\/p>\n<p>Question \u2013 <strong>Je re\u00e7ois normalement des factures d\u2019IMM Hydraulics. Vais-je maintenant recevoir des factures d\u2019Interpump Fluid Solutions?<\/strong><\/p>\n<p>R\u00e9ponse \u2013 Vous continuerez \u00e0 recevoir vos factures par IMM Hydraulics.<\/p>\n<p>Question &#8211; <strong>J\u2019ai re\u00e7u un appel t\u00e9l\u00e9phonique d\u2019un commercial Interpump Fluid Solutions. Normalement, c&#8217;est IMM qui me contacte.<\/strong><\/p>\n<p>R\u00e9ponse &#8211; Tout le monde, dans le groupe, se pr\u00e9sentera maintenant comme commercial d\u2019 Interpump Fluid Solutions et proposera des solutions compl\u00e8tes avec tuyaux, embouts, machines et accessoires hydrauliques certifi\u00e9s et compatibles.<\/p>\n<\/div><\/section><\/div>\n\n<style type=\"text\/css\" data-created_by=\"avia_inline_auto\" id=\"style-css-av-av_one_half-c8fc129dc35fd1ae2a1e410224d39ea8\">\n.flex_column.av-av_one_half-c8fc129dc35fd1ae2a1e410224d39ea8{\nborder-radius:0px 0px 0px 0px;\npadding:0px 0px 0px 0px;\n}\n<\/style>\n<div  class='flex_column av-av_one_half-c8fc129dc35fd1ae2a1e410224d39ea8 av_one_half  avia-builder-el-9  el_after_av_one_half  el_before_av_section  avia-builder-el-last  flex_column_div av-zero-column-padding  '     ><section  class='av_textblock_section av-av_textblock-2de302bf1aa3cf4c9157dbe6f50ac7eb '   itemscope=\"itemscope\" itemtype=\"https:\/\/schema.org\/CreativeWork\" ><div class='avia_textblock'  itemprop=\"text\" ><p>Question \u2013 <strong>J\u2019ai besoin d\u2019une solution pour une application tr\u00e8s sp\u00e9cifique. \u00c0 qui dois-je m\u2019adresser?<\/strong><\/p>\n<p>R\u00e9ponse &#8211; Nous sommes \u00e0 disposition pour comprendre vos besoins et fournir des solutions sur mesure pour un large \u00e9ventail d\u2019applications. Contactez votre r\u00e9f\u00e9rent commercial Interpump Fluid Solutions pour en discuter.<\/p>\n<p>Question \u2013<strong> J\u2019ai besoin d\u2019une solution pour une application tr\u00e8s sp\u00e9cifique. \u00c0 qui dois-je m\u2019adresser?<\/strong><\/p>\n<p>R\u00e9ponse &#8211; Nous sommes \u00e0 disposition pour comprendre vos besoins et fournir des solutions sur mesure pour un large \u00e9ventail d\u2019applications. Contactez votre r\u00e9f\u00e9rent commercial Interpump Fluid Solutions pour en discuter.<\/p>\n<\/div><\/section><\/div>\n<\/div><\/div><\/div><!-- close content main div --><\/div><\/div>\n<style type=\"text\/css\" data-created_by=\"avia_inline_auto\" id=\"style-css-av-av_section-3ae694c99f8b55462ac1fa9d59ac42e1\">\n.avia-section.av-av_section-3ae694c99f8b55462ac1fa9d59ac42e1 .av-parallax .av-parallax-inner{\nbackground-repeat:no-repeat;\nbackground-image:url(https:\/\/www.interpumpfluidsolutions.com\/fr\/wp-content\/uploads\/sites\/13\/2017\/11\/shutterstock_400486630.jpg);\nbackground-position:0% 0%;\nbackground-attachment:scroll;\n}\n<\/style>\n<div id='home-people'  class='avia-section av-av_section-3ae694c99f8b55462ac1fa9d59ac42e1 main_color avia-section-large avia-no-border-styling  avia-builder-el-11  el_after_av_one_half  avia-builder-el-last  av-parallax-section avia-bg-style-parallax container_wrap fullsize'  data-section-bg-repeat='no-repeat'><div class='av-parallax' data-avia-parallax-ratio='0.3' ><div class='av-parallax-inner main_color avia-full-stretch'><\/div><\/div><div class='container av-section-cont-open' ><div class='template-page content  av-content-full alpha units'><div class='post-entry post-entry-type-page post-entry-993'><div class='entry-content-wrapper clearfix'>\n\n<style type=\"text\/css\" data-created_by=\"avia_inline_auto\" id=\"style-css-av-av_one_fourth-15d750bd1b332b34c6e70b077ebbccdf\">\n.flex_column.av-av_one_fourth-15d750bd1b332b34c6e70b077ebbccdf{\nborder-radius:0px 0px 0px 0px;\npadding:0px 0px 0px 0px;\n}\n<\/style>\n<div  class='flex_column av-av_one_fourth-15d750bd1b332b34c6e70b077ebbccdf av_one_fourth  avia-builder-el-12  el_before_av_one_half  avia-builder-el-first  first flex_column_div av-zero-column-padding  '     ><\/div>\n<style type=\"text\/css\" data-created_by=\"avia_inline_auto\" id=\"style-css-av-av_one_half-c8fc129dc35fd1ae2a1e410224d39ea8\">\n.flex_column.av-av_one_half-c8fc129dc35fd1ae2a1e410224d39ea8{\nborder-radius:0px 0px 0px 0px;\npadding:0px 0px 0px 0px;\n}\n<\/style>\n<div  class='flex_column av-av_one_half-c8fc129dc35fd1ae2a1e410224d39ea8 av_one_half  avia-builder-el-13  el_after_av_one_fourth  el_before_av_one_fourth  flex_column_div av-zero-column-padding  '     ><style type=\"text\/css\" data-created_by=\"avia_inline_auto\" id=\"style-css-av-av_textblock-dd2387397296c1a314b0b5f4a3f918a3\">\n#top .av_textblock_section.av-av_textblock-dd2387397296c1a314b0b5f4a3f918a3 .avia_textblock{\ncolor:#ffffff;\n}\n<\/style>\n<section  class='av_textblock_section av-av_textblock-dd2387397296c1a314b0b5f4a3f918a3 '   itemscope=\"itemscope\" itemtype=\"https:\/\/schema.org\/CreativeWork\" ><div class='avia_textblock av_inherit_color'  itemprop=\"text\" ><h2 style=\"text-align: center\">Notre \u00e9quipe<\/h2>\n<\/div><\/section><br \/>\n\n<style type=\"text\/css\" data-created_by=\"avia_inline_auto\" id=\"style-css-av-av_hr-616cd310f4c6bf63bbd1f033802c1165\">\n#top .hr.hr-invisible.av-av_hr-616cd310f4c6bf63bbd1f033802c1165{\nheight:20px;\n}\n<\/style>\n<div  class='hr av-av_hr-616cd310f4c6bf63bbd1f033802c1165 hr-invisible  avia-builder-el-15  el_after_av_textblock  el_before_av_textblock '><span class='hr-inner '><span class=\"hr-inner-style\"><\/span><\/span><\/div><br \/>\n\n<style type=\"text\/css\" data-created_by=\"avia_inline_auto\" id=\"style-css-av-av_textblock-dd2387397296c1a314b0b5f4a3f918a3\">\n#top .av_textblock_section.av-av_textblock-dd2387397296c1a314b0b5f4a3f918a3 .avia_textblock{\ncolor:#ffffff;\n}\n<\/style>\n<section  class='av_textblock_section av-av_textblock-dd2387397296c1a314b0b5f4a3f918a3 '   itemscope=\"itemscope\" itemtype=\"https:\/\/schema.org\/CreativeWork\" ><div class='avia_textblock av_inherit_color'  itemprop=\"text\" ><p style=\"text-align: center\">Concepteurs, Ing\u00e9nieurs Hydrauliques. Experts de Production, Professionnels de la distribution, notre \u00e9quipe IMM HYDRAULICS met en commun ses comp\u00e9tences pour r\u00e9aliser des solutions \u00e0 de pointe de la technologie.<\/p>\n<\/div><\/section><br \/>\n\n<style type=\"text\/css\" data-created_by=\"avia_inline_auto\" id=\"style-css-av-av_hr-616cd310f4c6bf63bbd1f033802c1165\">\n#top .hr.hr-invisible.av-av_hr-616cd310f4c6bf63bbd1f033802c1165{\nheight:20px;\n}\n<\/style>\n<div  class='hr av-av_hr-616cd310f4c6bf63bbd1f033802c1165 hr-invisible  avia-builder-el-17  el_after_av_textblock  el_before_av_button '><span class='hr-inner '><span class=\"hr-inner-style\"><\/span><\/span><\/div><br \/>\n<div  class='avia-button-wrap av-av_button-fc587b9f8d3cd6a5bdbd004d3adfc92c-wrap avia-button-center  avia-builder-el-18  el_after_av_hr  avia-builder-el-last '><a href='https:\/\/www.interpumpfluidsolutions.com\/fr\/about\/people-old\/'  class='avia-button av-av_button-fc587b9f8d3cd6a5bdbd004d3adfc92c av-link-btn avia-icon_select-no avia-size-small avia-position-center avia-color-light'  ><span class='avia_iconbox_title' >en lire davantage<\/span><\/a><\/div><\/p><\/div>\n<style type=\"text\/css\" data-created_by=\"avia_inline_auto\" id=\"style-css-av-av_one_fourth-c8fc129dc35fd1ae2a1e410224d39ea8\">\n.flex_column.av-av_one_fourth-c8fc129dc35fd1ae2a1e410224d39ea8{\nborder-radius:0px 0px 0px 0px;\npadding:0px 0px 0px 0px;\n}\n<\/style>\n<div  class='flex_column av-av_one_fourth-c8fc129dc35fd1ae2a1e410224d39ea8 av_one_fourth  avia-builder-el-19  el_after_av_one_half  avia-builder-el-last  flex_column_div av-zero-column-padding  '     ><\/div>\n\n","protected":false},"excerpt":{"rendered":"","protected":false},"author":3,"featured_media":0,"parent":56,"menu_order":1,"comment_status":"closed","ping_status":"closed","template":"","meta":{"footnotes":""},"class_list":["post-993","page","type-page","status-publish","hentry"],"yoast_head":"<!-- This site is optimized with the Yoast SEO plugin v26.2 - https:\/\/yoast.com\/wordpress\/plugins\/seo\/ -->\n<title>Who We Are - One Source Interpump Fluid Solutions<\/title>\n<meta name=\"description\" content=\"One Source : Interpump Fluid Solutions, part of Interpump Group, are your \u2018one source\u2019 provider of certified, compatible hydraulic hoses, fittings, machines and accessories\" \/>\n<meta name=\"robots\" content=\"noindex, follow, max-snippet:-1, max-image-preview:large, max-video-preview:-1\" \/>\n<meta property=\"og:locale\" content=\"en_GB\" \/>\n<meta property=\"og:type\" content=\"article\" \/>\n<meta property=\"og:title\" content=\"Who We Are - One Source Interpump Fluid Solutions\" \/>\n<meta property=\"og:description\" content=\"One Source : Interpump Fluid Solutions, part of Interpump Group, are your \u2018one source\u2019 provider of certified, compatible hydraulic hoses, fittings, machines and accessories\" \/>\n<meta property=\"og:url\" content=\"https:\/\/www.interpumpfluidsolutions.com\/fr\/about\/who-we-are\/\" \/>\n<meta property=\"og:site_name\" content=\"Interpump France\" \/>\n<meta property=\"article:modified_time\" content=\"2022-03-22T13:35:29+00:00\" \/>\n<meta name=\"twitter:card\" content=\"summary_large_image\" \/>\n<meta name=\"twitter:label1\" content=\"Estimated reading time\" \/>\n\t<meta name=\"twitter:data1\" content=\"7 minutes\" \/>\n<script type=\"application\/ld+json\" class=\"yoast-schema-graph\">{\"@context\":\"https:\/\/schema.org\",\"@graph\":[{\"@type\":\"WebPage\",\"@id\":\"https:\/\/www.interpumpfluidsolutions.com\/fr\/about\/who-we-are\/\",\"url\":\"https:\/\/www.interpumpfluidsolutions.com\/fr\/about\/who-we-are\/\",\"name\":\"Who We Are - One Source Interpump Fluid Solutions\",\"isPartOf\":{\"@id\":\"https:\/\/www.interpumpfluidsolutions.com\/fr\/#website\"},\"datePublished\":\"2018-01-10T11:01:41+00:00\",\"dateModified\":\"2022-03-22T13:35:29+00:00\",\"description\":\"One Source : Interpump Fluid Solutions, part of Interpump Group, are your \u2018one source\u2019 provider of certified, compatible hydraulic hoses, fittings, machines and accessories\",\"breadcrumb\":{\"@id\":\"https:\/\/www.interpumpfluidsolutions.com\/fr\/about\/who-we-are\/#breadcrumb\"},\"inLanguage\":\"en-GB\",\"potentialAction\":[{\"@type\":\"ReadAction\",\"target\":[\"https:\/\/www.interpumpfluidsolutions.com\/fr\/about\/who-we-are\/\"]}]},{\"@type\":\"BreadcrumbList\",\"@id\":\"https:\/\/www.interpumpfluidsolutions.com\/fr\/about\/who-we-are\/#breadcrumb\",\"itemListElement\":[{\"@type\":\"ListItem\",\"position\":1,\"name\":\"Home\",\"item\":\"https:\/\/www.interpumpfluidsolutions.com\/fr\/home\/\"},{\"@type\":\"ListItem\",\"position\":2,\"name\":\"About\",\"item\":\"https:\/\/www.interpumpfluidsolutions.com\/fr\/about\/\"},{\"@type\":\"ListItem\",\"position\":3,\"name\":\"Qui sommes nous\"}]},{\"@type\":\"WebSite\",\"@id\":\"https:\/\/www.interpumpfluidsolutions.com\/fr\/#website\",\"url\":\"https:\/\/www.interpumpfluidsolutions.com\/fr\/\",\"name\":\"Interpump France\",\"description\":\"Fluid Solutions\",\"potentialAction\":[{\"@type\":\"SearchAction\",\"target\":{\"@type\":\"EntryPoint\",\"urlTemplate\":\"https:\/\/www.interpumpfluidsolutions.com\/fr\/?s={search_term_string}\"},\"query-input\":{\"@type\":\"PropertyValueSpecification\",\"valueRequired\":true,\"valueName\":\"search_term_string\"}}],\"inLanguage\":\"en-GB\"}]}<\/script>\n<!-- \/ Yoast SEO plugin. -->","yoast_head_json":{"title":"Who We Are - One Source Interpump Fluid Solutions","description":"One Source : Interpump Fluid Solutions, part of Interpump Group, are your \u2018one source\u2019 provider of certified, compatible hydraulic hoses, fittings, machines and accessories","robots":{"index":"noindex","follow":"follow","max-snippet":"max-snippet:-1","max-image-preview":"max-image-preview:large","max-video-preview":"max-video-preview:-1"},"og_locale":"en_GB","og_type":"article","og_title":"Who We Are - One Source Interpump Fluid Solutions","og_description":"One Source : Interpump Fluid Solutions, part of Interpump Group, are your \u2018one source\u2019 provider of certified, compatible hydraulic hoses, fittings, machines and accessories","og_url":"https:\/\/www.interpumpfluidsolutions.com\/fr\/about\/who-we-are\/","og_site_name":"Interpump France","article_modified_time":"2022-03-22T13:35:29+00:00","twitter_card":"summary_large_image","twitter_misc":{"Estimated reading time":"7 minutes"},"schema":{"@context":"https:\/\/schema.org","@graph":[{"@type":"WebPage","@id":"https:\/\/www.interpumpfluidsolutions.com\/fr\/about\/who-we-are\/","url":"https:\/\/www.interpumpfluidsolutions.com\/fr\/about\/who-we-are\/","name":"Who We Are - One Source Interpump Fluid Solutions","isPartOf":{"@id":"https:\/\/www.interpumpfluidsolutions.com\/fr\/#website"},"datePublished":"2018-01-10T11:01:41+00:00","dateModified":"2022-03-22T13:35:29+00:00","description":"One Source : Interpump Fluid Solutions, part of Interpump Group, are your \u2018one source\u2019 provider of certified, compatible hydraulic hoses, fittings, machines and accessories","breadcrumb":{"@id":"https:\/\/www.interpumpfluidsolutions.com\/fr\/about\/who-we-are\/#breadcrumb"},"inLanguage":"en-GB","potentialAction":[{"@type":"ReadAction","target":["https:\/\/www.interpumpfluidsolutions.com\/fr\/about\/who-we-are\/"]}]},{"@type":"BreadcrumbList","@id":"https:\/\/www.interpumpfluidsolutions.com\/fr\/about\/who-we-are\/#breadcrumb","itemListElement":[{"@type":"ListItem","position":1,"name":"Home","item":"https:\/\/www.interpumpfluidsolutions.com\/fr\/home\/"},{"@type":"ListItem","position":2,"name":"About","item":"https:\/\/www.interpumpfluidsolutions.com\/fr\/about\/"},{"@type":"ListItem","position":3,"name":"Qui sommes nous"}]},{"@type":"WebSite","@id":"https:\/\/www.interpumpfluidsolutions.com\/fr\/#website","url":"https:\/\/www.interpumpfluidsolutions.com\/fr\/","name":"Interpump France","description":"Fluid Solutions","potentialAction":[{"@type":"SearchAction","target":{"@type":"EntryPoint","urlTemplate":"https:\/\/www.interpumpfluidsolutions.com\/fr\/?s={search_term_string}"},"query-input":{"@type":"PropertyValueSpecification","valueRequired":true,"valueName":"search_term_string"}}],"inLanguage":"en-GB"}]}},"_links":{"self":[{"href":"https:\/\/www.interpumpfluidsolutions.com\/fr\/wp-json\/wp\/v2\/pages\/993","targetHints":{"allow":["GET"]}}],"collection":[{"href":"https:\/\/www.interpumpfluidsolutions.com\/fr\/wp-json\/wp\/v2\/pages"}],"about":[{"href":"https:\/\/www.interpumpfluidsolutions.com\/fr\/wp-json\/wp\/v2\/types\/page"}],"author":[{"embeddable":true,"href":"https:\/\/www.interpumpfluidsolutions.com\/fr\/wp-json\/wp\/v2\/users\/3"}],"replies":[{"embeddable":true,"href":"https:\/\/www.interpumpfluidsolutions.com\/fr\/wp-json\/wp\/v2\/comments?post=993"}],"version-history":[{"count":27,"href":"https:\/\/www.interpumpfluidsolutions.com\/fr\/wp-json\/wp\/v2\/pages\/993\/revisions"}],"predecessor-version":[{"id":3398,"href":"https:\/\/www.interpumpfluidsolutions.com\/fr\/wp-json\/wp\/v2\/pages\/993\/revisions\/3398"}],"up":[{"embeddable":true,"href":"https:\/\/www.interpumpfluidsolutions.com\/fr\/wp-json\/wp\/v2\/pages\/56"}],"wp:attachment":[{"href":"https:\/\/www.interpumpfluidsolutions.com\/fr\/wp-json\/wp\/v2\/media?parent=993"}],"curies":[{"name":"wp","href":"https:\/\/api.w.org\/{rel}","templated":true}]}}