{"id":1789,"date":"2018-05-24T10:53:12","date_gmt":"2018-05-24T09:53:12","guid":{"rendered":"https:\/\/www.interpumpfluidsolutions.com\/it\/?page_id=1789"},"modified":"2026-01-13T08:15:00","modified_gmt":"2026-01-13T08:15:00","slug":"privacy-policy","status":"publish","type":"page","link":"https:\/\/www.interpumpfluidsolutions.com\/it\/privacy-policy\/","title":{"rendered":"Privacy Policy"},"content":{"rendered":"\n<style type=\"text\/css\" data-created_by=\"avia_inline_auto\" id=\"style-css-av-3ko8n1-3b639e212ebdf3f5a8d4c005c51924b7\">\n.flex_column.av-3ko8n1-3b639e212ebdf3f5a8d4c005c51924b7{\nborder-radius:0px 0px 0px 0px;\npadding:0px 0px 0px 0px;\n}\n<\/style>\n<div  class='flex_column av-3ko8n1-3b639e212ebdf3f5a8d4c005c51924b7 av_one_full  avia-builder-el-0  avia-builder-el-no-sibling  first flex_column_div av-zero-column-padding  '     ><section  class='av_textblock_section av-34dlt9-c64306837a79c6dad870772a34d23674 '   itemscope=\"itemscope\" itemtype=\"https:\/\/schema.org\/CreativeWork\" ><div class='avia_textblock'  itemprop=\"text\" ><p align=\"justify\">Ai sensi del Regolamento (UE) 2016\/679 questa pagina descrive le modalit\u00e0 di trattamento dei dati personali degli utenti che consultano il sito web di I.M.M. Hydraulics S.p.A., accessibile per via telematica al seguente link: www.interpumpfluidsolutions.com.<br \/>\nLe presenti informazioni non riguardano altri siti, pagine o servizi online raggiungibili tramite link ipertestuali eventualmente pubblicati nel sito ma riferiti a risorse esterne al dominio www.interpumpfluidsolutions.com.<\/p>\n<p><strong>1. TITOLARE DEL TRATTAMENTO DEI DATI<\/strong><\/p>\n<p align=\"justify\">Il Titolare del trattamento \u00e8 <strong>I.M.M. Hydraulics S.p.A.<\/strong> nella persona del legale rappresentante pro-tempore, con sede legale in Via Italia, 49-51 \u2013 66041 \u2013 Atessa (CH), P.Iva 01427010697, posta elettronica <a href=\"mailto:imm-hydraulics-spa@legalmail.it\">imm-hydraulics-spa@legalmail.it<\/a>.<\/p>\n<p><strong>2. RESPONSABILE DELLA PROTEZIONE DEI DATI<\/strong><\/p>\n<p align=\"justify\">Il Responsabile della Protezione dei Dati, per tutte le questioni riguardanti il trattamento dei dati personali e l&#8217;esercizio dei diritti dell&#8217;interessato, pu\u00f2 essere contattato al seguente indirizzo email: <a class=\"decorated-link cursor-pointer\" href=\"mailto:dpo@interpumpgroup.it\" rel=\"noopener\" data-start=\"242\" data-end=\"263\">dpo@interpumpgroup.it<\/a>.<\/p>\n<p><strong>3. <\/strong><strong>TIPI DI DATI TRATTATI E FINALITA\u2019 DEL TRATTAMENTO<\/strong><\/p>\n<p><em><u>Dati di navigazione<\/u><\/em><\/p>\n<p align=\"justify\">I sistemi informatici e le procedure software preposte al funzionamento di un sito web acquisiscono nel corso del loro normale esercizio alcuni dati personali la cui trasmissione \u00e8 implicita nell\u2019uso dei protocolli di comunicazione di Internet. In questa categoria rientrano gli indirizzi IP, l\u2019orario della richiesta, il metodo utilizzato nel sottoporre la richiesta al server, la dimensione del file ottenuto in risposta, il codice numerico indicante lo stato della risposta data dal server (buon fine, errore, ecc.), geolocalizzazione della richiesta. La finalit\u00e0 per la quale detti dati vengono acquisiti \u00e8 la necessit\u00e0 di rendere fruibili i servizi web. I dati relativi alla geolocalizzazione vengono raccolti per ragioni di cybersecurity (l\u2019eventuale presenza di richiesta di accesso provenienti dalla medesima localit\u00e0 in intervalli di tempo molto ristretti potrebbe essere indice di un attacco cyber in corso).<\/p>\n<p><em><u>Dati comunicati dall&#8217;utente<\/u><\/em><\/p>\n<p align=\"justify\">L&#8217;invio facoltativo, esplicito e volontario di messaggi agli indirizzi di contatto di <strong>I.M.M. Hydraulics S.p.A.<\/strong>, i messaggi privati inviati dagli utenti ai profili\/pagine istituzionali sui social media (laddove questa possibilit\u00e0 sia prevista), nonch\u00e9 la compilazione dei moduli presenti sul sito https:\/\/www.interpumpfluidsolutions.com\/it\/, comportano l&#8217;acquisizione dei dati di contatto del mittente, necessari a rispondere, nonch\u00e9 di tutti i dati personali inclusi nelle comunicazioni. <u>Specifiche informative verranno pubblicate in calce ad ogni modulo di contatto.<\/u><\/p>\n<p><em><u>Cookie e altri sistemi di tracciamento<\/u><\/em><\/p>\n<p align=\"justify\">Si rimanda alla cookie policy disponibile al seguente link <a href=\"https:\/\/www.interpumpfluidsolutions.com\/it\/cookie-policy\/\">https:\/\/www.interpumpfluidsolutions.com\/it\/cookie-policy\/<\/a>.<\/p>\n<p><strong>4. BASE GIURIDICA DEL TRATTAMENTO<\/strong><\/p>\n<p align=\"justify\">Nel caso in cui l\u2019utente decida facoltativamente di navigare sul sito internet www.interpumpfluidsolutions.com, presta implicitamente il consenso al trattamento dei dati di navigazione. Laddove tecnicamente possibile, il consenso potr\u00e0 essere revocato in qualsiasi momento, senza pregiudicare la liceit\u00e0 del trattamento basata sul consenso prestato prima della revoca. La base giuridica del trattamento dei dati di navigazione necessari per finalit\u00e0 di cybersecurity \u00e8 rappresentata dal legittimo interesse prevalente del titolare.<\/p>\n<p><strong>5. NATURA DEL CONFERIMENTO DEI DATI<\/strong><\/p>\n<p align=\"justify\">Durante la navigazione del sito web www.interpumpfluidsolutions.com, il sito acquisisce automaticamente i dati di navigazione necessari per poter garantire la fruizione del sito stesso.<\/p>\n<p><strong>6. MODALITA&#8217; DI TRATTAMENTO<\/strong><\/p>\n<p align=\"justify\">Il trattamento dei dati per le finalit\u00e0 esposte ha luogo con modalit\u00e0 automatizzate (su supporto elettronico o magnetico), nel rispetto delle regole di riservatezza e di sicurezza previste dalla legge, dai regolamenti conseguenti e da disposizioni interne.<\/p>\n<p><strong>7. COMUNICAZIONE DEI DATI<\/strong><\/p>\n<p align=\"justify\">Ferme restando le comunicazioni eseguite in adempimento di obblighi di legge e contrattuali, tutti i dati raccolti ed elaborati potranno essere comunicati in Italia, esclusivamente per le finalit\u00e0 sopra specificate, alle seguenti categorie di incaricati\/autorizzati e\/o responsabili interni ed esterni:<\/p>\n<ul>\n<li>collaboratori e dipendenti del Titolare, nell\u2019ambito delle relative mansioni e\/o di obblighi contrattuali;<\/li>\n<li>fornitori di servizi cloud o IT.<\/li>\n<\/ul>\n<p align=\"justify\">I Professionisti o Societ\u00e0 appartenenti alle categorie sopra indicate che trattano dati per conto di <strong>I.M.M. Hydraulics S.p.A.<\/strong>, ex art. 28 Reg. EU 2016\/679, saranno debitamente nominati quali responsabili esterni del trattamento. Un elenco dei responsabili nominati \u00e8 disponibile presso il Titolare del trattamento.<\/p>\n<p><strong>9. TEMPI DI CONSERVAZIONE DEI DATI<\/strong><\/p>\n<p>I dati di navigazione vengono cancellati periodicamente e comunque non persistono per pi\u00f9 di 30 giorni (salve eventuali necessit\u00e0 di accertamento di reati da parte dell&#8217;Autorit\u00e0 giudiziaria o obblighi di legge).<\/p>\n<p><strong>10. DIRITTI DEGLI INTERESSATI <\/strong><\/p>\n<p align=\"justify\">Gli interessati del trattamento dei propri dati personali possono esercitare gratuitamente i diritti di cui agli artt. 15 e ss. del GDPR e, precisamente, il diritto di chiedere al titolare del trattamento l\u2019accesso ai dati personali e la rettifica o la cancellazione degli stessi o la limitazione del trattamento dei dati personali che lo riguardano e di opporsi al loro trattamento, oltre al diritto alla portabilit\u00e0 dei dati, nonch\u00e9 il diritto di proporre reclamo all\u2019Autorit\u00e0 Garante.<\/p>\n<p align=\"justify\">Al fine di agevolare l\u2019esercizio dei diritti sopra riportati, si potr\u00e0 inoltrare al Titolare del Trattamento il modello \u201cesercizio di diritti in materia di protezione dei dati personali\u201d, pubblicato sul portale del Garante Privacy <a href=\"http:\/\/www.garanteprivacy.it\/\">http:\/\/www.garanteprivacy.it<\/a>, debitamente compilato.<\/p>\n<p><strong>11. MODALIT\u00c0 DI ESERCIZIO DEI DIRITTI <\/strong><\/p>\n<p align=\"justify\">Si potr\u00e0 in qualsiasi momento esercitare i diritti inviando:<\/p>\n<ul>\n<li>una raccomandata a.r. a I.M.M. Hydraulics S.p.A. con sede legale in Via Italia, 49-51 \u2013 66041 \u2013 Atessa (CH);<\/li>\n<li>una e-mail all\u2019indirizzo <a href=\"mailto:imm-hydraulics-spa@legalmail.it\">imm-hydraulics-spa@legalmail.it<\/a>.<\/li>\n<\/ul>\n<p><strong>12. MODIFICHE E AGGIORNAMENTI <\/strong><\/p>\n<p align=\"justify\">La presente informativa \u00e8 valida sin dalla data in cui \u00e8 stata presentata. Il titolare potrebbe tuttavia, previo preavviso, apportare modifiche e\/o integrazioni a detta informativa, anche quale conseguenza di eventuali successive modifiche e\/o integrazioni normative.<\/p>\n<\/div><\/section><\/div>\n","protected":false},"excerpt":{"rendered":"","protected":false},"author":1,"featured_media":0,"parent":0,"menu_order":0,"comment_status":"closed","ping_status":"closed","template":"","meta":{"footnotes":""},"class_list":["post-1789","page","type-page","status-publish","hentry"],"yoast_head":"<!-- This site is optimized with the Yoast SEO plugin v26.2 - https:\/\/yoast.com\/wordpress\/plugins\/seo\/ -->\n<title>Privacy Policy - Interpump Italy<\/title>\n<meta name=\"robots\" content=\"index, follow, max-snippet:-1, max-image-preview:large, max-video-preview:-1\" \/>\n<link rel=\"canonical\" href=\"https:\/\/www.interpumpfluidsolutions.com\/it\/privacy-policy\/\" \/>\n<meta property=\"og:locale\" content=\"it_IT\" \/>\n<meta property=\"og:type\" content=\"article\" \/>\n<meta property=\"og:title\" content=\"Privacy Policy - Interpump Italy\" \/>\n<meta property=\"og:url\" content=\"https:\/\/www.interpumpfluidsolutions.com\/it\/privacy-policy\/\" \/>\n<meta property=\"og:site_name\" content=\"Interpump Italy\" \/>\n<meta property=\"article:modified_time\" content=\"2026-01-13T08:15:00+00:00\" \/>\n<meta name=\"twitter:card\" content=\"summary_large_image\" \/>\n<meta name=\"twitter:label1\" content=\"Tempo di lettura stimato\" \/>\n\t<meta name=\"twitter:data1\" content=\"5 minuti\" \/>\n<script type=\"application\/ld+json\" class=\"yoast-schema-graph\">{\"@context\":\"https:\/\/schema.org\",\"@graph\":[{\"@type\":\"WebPage\",\"@id\":\"https:\/\/www.interpumpfluidsolutions.com\/it\/privacy-policy\/\",\"url\":\"https:\/\/www.interpumpfluidsolutions.com\/it\/privacy-policy\/\",\"name\":\"Privacy Policy - Interpump Italy\",\"isPartOf\":{\"@id\":\"https:\/\/www.interpumpfluidsolutions.com\/it\/#website\"},\"datePublished\":\"2018-05-24T09:53:12+00:00\",\"dateModified\":\"2026-01-13T08:15:00+00:00\",\"breadcrumb\":{\"@id\":\"https:\/\/www.interpumpfluidsolutions.com\/it\/privacy-policy\/#breadcrumb\"},\"inLanguage\":\"it-IT\",\"potentialAction\":[{\"@type\":\"ReadAction\",\"target\":[\"https:\/\/www.interpumpfluidsolutions.com\/it\/privacy-policy\/\"]}]},{\"@type\":\"BreadcrumbList\",\"@id\":\"https:\/\/www.interpumpfluidsolutions.com\/it\/privacy-policy\/#breadcrumb\",\"itemListElement\":[{\"@type\":\"ListItem\",\"position\":1,\"name\":\"Home\",\"item\":\"https:\/\/www.interpumpfluidsolutions.com\/it\/home\/\"},{\"@type\":\"ListItem\",\"position\":2,\"name\":\"Privacy Policy\"}]},{\"@type\":\"WebSite\",\"@id\":\"https:\/\/www.interpumpfluidsolutions.com\/it\/#website\",\"url\":\"https:\/\/www.interpumpfluidsolutions.com\/it\/\",\"name\":\"Interpump Italy\",\"description\":\"\",\"potentialAction\":[{\"@type\":\"SearchAction\",\"target\":{\"@type\":\"EntryPoint\",\"urlTemplate\":\"https:\/\/www.interpumpfluidsolutions.com\/it\/?s={search_term_string}\"},\"query-input\":{\"@type\":\"PropertyValueSpecification\",\"valueRequired\":true,\"valueName\":\"search_term_string\"}}],\"inLanguage\":\"it-IT\"}]}<\/script>\n<!-- \/ Yoast SEO plugin. -->","yoast_head_json":{"title":"Privacy Policy - Interpump Italy","robots":{"index":"index","follow":"follow","max-snippet":"max-snippet:-1","max-image-preview":"max-image-preview:large","max-video-preview":"max-video-preview:-1"},"canonical":"https:\/\/www.interpumpfluidsolutions.com\/it\/privacy-policy\/","og_locale":"it_IT","og_type":"article","og_title":"Privacy Policy - Interpump Italy","og_url":"https:\/\/www.interpumpfluidsolutions.com\/it\/privacy-policy\/","og_site_name":"Interpump Italy","article_modified_time":"2026-01-13T08:15:00+00:00","twitter_card":"summary_large_image","twitter_misc":{"Tempo di lettura stimato":"5 minuti"},"schema":{"@context":"https:\/\/schema.org","@graph":[{"@type":"WebPage","@id":"https:\/\/www.interpumpfluidsolutions.com\/it\/privacy-policy\/","url":"https:\/\/www.interpumpfluidsolutions.com\/it\/privacy-policy\/","name":"Privacy Policy - Interpump Italy","isPartOf":{"@id":"https:\/\/www.interpumpfluidsolutions.com\/it\/#website"},"datePublished":"2018-05-24T09:53:12+00:00","dateModified":"2026-01-13T08:15:00+00:00","breadcrumb":{"@id":"https:\/\/www.interpumpfluidsolutions.com\/it\/privacy-policy\/#breadcrumb"},"inLanguage":"it-IT","potentialAction":[{"@type":"ReadAction","target":["https:\/\/www.interpumpfluidsolutions.com\/it\/privacy-policy\/"]}]},{"@type":"BreadcrumbList","@id":"https:\/\/www.interpumpfluidsolutions.com\/it\/privacy-policy\/#breadcrumb","itemListElement":[{"@type":"ListItem","position":1,"name":"Home","item":"https:\/\/www.interpumpfluidsolutions.com\/it\/home\/"},{"@type":"ListItem","position":2,"name":"Privacy Policy"}]},{"@type":"WebSite","@id":"https:\/\/www.interpumpfluidsolutions.com\/it\/#website","url":"https:\/\/www.interpumpfluidsolutions.com\/it\/","name":"Interpump Italy","description":"","potentialAction":[{"@type":"SearchAction","target":{"@type":"EntryPoint","urlTemplate":"https:\/\/www.interpumpfluidsolutions.com\/it\/?s={search_term_string}"},"query-input":{"@type":"PropertyValueSpecification","valueRequired":true,"valueName":"search_term_string"}}],"inLanguage":"it-IT"}]}},"_links":{"self":[{"href":"https:\/\/www.interpumpfluidsolutions.com\/it\/wp-json\/wp\/v2\/pages\/1789","targetHints":{"allow":["GET"]}}],"collection":[{"href":"https:\/\/www.interpumpfluidsolutions.com\/it\/wp-json\/wp\/v2\/pages"}],"about":[{"href":"https:\/\/www.interpumpfluidsolutions.com\/it\/wp-json\/wp\/v2\/types\/page"}],"author":[{"embeddable":true,"href":"https:\/\/www.interpumpfluidsolutions.com\/it\/wp-json\/wp\/v2\/users\/1"}],"replies":[{"embeddable":true,"href":"https:\/\/www.interpumpfluidsolutions.com\/it\/wp-json\/wp\/v2\/comments?post=1789"}],"version-history":[{"count":10,"href":"https:\/\/www.interpumpfluidsolutions.com\/it\/wp-json\/wp\/v2\/pages\/1789\/revisions"}],"predecessor-version":[{"id":10574,"href":"https:\/\/www.interpumpfluidsolutions.com\/it\/wp-json\/wp\/v2\/pages\/1789\/revisions\/10574"}],"wp:attachment":[{"href":"https:\/\/www.interpumpfluidsolutions.com\/it\/wp-json\/wp\/v2\/media?parent=1789"}],"curies":[{"name":"wp","href":"https:\/\/api.w.org\/{rel}","templated":true}]}}