{"id":4553,"date":"2023-01-19T13:19:04","date_gmt":"2023-01-19T13:19:04","guid":{"rendered":"https:\/\/www.interpumpfluidsolutions.com\/it\/?page_id=4553"},"modified":"2026-01-13T08:13:58","modified_gmt":"2026-01-13T08:13:58","slug":"gestione-delle-segnalazioni","status":"publish","type":"page","link":"https:\/\/www.interpumpfluidsolutions.com\/it\/gestione-delle-segnalazioni\/","title":{"rendered":"Gestione delle Segnalazioni"},"content":{"rendered":"\n<style type=\"text\/css\" data-created_by=\"avia_inline_auto\" id=\"style-css-av-afmh2h-875260646bfa1e6af4d377100dd8097e\">\n.avia-image-container.av-afmh2h-875260646bfa1e6af4d377100dd8097e img.avia_image{\nbox-shadow:none;\n}\n.avia-image-container.av-afmh2h-875260646bfa1e6af4d377100dd8097e .av-caption-image-overlay-bg{\nopacity:0.4;\nbackground-color:#000000;\n}\n.avia-image-container.av-afmh2h-875260646bfa1e6af4d377100dd8097e .av-image-caption-overlay-center{\ncolor:#ffffff;\nfont-size:28px;\n}\n<\/style>\n<div  class='avia-image-container av-afmh2h-875260646bfa1e6af4d377100dd8097e av-styling- av-hover-grow av-img-linked avia_animated_image av-animated-when-visible-95 fade-in avia-align-center  avia-builder-el-0  el_before_av_hr  avia-builder-el-first  noHover av-overlay-hover-deactivate'   itemprop=\"image\" itemscope=\"itemscope\" itemtype=\"https:\/\/schema.org\/ImageObject\" ><div class=\"avia-image-container-inner\"><div class=\"avia-image-overlay-wrap\"><a href=\"https:\/\/www.interpumpgroup.it\/uk\/default.aspx\" class='avia_image ' target=\"_blank\" rel=\"noopener noreferrer\" aria-label='InterpumpGroup-1500x430'><div class=\"av-image-caption-overlay\"><div class=\"av-caption-image-overlay-bg\"><\/div><div class=\"av-image-caption-overlay-position\"><div class=\"av-image-caption-overlay-center\"><p>SEGNALARE UNA VIOLAZIONE<\/p>\n<\/div><\/div><\/div><img decoding=\"async\" fetchpriority=\"high\" class='wp-image-4560 avia-img-lazy-loading-not-4560 avia_image ' src=\"https:\/\/www.interpumpfluidsolutions.com\/it\/wp-content\/uploads\/sites\/7\/2023\/01\/InterpumpGroup-1500x430-1.jpg\" alt='' title='InterpumpGroup-1500x430'  height=\"430\" width=\"1500\"  itemprop=\"thumbnailUrl\" srcset=\"https:\/\/www.interpumpfluidsolutions.com\/it\/wp-content\/uploads\/sites\/7\/2023\/01\/InterpumpGroup-1500x430-1.jpg 1500w, https:\/\/www.interpumpfluidsolutions.com\/it\/wp-content\/uploads\/sites\/7\/2023\/01\/InterpumpGroup-1500x430-1-300x86.jpg 300w, https:\/\/www.interpumpfluidsolutions.com\/it\/wp-content\/uploads\/sites\/7\/2023\/01\/InterpumpGroup-1500x430-1-1030x295.jpg 1030w, https:\/\/www.interpumpfluidsolutions.com\/it\/wp-content\/uploads\/sites\/7\/2023\/01\/InterpumpGroup-1500x430-1-768x220.jpg 768w, https:\/\/www.interpumpfluidsolutions.com\/it\/wp-content\/uploads\/sites\/7\/2023\/01\/InterpumpGroup-1500x430-1-705x202.jpg 705w, https:\/\/www.interpumpfluidsolutions.com\/it\/wp-content\/uploads\/sites\/7\/2023\/01\/InterpumpGroup-1500x430-1-450x129.jpg 450w\" sizes=\"(max-width: 1500px) 100vw, 1500px\" \/><\/a><\/div><\/div><\/div>\n\n<style type=\"text\/css\" data-created_by=\"avia_inline_auto\" id=\"style-css-av-vucy1-b1d5b82733c507634eaa880555197882\">\n#top .hr.hr-invisible.av-vucy1-b1d5b82733c507634eaa880555197882{\nheight:20px;\n}\n<\/style>\n<div  class='hr av-vucy1-b1d5b82733c507634eaa880555197882 hr-invisible  avia-builder-el-1  el_after_av_image  el_before_av_one_full '><span class='hr-inner '><span class=\"hr-inner-style\"><\/span><\/span><\/div>\n\n<style type=\"text\/css\" data-created_by=\"avia_inline_auto\" id=\"style-css-av-74j4xl-3217dd02a7c777aa49c18fe2e1aee542\">\n.flex_column.av-74j4xl-3217dd02a7c777aa49c18fe2e1aee542{\nborder-radius:0px 0px 0px 0px;\npadding:0px 0px 0px 0px;\n}\n<\/style>\n<div  class='flex_column av-74j4xl-3217dd02a7c777aa49c18fe2e1aee542 av_one_full  avia-builder-el-2  el_after_av_hr  avia-builder-el-last  first flex_column_div av-zero-column-padding  '     ><p><section  class='av_textblock_section av-5cllzt-2ba090eb0a8ff32684ac2063649e92f9 '   itemscope=\"itemscope\" itemtype=\"https:\/\/schema.org\/CreativeWork\" ><div class='avia_textblock'  itemprop=\"text\" ><p>IMM Hydraulics S.p.A. mette a disposizione diversi canali attraverso i quali \u00e8 possibile segnalare, in maniera confidenziale e riversate, una violazione, o presunta violazione dei principi e delle regole contenute nel Codice Etico, nel Modello di Organizzazione e Gestione ex D. Lgs. 231\/2001, nelle policy e procedure di Gruppo e, in generale, violazioni (o presunte violazioni) di leggi e\/o regolamenti.<\/p>\n<p>IMM Hydraulics S.p.A. si impegna a garantire la riservatezza dei soggetti e dei fatti segnalati, nonch\u00e9 l&#8217;identit\u00e0 del segnalante. Dopo averne verificato l\u2019attendibilit\u00e0, tutte le segnalazioni, incluse quelle anonime, saranno gestite dagli Incaricati alla Gestione delle Segnalazioni, in accordo alla \u201cProcedura sulla Gestione delle Segnalazioni (Whistleblowing)\u201d.<\/p>\n<p>I dati personali e le informazioni forniti nell\u2019ambito della procedura di segnalazione saranno trattati per gestire e dare seguito alla segnalazione, nonch\u00e9 indagare le eventuali condotte segnalate e adottare le misure necessarie, in conformit\u00e0 con le norme di legge applicabili, inclusa la normativa in materia di protezione dei dati personali. Le finalit\u00e0 e le modalit\u00e0 del trattamento dei dati da parte di IMM Hydraulics S.p.A. sono disciplinate nell\u2019informativa sulla privacy.<\/p>\n<p>Le Segnalazioni devono essere effettuate tramite la compilazione di uno specifico form o tramite la registrazione di un messaggio vocale, utilizzando il Portale di Gestione delle Segnalazioni, accessibile al seguente link:<\/p>\n<p><a href=\"https:\/\/interpumpgroup.integrityline.com\/\"><strong><u>https:\/\/interpumpgroup.integrityline.com\/<\/u><\/strong><\/a><\/p>\n<p>Pur rimanendo il sopra indicato canale la scelta preferenziale, sar\u00e0 in alternativa possibile effettuare una Segnalazione anche tramite le seguenti modalit\u00e0:<\/p>\n<ul>\n<li>la casella di posta ordinaria: Interpump Group S.p.A., c.a. Incaricati alla Gestione delle Segnalazioni, via E. Fermi, 25 &#8211; 42049 S. Ilario d&#8217;Enza (RE) \u2013 Italia; al fine di garantire la riservatezza, \u00e8 necessario che la segnalazione venga inserita in due buste chiuse, la prima con i dati identificativi del Segnalante e la seconda con la Segnalazione, ed entrambe dovranno essere inserite in una terza busta chiusa che rechi all\u2019esterno la dicitura \u201criservata\u201d agli Incaricati alla Gestione delle Segnalazioni;<\/li>\n<li>chiamando al seguente numero di telefono +39 0522 904 311 (Lun-Ven | 9-17).<\/li>\n<\/ul>\n<\/div><\/section><br \/>\n<div  class='avia-button-wrap av-3zma21-b20b4c58ea2fba4ba4690f057499cd38-wrap avia-button-left  avia-builder-el-4  el_after_av_textblock  el_before_av_button '><a href='https:\/\/www.interpumpfluidsolutions.com\/it\/wp-content\/uploads\/sites\/7\/2024\/01\/Procedura-Whistleblowing_IMM_def.pdf'  class='avia-button av-3zma21-b20b4c58ea2fba4ba4690f057499cd38 av-link-btn avia-icon_select-no avia-size-small avia-position-left avia-color-theme-color'  target=\"_blank\"  rel=\"noopener noreferrer\" ><span class='avia_iconbox_title' >Procedura sulla Gestione delle Segnalazioni<\/span><\/a><\/div><br \/>\n<div  class='avia-button-wrap av-22vzzd-35e3eee781befa452fceb06b101d7e10-wrap avia-button-left  avia-builder-el-5  el_after_av_button  avia-builder-el-last '><a href='https:\/\/www.interpumpfluidsolutions.com\/it\/wp-content\/uploads\/sites\/7\/2026\/01\/Informativa-Privacy_IMM_ITA.pdf'  class='avia-button av-22vzzd-35e3eee781befa452fceb06b101d7e10 av-link-btn avia-icon_select-no avia-size-small avia-position-left avia-color-theme-color'  target=\"_blank\"  rel=\"noopener noreferrer\" ><span class='avia_iconbox_title' >Informativa Privacy<\/span><\/a><\/div><\/p><\/div>\n","protected":false},"excerpt":{"rendered":"","protected":false},"author":18,"featured_media":0,"parent":0,"menu_order":0,"comment_status":"closed","ping_status":"closed","template":"","meta":{"footnotes":""},"class_list":["post-4553","page","type-page","status-publish","hentry"],"yoast_head":"<!-- This site is optimized with the Yoast SEO plugin v26.2 - https:\/\/yoast.com\/wordpress\/plugins\/seo\/ -->\n<title>Interpump Fluid Solutions Group, worldwide hydraulic products and service<\/title>\n<meta name=\"description\" content=\"Interpump Fluid Solutions is a world leading Group and acknowledged innovator in the production of hose and fittings for hydraulic systems.\" \/>\n<meta name=\"robots\" content=\"index, follow, max-snippet:-1, max-image-preview:large, max-video-preview:-1\" \/>\n<link rel=\"canonical\" href=\"https:\/\/www.interpumpfluidsolutions.com\/it\/gestione-delle-segnalazioni\/\" \/>\n<meta property=\"og:locale\" content=\"it_IT\" \/>\n<meta property=\"og:type\" content=\"article\" \/>\n<meta property=\"og:title\" content=\"Interpump Fluid Solutions Group, worldwide hydraulic products and service\" \/>\n<meta property=\"og:description\" content=\"Interpump Fluid Solutions is a world leading Group and acknowledged innovator in the production of hose and fittings for hydraulic systems.\" \/>\n<meta property=\"og:url\" content=\"https:\/\/www.interpumpfluidsolutions.com\/it\/gestione-delle-segnalazioni\/\" \/>\n<meta property=\"og:site_name\" content=\"Interpump Italy\" \/>\n<meta property=\"article:modified_time\" content=\"2026-01-13T08:13:58+00:00\" \/>\n<meta name=\"twitter:card\" content=\"summary_large_image\" \/>\n<meta name=\"twitter:label1\" content=\"Tempo di lettura stimato\" \/>\n\t<meta name=\"twitter:data1\" content=\"2 minuti\" \/>\n<script type=\"application\/ld+json\" class=\"yoast-schema-graph\">{\"@context\":\"https:\/\/schema.org\",\"@graph\":[{\"@type\":\"WebPage\",\"@id\":\"https:\/\/www.interpumpfluidsolutions.com\/it\/gestione-delle-segnalazioni\/\",\"url\":\"https:\/\/www.interpumpfluidsolutions.com\/it\/gestione-delle-segnalazioni\/\",\"name\":\"Interpump Fluid Solutions Group, worldwide hydraulic products and service\",\"isPartOf\":{\"@id\":\"https:\/\/www.interpumpfluidsolutions.com\/it\/#website\"},\"datePublished\":\"2023-01-19T13:19:04+00:00\",\"dateModified\":\"2026-01-13T08:13:58+00:00\",\"description\":\"Interpump Fluid Solutions is a world leading Group and acknowledged innovator in the production of hose and fittings for hydraulic systems.\",\"breadcrumb\":{\"@id\":\"https:\/\/www.interpumpfluidsolutions.com\/it\/gestione-delle-segnalazioni\/#breadcrumb\"},\"inLanguage\":\"it-IT\",\"potentialAction\":[{\"@type\":\"ReadAction\",\"target\":[\"https:\/\/www.interpumpfluidsolutions.com\/it\/gestione-delle-segnalazioni\/\"]}]},{\"@type\":\"BreadcrumbList\",\"@id\":\"https:\/\/www.interpumpfluidsolutions.com\/it\/gestione-delle-segnalazioni\/#breadcrumb\",\"itemListElement\":[{\"@type\":\"ListItem\",\"position\":1,\"name\":\"Home\",\"item\":\"https:\/\/www.interpumpfluidsolutions.com\/it\/home\/\"},{\"@type\":\"ListItem\",\"position\":2,\"name\":\"Gestione delle Segnalazioni\"}]},{\"@type\":\"WebSite\",\"@id\":\"https:\/\/www.interpumpfluidsolutions.com\/it\/#website\",\"url\":\"https:\/\/www.interpumpfluidsolutions.com\/it\/\",\"name\":\"Interpump Italy\",\"description\":\"\",\"potentialAction\":[{\"@type\":\"SearchAction\",\"target\":{\"@type\":\"EntryPoint\",\"urlTemplate\":\"https:\/\/www.interpumpfluidsolutions.com\/it\/?s={search_term_string}\"},\"query-input\":{\"@type\":\"PropertyValueSpecification\",\"valueRequired\":true,\"valueName\":\"search_term_string\"}}],\"inLanguage\":\"it-IT\"}]}<\/script>\n<!-- \/ Yoast SEO plugin. -->","yoast_head_json":{"title":"Interpump Fluid Solutions Group, worldwide hydraulic products and service","description":"Interpump Fluid Solutions is a world leading Group and acknowledged innovator in the production of hose and fittings for hydraulic systems.","robots":{"index":"index","follow":"follow","max-snippet":"max-snippet:-1","max-image-preview":"max-image-preview:large","max-video-preview":"max-video-preview:-1"},"canonical":"https:\/\/www.interpumpfluidsolutions.com\/it\/gestione-delle-segnalazioni\/","og_locale":"it_IT","og_type":"article","og_title":"Interpump Fluid Solutions Group, worldwide hydraulic products and service","og_description":"Interpump Fluid Solutions is a world leading Group and acknowledged innovator in the production of hose and fittings for hydraulic systems.","og_url":"https:\/\/www.interpumpfluidsolutions.com\/it\/gestione-delle-segnalazioni\/","og_site_name":"Interpump Italy","article_modified_time":"2026-01-13T08:13:58+00:00","twitter_card":"summary_large_image","twitter_misc":{"Tempo di lettura stimato":"2 minuti"},"schema":{"@context":"https:\/\/schema.org","@graph":[{"@type":"WebPage","@id":"https:\/\/www.interpumpfluidsolutions.com\/it\/gestione-delle-segnalazioni\/","url":"https:\/\/www.interpumpfluidsolutions.com\/it\/gestione-delle-segnalazioni\/","name":"Interpump Fluid Solutions Group, worldwide hydraulic products and service","isPartOf":{"@id":"https:\/\/www.interpumpfluidsolutions.com\/it\/#website"},"datePublished":"2023-01-19T13:19:04+00:00","dateModified":"2026-01-13T08:13:58+00:00","description":"Interpump Fluid Solutions is a world leading Group and acknowledged innovator in the production of hose and fittings for hydraulic systems.","breadcrumb":{"@id":"https:\/\/www.interpumpfluidsolutions.com\/it\/gestione-delle-segnalazioni\/#breadcrumb"},"inLanguage":"it-IT","potentialAction":[{"@type":"ReadAction","target":["https:\/\/www.interpumpfluidsolutions.com\/it\/gestione-delle-segnalazioni\/"]}]},{"@type":"BreadcrumbList","@id":"https:\/\/www.interpumpfluidsolutions.com\/it\/gestione-delle-segnalazioni\/#breadcrumb","itemListElement":[{"@type":"ListItem","position":1,"name":"Home","item":"https:\/\/www.interpumpfluidsolutions.com\/it\/home\/"},{"@type":"ListItem","position":2,"name":"Gestione delle Segnalazioni"}]},{"@type":"WebSite","@id":"https:\/\/www.interpumpfluidsolutions.com\/it\/#website","url":"https:\/\/www.interpumpfluidsolutions.com\/it\/","name":"Interpump Italy","description":"","potentialAction":[{"@type":"SearchAction","target":{"@type":"EntryPoint","urlTemplate":"https:\/\/www.interpumpfluidsolutions.com\/it\/?s={search_term_string}"},"query-input":{"@type":"PropertyValueSpecification","valueRequired":true,"valueName":"search_term_string"}}],"inLanguage":"it-IT"}]}},"_links":{"self":[{"href":"https:\/\/www.interpumpfluidsolutions.com\/it\/wp-json\/wp\/v2\/pages\/4553","targetHints":{"allow":["GET"]}}],"collection":[{"href":"https:\/\/www.interpumpfluidsolutions.com\/it\/wp-json\/wp\/v2\/pages"}],"about":[{"href":"https:\/\/www.interpumpfluidsolutions.com\/it\/wp-json\/wp\/v2\/types\/page"}],"author":[{"embeddable":true,"href":"https:\/\/www.interpumpfluidsolutions.com\/it\/wp-json\/wp\/v2\/users\/18"}],"replies":[{"embeddable":true,"href":"https:\/\/www.interpumpfluidsolutions.com\/it\/wp-json\/wp\/v2\/comments?post=4553"}],"version-history":[{"count":12,"href":"https:\/\/www.interpumpfluidsolutions.com\/it\/wp-json\/wp\/v2\/pages\/4553\/revisions"}],"predecessor-version":[{"id":10581,"href":"https:\/\/www.interpumpfluidsolutions.com\/it\/wp-json\/wp\/v2\/pages\/4553\/revisions\/10581"}],"wp:attachment":[{"href":"https:\/\/www.interpumpfluidsolutions.com\/it\/wp-json\/wp\/v2\/media?parent=4553"}],"curies":[{"name":"wp","href":"https:\/\/api.w.org\/{rel}","templated":true}]}}