{"id":62,"date":"2017-11-13T13:54:46","date_gmt":"2017-11-13T13:54:46","guid":{"rendered":"https:\/\/www.interpumpfluidsolutions.com\/it\/?page_id=62"},"modified":"2025-02-14T07:40:33","modified_gmt":"2025-02-14T07:40:33","slug":"contact","status":"publish","type":"page","link":"https:\/\/www.interpumpfluidsolutions.com\/it\/contact\/","title":{"rendered":"Contatti"},"content":{"rendered":"<div id='full_slider_1'  class='avia-fullwidth-slider main_color avia-shadow   avia-builder-el-0  el_before_av_heading  avia-builder-el-first   container_wrap fullsize'  >\n<style type=\"text\/css\" data-created_by=\"avia_inline_auto\" id=\"style-css-av-3pn5q-41e3288bf9a7c83750940c1b9008f9b1\">\n#top #wrap_all .avia-slideshow .av-slideshow-caption.av-3pn5q-41e3288bf9a7c83750940c1b9008f9b1__0 .avia-caption-title{\nfont-size:36px;\ncolor:#ffffff;\n}\n#top .avia-slideshow .av-slideshow-caption.av-3pn5q-41e3288bf9a7c83750940c1b9008f9b1__0 .avia-caption-content{\nfont-size:15px;\ncolor:#ffffff;\n}\n#top .avia-slideshow .av-slideshow-caption.av-3pn5q-41e3288bf9a7c83750940c1b9008f9b1__0 .avia-caption-content p{\nfont-size:15px;\n}\n<\/style>\n<div  class='avia-slideshow av-3pn5q-41e3288bf9a7c83750940c1b9008f9b1 avia-slideshow-featured av_slideshow_full avia-slide-slider av-slideshow-ui av-control-default av-slideshow-manual av-loop-once av-loop-manual-endless av-default-height-applied   avia-slideshow-1' data-slideshow-options=\"{&quot;animation&quot;:&quot;slide&quot;,&quot;autoplay&quot;:false,&quot;loop_autoplay&quot;:&quot;once&quot;,&quot;interval&quot;:5,&quot;loop_manual&quot;:&quot;manual-endless&quot;,&quot;autoplay_stopper&quot;:false,&quot;noNavigation&quot;:false,&quot;bg_slider&quot;:false,&quot;keep_padding&quot;:false,&quot;hoverpause&quot;:false,&quot;show_slide_delay&quot;:0}\"  itemprop=\"image\" itemscope=\"itemscope\" itemtype=\"https:\/\/schema.org\/ImageObject\" ><ul class='avia-slideshow-inner ' style='padding-bottom: 28.666666666667%;'><li  class='avia-slideshow-slide av-3pn5q-41e3288bf9a7c83750940c1b9008f9b1__0  av-single-slide slide-1 slide-odd'><div data-rel='slideshow-1' class='avia-slide-wrap '   ><div class='av-slideshow-caption av-3pn5q-41e3288bf9a7c83750940c1b9008f9b1__0 caption_fullwidth caption_left'><div class=\"container caption_container\"><div class=\"slideshow_caption\"><div class=\"slideshow_inner_caption\"><div class=\"slideshow_align_caption\"><h2 class='avia-caption-title '  itemprop=\"name\" >Contatti<\/h2><\/div><\/div><\/div><\/div><\/div><img decoding=\"async\" fetchpriority=\"high\" class=\"wp-image-1111 avia-img-lazy-loading-not-1111\"  src=\"https:\/\/www.interpumpfluidsolutions.com\/it\/wp-content\/uploads\/sites\/7\/2018\/02\/contact-1500x430.jpg\" width=\"1500\" height=\"430\" title='contact-1500x430' alt=''  itemprop=\"thumbnailUrl\" srcset=\"https:\/\/www.interpumpfluidsolutions.com\/it\/wp-content\/uploads\/sites\/7\/2018\/02\/contact-1500x430.jpg 1500w, https:\/\/www.interpumpfluidsolutions.com\/it\/wp-content\/uploads\/sites\/7\/2018\/02\/contact-1500x430-300x86.jpg 300w, https:\/\/www.interpumpfluidsolutions.com\/it\/wp-content\/uploads\/sites\/7\/2018\/02\/contact-1500x430-768x220.jpg 768w, https:\/\/www.interpumpfluidsolutions.com\/it\/wp-content\/uploads\/sites\/7\/2018\/02\/contact-1500x430-1030x295.jpg 1030w, https:\/\/www.interpumpfluidsolutions.com\/it\/wp-content\/uploads\/sites\/7\/2018\/02\/contact-1500x430-705x202.jpg 705w, https:\/\/www.interpumpfluidsolutions.com\/it\/wp-content\/uploads\/sites\/7\/2018\/02\/contact-1500x430-450x129.jpg 450w\" sizes=\"(max-width: 1500px) 100vw, 1500px\" \/><\/div><\/li><\/ul><\/div><\/div><div id='after_full_slider_1'  class='main_color av_default_container_wrap container_wrap fullsize'  ><div class='container av-section-cont-open' ><div class='template-page content  av-content-full alpha units'><div class='post-entry post-entry-type-page post-entry-62'><div class='entry-content-wrapper clearfix'>\n\n<style type=\"text\/css\" data-created_by=\"avia_inline_auto\" id=\"style-css-av-2i69m-5cfd43e5cc54bfea54b9c4dc11bf96f3\">\n#top .av-special-heading.av-2i69m-5cfd43e5cc54bfea54b9c4dc11bf96f3{\npadding-bottom:10px;\n}\nbody .av-special-heading.av-2i69m-5cfd43e5cc54bfea54b9c4dc11bf96f3 .av-special-heading-tag .heading-char{\nfont-size:25px;\n}\n.av-special-heading.av-2i69m-5cfd43e5cc54bfea54b9c4dc11bf96f3 .av-subheading{\nfont-size:15px;\n}\n<\/style>\n<div  class='av-special-heading av-2i69m-5cfd43e5cc54bfea54b9c4dc11bf96f3 av-special-heading-h3  avia-builder-el-1  el_after_av_slideshow_full  el_before_av_textblock  avia-builder-el-first '><h3 class='av-special-heading-tag'  itemprop=\"headline\"  >Interpump Fluid Solutions Rete Vendita Internazionale<\/h3><div class=\"special-heading-border\"><div class=\"special-heading-inner-border\"><\/div><\/div><\/div>\n<section  class='av_textblock_section av-2190a-df0f400eeb169bc4d2dec1f4e064e8c8 '   itemscope=\"itemscope\" itemtype=\"https:\/\/schema.org\/CreativeWork\" ><div class='avia_textblock'  itemprop=\"text\" ><p>Interpump Fluid Solutions \u00e8 una societ\u00e0 con forza di vendita in tutto il mondo, garantendo la disponibilit\u00e0 per il tuo mercato locale.<\/p>\n<p><strong>Headquarters<\/strong><\/p>\n<p>Via Italia 49-51 66041 Atessa CH Italy<br \/>\n+39 0872 889225<\/p>\n<p><strong>Italia<\/strong><\/p>\n<p>Via dell\u2019Industria 112 36015 Schio VI Italy<br \/>\n+39 0445 576085<\/p>\n<p>Lungotorrente Secca 4B-rosso 16163 Bolzaneto GE Italy<br \/>\n+39 010 710962<\/p>\n<p><strong>Austria \/ Francia<\/strong><\/p>\n<p>12 Rue Forlen, 67118 Geipolsheim, France<br \/>\n+33 388554014<\/p>\n<p><strong>Germania<\/strong><\/p>\n<p>Eisenweg 5 58540 Meinerzhagen, Germany<br \/>\n+49 2354 708850<\/p>\n<p><strong>Regno Unito<\/strong><\/p>\n<p>5, Greenhill Industrial Estate, Kidderminster DY10 2RN<br \/>\n+44 121 5501115<\/p>\n<p><strong>Spagna<\/strong><\/p>\n<p>Av. de Rosa Parks, 61 25005 Lleida Spain<br \/>\n+34 973 232 198<\/p>\n<\/div><\/section>\n\n<style type=\"text\/css\" data-created_by=\"avia_inline_auto\" id=\"style-css-av-1ns1y-f4de9844dfa15b44c54005e095be2b8e\">\n.flex_column.av-1ns1y-f4de9844dfa15b44c54005e095be2b8e{\nborder-radius:0px 0px 0px 0px;\npadding:0px 0px 0px 0px;\n}\n<\/style>\n<div  class='flex_column av-1ns1y-f4de9844dfa15b44c54005e095be2b8e av_one_full  avia-builder-el-3  el_after_av_textblock  avia-builder-el-last  first flex_column_div av-zero-column-padding  column-top-margin'     ><\/div>\n","protected":false},"excerpt":{"rendered":"","protected":false},"author":3,"featured_media":0,"parent":0,"menu_order":8,"comment_status":"closed","ping_status":"closed","template":"","meta":{"footnotes":""},"class_list":["post-62","page","type-page","status-publish","hentry"],"yoast_head":"<!-- This site is optimized with the Yoast SEO plugin v26.2 - https:\/\/yoast.com\/wordpress\/plugins\/seo\/ -->\n<title>Contatti - Interpump Italy<\/title>\n<meta name=\"robots\" content=\"index, follow, max-snippet:-1, max-image-preview:large, max-video-preview:-1\" \/>\n<link rel=\"canonical\" href=\"https:\/\/www.interpumpfluidsolutions.com\/it\/contact\/\" \/>\n<meta property=\"og:locale\" content=\"it_IT\" \/>\n<meta property=\"og:type\" content=\"article\" \/>\n<meta property=\"og:title\" content=\"Contatti - Interpump Italy\" \/>\n<meta property=\"og:url\" content=\"https:\/\/www.interpumpfluidsolutions.com\/it\/contact\/\" \/>\n<meta property=\"og:site_name\" content=\"Interpump Italy\" \/>\n<meta property=\"article:modified_time\" content=\"2025-02-14T07:40:33+00:00\" \/>\n<meta name=\"twitter:card\" content=\"summary_large_image\" \/>\n<meta name=\"twitter:label1\" content=\"Tempo di lettura stimato\" \/>\n\t<meta name=\"twitter:data1\" content=\"1 minuto\" \/>\n<script type=\"application\/ld+json\" class=\"yoast-schema-graph\">{\"@context\":\"https:\/\/schema.org\",\"@graph\":[{\"@type\":\"WebPage\",\"@id\":\"https:\/\/www.interpumpfluidsolutions.com\/it\/contact\/\",\"url\":\"https:\/\/www.interpumpfluidsolutions.com\/it\/contact\/\",\"name\":\"Contatti - Interpump Italy\",\"isPartOf\":{\"@id\":\"https:\/\/www.interpumpfluidsolutions.com\/it\/#website\"},\"datePublished\":\"2017-11-13T13:54:46+00:00\",\"dateModified\":\"2025-02-14T07:40:33+00:00\",\"breadcrumb\":{\"@id\":\"https:\/\/www.interpumpfluidsolutions.com\/it\/contact\/#breadcrumb\"},\"inLanguage\":\"it-IT\",\"potentialAction\":[{\"@type\":\"ReadAction\",\"target\":[\"https:\/\/www.interpumpfluidsolutions.com\/it\/contact\/\"]}]},{\"@type\":\"BreadcrumbList\",\"@id\":\"https:\/\/www.interpumpfluidsolutions.com\/it\/contact\/#breadcrumb\",\"itemListElement\":[{\"@type\":\"ListItem\",\"position\":1,\"name\":\"Home\",\"item\":\"https:\/\/www.interpumpfluidsolutions.com\/it\/home\/\"},{\"@type\":\"ListItem\",\"position\":2,\"name\":\"Contatti\"}]},{\"@type\":\"WebSite\",\"@id\":\"https:\/\/www.interpumpfluidsolutions.com\/it\/#website\",\"url\":\"https:\/\/www.interpumpfluidsolutions.com\/it\/\",\"name\":\"Interpump Italy\",\"description\":\"\",\"potentialAction\":[{\"@type\":\"SearchAction\",\"target\":{\"@type\":\"EntryPoint\",\"urlTemplate\":\"https:\/\/www.interpumpfluidsolutions.com\/it\/?s={search_term_string}\"},\"query-input\":{\"@type\":\"PropertyValueSpecification\",\"valueRequired\":true,\"valueName\":\"search_term_string\"}}],\"inLanguage\":\"it-IT\"}]}<\/script>\n<!-- \/ Yoast SEO plugin. -->","yoast_head_json":{"title":"Contatti - Interpump Italy","robots":{"index":"index","follow":"follow","max-snippet":"max-snippet:-1","max-image-preview":"max-image-preview:large","max-video-preview":"max-video-preview:-1"},"canonical":"https:\/\/www.interpumpfluidsolutions.com\/it\/contact\/","og_locale":"it_IT","og_type":"article","og_title":"Contatti - Interpump Italy","og_url":"https:\/\/www.interpumpfluidsolutions.com\/it\/contact\/","og_site_name":"Interpump Italy","article_modified_time":"2025-02-14T07:40:33+00:00","twitter_card":"summary_large_image","twitter_misc":{"Tempo di lettura stimato":"1 minuto"},"schema":{"@context":"https:\/\/schema.org","@graph":[{"@type":"WebPage","@id":"https:\/\/www.interpumpfluidsolutions.com\/it\/contact\/","url":"https:\/\/www.interpumpfluidsolutions.com\/it\/contact\/","name":"Contatti - Interpump Italy","isPartOf":{"@id":"https:\/\/www.interpumpfluidsolutions.com\/it\/#website"},"datePublished":"2017-11-13T13:54:46+00:00","dateModified":"2025-02-14T07:40:33+00:00","breadcrumb":{"@id":"https:\/\/www.interpumpfluidsolutions.com\/it\/contact\/#breadcrumb"},"inLanguage":"it-IT","potentialAction":[{"@type":"ReadAction","target":["https:\/\/www.interpumpfluidsolutions.com\/it\/contact\/"]}]},{"@type":"BreadcrumbList","@id":"https:\/\/www.interpumpfluidsolutions.com\/it\/contact\/#breadcrumb","itemListElement":[{"@type":"ListItem","position":1,"name":"Home","item":"https:\/\/www.interpumpfluidsolutions.com\/it\/home\/"},{"@type":"ListItem","position":2,"name":"Contatti"}]},{"@type":"WebSite","@id":"https:\/\/www.interpumpfluidsolutions.com\/it\/#website","url":"https:\/\/www.interpumpfluidsolutions.com\/it\/","name":"Interpump Italy","description":"","potentialAction":[{"@type":"SearchAction","target":{"@type":"EntryPoint","urlTemplate":"https:\/\/www.interpumpfluidsolutions.com\/it\/?s={search_term_string}"},"query-input":{"@type":"PropertyValueSpecification","valueRequired":true,"valueName":"search_term_string"}}],"inLanguage":"it-IT"}]}},"_links":{"self":[{"href":"https:\/\/www.interpumpfluidsolutions.com\/it\/wp-json\/wp\/v2\/pages\/62","targetHints":{"allow":["GET"]}}],"collection":[{"href":"https:\/\/www.interpumpfluidsolutions.com\/it\/wp-json\/wp\/v2\/pages"}],"about":[{"href":"https:\/\/www.interpumpfluidsolutions.com\/it\/wp-json\/wp\/v2\/types\/page"}],"author":[{"embeddable":true,"href":"https:\/\/www.interpumpfluidsolutions.com\/it\/wp-json\/wp\/v2\/users\/3"}],"replies":[{"embeddable":true,"href":"https:\/\/www.interpumpfluidsolutions.com\/it\/wp-json\/wp\/v2\/comments?post=62"}],"version-history":[{"count":13,"href":"https:\/\/www.interpumpfluidsolutions.com\/it\/wp-json\/wp\/v2\/pages\/62\/revisions"}],"predecessor-version":[{"id":10247,"href":"https:\/\/www.interpumpfluidsolutions.com\/it\/wp-json\/wp\/v2\/pages\/62\/revisions\/10247"}],"wp:attachment":[{"href":"https:\/\/www.interpumpfluidsolutions.com\/it\/wp-json\/wp\/v2\/media?parent=62"}],"curies":[{"name":"wp","href":"https:\/\/api.w.org\/{rel}","templated":true}]}}