{"id":993,"date":"2018-01-10T11:01:41","date_gmt":"2018-01-10T11:01:41","guid":{"rendered":"https:\/\/www.interpumpfluidsolutions.com\/it\/?page_id=993"},"modified":"2022-03-21T13:45:29","modified_gmt":"2022-03-21T13:45:29","slug":"who-we-are","status":"publish","type":"page","link":"https:\/\/www.interpumpfluidsolutions.com\/it\/about\/who-we-are\/","title":{"rendered":"Chi siamo"},"content":{"rendered":"<div id='full_slider_1'  class='avia-fullwidth-slider main_color avia-shadow   avia-builder-el-0  el_before_av_one_full  avia-builder-el-first   container_wrap fullsize'  >\n<style type=\"text\/css\" data-created_by=\"avia_inline_auto\" id=\"style-css-av-av_slideshow_full-32de997090c749a8c82b86d1ff824dd4\">\n#top #wrap_all .avia-slideshow .av-slideshow-caption.av-av_slideshow_full-32de997090c749a8c82b86d1ff824dd4__0 .avia-caption-title{\nfont-size:60px;\n}\n<\/style>\n<div  class='avia-slideshow av-av_slideshow_full-32de997090c749a8c82b86d1ff824dd4 avia-slideshow-featured av_slideshow_full avia-slide-slider av-slideshow-ui av-control-default av-slideshow-manual av-loop-once av-loop-manual-endless av-default-height-applied   avia-slideshow-1' data-slideshow-options=\"{&quot;animation&quot;:&quot;slide&quot;,&quot;autoplay&quot;:false,&quot;loop_autoplay&quot;:&quot;once&quot;,&quot;interval&quot;:5,&quot;loop_manual&quot;:&quot;manual-endless&quot;,&quot;autoplay_stopper&quot;:false,&quot;noNavigation&quot;:false,&quot;bg_slider&quot;:false,&quot;keep_padding&quot;:false,&quot;hoverpause&quot;:false,&quot;show_slide_delay&quot;:0}\"  itemprop=\"image\" itemscope=\"itemscope\" itemtype=\"https:\/\/schema.org\/ImageObject\" ><ul class='avia-slideshow-inner ' style='padding-bottom: 28.666666666667%;'><li  class='avia-slideshow-slide av-av_slideshow_full-32de997090c749a8c82b86d1ff824dd4__0  av-single-slide slide-1 slide-odd'><div data-rel='slideshow-1' class='avia-slide-wrap '   ><div class='av-slideshow-caption av-av_slideshow_full-32de997090c749a8c82b86d1ff824dd4__0 caption_fullwidth caption_left'><div class=\"container caption_container\"><div class=\"slideshow_caption\"><div class=\"slideshow_inner_caption\"><div class=\"slideshow_align_caption\"><h2 class='avia-caption-title '  itemprop=\"name\" >Chi siamo<\/h2><\/div><\/div><\/div><\/div><\/div><img decoding=\"async\" fetchpriority=\"high\" class=\"wp-image-736 avia-img-lazy-loading-not-736\"  src=\"https:\/\/www.interpumpfluidsolutions.com\/it\/wp-content\/uploads\/sites\/7\/2017\/11\/IFSengineers-1500x430.jpg\" width=\"1500\" height=\"430\" title='IFSengineers' alt=''  itemprop=\"thumbnailUrl\"   \/><\/div><\/li><\/ul><\/div><\/div><div id='after_full_slider_1'  class='main_color av_default_container_wrap container_wrap fullsize'  ><div class='container av-section-cont-open' ><div class='template-page content  av-content-full alpha units'><div class='post-entry post-entry-type-page post-entry-993'><div class='entry-content-wrapper clearfix'>\n\n<style type=\"text\/css\" data-created_by=\"avia_inline_auto\" id=\"style-css-av-av_one_full-15d750bd1b332b34c6e70b077ebbccdf\">\n.flex_column.av-av_one_full-15d750bd1b332b34c6e70b077ebbccdf{\nborder-radius:0px 0px 0px 0px;\npadding:0px 0px 0px 0px;\n}\n<\/style>\n<div  class='flex_column av-av_one_full-15d750bd1b332b34c6e70b077ebbccdf av_one_full  avia-builder-el-1  el_after_av_slideshow_full  el_before_av_hr  avia-builder-el-first  first flex_column_div av-zero-column-padding  '     ><section  class='av_textblock_section av-av_textblock-2de302bf1aa3cf4c9157dbe6f50ac7eb '   itemscope=\"itemscope\" itemtype=\"https:\/\/schema.org\/CreativeWork\" ><div class='avia_textblock'  itemprop=\"text\" ><p>I.M.M. Hydraulics \u00e8 da pi\u00f9 di 30 anni leader nella produzione di tubi, raccordi e accessori di alta qualit\u00e0. Conosciuta in Italia come I.M.M. Hydraulics, marchio di produzione di tubi flessibili e raccordi del Gruppo Interpump, negli anni \u00e8 diventata una dei leader internazionali del settore idraulico. Con cinque industrie manifatturiere situate in Europa.<\/p>\n<p>Grazie all&#8217;investimento del gruppo Interpump nel mercato dell&#8217;idraulica sono stati acquisiti diversi marchi di produzione e di prodotto ed \u00e8 stata introdotta sul mercato un&#8217;unica fonte per tutte le sue esigenze di trasmissione fluidi. Interpump Fluid Solutions \u00e8 stato creato per riunire tutti questi produttori in un unico fornitore di tubi, raccordi, macchine e accessori idraulici certificati e compatibili.<\/p>\n<p>Prodotta in Europa e distribuita attraverso la nostra rete di filiali in Australia, Canada, Francia, Germania, Italia, Sud Africa, Regno Unito e Stati Uniti, Interpump Fluid Solutions incorpora attualmente 3 marchi di produzione e di prodotto tra cui\u00a0 Hypress, Hydralok e Gs Hydro.<\/p>\n<\/div><\/section><\/div>\n<div  class='hr av-av_hr-0ff602b3e980a3377077ff3c1c834df6 hr-default  avia-builder-el-3  el_after_av_one_full  el_before_av_one_full '><span class='hr-inner '><span class=\"hr-inner-style\"><\/span><\/span><\/div>\n\n<style type=\"text\/css\" data-created_by=\"avia_inline_auto\" id=\"style-css-av-av_one_full-15d750bd1b332b34c6e70b077ebbccdf\">\n.flex_column.av-av_one_full-15d750bd1b332b34c6e70b077ebbccdf{\nborder-radius:0px 0px 0px 0px;\npadding:0px 0px 0px 0px;\n}\n<\/style>\n<div  class='flex_column av-av_one_full-15d750bd1b332b34c6e70b077ebbccdf av_one_full  avia-builder-el-4  el_after_av_hr  el_before_av_hr  first flex_column_div av-zero-column-padding  '     ><section  class='av_textblock_section av-av_textblock-2de302bf1aa3cf4c9157dbe6f50ac7eb '   itemscope=\"itemscope\" itemtype=\"https:\/\/schema.org\/CreativeWork\" ><div class='avia_textblock'  itemprop=\"text\" ><h2><span class='av_dropcap1 av-av_dropcap1-3cd9da5fea0ef5fb27aee617571c39a3'>V<\/span>ision<\/h2>\n<p><i>Nell\u2019ambito della fluidica alta pressione, essere percepiti come interlocutore unico in grado di facilitare il compito di installatori ed utilizzatori finali, in un\u2019ottica combinata di sicurezza, garanzia, durata ed affidabilit\u00e0 del sistema, nel rispetto dei principi di etica e sviluppo sostenibile.<\/i><\/p>\n<h2><span class='av_dropcap1 av-av_dropcap1-3cd9da5fea0ef5fb27aee617571c39a3'>M<\/span>ission<\/h2>\n<p><i>Progettare e realizzare sistemi integrati di connessione per alta pressione, relative macchine per l\u2019assemblaggio e software di gestione per diversi settori, al giusto prezzo. Orientando la progettazione alle specifiche applicative anche oltre gli standard riconosciuti.<\/i><\/p>\n<\/div><\/section><\/div><div  class='hr av-av_hr-0ff602b3e980a3377077ff3c1c834df6 hr-default  avia-builder-el-6  el_after_av_one_full  el_before_av_section  avia-builder-el-last '><span class='hr-inner '><span class=\"hr-inner-style\"><\/span><\/span><\/div><\/p>\n<\/div><\/div><\/div><!-- close content main div --><\/div><\/div>\n<style type=\"text\/css\" data-created_by=\"avia_inline_auto\" id=\"style-css-av-av_section-2a13045737d3988b34894846db9017ea\">\n.avia-section.av-av_section-2a13045737d3988b34894846db9017ea .av-parallax .av-parallax-inner{\nbackground-repeat:no-repeat;\nbackground-image:url(https:\/\/www.interpumpfluidsolutions.com\/it\/wp-content\/uploads\/sites\/7\/2017\/11\/shutterstock_400486630.jpg);\nbackground-position:0% 0%;\nbackground-attachment:scroll;\n}\n<\/style>\n<div id='home-people'  class='avia-section av-av_section-2a13045737d3988b34894846db9017ea main_color avia-section-large avia-no-border-styling  avia-builder-el-7  el_after_av_hr  avia-builder-el-last  av-parallax-section avia-bg-style-parallax container_wrap fullsize'  data-section-bg-repeat='no-repeat'><div class='av-parallax' data-avia-parallax-ratio='0.3' ><div class='av-parallax-inner main_color avia-full-stretch'><\/div><\/div><div class='container av-section-cont-open' ><div class='template-page content  av-content-full alpha units'><div class='post-entry post-entry-type-page post-entry-993'><div class='entry-content-wrapper clearfix'>\n\n<style type=\"text\/css\" data-created_by=\"avia_inline_auto\" id=\"style-css-av-av_one_fourth-15d750bd1b332b34c6e70b077ebbccdf\">\n.flex_column.av-av_one_fourth-15d750bd1b332b34c6e70b077ebbccdf{\nborder-radius:0px 0px 0px 0px;\npadding:0px 0px 0px 0px;\n}\n<\/style>\n<div  class='flex_column av-av_one_fourth-15d750bd1b332b34c6e70b077ebbccdf av_one_fourth  avia-builder-el-8  el_before_av_one_half  avia-builder-el-first  first flex_column_div av-zero-column-padding  '     ><\/div>\n<style type=\"text\/css\" data-created_by=\"avia_inline_auto\" id=\"style-css-av-av_one_half-c8fc129dc35fd1ae2a1e410224d39ea8\">\n.flex_column.av-av_one_half-c8fc129dc35fd1ae2a1e410224d39ea8{\nborder-radius:0px 0px 0px 0px;\npadding:0px 0px 0px 0px;\n}\n<\/style>\n<div  class='flex_column av-av_one_half-c8fc129dc35fd1ae2a1e410224d39ea8 av_one_half  avia-builder-el-9  el_after_av_one_fourth  el_before_av_one_fourth  flex_column_div av-zero-column-padding  '     ><style type=\"text\/css\" data-created_by=\"avia_inline_auto\" id=\"style-css-av-av_textblock-dd2387397296c1a314b0b5f4a3f918a3\">\n#top .av_textblock_section.av-av_textblock-dd2387397296c1a314b0b5f4a3f918a3 .avia_textblock{\ncolor:#ffffff;\n}\n<\/style>\n<section  class='av_textblock_section av-av_textblock-dd2387397296c1a314b0b5f4a3f918a3 '   itemscope=\"itemscope\" itemtype=\"https:\/\/schema.org\/CreativeWork\" ><div class='avia_textblock av_inherit_color'  itemprop=\"text\" ><h2 style=\"text-align: center\">\u00a0Il nostro team<\/h2>\n<\/div><\/section><br \/>\n\n<style type=\"text\/css\" data-created_by=\"avia_inline_auto\" id=\"style-css-av-av_hr-616cd310f4c6bf63bbd1f033802c1165\">\n#top .hr.hr-invisible.av-av_hr-616cd310f4c6bf63bbd1f033802c1165{\nheight:20px;\n}\n<\/style>\n<div  class='hr av-av_hr-616cd310f4c6bf63bbd1f033802c1165 hr-invisible  avia-builder-el-11  el_after_av_textblock  el_before_av_textblock '><span class='hr-inner '><span class=\"hr-inner-style\"><\/span><\/span><\/div><br \/>\n\n<style type=\"text\/css\" data-created_by=\"avia_inline_auto\" id=\"style-css-av-av_textblock-dd2387397296c1a314b0b5f4a3f918a3\">\n#top .av_textblock_section.av-av_textblock-dd2387397296c1a314b0b5f4a3f918a3 .avia_textblock{\ncolor:#ffffff;\n}\n<\/style>\n<section  class='av_textblock_section av-av_textblock-dd2387397296c1a314b0b5f4a3f918a3 '   itemscope=\"itemscope\" itemtype=\"https:\/\/schema.org\/CreativeWork\" ><div class='avia_textblock av_inherit_color'  itemprop=\"text\" ><p style=\"text-align: center\">Progettisti, ingegneri , esperti di produzione, professionisti nella distribuzione, il nostro team di Interpump Fluid Solutions \u00e8 pronto a collaborare per creare soluzioni idrauliche a livello mondiale<\/p>\n<\/div><\/section><br \/>\n\n<style type=\"text\/css\" data-created_by=\"avia_inline_auto\" id=\"style-css-av-av_hr-616cd310f4c6bf63bbd1f033802c1165\">\n#top .hr.hr-invisible.av-av_hr-616cd310f4c6bf63bbd1f033802c1165{\nheight:20px;\n}\n<\/style>\n<div  class='hr av-av_hr-616cd310f4c6bf63bbd1f033802c1165 hr-invisible  avia-builder-el-13  el_after_av_textblock  el_before_av_button '><span class='hr-inner '><span class=\"hr-inner-style\"><\/span><\/span><\/div><br \/>\n<div  class='avia-button-wrap av-av_button-1371abd86fdf0327bd7ed681582c240b-wrap avia-button-center  avia-builder-el-14  el_after_av_hr  avia-builder-el-last '><a href=''  class='avia-button av-av_button-1371abd86fdf0327bd7ed681582c240b av-link-btn avia-icon_select-no avia-size-small avia-position-center avia-color-light'  ><span class='avia_iconbox_title' >Team<\/span><\/a><\/div><\/p><\/div>\n<style type=\"text\/css\" data-created_by=\"avia_inline_auto\" id=\"style-css-av-av_one_fourth-c8fc129dc35fd1ae2a1e410224d39ea8\">\n.flex_column.av-av_one_fourth-c8fc129dc35fd1ae2a1e410224d39ea8{\nborder-radius:0px 0px 0px 0px;\npadding:0px 0px 0px 0px;\n}\n<\/style>\n<div  class='flex_column av-av_one_fourth-c8fc129dc35fd1ae2a1e410224d39ea8 av_one_fourth  avia-builder-el-15  el_after_av_one_half  avia-builder-el-last  flex_column_div av-zero-column-padding  '     ><\/div>\n\n","protected":false},"excerpt":{"rendered":"","protected":false},"author":3,"featured_media":0,"parent":56,"menu_order":1,"comment_status":"closed","ping_status":"closed","template":"","meta":{"footnotes":""},"class_list":["post-993","page","type-page","status-publish","hentry"],"yoast_head":"<!-- This site is optimized with the Yoast SEO plugin v26.2 - https:\/\/yoast.com\/wordpress\/plugins\/seo\/ -->\n<title>Who We Are - One Source Interpump Fluid Solutions<\/title>\n<meta name=\"description\" content=\"One Source : Interpump Fluid Solutions, part of Interpump Group, are your \u2018one source\u2019 provider of certified, compatible hydraulic hoses, fittings, machines and accessories\" \/>\n<meta name=\"robots\" content=\"index, follow, max-snippet:-1, max-image-preview:large, max-video-preview:-1\" \/>\n<link rel=\"canonical\" href=\"https:\/\/www.interpumpfluidsolutions.com\/it\/about\/who-we-are\/\" \/>\n<meta property=\"og:locale\" content=\"it_IT\" \/>\n<meta property=\"og:type\" content=\"article\" \/>\n<meta property=\"og:title\" content=\"Who We Are - One Source Interpump Fluid Solutions\" \/>\n<meta property=\"og:description\" content=\"One Source : Interpump Fluid Solutions, part of Interpump Group, are your \u2018one source\u2019 provider of certified, compatible hydraulic hoses, fittings, machines and accessories\" \/>\n<meta property=\"og:url\" content=\"https:\/\/www.interpumpfluidsolutions.com\/it\/about\/who-we-are\/\" \/>\n<meta property=\"og:site_name\" content=\"Interpump Italy\" \/>\n<meta property=\"article:modified_time\" content=\"2022-03-21T13:45:29+00:00\" \/>\n<meta name=\"twitter:card\" content=\"summary_large_image\" \/>\n<meta name=\"twitter:label1\" content=\"Tempo di lettura stimato\" \/>\n\t<meta name=\"twitter:data1\" content=\"6 minuti\" \/>\n<script type=\"application\/ld+json\" class=\"yoast-schema-graph\">{\"@context\":\"https:\/\/schema.org\",\"@graph\":[{\"@type\":\"WebPage\",\"@id\":\"https:\/\/www.interpumpfluidsolutions.com\/it\/about\/who-we-are\/\",\"url\":\"https:\/\/www.interpumpfluidsolutions.com\/it\/about\/who-we-are\/\",\"name\":\"Who We Are - One Source Interpump Fluid Solutions\",\"isPartOf\":{\"@id\":\"https:\/\/www.interpumpfluidsolutions.com\/it\/#website\"},\"datePublished\":\"2018-01-10T11:01:41+00:00\",\"dateModified\":\"2022-03-21T13:45:29+00:00\",\"description\":\"One Source : Interpump Fluid Solutions, part of Interpump Group, are your \u2018one source\u2019 provider of certified, compatible hydraulic hoses, fittings, machines and accessories\",\"breadcrumb\":{\"@id\":\"https:\/\/www.interpumpfluidsolutions.com\/it\/about\/who-we-are\/#breadcrumb\"},\"inLanguage\":\"it-IT\",\"potentialAction\":[{\"@type\":\"ReadAction\",\"target\":[\"https:\/\/www.interpumpfluidsolutions.com\/it\/about\/who-we-are\/\"]}]},{\"@type\":\"BreadcrumbList\",\"@id\":\"https:\/\/www.interpumpfluidsolutions.com\/it\/about\/who-we-are\/#breadcrumb\",\"itemListElement\":[{\"@type\":\"ListItem\",\"position\":1,\"name\":\"Home\",\"item\":\"https:\/\/www.interpumpfluidsolutions.com\/it\/home\/\"},{\"@type\":\"ListItem\",\"position\":2,\"name\":\"About\",\"item\":\"https:\/\/www.interpumpfluidsolutions.com\/it\/about\/\"},{\"@type\":\"ListItem\",\"position\":3,\"name\":\"Chi siamo\"}]},{\"@type\":\"WebSite\",\"@id\":\"https:\/\/www.interpumpfluidsolutions.com\/it\/#website\",\"url\":\"https:\/\/www.interpumpfluidsolutions.com\/it\/\",\"name\":\"Interpump Italy\",\"description\":\"\",\"potentialAction\":[{\"@type\":\"SearchAction\",\"target\":{\"@type\":\"EntryPoint\",\"urlTemplate\":\"https:\/\/www.interpumpfluidsolutions.com\/it\/?s={search_term_string}\"},\"query-input\":{\"@type\":\"PropertyValueSpecification\",\"valueRequired\":true,\"valueName\":\"search_term_string\"}}],\"inLanguage\":\"it-IT\"}]}<\/script>\n<!-- \/ Yoast SEO plugin. -->","yoast_head_json":{"title":"Who We Are - One Source Interpump Fluid Solutions","description":"One Source : Interpump Fluid Solutions, part of Interpump Group, are your \u2018one source\u2019 provider of certified, compatible hydraulic hoses, fittings, machines and accessories","robots":{"index":"index","follow":"follow","max-snippet":"max-snippet:-1","max-image-preview":"max-image-preview:large","max-video-preview":"max-video-preview:-1"},"canonical":"https:\/\/www.interpumpfluidsolutions.com\/it\/about\/who-we-are\/","og_locale":"it_IT","og_type":"article","og_title":"Who We Are - One Source Interpump Fluid Solutions","og_description":"One Source : Interpump Fluid Solutions, part of Interpump Group, are your \u2018one source\u2019 provider of certified, compatible hydraulic hoses, fittings, machines and accessories","og_url":"https:\/\/www.interpumpfluidsolutions.com\/it\/about\/who-we-are\/","og_site_name":"Interpump Italy","article_modified_time":"2022-03-21T13:45:29+00:00","twitter_card":"summary_large_image","twitter_misc":{"Tempo di lettura stimato":"6 minuti"},"schema":{"@context":"https:\/\/schema.org","@graph":[{"@type":"WebPage","@id":"https:\/\/www.interpumpfluidsolutions.com\/it\/about\/who-we-are\/","url":"https:\/\/www.interpumpfluidsolutions.com\/it\/about\/who-we-are\/","name":"Who We Are - One Source Interpump Fluid Solutions","isPartOf":{"@id":"https:\/\/www.interpumpfluidsolutions.com\/it\/#website"},"datePublished":"2018-01-10T11:01:41+00:00","dateModified":"2022-03-21T13:45:29+00:00","description":"One Source : Interpump Fluid Solutions, part of Interpump Group, are your \u2018one source\u2019 provider of certified, compatible hydraulic hoses, fittings, machines and accessories","breadcrumb":{"@id":"https:\/\/www.interpumpfluidsolutions.com\/it\/about\/who-we-are\/#breadcrumb"},"inLanguage":"it-IT","potentialAction":[{"@type":"ReadAction","target":["https:\/\/www.interpumpfluidsolutions.com\/it\/about\/who-we-are\/"]}]},{"@type":"BreadcrumbList","@id":"https:\/\/www.interpumpfluidsolutions.com\/it\/about\/who-we-are\/#breadcrumb","itemListElement":[{"@type":"ListItem","position":1,"name":"Home","item":"https:\/\/www.interpumpfluidsolutions.com\/it\/home\/"},{"@type":"ListItem","position":2,"name":"About","item":"https:\/\/www.interpumpfluidsolutions.com\/it\/about\/"},{"@type":"ListItem","position":3,"name":"Chi siamo"}]},{"@type":"WebSite","@id":"https:\/\/www.interpumpfluidsolutions.com\/it\/#website","url":"https:\/\/www.interpumpfluidsolutions.com\/it\/","name":"Interpump Italy","description":"","potentialAction":[{"@type":"SearchAction","target":{"@type":"EntryPoint","urlTemplate":"https:\/\/www.interpumpfluidsolutions.com\/it\/?s={search_term_string}"},"query-input":{"@type":"PropertyValueSpecification","valueRequired":true,"valueName":"search_term_string"}}],"inLanguage":"it-IT"}]}},"_links":{"self":[{"href":"https:\/\/www.interpumpfluidsolutions.com\/it\/wp-json\/wp\/v2\/pages\/993","targetHints":{"allow":["GET"]}}],"collection":[{"href":"https:\/\/www.interpumpfluidsolutions.com\/it\/wp-json\/wp\/v2\/pages"}],"about":[{"href":"https:\/\/www.interpumpfluidsolutions.com\/it\/wp-json\/wp\/v2\/types\/page"}],"author":[{"embeddable":true,"href":"https:\/\/www.interpumpfluidsolutions.com\/it\/wp-json\/wp\/v2\/users\/3"}],"replies":[{"embeddable":true,"href":"https:\/\/www.interpumpfluidsolutions.com\/it\/wp-json\/wp\/v2\/comments?post=993"}],"version-history":[{"count":16,"href":"https:\/\/www.interpumpfluidsolutions.com\/it\/wp-json\/wp\/v2\/pages\/993\/revisions"}],"predecessor-version":[{"id":4178,"href":"https:\/\/www.interpumpfluidsolutions.com\/it\/wp-json\/wp\/v2\/pages\/993\/revisions\/4178"}],"up":[{"embeddable":true,"href":"https:\/\/www.interpumpfluidsolutions.com\/it\/wp-json\/wp\/v2\/pages\/56"}],"wp:attachment":[{"href":"https:\/\/www.interpumpfluidsolutions.com\/it\/wp-json\/wp\/v2\/media?parent=993"}],"curies":[{"name":"wp","href":"https:\/\/api.w.org\/{rel}","templated":true}]}}