{"id":1188,"date":"2018-02-12T15:22:15","date_gmt":"2018-02-12T15:22:15","guid":{"rendered":"https:\/\/www.interpumpfluidsolutions.com\/ro\/?page_id=1188"},"modified":"2024-10-03T07:51:00","modified_gmt":"2024-10-03T06:51:00","slug":"masini","status":"publish","type":"page","link":"https:\/\/www.interpumpfluidsolutions.com\/ro\/produse\/masini\/","title":{"rendered":"Ma\u0219ini"},"content":{"rendered":"\n<style type=\"text\/css\" data-created_by=\"avia_inline_auto\" id=\"style-css-av-fwog9w-09291426898b75a6706e86a21f2ba370\">\n#top .av-special-heading.av-fwog9w-09291426898b75a6706e86a21f2ba370{\npadding-bottom:20px;\n}\nbody .av-special-heading.av-fwog9w-09291426898b75a6706e86a21f2ba370 .av-special-heading-tag .heading-char{\nfont-size:25px;\n}\n.av-special-heading.av-fwog9w-09291426898b75a6706e86a21f2ba370 .av-subheading{\nfont-size:15px;\n}\n<\/style>\n<div  class='av-special-heading av-fwog9w-09291426898b75a6706e86a21f2ba370 av-special-heading-h1 meta-heading  avia-builder-el-0  el_before_av_one_half  avia-builder-el-first '><h1 class='av-special-heading-tag'  itemprop=\"headline\"  >Ma\u0219ini<\/h1><div class=\"special-heading-border\"><div class=\"special-heading-inner-border\"><\/div><\/div><\/div>\n\n<style type=\"text\/css\" data-created_by=\"avia_inline_auto\" id=\"style-css-av-ecgpc4-2ca2774583ced3779499a3a4a955d250\">\n.flex_column.av-ecgpc4-2ca2774583ced3779499a3a4a955d250{\nborder-radius:0px 0px 0px 0px;\npadding:0px 0px 0px 0px;\n}\n<\/style>\n<div  class='flex_column av-ecgpc4-2ca2774583ced3779499a3a4a955d250 av_one_half  avia-builder-el-1  el_after_av_heading  el_before_av_one_half  first flex_column_div av-zero-column-padding  '     ><section  class='av_textblock_section av-c39e50-f4e7460213dc4031e4c7827e7dfbdf95 '   itemscope=\"itemscope\" itemtype=\"https:\/\/schema.org\/CreativeWork\" ><div class='avia_textblock'  itemprop=\"text\" ><p>V\u0103 rug\u0103m s\u0103 selecta\u021bi produsul dvs. mai jos<\/p>\n<\/div><\/section><\/div>\n<style type=\"text\/css\" data-created_by=\"avia_inline_auto\" id=\"style-css-av-b5r47o-4311f4cae8be2cae06e4425b2a2b0e2c\">\n.flex_column.av-b5r47o-4311f4cae8be2cae06e4425b2a2b0e2c{\nborder-radius:0px 0px 0px 0px;\npadding:0px 0px 0px 0px;\n}\n<\/style>\n<div  class='flex_column av-b5r47o-4311f4cae8be2cae06e4425b2a2b0e2c av_one_half  avia-builder-el-3  el_after_av_one_half  el_before_av_one_full  flex_column_div av-zero-column-padding  '     ><\/div><\/p>\n\n<style type=\"text\/css\" data-created_by=\"avia_inline_auto\" id=\"style-css-av-98p9h0-a8cbc17e470b2c56741af851e1a7f2f4\">\n.flex_column.av-98p9h0-a8cbc17e470b2c56741af851e1a7f2f4{\nborder-radius:0px 0px 0px 0px;\npadding:0px 0px 0px 0px;\n}\n<\/style>\n<div  class='flex_column av-98p9h0-a8cbc17e470b2c56741af851e1a7f2f4 av_one_full  avia-builder-el-4  el_after_av_one_half  el_before_av_section  avia-builder-el-last  first flex_column_div av-zero-column-padding  column-top-margin'     ><div  id=\"av-sc-portfolio-1\"  class=\"av-portfolio-grid-sorting-container\"><div class='sort_width_container  av-sort-yes' data-portfolio-id='1' ><div id='js_sort_items' ><div class='sort_by_cat hidden'><a href=\"#\" data-filter=\"all_sort\" class=\"all_sort_button active_sort\"><span class=\"inner_sort_button\"><span>All<\/span><small class=\"av-cat-count\"> 5 <\/small><\/span><\/a><\/div><\/div><\/div><div  class=' grid-sort-container isotope   no_margin-container with-excerpt-container grid-total-odd grid-col-5 grid-links-' data-portfolio-id='1'><div data-ajax-id='7843' class=' grid-entry flex_column isotope-item all_sort no_margin post-entry post-entry-7843 grid-entry-overview grid-loop-1 grid-parity-odd  crimp-machines_sort  av_one_fifth first default_av_fullwidth '><article class='main_color inner-entry'  itemscope=\"itemscope\" itemtype=\"https:\/\/schema.org\/CreativeWork\" ><a href=\"https:\/\/www.interpumpfluidsolutions.com\/ro\/portfolio-item\/racordare\/\" title='Racordare'  data-rel='grid-1' class='grid-image avia-hover-fx'> <img decoding=\"async\" fetchpriority=\"high\" width=\"260\" height=\"185\" src=\"https:\/\/www.interpumpfluidsolutions.com\/ro\/wp-content\/uploads\/sites\/14\/2022\/07\/raccordatura-def-img_copertina_categoria-scaled-260x185.jpg\" class=\"wp-image-7844 avia-img-lazy-loading-not-7844 attachment-portfolio_small size-portfolio_small wp-post-image\" alt=\"\" \/><\/a><div class='grid-content'><div class='avia-arrow'><\/div><header class=\"entry-content-header\"><h3 class='grid-entry-title entry-title '  itemprop=\"headline\" ><a href='https:\/\/www.interpumpfluidsolutions.com\/ro\/portfolio-item\/racordare\/' title='Racordare'>Racordare<\/a><\/h3><\/header><\/div><footer class=\"entry-footer\"><\/footer><\/article><\/div><div data-ajax-id='7841' class=' grid-entry flex_column isotope-item all_sort no_margin post-entry post-entry-7841 grid-entry-overview grid-loop-2 grid-parity-even  crimp-machines_sort  av_one_fifth  default_av_fullwidth '><article class='main_color inner-entry'  itemscope=\"itemscope\" itemtype=\"https:\/\/schema.org\/CreativeWork\" ><a href=\"https:\/\/www.interpumpfluidsolutions.com\/ro\/portfolio-item\/taiere\/\" title='T\u0103iere'  data-rel='grid-1' class='grid-image avia-hover-fx'> <img decoding=\"async\" fetchpriority=\"high\" width=\"260\" height=\"185\" src=\"https:\/\/www.interpumpfluidsolutions.com\/ro\/wp-content\/uploads\/sites\/14\/2022\/07\/taglio-def-img_copertina_categoria-mod-scaled-260x185.jpg\" class=\"wp-image-7842 avia-img-lazy-loading-not-7842 attachment-portfolio_small size-portfolio_small wp-post-image\" alt=\"\" \/><\/a><div class='grid-content'><div class='avia-arrow'><\/div><header class=\"entry-content-header\"><h3 class='grid-entry-title entry-title '  itemprop=\"headline\" ><a href='https:\/\/www.interpumpfluidsolutions.com\/ro\/portfolio-item\/taiere\/' title='T\u0103iere'>T\u0103iere<\/a><\/h3><\/header><\/div><footer class=\"entry-footer\"><\/footer><\/article><\/div><div data-ajax-id='7839' class=' grid-entry flex_column isotope-item all_sort no_margin post-entry post-entry-7839 grid-entry-overview grid-loop-3 grid-parity-odd  crimp-machines_sort  av_one_fifth  default_av_fullwidth '><article class='main_color inner-entry'  itemscope=\"itemscope\" itemtype=\"https:\/\/schema.org\/CreativeWork\" ><a href=\"https:\/\/www.interpumpfluidsolutions.com\/ro\/portfolio-item\/curatare\/\" title='Cur\u0103\u021bare'  data-rel='grid-1' class='grid-image avia-hover-fx'> <img decoding=\"async\" fetchpriority=\"high\" width=\"260\" height=\"185\" src=\"https:\/\/www.interpumpfluidsolutions.com\/ro\/wp-content\/uploads\/sites\/14\/2022\/07\/spellatura-def-img_copertina_categoria-scaled-260x185.jpg\" class=\"wp-image-7840 avia-img-lazy-loading-not-7840 attachment-portfolio_small size-portfolio_small wp-post-image\" alt=\"\" \/><\/a><div class='grid-content'><div class='avia-arrow'><\/div><header class=\"entry-content-header\"><h3 class='grid-entry-title entry-title '  itemprop=\"headline\" ><a href='https:\/\/www.interpumpfluidsolutions.com\/ro\/portfolio-item\/curatare\/' title='Cur\u0103\u021bare'>Cur\u0103\u021bare<\/a><\/h3><\/header><\/div><footer class=\"entry-footer\"><\/footer><\/article><\/div><div data-ajax-id='7837' class=' grid-entry flex_column isotope-item all_sort no_margin post-entry post-entry-7837 grid-entry-overview grid-loop-4 grid-parity-even  crimp-machines_sort  av_one_fifth  default_av_fullwidth '><article class='main_color inner-entry'  itemscope=\"itemscope\" itemtype=\"https:\/\/schema.org\/CreativeWork\" ><a href=\"https:\/\/www.interpumpfluidsolutions.com\/ro\/portfolio-item\/frezare-pre-montare\/\" title='Frezare\/pre-montare'  data-rel='grid-1' class='grid-image avia-hover-fx'> <img decoding=\"async\" fetchpriority=\"high\" width=\"260\" height=\"185\" src=\"https:\/\/www.interpumpfluidsolutions.com\/ro\/wp-content\/uploads\/sites\/14\/2022\/07\/svasatura-img_copertina_categoria-scaled-260x185.jpg\" class=\"wp-image-7838 avia-img-lazy-loading-not-7838 attachment-portfolio_small size-portfolio_small wp-post-image\" alt=\"\" \/><\/a><div class='grid-content'><div class='avia-arrow'><\/div><header class=\"entry-content-header\"><h3 class='grid-entry-title entry-title '  itemprop=\"headline\" ><a href='https:\/\/www.interpumpfluidsolutions.com\/ro\/portfolio-item\/frezare-pre-montare\/' title='Frezare\/pre-montare'>Frezare\/pre-montare<\/a><\/h3><\/header><\/div><footer class=\"entry-footer\"><\/footer><\/article><\/div><div data-ajax-id='7835' class=' grid-entry flex_column isotope-item all_sort no_margin post-entry post-entry-7835 grid-entry-overview grid-loop-5 grid-parity-odd  post-entry-last  crimp-machines_sort  av_one_fifth  default_av_fullwidth '><article class='main_color inner-entry'  itemscope=\"itemscope\" itemtype=\"https:\/\/schema.org\/CreativeWork\" ><a href=\"https:\/\/www.interpumpfluidsolutions.com\/ro\/portfolio-item\/accesorii\/\" title='Accesorii'  data-rel='grid-1' class='grid-image avia-hover-fx'> <img decoding=\"async\" fetchpriority=\"high\" width=\"260\" height=\"185\" src=\"https:\/\/www.interpumpfluidsolutions.com\/ro\/wp-content\/uploads\/sites\/14\/2022\/07\/SR2R1M-accessoriato-scaled-260x185.jpg\" class=\"wp-image-7836 avia-img-lazy-loading-not-7836 attachment-portfolio_small size-portfolio_small wp-post-image\" alt=\"\" \/><\/a><div class='grid-content'><div class='avia-arrow'><\/div><header class=\"entry-content-header\"><h3 class='grid-entry-title entry-title '  itemprop=\"headline\" ><a href='https:\/\/www.interpumpfluidsolutions.com\/ro\/portfolio-item\/accesorii\/' title='Accesorii'>Accesorii<\/a><\/h3><\/header><\/div><footer class=\"entry-footer\"><\/footer><\/article><\/div><\/div><\/div>   <!--   class=\"av-portfolio-grid-sorting-container\"  --><\/div>\n<\/div><\/div><\/div><!-- close content main div --><\/div><\/div><div id='home-blog'  class='avia-section av-57dzus-e08935da96ba83a64e5dac0d778ff87b main_color avia-section-default avia-no-shadow  avia-builder-el-6  el_after_av_one_full  avia-builder-el-last  avia-bg-style-scroll container_wrap fullsize'  ><div class='container av-section-cont-open' ><div class='template-page content  av-content-full alpha units'><div class='post-entry post-entry-type-page post-entry-1188'><div class='entry-content-wrapper clearfix'>\n<section  class='av_textblock_section av-4e2tqs-c7aaeed75e75d7b75433d993040ac081 '   itemscope=\"itemscope\" itemtype=\"https:\/\/schema.org\/CreativeWork\" ><div class='avia_textblock'  itemprop=\"text\" ><h3 style=\"text-align: center;\">Descoperi\u021bi alte produse<\/h3>\n<\/div><\/section>\n<div id='av-masonry-1' class='av-masonry av-22jpkk-8d0d56bdfc91494682efef441d45cc7c noHover av-fixed-size av-large-gap av-hover-overlay-active av-masonry-animation-active av-masonry-col-3 av-caption-always av-caption-style-overlay av-masonry-gallery ' data-post_id=\"1188\"><div class=\"av-masonry-container isotope av-js-disabled\"><div class='av-masonry-entry isotope-item av-masonry-item-no-image '><\/div><a href=\"https:\/\/www.interpumpfluidsolutions.com\/ro\/produse\/furtunuri\/\"  aria-label=\"image Furtunuri\"  id='av-masonry-1-item-2100' data-av-masonry-item='2100' class='av-masonry-entry isotope-item post-2100 attachment type-attachment status-inherit hentry  av-masonry-item-with-image' title=\"Furtunuri\" alt=\"\"  data-av-masonry-custom-link=\"https:\/\/www.interpumpfluidsolutions.com\/ro\/produse\/furtunuri\/\"  itemprop=\"thumbnailUrl\" ><div class='av-inner-masonry-sizer'><\/div><figure class='av-inner-masonry main_color'><div class=\"av-masonry-outerimage-container\"><div class='av-masonry-image-container' style=\"background-image: url(https:\/\/www.interpumpfluidsolutions.com\/ro\/wp-content\/uploads\/sites\/14\/2018\/12\/Hoses-705x470.jpg);\"  title=\"Furtunuri\"  ><\/div><\/div><figcaption class='av-inner-masonry-content site-background'><div class='av-inner-masonry-content-pos'><div class='av-inner-masonry-content-pos-content'><div class='avia-arrow'><\/div><h3 class='av-masonry-entry-title entry-title '  itemprop=\"headline\" >Furtunuri<\/h3><\/div><\/div><\/figcaption><\/figure><\/a><!--end av-masonry entry--><a href=\"\/products\/fittings\"  aria-label=\"image Racorduri\"  id='av-masonry-1-item-2101' data-av-masonry-item='2101' class='av-masonry-entry isotope-item post-2101 attachment type-attachment status-inherit hentry  av-masonry-item-with-image' title=\"Racorduri\" alt=\"\"  data-av-masonry-custom-link=\"\/products\/fittings\"  itemprop=\"thumbnailUrl\" ><div class='av-inner-masonry-sizer'><\/div><figure class='av-inner-masonry main_color'><div class=\"av-masonry-outerimage-container\"><div class='av-masonry-image-container' style=\"background-image: url(https:\/\/www.interpumpfluidsolutions.com\/ro\/wp-content\/uploads\/sites\/14\/2018\/12\/Fittings-and-Adaptors-705x470.jpg);\"  title=\"Racorduri\"  ><\/div><\/div><figcaption class='av-inner-masonry-content site-background'><div class='av-inner-masonry-content-pos'><div class='av-inner-masonry-content-pos-content'><div class='avia-arrow'><\/div><h3 class='av-masonry-entry-title entry-title '  itemprop=\"headline\" >Racorduri<\/h3><\/div><\/div><\/figcaption><\/figure><\/a><!--end av-masonry entry--><a href=\"\/products\/accessories\"  aria-label=\"image Accesorii\"  id='av-masonry-1-item-2103' data-av-masonry-item='2103' class='av-masonry-entry isotope-item post-2103 attachment type-attachment status-inherit hentry  av-masonry-item-with-image' title=\"Accesorii\" alt=\"\"  data-av-masonry-custom-link=\"\/products\/accessories\"  itemprop=\"thumbnailUrl\" ><div class='av-inner-masonry-sizer'><\/div><figure class='av-inner-masonry main_color'><div class=\"av-masonry-outerimage-container\"><div class='av-masonry-image-container' style=\"background-image: url(https:\/\/www.interpumpfluidsolutions.com\/ro\/wp-content\/uploads\/sites\/14\/2018\/12\/Accessories-705x470.jpg);\"  title=\"Accesorii\"  ><\/div><\/div><figcaption class='av-inner-masonry-content site-background'><div class='av-inner-masonry-content-pos'><div class='av-inner-masonry-content-pos-content'><div class='avia-arrow'><\/div><h3 class='av-masonry-entry-title entry-title '  itemprop=\"headline\" >Accesorii<\/h3><\/div><\/div><\/figcaption><\/figure><\/a><!--end av-masonry entry--><\/div><\/div>\n\n","protected":false},"excerpt":{"rendered":"","protected":false},"author":4,"featured_media":0,"parent":50,"menu_order":3,"comment_status":"closed","ping_status":"closed","template":"","meta":{"footnotes":""},"class_list":["post-1188","page","type-page","status-publish","hentry"],"yoast_head":"<!-- This site is optimized with the Yoast SEO plugin v26.2 - https:\/\/yoast.com\/wordpress\/plugins\/seo\/ -->\n<title>Ma\u0219ini - Interpump Romania<\/title>\n<meta name=\"robots\" content=\"index, follow, max-snippet:-1, max-image-preview:large, max-video-preview:-1\" \/>\n<link rel=\"canonical\" href=\"https:\/\/www.interpumpfluidsolutions.com\/ro\/produse\/masini\/\" \/>\n<meta property=\"og:locale\" content=\"en_GB\" \/>\n<meta property=\"og:type\" content=\"article\" \/>\n<meta property=\"og:title\" content=\"Ma\u0219ini - Interpump Romania\" \/>\n<meta property=\"og:url\" content=\"https:\/\/www.interpumpfluidsolutions.com\/ro\/produse\/masini\/\" \/>\n<meta property=\"og:site_name\" content=\"Interpump Romania\" \/>\n<meta property=\"article:modified_time\" content=\"2024-10-03T06:51:00+00:00\" \/>\n<meta name=\"twitter:card\" content=\"summary_large_image\" \/>\n<meta name=\"twitter:label1\" content=\"Estimated reading time\" \/>\n\t<meta name=\"twitter:data1\" content=\"2 minutes\" \/>\n<script type=\"application\/ld+json\" class=\"yoast-schema-graph\">{\"@context\":\"https:\/\/schema.org\",\"@graph\":[{\"@type\":\"WebPage\",\"@id\":\"https:\/\/www.interpumpfluidsolutions.com\/ro\/produse\/masini\/\",\"url\":\"https:\/\/www.interpumpfluidsolutions.com\/ro\/produse\/masini\/\",\"name\":\"Ma\u0219ini - Interpump Romania\",\"isPartOf\":{\"@id\":\"https:\/\/www.interpumpfluidsolutions.com\/ro\/#website\"},\"datePublished\":\"2018-02-12T15:22:15+00:00\",\"dateModified\":\"2024-10-03T06:51:00+00:00\",\"breadcrumb\":{\"@id\":\"https:\/\/www.interpumpfluidsolutions.com\/ro\/produse\/masini\/#breadcrumb\"},\"inLanguage\":\"en-GB\",\"potentialAction\":[{\"@type\":\"ReadAction\",\"target\":[\"https:\/\/www.interpumpfluidsolutions.com\/ro\/produse\/masini\/\"]}]},{\"@type\":\"BreadcrumbList\",\"@id\":\"https:\/\/www.interpumpfluidsolutions.com\/ro\/produse\/masini\/#breadcrumb\",\"itemListElement\":[{\"@type\":\"ListItem\",\"position\":1,\"name\":\"Home\",\"item\":\"https:\/\/www.interpumpfluidsolutions.com\/ro\/home\/\"},{\"@type\":\"ListItem\",\"position\":2,\"name\":\"Produse\",\"item\":\"https:\/\/www.interpumpfluidsolutions.com\/ro\/produse\/\"},{\"@type\":\"ListItem\",\"position\":3,\"name\":\"Ma\u0219ini\"}]},{\"@type\":\"WebSite\",\"@id\":\"https:\/\/www.interpumpfluidsolutions.com\/ro\/#website\",\"url\":\"https:\/\/www.interpumpfluidsolutions.com\/ro\/\",\"name\":\"Interpump Romania\",\"description\":\"Fluid Solutions - Hydro Est\",\"potentialAction\":[{\"@type\":\"SearchAction\",\"target\":{\"@type\":\"EntryPoint\",\"urlTemplate\":\"https:\/\/www.interpumpfluidsolutions.com\/ro\/?s={search_term_string}\"},\"query-input\":{\"@type\":\"PropertyValueSpecification\",\"valueRequired\":true,\"valueName\":\"search_term_string\"}}],\"inLanguage\":\"en-GB\"}]}<\/script>\n<!-- \/ Yoast SEO plugin. -->","yoast_head_json":{"title":"Ma\u0219ini - Interpump Romania","robots":{"index":"index","follow":"follow","max-snippet":"max-snippet:-1","max-image-preview":"max-image-preview:large","max-video-preview":"max-video-preview:-1"},"canonical":"https:\/\/www.interpumpfluidsolutions.com\/ro\/produse\/masini\/","og_locale":"en_GB","og_type":"article","og_title":"Ma\u0219ini - Interpump Romania","og_url":"https:\/\/www.interpumpfluidsolutions.com\/ro\/produse\/masini\/","og_site_name":"Interpump Romania","article_modified_time":"2024-10-03T06:51:00+00:00","twitter_card":"summary_large_image","twitter_misc":{"Estimated reading time":"2 minutes"},"schema":{"@context":"https:\/\/schema.org","@graph":[{"@type":"WebPage","@id":"https:\/\/www.interpumpfluidsolutions.com\/ro\/produse\/masini\/","url":"https:\/\/www.interpumpfluidsolutions.com\/ro\/produse\/masini\/","name":"Ma\u0219ini - Interpump Romania","isPartOf":{"@id":"https:\/\/www.interpumpfluidsolutions.com\/ro\/#website"},"datePublished":"2018-02-12T15:22:15+00:00","dateModified":"2024-10-03T06:51:00+00:00","breadcrumb":{"@id":"https:\/\/www.interpumpfluidsolutions.com\/ro\/produse\/masini\/#breadcrumb"},"inLanguage":"en-GB","potentialAction":[{"@type":"ReadAction","target":["https:\/\/www.interpumpfluidsolutions.com\/ro\/produse\/masini\/"]}]},{"@type":"BreadcrumbList","@id":"https:\/\/www.interpumpfluidsolutions.com\/ro\/produse\/masini\/#breadcrumb","itemListElement":[{"@type":"ListItem","position":1,"name":"Home","item":"https:\/\/www.interpumpfluidsolutions.com\/ro\/home\/"},{"@type":"ListItem","position":2,"name":"Produse","item":"https:\/\/www.interpumpfluidsolutions.com\/ro\/produse\/"},{"@type":"ListItem","position":3,"name":"Ma\u0219ini"}]},{"@type":"WebSite","@id":"https:\/\/www.interpumpfluidsolutions.com\/ro\/#website","url":"https:\/\/www.interpumpfluidsolutions.com\/ro\/","name":"Interpump Romania","description":"Fluid Solutions - Hydro Est","potentialAction":[{"@type":"SearchAction","target":{"@type":"EntryPoint","urlTemplate":"https:\/\/www.interpumpfluidsolutions.com\/ro\/?s={search_term_string}"},"query-input":{"@type":"PropertyValueSpecification","valueRequired":true,"valueName":"search_term_string"}}],"inLanguage":"en-GB"}]}},"_links":{"self":[{"href":"https:\/\/www.interpumpfluidsolutions.com\/ro\/wp-json\/wp\/v2\/pages\/1188","targetHints":{"allow":["GET"]}}],"collection":[{"href":"https:\/\/www.interpumpfluidsolutions.com\/ro\/wp-json\/wp\/v2\/pages"}],"about":[{"href":"https:\/\/www.interpumpfluidsolutions.com\/ro\/wp-json\/wp\/v2\/types\/page"}],"author":[{"embeddable":true,"href":"https:\/\/www.interpumpfluidsolutions.com\/ro\/wp-json\/wp\/v2\/users\/4"}],"replies":[{"embeddable":true,"href":"https:\/\/www.interpumpfluidsolutions.com\/ro\/wp-json\/wp\/v2\/comments?post=1188"}],"version-history":[{"count":9,"href":"https:\/\/www.interpumpfluidsolutions.com\/ro\/wp-json\/wp\/v2\/pages\/1188\/revisions"}],"predecessor-version":[{"id":12244,"href":"https:\/\/www.interpumpfluidsolutions.com\/ro\/wp-json\/wp\/v2\/pages\/1188\/revisions\/12244"}],"up":[{"embeddable":true,"href":"https:\/\/www.interpumpfluidsolutions.com\/ro\/wp-json\/wp\/v2\/pages\/50"}],"wp:attachment":[{"href":"https:\/\/www.interpumpfluidsolutions.com\/ro\/wp-json\/wp\/v2\/media?parent=1188"}],"curies":[{"name":"wp","href":"https:\/\/api.w.org\/{rel}","templated":true}]}}