{"id":1803,"date":"2018-06-12T10:49:47","date_gmt":"2018-06-12T09:49:47","guid":{"rendered":"https:\/\/www.interpumpfluidsolutions.com\/ro\/?page_id=1803"},"modified":"2024-10-09T09:00:39","modified_gmt":"2024-10-09T08:00:39","slug":"lucreaza-cu-noi","status":"publish","type":"page","link":"https:\/\/www.interpumpfluidsolutions.com\/ro\/lucreaza-cu-noi\/","title":{"rendered":"Lucreaz\u0103 cu noi"},"content":{"rendered":"\n<style type=\"text\/css\" data-created_by=\"avia_inline_auto\" id=\"style-css-av-o9svdn-6d6344a1cddd2a1ca70644cd078c03c4\">\n.avia-section.av-o9svdn-6d6344a1cddd2a1ca70644cd078c03c4 .av-parallax .av-parallax-inner{\nbackground-repeat:no-repeat;\nbackground-image:url(https:\/\/www.interpumpfluidsolutions.com\/ro\/wp-content\/uploads\/sites\/14\/2017\/11\/shutterstock_400486630.jpg);\nbackground-position:0% 0%;\nbackground-attachment:scroll;\n}\n<\/style>\n<div id='home-people'  class='avia-section av-o9svdn-6d6344a1cddd2a1ca70644cd078c03c4 main_color avia-section-large avia-no-border-styling  avia-builder-el-0  el_before_av_textblock  avia-builder-el-first  av-parallax-section avia-bg-style-parallax container_wrap fullsize'  data-section-bg-repeat='no-repeat'><div class='av-parallax' data-avia-parallax-ratio='0.3' ><div class='av-parallax-inner main_color avia-full-stretch'><\/div><\/div><div class='container av-section-cont-open' ><main  role=\"main\" itemprop=\"mainContentOfPage\"  class='template-page content  av-content-full alpha units'><div class='post-entry post-entry-type-page post-entry-1803'><div class='entry-content-wrapper clearfix'>\n\n<style type=\"text\/css\" data-created_by=\"avia_inline_auto\" id=\"style-css-av-mo5waz-dc12c4b052070aea318751eff4811a65\">\n.flex_column.av-mo5waz-dc12c4b052070aea318751eff4811a65{\nborder-radius:0px 0px 0px 0px;\npadding:0px 0px 0px 0px;\n}\n<\/style>\n<div  class='flex_column av-mo5waz-dc12c4b052070aea318751eff4811a65 av_one_fourth  avia-builder-el-1  el_before_av_one_half  avia-builder-el-first  first flex_column_div av-zero-column-padding  '     ><\/div>\n<style type=\"text\/css\" data-created_by=\"avia_inline_auto\" id=\"style-css-av-k7xggb-1f768c4c15cda4861b8be6be2fd8da5b\">\n.flex_column.av-k7xggb-1f768c4c15cda4861b8be6be2fd8da5b{\nborder-radius:0px 0px 0px 0px;\npadding:0px 0px 0px 0px;\n}\n<\/style>\n<div  class='flex_column av-k7xggb-1f768c4c15cda4861b8be6be2fd8da5b av_one_half  avia-builder-el-2  el_after_av_one_fourth  el_before_av_one_fourth  flex_column_div av-zero-column-padding  '     ><style type=\"text\/css\" data-created_by=\"avia_inline_auto\" id=\"style-css-av-ii9t1n-e6fcb843320ed524ce0c40a74df67773\">\n#top .av_textblock_section.av-ii9t1n-e6fcb843320ed524ce0c40a74df67773 .avia_textblock{\ncolor:#ffffff;\n}\n<\/style>\n<section  class='av_textblock_section av-ii9t1n-e6fcb843320ed524ce0c40a74df67773 '   itemscope=\"itemscope\" itemtype=\"https:\/\/schema.org\/CreativeWork\" ><div class='avia_textblock av_inherit_color'  itemprop=\"text\" ><h2 style=\"text-align: center;\">Echipa noastr\u0103<\/h2>\n<\/div><\/section><br \/>\n\n<style type=\"text\/css\" data-created_by=\"avia_inline_auto\" id=\"style-css-av-hoq2aj-26ce8c79eea12495234d3dd572a381ae\">\n#top .hr.hr-invisible.av-hoq2aj-26ce8c79eea12495234d3dd572a381ae{\nheight:20px;\n}\n<\/style>\n<div  class='hr av-hoq2aj-26ce8c79eea12495234d3dd572a381ae hr-invisible  avia-builder-el-4  el_after_av_textblock  el_before_av_textblock '><span class='hr-inner '><span class=\"hr-inner-style\"><\/span><\/span><\/div><br \/>\n\n<style type=\"text\/css\" data-created_by=\"avia_inline_auto\" id=\"style-css-av-1my5zv-3e064448732c8d4cbd2dc60b3797864b\">\n#top .av_textblock_section.av-1my5zv-3e064448732c8d4cbd2dc60b3797864b .avia_textblock{\ncolor:#ffffff;\n}\n<\/style>\n<section  class='av_textblock_section av-1my5zv-3e064448732c8d4cbd2dc60b3797864b '   itemscope=\"itemscope\" itemtype=\"https:\/\/schema.org\/CreativeWork\" ><div class='avia_textblock av_inherit_color'  itemprop=\"text\" ><p style=\"text-align: center;\">Designeri, ingineri, exper\u021bi \u00een produc\u021bie, profesioni\u0219ti \u00een distribu\u021bie, echipa noastr\u0103 Interpump Fluid Solutions este gata s\u0103 colaboreze pentru a crea solu\u021bii hidraulice de clas\u0103 mondial\u0103<\/p>\n<\/div><\/section><br \/>\n\n<style type=\"text\/css\" data-created_by=\"avia_inline_auto\" id=\"style-css-av-dh0tcr-30a6d1ad9a58e283ab8f7161e6ae72b2\">\n#top .hr.hr-invisible.av-dh0tcr-30a6d1ad9a58e283ab8f7161e6ae72b2{\nheight:20px;\n}\n<\/style>\n<div  class='hr av-dh0tcr-30a6d1ad9a58e283ab8f7161e6ae72b2 hr-invisible  avia-builder-el-6  el_after_av_textblock  el_before_av_button '><span class='hr-inner '><span class=\"hr-inner-style\"><\/span><\/span><\/div><br \/>\n<div  class='avia-button-wrap av-bqw0nv-1fac8aa71c937ef0a1d74e6635912217-wrap avia-button-center  avia-builder-el-7  el_after_av_hr  avia-builder-el-last '><a href=''  class='avia-button av-bqw0nv-1fac8aa71c937ef0a1d74e6635912217 av-link-btn avia-icon_select-no avia-size-small avia-position-center avia-color-light'  ><span class='avia_iconbox_title' >Read More<\/span><\/a><\/div><\/p><\/div>\n<style type=\"text\/css\" data-created_by=\"avia_inline_auto\" id=\"style-css-av-azqnh7-92ca2ce1cb1c3dbc569cfc3cefb64f21\">\n.flex_column.av-azqnh7-92ca2ce1cb1c3dbc569cfc3cefb64f21{\nborder-radius:0px 0px 0px 0px;\npadding:0px 0px 0px 0px;\n}\n<\/style>\n<div  class='flex_column av-azqnh7-92ca2ce1cb1c3dbc569cfc3cefb64f21 av_one_fourth  avia-builder-el-8  el_after_av_one_half  avia-builder-el-last  flex_column_div av-zero-column-padding  '     ><\/div><\/div><\/div><\/main><!-- close content main element --><\/div><\/div><div id='after_section_1'  class='main_color av_default_container_wrap container_wrap fullsize'  ><div class='container av-section-cont-open' ><div class='template-page content  av-content-full alpha units'><div class='post-entry post-entry-type-page post-entry-1803'><div class='entry-content-wrapper clearfix'><section  class='av_textblock_section av-8u6xxn-77ff4a49c65a5f62fa00a20d8978cbf0 '   itemscope=\"itemscope\" itemtype=\"https:\/\/schema.org\/CreativeWork\" ><div class='avia_textblock'  itemprop=\"text\" ><p>Conducerea I.M.M. HYDRAULICS caut\u0103 constant oameni talenta\u021bi care s\u0103 se al\u0103ture echipelor noastre de lucru.<\/p>\n<p>Dac\u0103 ave\u021bi experien\u021b\u0103 \u0219i sunte\u021bi interesat de proiectare, produc\u021bie, inginerie, dezvoltare de afaceri, logistic\u0103, v\u00e2nz\u0103ri sau marketing, suntem interesa\u021bi s\u0103 colabor\u0103m cu dvs.<\/p>\n<p>Credem c\u0103 singura modalitate de a avea succes la locul de munc\u0103 este s\u0103 iube\u0219ti ceea ce faci.<\/p>\n<p>Trimite\u021bi cererea dvs. complet\u00e2nd formularul de la urm\u0103torul link:<br \/>\n<a href=\"mailto:risorseumane@imm-hydraulics.it\">risorseumane@imm-hydraulics.it<\/a><\/p>\n<\/div><\/section><br \/>\n<div  class='avia-icon-list-container av-7yyyyz-c84b08698605fd40e04b493b72d3275d  avia-builder-el-10  el_after_av_textblock  avia-builder-el-last '><ul class='avia-icon-list avia_animate_when_almost_visible avia-icon-list-left av-iconlist-big av-7yyyyz-c84b08698605fd40e04b493b72d3275d avia-iconlist-animate'>\n<li><a href='http:\/\/www.twitter.com\/interpumpfs' title='Twitter' target=\"_blank\" rel=\"noopener noreferrer\" class='iconlist_icon av-5tfwkr-dc9e23788c805fbab7666e599bb2ea3f avia-font-entypo-fontello'><span class='iconlist-char' aria-hidden='true' data-av_icon='\ue8f1' data-av_iconfont='entypo-fontello'><\/span><\/a><article class=\"article-icon-entry \"  itemscope=\"itemscope\" itemtype=\"https:\/\/schema.org\/CreativeWork\" ><div class=\"iconlist_content_wrap\"><header class=\"entry-content-header\"><h4 class='av_iconlist_title iconlist_title  '  itemprop=\"headline\" ><a href='http:\/\/www.twitter.com\/interpumpfs' title='Twitter' target=\"_blank\" rel=\"noopener noreferrer\">Twitter<\/a><\/h4><\/header><div class='iconlist_content '  itemprop=\"text\" ><p>Follow us on Twitter<\/p>\n<\/div><\/div><footer class=\"entry-footer\"><\/footer><\/article><div class=\"iconlist-timeline\"><\/div><\/li>\n<li><a href='https:\/\/www.linkedin.com\/company\/interpumpfs\/' title='Linkedin' target=\"_blank\" rel=\"noopener noreferrer\" class='iconlist_icon av-4ku3xn-1af0ba7b7815852858953c8f3b4dfb43 avia-font-entypo-fontello'><span class='iconlist-char' aria-hidden='true' data-av_icon='\ue8fc' data-av_iconfont='entypo-fontello'><\/span><\/a><article class=\"article-icon-entry \"  itemscope=\"itemscope\" itemtype=\"https:\/\/schema.org\/CreativeWork\" ><div class=\"iconlist_content_wrap\"><header class=\"entry-content-header\"><h4 class='av_iconlist_title iconlist_title  '  itemprop=\"headline\" ><a href='https:\/\/www.linkedin.com\/company\/interpumpfs\/' title='Linkedin' target=\"_blank\" rel=\"noopener noreferrer\">Linkedin<\/a><\/h4><\/header><div class='iconlist_content '  itemprop=\"text\" ><p>Connect on Linkedin<\/p>\n<\/div><\/div><footer class=\"entry-footer\"><\/footer><\/article><div class=\"iconlist-timeline\"><\/div><\/li>\n<li><a href='https:\/\/www.facebook.com\/imm.hydroest\/' title='Facebook' target=\"_blank\" rel=\"noopener noreferrer\" class='iconlist_icon av-7z16j-c596e7070331ec297fc7d3cd183904ea avia-font-entypo-fontello'><span class='iconlist-char' aria-hidden='true' data-av_icon='\ue8f3' data-av_iconfont='entypo-fontello'><\/span><\/a><article class=\"article-icon-entry \"  itemscope=\"itemscope\" itemtype=\"https:\/\/schema.org\/CreativeWork\" ><div class=\"iconlist_content_wrap\"><header class=\"entry-content-header\"><h4 class='av_iconlist_title iconlist_title  '  itemprop=\"headline\" ><a href='https:\/\/www.facebook.com\/imm.hydroest\/' title='Facebook' target=\"_blank\" rel=\"noopener noreferrer\">Facebook<\/a><\/h4><\/header><div class='iconlist_content '  itemprop=\"text\" ><p>Like us on Facebook<\/p>\n<\/div><\/div><footer class=\"entry-footer\"><\/footer><\/article><div class=\"iconlist-timeline\"><\/div><\/li>\n<\/ul><\/div><\/p>\n","protected":false},"excerpt":{"rendered":"","protected":false},"author":3,"featured_media":0,"parent":0,"menu_order":0,"comment_status":"closed","ping_status":"closed","template":"","meta":{"footnotes":""},"class_list":["post-1803","page","type-page","status-publish","hentry"],"yoast_head":"<!-- This site is optimized with the Yoast SEO plugin v26.2 - https:\/\/yoast.com\/wordpress\/plugins\/seo\/ -->\n<title>Lucreaz\u0103 cu noi - Interpump Romania<\/title>\n<meta name=\"robots\" content=\"index, follow, max-snippet:-1, max-image-preview:large, max-video-preview:-1\" \/>\n<link rel=\"canonical\" href=\"https:\/\/www.interpumpfluidsolutions.com\/ro\/lucreaza-cu-noi\/\" \/>\n<meta property=\"og:locale\" content=\"en_GB\" \/>\n<meta property=\"og:type\" content=\"article\" \/>\n<meta property=\"og:title\" content=\"Lucreaz\u0103 cu noi - Interpump Romania\" \/>\n<meta property=\"og:url\" content=\"https:\/\/www.interpumpfluidsolutions.com\/ro\/lucreaza-cu-noi\/\" \/>\n<meta property=\"og:site_name\" content=\"Interpump Romania\" \/>\n<meta property=\"article:modified_time\" content=\"2024-10-09T08:00:39+00:00\" \/>\n<meta name=\"twitter:card\" content=\"summary_large_image\" \/>\n<script type=\"application\/ld+json\" class=\"yoast-schema-graph\">{\"@context\":\"https:\/\/schema.org\",\"@graph\":[{\"@type\":\"WebPage\",\"@id\":\"https:\/\/www.interpumpfluidsolutions.com\/ro\/lucreaza-cu-noi\/\",\"url\":\"https:\/\/www.interpumpfluidsolutions.com\/ro\/lucreaza-cu-noi\/\",\"name\":\"Lucreaz\u0103 cu noi - Interpump Romania\",\"isPartOf\":{\"@id\":\"https:\/\/www.interpumpfluidsolutions.com\/ro\/#website\"},\"datePublished\":\"2018-06-12T09:49:47+00:00\",\"dateModified\":\"2024-10-09T08:00:39+00:00\",\"breadcrumb\":{\"@id\":\"https:\/\/www.interpumpfluidsolutions.com\/ro\/lucreaza-cu-noi\/#breadcrumb\"},\"inLanguage\":\"en-GB\",\"potentialAction\":[{\"@type\":\"ReadAction\",\"target\":[\"https:\/\/www.interpumpfluidsolutions.com\/ro\/lucreaza-cu-noi\/\"]}]},{\"@type\":\"BreadcrumbList\",\"@id\":\"https:\/\/www.interpumpfluidsolutions.com\/ro\/lucreaza-cu-noi\/#breadcrumb\",\"itemListElement\":[{\"@type\":\"ListItem\",\"position\":1,\"name\":\"Home\",\"item\":\"https:\/\/www.interpumpfluidsolutions.com\/ro\/home\/\"},{\"@type\":\"ListItem\",\"position\":2,\"name\":\"Lucreaz\u0103 cu noi\"}]},{\"@type\":\"WebSite\",\"@id\":\"https:\/\/www.interpumpfluidsolutions.com\/ro\/#website\",\"url\":\"https:\/\/www.interpumpfluidsolutions.com\/ro\/\",\"name\":\"Interpump Romania\",\"description\":\"Fluid Solutions - Hydro Est\",\"potentialAction\":[{\"@type\":\"SearchAction\",\"target\":{\"@type\":\"EntryPoint\",\"urlTemplate\":\"https:\/\/www.interpumpfluidsolutions.com\/ro\/?s={search_term_string}\"},\"query-input\":{\"@type\":\"PropertyValueSpecification\",\"valueRequired\":true,\"valueName\":\"search_term_string\"}}],\"inLanguage\":\"en-GB\"}]}<\/script>\n<!-- \/ Yoast SEO plugin. -->","yoast_head_json":{"title":"Lucreaz\u0103 cu noi - Interpump Romania","robots":{"index":"index","follow":"follow","max-snippet":"max-snippet:-1","max-image-preview":"max-image-preview:large","max-video-preview":"max-video-preview:-1"},"canonical":"https:\/\/www.interpumpfluidsolutions.com\/ro\/lucreaza-cu-noi\/","og_locale":"en_GB","og_type":"article","og_title":"Lucreaz\u0103 cu noi - Interpump Romania","og_url":"https:\/\/www.interpumpfluidsolutions.com\/ro\/lucreaza-cu-noi\/","og_site_name":"Interpump Romania","article_modified_time":"2024-10-09T08:00:39+00:00","twitter_card":"summary_large_image","schema":{"@context":"https:\/\/schema.org","@graph":[{"@type":"WebPage","@id":"https:\/\/www.interpumpfluidsolutions.com\/ro\/lucreaza-cu-noi\/","url":"https:\/\/www.interpumpfluidsolutions.com\/ro\/lucreaza-cu-noi\/","name":"Lucreaz\u0103 cu noi - Interpump Romania","isPartOf":{"@id":"https:\/\/www.interpumpfluidsolutions.com\/ro\/#website"},"datePublished":"2018-06-12T09:49:47+00:00","dateModified":"2024-10-09T08:00:39+00:00","breadcrumb":{"@id":"https:\/\/www.interpumpfluidsolutions.com\/ro\/lucreaza-cu-noi\/#breadcrumb"},"inLanguage":"en-GB","potentialAction":[{"@type":"ReadAction","target":["https:\/\/www.interpumpfluidsolutions.com\/ro\/lucreaza-cu-noi\/"]}]},{"@type":"BreadcrumbList","@id":"https:\/\/www.interpumpfluidsolutions.com\/ro\/lucreaza-cu-noi\/#breadcrumb","itemListElement":[{"@type":"ListItem","position":1,"name":"Home","item":"https:\/\/www.interpumpfluidsolutions.com\/ro\/home\/"},{"@type":"ListItem","position":2,"name":"Lucreaz\u0103 cu noi"}]},{"@type":"WebSite","@id":"https:\/\/www.interpumpfluidsolutions.com\/ro\/#website","url":"https:\/\/www.interpumpfluidsolutions.com\/ro\/","name":"Interpump Romania","description":"Fluid Solutions - Hydro Est","potentialAction":[{"@type":"SearchAction","target":{"@type":"EntryPoint","urlTemplate":"https:\/\/www.interpumpfluidsolutions.com\/ro\/?s={search_term_string}"},"query-input":{"@type":"PropertyValueSpecification","valueRequired":true,"valueName":"search_term_string"}}],"inLanguage":"en-GB"}]}},"_links":{"self":[{"href":"https:\/\/www.interpumpfluidsolutions.com\/ro\/wp-json\/wp\/v2\/pages\/1803","targetHints":{"allow":["GET"]}}],"collection":[{"href":"https:\/\/www.interpumpfluidsolutions.com\/ro\/wp-json\/wp\/v2\/pages"}],"about":[{"href":"https:\/\/www.interpumpfluidsolutions.com\/ro\/wp-json\/wp\/v2\/types\/page"}],"author":[{"embeddable":true,"href":"https:\/\/www.interpumpfluidsolutions.com\/ro\/wp-json\/wp\/v2\/users\/3"}],"replies":[{"embeddable":true,"href":"https:\/\/www.interpumpfluidsolutions.com\/ro\/wp-json\/wp\/v2\/comments?post=1803"}],"version-history":[{"count":15,"href":"https:\/\/www.interpumpfluidsolutions.com\/ro\/wp-json\/wp\/v2\/pages\/1803\/revisions"}],"predecessor-version":[{"id":12346,"href":"https:\/\/www.interpumpfluidsolutions.com\/ro\/wp-json\/wp\/v2\/pages\/1803\/revisions\/12346"}],"wp:attachment":[{"href":"https:\/\/www.interpumpfluidsolutions.com\/ro\/wp-json\/wp\/v2\/media?parent=1803"}],"curies":[{"name":"wp","href":"https:\/\/api.w.org\/{rel}","templated":true}]}}