{"id":209,"date":"2017-11-20T13:25:23","date_gmt":"2017-11-20T13:25:23","guid":{"rendered":"https:\/\/www.interpumpfluidsolutions.com\/ro\/?page_id=209"},"modified":"2024-10-08T08:45:33","modified_gmt":"2024-10-08T07:45:33","slug":"grupul","status":"publish","type":"page","link":"https:\/\/www.interpumpfluidsolutions.com\/ro\/despre\/grupul\/","title":{"rendered":"Grupul"},"content":{"rendered":"\n<style type=\"text\/css\" data-created_by=\"avia_inline_auto\" id=\"style-css-av-2y3hpd-f8f2d09c4ce1803501e6078ed62e1754\">\n.avia-image-container.av-2y3hpd-f8f2d09c4ce1803501e6078ed62e1754 img.avia_image{\nbox-shadow:none;\n}\n.avia-image-container.av-2y3hpd-f8f2d09c4ce1803501e6078ed62e1754 .av-image-caption-overlay-center{\ncolor:#ffffff;\n}\n<\/style>\n<div  class='avia-image-container av-2y3hpd-f8f2d09c4ce1803501e6078ed62e1754 av-styling- av-hover-grow av-img-linked avia_animated_image av-animated-when-visible-95 fade-in avia-align-center  avia-builder-el-0  el_before_av_hr  avia-builder-el-first '   itemprop=\"image\" itemscope=\"itemscope\" itemtype=\"https:\/\/schema.org\/ImageObject\" ><div class=\"avia-image-container-inner\"><div class=\"avia-image-overlay-wrap\"><a href=\"https:\/\/www.interpumpgroup.it\/uk\/default.aspx\" class='avia_image ' target=\"_blank\" rel=\"noopener noreferrer\" aria-label='Interpump Group'><img decoding=\"async\" fetchpriority=\"high\" class='wp-image-547 avia-img-lazy-loading-not-547 avia_image ' src=\"https:\/\/www.interpumpfluidsolutions.com\/ro\/wp-content\/uploads\/sites\/14\/2017\/11\/InterpumpGroup-1500x430.jpeg\" alt='Interpump Group' title='Interpump Group'  height=\"430\" width=\"1500\"  itemprop=\"thumbnailUrl\"  \/><\/a><\/div><\/div><\/div>\n\n<style type=\"text\/css\" data-created_by=\"avia_inline_auto\" id=\"style-css-av-2p762h-faf8a8ee7d4291ebaa84bb409beb6e7a\">\n#top .hr.hr-invisible.av-2p762h-faf8a8ee7d4291ebaa84bb409beb6e7a{\nheight:20px;\n}\n<\/style>\n<div  class='hr av-2p762h-faf8a8ee7d4291ebaa84bb409beb6e7a hr-invisible  avia-builder-el-1  el_after_av_image  el_before_av_one_half '><span class='hr-inner '><span class=\"hr-inner-style\"><\/span><\/span><\/div>\n\n<style type=\"text\/css\" data-created_by=\"avia_inline_auto\" id=\"style-css-av-2mtmld-b8dec808f517f7db1a5f32414c60cfab\">\n.flex_column.av-2mtmld-b8dec808f517f7db1a5f32414c60cfab{\nborder-radius:0px 0px 0px 0px;\npadding:0px 0px 0px 0px;\n}\n<\/style>\n<div  class='flex_column av-2mtmld-b8dec808f517f7db1a5f32414c60cfab av_one_half  avia-builder-el-2  el_after_av_hr  el_before_av_one_half  first flex_column_div av-zero-column-padding  '     ><section  class='av_textblock_section av-2cx3pt-8a9ee10dd4ed7e8f0cfc20afca7089a2 '   itemscope=\"itemscope\" itemtype=\"https:\/\/schema.org\/CreativeWork\" ><div class='avia_textblock'  itemprop=\"text\" ><p><a href=\"https:\/\/www.interpumpgroup.it\/uk\/default.aspx\">Grupul Interpump<\/a> este cel mai mare produc\u0103tor de prize de putere din lume \u0219i unul dintre cei mai mari produc\u0103tori de pompe hidraulice, cilindri \u0219i alte componente.<\/p>\n<p>Prizele de putere sunt folosite pentru a transmite puterea de la motorul unui vehicul comercial la alte componente hidraulice \u0219i sunt conectate la carcasa de transmisie a vehiculului.<\/p>\n<p>Alte componente hidraulice produse de companiile Grupului (pompe hidraulice, unit\u0103\u021bi de control, supape, cilindri, rezervoare) ajut\u0103 la \u00eendeplinirea unor func\u021bii speciale, de exemplu ridicarea corpurilor de basculant\u0103, operarea macaralelor de bord \u0219i operarea betonierelor.<\/p>\n<\/div><\/section><\/div>\n<style type=\"text\/css\" data-created_by=\"avia_inline_auto\" id=\"style-css-av-28b2v5-389915af2aa0d16ae982dd68bd92d626\">\n.flex_column.av-28b2v5-389915af2aa0d16ae982dd68bd92d626{\nborder-radius:0px 0px 0px 0px;\npadding:0px 0px 0px 0px;\n}\n<\/style>\n<div  class='flex_column av-28b2v5-389915af2aa0d16ae982dd68bd92d626 av_one_half  avia-builder-el-4  el_after_av_one_half  el_before_av_section  avia-builder-el-last  flex_column_div av-zero-column-padding  '     ><p><section  class='av_textblock_section av-24wv69-182e9ad03de3d997e7018fe1e3f9f4e1 '   itemscope=\"itemscope\" itemtype=\"https:\/\/schema.org\/CreativeWork\" ><div class='avia_textblock'  itemprop=\"text\" ><p>Suntem lider mondial \u0219i inovator recunoscut \u00een produc\u021bia de furtunuri \u0219i fitinguri pentru sisteme hidraulice.<\/p>\n<p>Aprovizion\u0103m cei mai prestigio\u0219i produc\u0103tori din lume utiliza\u021bi \u00een multe industrii precum agricultur\u0103, marin\u0103, offshore, construc\u021bii, echipamente de ridicare, energie, echipamente militare, cur\u0103\u021benie \u0219i c\u0103i ferate.<\/p>\n<p>Compania are 10 loca\u021bii de produc\u021bie \u0219i comerciale \u0219i 550 de angaja\u021bi. Dintre ace\u0219tia, 10% sunt ingineri \u0219i speciali\u0219ti de produs care lucreaz\u0103 \u00een cercetare \u0219i dezvoltare.<\/p>\n<\/div><\/section><br \/>\n\n<style type=\"text\/css\" data-created_by=\"avia_inline_auto\" id=\"style-css-av-1ursfd-a26a16e02ccd2ecf506089b1a0050c63\">\n#top .hr.hr-invisible.av-1ursfd-a26a16e02ccd2ecf506089b1a0050c63{\nheight:10px;\n}\n<\/style>\n<div  class='hr av-1ursfd-a26a16e02ccd2ecf506089b1a0050c63 hr-invisible  avia-builder-el-6  el_after_av_textblock  el_before_av_button '><span class='hr-inner '><span class=\"hr-inner-style\"><\/span><\/span><\/div><br \/>\n<div  class='avia-button-wrap av-1o9nex-8b9ed8d20b34087abcb384666ae00d96-wrap avia-button-center  avia-builder-el-7  el_after_av_hr  avia-builder-el-last '><a href='https:\/\/www.interpumpgroup.it\/uk\/default.aspx' class='avia-button av-1o9nex-8b9ed8d20b34087abcb384666ae00d96 av-link-btn avia-icon_select-yes-left-icon avia-size-small avia-position-center avia-color-theme-color' target=\"_blank\" rel=\"noopener noreferrer\"><span class='avia_button_icon avia_button_icon_left' aria-hidden='true' data-av_icon='\ue8b1' data-av_iconfont='entypo-fontello'><\/span><span class='avia_iconbox_title' >Interpump Group Website<\/span><\/a><\/div><\/p><\/div><\/div><\/div><\/div><!-- close content main div --><\/div><\/div>\n<style type=\"text\/css\" data-created_by=\"avia_inline_auto\" id=\"style-css-av-1nh2v5-c2de1cd58060ea4904267b9aef12e8d6\">\n.avia-section.av-1nh2v5-c2de1cd58060ea4904267b9aef12e8d6 .av-parallax .av-parallax-inner{\nbackground-repeat:no-repeat;\nbackground-image:url(https:\/\/www.interpumpfluidsolutions.com\/ro\/wp-content\/uploads\/sites\/14\/2017\/11\/shutterstock_400486630.jpg);\nbackground-position:0% 0%;\nbackground-attachment:scroll;\n}\n<\/style>\n<div id='home-people'  class='avia-section av-1nh2v5-c2de1cd58060ea4904267b9aef12e8d6 main_color avia-section-large avia-no-border-styling  avia-builder-el-8  el_after_av_one_half  avia-builder-el-last  av-parallax-section avia-bg-style-parallax container_wrap fullsize'  data-section-bg-repeat='no-repeat'><div class='av-parallax' data-avia-parallax-ratio='0.3' ><div class='av-parallax-inner main_color avia-full-stretch'><\/div><\/div><div class='container av-section-cont-open' ><div class='template-page content  av-content-full alpha units'><div class='post-entry post-entry-type-page post-entry-209'><div class='entry-content-wrapper clearfix'>\n\n<style type=\"text\/css\" data-created_by=\"avia_inline_auto\" id=\"style-css-av-1d65gx-9111e0c433b3b28d085a9457ffbe2283\">\n.flex_column.av-1d65gx-9111e0c433b3b28d085a9457ffbe2283{\nborder-radius:0px 0px 0px 0px;\npadding:0px 0px 0px 0px;\n}\n<\/style>\n<div  class='flex_column av-1d65gx-9111e0c433b3b28d085a9457ffbe2283 av_one_fourth  avia-builder-el-9  el_before_av_one_half  avia-builder-el-first  first flex_column_div av-zero-column-padding  '     ><\/div>\n<style type=\"text\/css\" data-created_by=\"avia_inline_auto\" id=\"style-css-av-1bcsuh-e82b8611d174d1b9d6f3c373aaba0fe5\">\n.flex_column.av-1bcsuh-e82b8611d174d1b9d6f3c373aaba0fe5{\nborder-radius:0px 0px 0px 0px;\npadding:0px 0px 0px 0px;\n}\n<\/style>\n<div  class='flex_column av-1bcsuh-e82b8611d174d1b9d6f3c373aaba0fe5 av_one_half  avia-builder-el-10  el_after_av_one_fourth  el_before_av_one_fourth  flex_column_div av-zero-column-padding  '     ><style type=\"text\/css\" data-created_by=\"avia_inline_auto\" id=\"style-css-av-14vk8p-2bd7daf82985335d087640428f8f2df4\">\n#top .av_textblock_section.av-14vk8p-2bd7daf82985335d087640428f8f2df4 .avia_textblock{\ncolor:#ffffff;\n}\n<\/style>\n<section  class='av_textblock_section av-14vk8p-2bd7daf82985335d087640428f8f2df4 '   itemscope=\"itemscope\" itemtype=\"https:\/\/schema.org\/CreativeWork\" ><div class='avia_textblock av_inherit_color'  itemprop=\"text\" ><h2 style=\"text-align: center;\">Echipa noastr\u0103<\/h2>\n<\/div><\/section><br \/>\n\n<style type=\"text\/css\" data-created_by=\"avia_inline_auto\" id=\"style-css-av-yhhu1-08c11e11479a88724baa0f35f3b73dd6\">\n#top .hr.hr-invisible.av-yhhu1-08c11e11479a88724baa0f35f3b73dd6{\nheight:20px;\n}\n<\/style>\n<div  class='hr av-yhhu1-08c11e11479a88724baa0f35f3b73dd6 hr-invisible  avia-builder-el-12  el_after_av_textblock  el_before_av_textblock '><span class='hr-inner '><span class=\"hr-inner-style\"><\/span><\/span><\/div><br \/>\n\n<style type=\"text\/css\" data-created_by=\"avia_inline_auto\" id=\"style-css-av-s6a1t-aecddddf461cb52962bc1746fe809a88\">\n#top .av_textblock_section.av-s6a1t-aecddddf461cb52962bc1746fe809a88 .avia_textblock{\ncolor:#ffffff;\n}\n<\/style>\n<section  class='av_textblock_section av-s6a1t-aecddddf461cb52962bc1746fe809a88 '   itemscope=\"itemscope\" itemtype=\"https:\/\/schema.org\/CreativeWork\" ><div class='avia_textblock av_inherit_color'  itemprop=\"text\" ><p style=\"text-align: center;\">Designeri, ingineri, exper\u021bi \u00een produc\u021bie, profesioni\u0219ti \u00een distribu\u021bie, echipa noastr\u0103 Interpump Fluid Solutions este gata s\u0103 colaboreze pentru a crea solu\u021bii hidraulice de clas\u0103 mondial\u0103<\/p>\n<\/div><\/section><br \/>\n\n<style type=\"text\/css\" data-created_by=\"avia_inline_auto\" id=\"style-css-av-mw221-9fad258e34d52a7ccaf383bc5b839521\">\n#top .hr.hr-invisible.av-mw221-9fad258e34d52a7ccaf383bc5b839521{\nheight:20px;\n}\n<\/style>\n<div  class='hr av-mw221-9fad258e34d52a7ccaf383bc5b839521 hr-invisible  avia-builder-el-14  el_after_av_textblock  el_before_av_button '><span class='hr-inner '><span class=\"hr-inner-style\"><\/span><\/span><\/div><br \/>\n<div  class='avia-button-wrap av-e990h-beb81a8b27ba60e4d259a7be3c6752eb-wrap avia-button-center  avia-builder-el-15  el_after_av_hr  avia-builder-el-last '><a href='https:\/\/www.interpumpfluidsolutions.com\/ro\/despre\/'  class='avia-button av-e990h-beb81a8b27ba60e4d259a7be3c6752eb av-link-btn avia-icon_select-no avia-size-small avia-position-center avia-color-light'  ><span class='avia_iconbox_title' >Pentru a afla mai multe <\/span><\/a><\/div><\/p><\/div>\n<style type=\"text\/css\" data-created_by=\"avia_inline_auto\" id=\"style-css-av-6lzah-bc489c7e5f95b0d6961f4a3f4f871cb6\">\n.flex_column.av-6lzah-bc489c7e5f95b0d6961f4a3f4f871cb6{\nborder-radius:0px 0px 0px 0px;\npadding:0px 0px 0px 0px;\n}\n<\/style>\n<div  class='flex_column av-6lzah-bc489c7e5f95b0d6961f4a3f4f871cb6 av_one_fourth  avia-builder-el-16  el_after_av_one_half  avia-builder-el-last  flex_column_div av-zero-column-padding  '     ><\/div><\/p>\n","protected":false},"excerpt":{"rendered":"","protected":false},"author":3,"featured_media":0,"parent":56,"menu_order":7,"comment_status":"closed","ping_status":"closed","template":"","meta":{"footnotes":""},"class_list":["post-209","page","type-page","status-publish","hentry"],"yoast_head":"<!-- This site is optimized with the Yoast SEO plugin v26.2 - https:\/\/yoast.com\/wordpress\/plugins\/seo\/ -->\n<title>Interpump Fluid Solutions Group, worldwide hydraulic products and service<\/title>\n<meta name=\"description\" content=\"Interpump Fluid Solutions is a world leading Group and acknowledged innovator in the production of hose and fittings for hydraulic systems.\" \/>\n<meta name=\"robots\" content=\"index, follow, max-snippet:-1, max-image-preview:large, max-video-preview:-1\" \/>\n<link rel=\"canonical\" href=\"https:\/\/www.interpumpfluidsolutions.com\/ro\/despre\/grupul\/\" \/>\n<meta property=\"og:locale\" content=\"en_GB\" \/>\n<meta property=\"og:type\" content=\"article\" \/>\n<meta property=\"og:title\" content=\"Interpump Fluid Solutions Group, worldwide hydraulic products and service\" \/>\n<meta property=\"og:description\" content=\"Interpump Fluid Solutions is a world leading Group and acknowledged innovator in the production of hose and fittings for hydraulic systems.\" \/>\n<meta property=\"og:url\" content=\"https:\/\/www.interpumpfluidsolutions.com\/ro\/despre\/grupul\/\" \/>\n<meta property=\"og:site_name\" content=\"Interpump Romania\" \/>\n<meta property=\"article:modified_time\" content=\"2024-10-08T07:45:33+00:00\" \/>\n<meta name=\"twitter:card\" content=\"summary_large_image\" \/>\n<meta name=\"twitter:label1\" content=\"Estimated reading time\" \/>\n\t<meta name=\"twitter:data1\" content=\"2 minutes\" \/>\n<script type=\"application\/ld+json\" class=\"yoast-schema-graph\">{\"@context\":\"https:\/\/schema.org\",\"@graph\":[{\"@type\":\"WebPage\",\"@id\":\"https:\/\/www.interpumpfluidsolutions.com\/ro\/despre\/grupul\/\",\"url\":\"https:\/\/www.interpumpfluidsolutions.com\/ro\/despre\/grupul\/\",\"name\":\"Interpump Fluid Solutions Group, worldwide hydraulic products and service\",\"isPartOf\":{\"@id\":\"https:\/\/www.interpumpfluidsolutions.com\/ro\/#website\"},\"datePublished\":\"2017-11-20T13:25:23+00:00\",\"dateModified\":\"2024-10-08T07:45:33+00:00\",\"description\":\"Interpump Fluid Solutions is a world leading Group and acknowledged innovator in the production of hose and fittings for hydraulic systems.\",\"breadcrumb\":{\"@id\":\"https:\/\/www.interpumpfluidsolutions.com\/ro\/despre\/grupul\/#breadcrumb\"},\"inLanguage\":\"en-GB\",\"potentialAction\":[{\"@type\":\"ReadAction\",\"target\":[\"https:\/\/www.interpumpfluidsolutions.com\/ro\/despre\/grupul\/\"]}]},{\"@type\":\"BreadcrumbList\",\"@id\":\"https:\/\/www.interpumpfluidsolutions.com\/ro\/despre\/grupul\/#breadcrumb\",\"itemListElement\":[{\"@type\":\"ListItem\",\"position\":1,\"name\":\"Home\",\"item\":\"https:\/\/www.interpumpfluidsolutions.com\/ro\/home\/\"},{\"@type\":\"ListItem\",\"position\":2,\"name\":\"Despre\",\"item\":\"https:\/\/www.interpumpfluidsolutions.com\/ro\/despre\/\"},{\"@type\":\"ListItem\",\"position\":3,\"name\":\"Grupul\"}]},{\"@type\":\"WebSite\",\"@id\":\"https:\/\/www.interpumpfluidsolutions.com\/ro\/#website\",\"url\":\"https:\/\/www.interpumpfluidsolutions.com\/ro\/\",\"name\":\"Interpump Romania\",\"description\":\"Fluid Solutions - Hydro Est\",\"potentialAction\":[{\"@type\":\"SearchAction\",\"target\":{\"@type\":\"EntryPoint\",\"urlTemplate\":\"https:\/\/www.interpumpfluidsolutions.com\/ro\/?s={search_term_string}\"},\"query-input\":{\"@type\":\"PropertyValueSpecification\",\"valueRequired\":true,\"valueName\":\"search_term_string\"}}],\"inLanguage\":\"en-GB\"}]}<\/script>\n<!-- \/ Yoast SEO plugin. -->","yoast_head_json":{"title":"Interpump Fluid Solutions Group, worldwide hydraulic products and service","description":"Interpump Fluid Solutions is a world leading Group and acknowledged innovator in the production of hose and fittings for hydraulic systems.","robots":{"index":"index","follow":"follow","max-snippet":"max-snippet:-1","max-image-preview":"max-image-preview:large","max-video-preview":"max-video-preview:-1"},"canonical":"https:\/\/www.interpumpfluidsolutions.com\/ro\/despre\/grupul\/","og_locale":"en_GB","og_type":"article","og_title":"Interpump Fluid Solutions Group, worldwide hydraulic products and service","og_description":"Interpump Fluid Solutions is a world leading Group and acknowledged innovator in the production of hose and fittings for hydraulic systems.","og_url":"https:\/\/www.interpumpfluidsolutions.com\/ro\/despre\/grupul\/","og_site_name":"Interpump Romania","article_modified_time":"2024-10-08T07:45:33+00:00","twitter_card":"summary_large_image","twitter_misc":{"Estimated reading time":"2 minutes"},"schema":{"@context":"https:\/\/schema.org","@graph":[{"@type":"WebPage","@id":"https:\/\/www.interpumpfluidsolutions.com\/ro\/despre\/grupul\/","url":"https:\/\/www.interpumpfluidsolutions.com\/ro\/despre\/grupul\/","name":"Interpump Fluid Solutions Group, worldwide hydraulic products and service","isPartOf":{"@id":"https:\/\/www.interpumpfluidsolutions.com\/ro\/#website"},"datePublished":"2017-11-20T13:25:23+00:00","dateModified":"2024-10-08T07:45:33+00:00","description":"Interpump Fluid Solutions is a world leading Group and acknowledged innovator in the production of hose and fittings for hydraulic systems.","breadcrumb":{"@id":"https:\/\/www.interpumpfluidsolutions.com\/ro\/despre\/grupul\/#breadcrumb"},"inLanguage":"en-GB","potentialAction":[{"@type":"ReadAction","target":["https:\/\/www.interpumpfluidsolutions.com\/ro\/despre\/grupul\/"]}]},{"@type":"BreadcrumbList","@id":"https:\/\/www.interpumpfluidsolutions.com\/ro\/despre\/grupul\/#breadcrumb","itemListElement":[{"@type":"ListItem","position":1,"name":"Home","item":"https:\/\/www.interpumpfluidsolutions.com\/ro\/home\/"},{"@type":"ListItem","position":2,"name":"Despre","item":"https:\/\/www.interpumpfluidsolutions.com\/ro\/despre\/"},{"@type":"ListItem","position":3,"name":"Grupul"}]},{"@type":"WebSite","@id":"https:\/\/www.interpumpfluidsolutions.com\/ro\/#website","url":"https:\/\/www.interpumpfluidsolutions.com\/ro\/","name":"Interpump Romania","description":"Fluid Solutions - Hydro Est","potentialAction":[{"@type":"SearchAction","target":{"@type":"EntryPoint","urlTemplate":"https:\/\/www.interpumpfluidsolutions.com\/ro\/?s={search_term_string}"},"query-input":{"@type":"PropertyValueSpecification","valueRequired":true,"valueName":"search_term_string"}}],"inLanguage":"en-GB"}]}},"_links":{"self":[{"href":"https:\/\/www.interpumpfluidsolutions.com\/ro\/wp-json\/wp\/v2\/pages\/209","targetHints":{"allow":["GET"]}}],"collection":[{"href":"https:\/\/www.interpumpfluidsolutions.com\/ro\/wp-json\/wp\/v2\/pages"}],"about":[{"href":"https:\/\/www.interpumpfluidsolutions.com\/ro\/wp-json\/wp\/v2\/types\/page"}],"author":[{"embeddable":true,"href":"https:\/\/www.interpumpfluidsolutions.com\/ro\/wp-json\/wp\/v2\/users\/3"}],"replies":[{"embeddable":true,"href":"https:\/\/www.interpumpfluidsolutions.com\/ro\/wp-json\/wp\/v2\/comments?post=209"}],"version-history":[{"count":13,"href":"https:\/\/www.interpumpfluidsolutions.com\/ro\/wp-json\/wp\/v2\/pages\/209\/revisions"}],"predecessor-version":[{"id":12309,"href":"https:\/\/www.interpumpfluidsolutions.com\/ro\/wp-json\/wp\/v2\/pages\/209\/revisions\/12309"}],"up":[{"embeddable":true,"href":"https:\/\/www.interpumpfluidsolutions.com\/ro\/wp-json\/wp\/v2\/pages\/56"}],"wp:attachment":[{"href":"https:\/\/www.interpumpfluidsolutions.com\/ro\/wp-json\/wp\/v2\/media?parent=209"}],"curies":[{"name":"wp","href":"https:\/\/api.w.org\/{rel}","templated":true}]}}