{"id":218,"date":"2017-11-20T13:27:18","date_gmt":"2017-11-20T13:27:18","guid":{"rendered":"https:\/\/www.interpumpfluidsolutions.com\/ro\/?page_id=218"},"modified":"2024-10-08T08:27:15","modified_gmt":"2024-10-08T07:27:15","slug":"mediu","status":"publish","type":"page","link":"https:\/\/www.interpumpfluidsolutions.com\/ro\/despre\/mediu\/","title":{"rendered":"Mediu"},"content":{"rendered":"\n<style type=\"text\/css\" data-created_by=\"avia_inline_auto\" id=\"style-css-av-15i37e-4187ca3cfceaf1b851474389b2b958b4\">\n.flex_column.av-15i37e-4187ca3cfceaf1b851474389b2b958b4{\nborder-radius:0px 0px 0px 0px;\npadding:0px 0px 0px 0px;\n}\n<\/style>\n<div  class='flex_column av-15i37e-4187ca3cfceaf1b851474389b2b958b4 av_one_full  avia-builder-el-0  el_before_av_one_half  avia-builder-el-first  first flex_column_div av-zero-column-padding  '     ><style type=\"text\/css\" data-created_by=\"avia_inline_auto\" id=\"style-css-av-w6szm-4efceca047b240e82e293ce9d7cfc981\">\n#top .av-special-heading.av-w6szm-4efceca047b240e82e293ce9d7cfc981{\npadding-bottom:10px;\n}\nbody .av-special-heading.av-w6szm-4efceca047b240e82e293ce9d7cfc981 .av-special-heading-tag .heading-char{\nfont-size:25px;\n}\n.av-special-heading.av-w6szm-4efceca047b240e82e293ce9d7cfc981 .av-subheading{\nfont-size:15px;\n}\n<\/style>\n<div  class='av-special-heading av-w6szm-4efceca047b240e82e293ce9d7cfc981 av-special-heading-h3  avia-builder-el-1  avia-builder-el-no-sibling '><h3 class='av-special-heading-tag'  itemprop=\"headline\"  >Mediu<\/h3><div class=\"special-heading-border\"><div class=\"special-heading-inner-border\"><\/div><\/div><\/div><\/div>\n<style type=\"text\/css\" data-created_by=\"avia_inline_auto\" id=\"style-css-av-r2v2q-7f0d334f1f93074a2b391a69d481cc21\">\n.flex_column.av-r2v2q-7f0d334f1f93074a2b391a69d481cc21{\nborder-radius:0px 0px 0px 0px;\npadding:0px 0px 0px 0px;\n}\n<\/style>\n<div  class='flex_column av-r2v2q-7f0d334f1f93074a2b391a69d481cc21 av_one_half  avia-builder-el-2  el_after_av_one_full  el_before_av_one_half  first flex_column_div av-zero-column-padding  column-top-margin'     ><style type=\"text\/css\" data-created_by=\"avia_inline_auto\" id=\"style-css-av-mbbx6-e6110be42f7ee6b022c34857ce45fae4\">\n.avia-image-container.av-mbbx6-e6110be42f7ee6b022c34857ce45fae4 img.avia_image{\nbox-shadow:none;\n}\n.avia-image-container.av-mbbx6-e6110be42f7ee6b022c34857ce45fae4 .av-image-caption-overlay-center{\ncolor:#ffffff;\n}\n<\/style>\n<div  class='avia-image-container av-mbbx6-e6110be42f7ee6b022c34857ce45fae4 av-styling- av-hover-grow av-img-linked avia_animated_image av-animated-when-visible-95 av-rotateInUpLeft avia-align-center  avia-builder-el-3  avia-builder-el-no-sibling '   itemprop=\"image\" itemscope=\"itemscope\" itemtype=\"https:\/\/schema.org\/ImageObject\" ><div class=\"avia-image-container-inner\"><div class=\"avia-image-overlay-wrap\"><a href=\"https:\/\/www.interpumpfluidsolutions.com\/ro\/wp-content\/uploads\/sites\/14\/2017\/11\/ambiente.jpg\" data-srcset=\"https:\/\/www.interpumpfluidsolutions.com\/ro\/wp-content\/uploads\/sites\/14\/2017\/11\/ambiente.jpg 402w, https:\/\/www.interpumpfluidsolutions.com\/ro\/wp-content\/uploads\/sites\/14\/2017\/11\/ambiente-212x300.jpg 212w\" data-sizes=\"(max-width: 402px) 100vw, 402px\" class='avia_image '  aria-label='Environment'><img decoding=\"async\" fetchpriority=\"high\" class='wp-image-320 avia-img-lazy-loading-not-320 avia_image ' src=\"https:\/\/www.interpumpfluidsolutions.com\/ro\/wp-content\/uploads\/sites\/14\/2017\/11\/ambiente-212x300.jpg\" alt='Interpump Fluid Solutions IMM Hydraulics Environment Policy' title='Environment'  height=\"300\" width=\"212\"  itemprop=\"thumbnailUrl\" srcset=\"https:\/\/www.interpumpfluidsolutions.com\/ro\/wp-content\/uploads\/sites\/14\/2017\/11\/ambiente-212x300.jpg 212w, https:\/\/www.interpumpfluidsolutions.com\/ro\/wp-content\/uploads\/sites\/14\/2017\/11\/ambiente.jpg 402w\" sizes=\"(max-width: 212px) 100vw, 212px\" \/><\/a><\/div><\/div><\/div><\/div><\/p>\n\n<style type=\"text\/css\" data-created_by=\"avia_inline_auto\" id=\"style-css-av-hb51e-6ed60c3778170023821b2800ea66ab38\">\n.flex_column.av-hb51e-6ed60c3778170023821b2800ea66ab38{\nborder-radius:0px 0px 0px 0px;\npadding:0px 0px 0px 0px;\n}\n<\/style>\n<div  class='flex_column av-hb51e-6ed60c3778170023821b2800ea66ab38 av_one_half  avia-builder-el-4  el_after_av_one_half  avia-builder-el-last  flex_column_div av-zero-column-padding  column-top-margin'     ><section  class='av_textblock_section av-81m3e-362914282d96d76192d2cee041468cbd '   itemscope=\"itemscope\" itemtype=\"https:\/\/schema.org\/CreativeWork\" ><div class='avia_textblock'  itemprop=\"text\" ><p>Cercetarea continu\u0103 a materialelor ne permite s\u0103 \u00eembun\u0103t\u0103\u021bim cerin\u021bele de impact asupra mediului ale produselor noastre, cum ar fi tratamentele de suprafa\u021b\u0103 certificate care utilizeaz\u0103 compu\u0219i de crom nehexavalent \u0219i la niveluri sc\u0103zute de emisii nocive \u00een medii poten\u021bial periculoase (Certificare MSHA).<\/p>\n<p>Cercetarea \u0219i inovarea noastr\u0103 stau la baza dezvolt\u0103rii tehnologiilor utilizate pentru \u00eembun\u0103t\u0103\u021birea nivelului de deservire a clien\u021bilor: crearea unui portal web actualizat \u00een timp real, prin care clien\u021bii pot verifica disponibilitatea stocurilor at\u00e2t \u00een \u200b\u200bdepozitele centrale, c\u00e2t \u0219i \u00een centrele de distribu\u021bie, starea comenzilor \u0219i informa\u021biile logistice aferente. Desc\u0103rcare.<\/p>\n<p>Suntem certifica\u021bi <strong>ISO 14001: 2015. <a href=\"https:\/\/www.interpumpfluidsolutions.com\/ro\/wp-content\/uploads\/sites\/14\/2019\/09\/Certificato_I.M.M._Hydraulics_S.p.A._-_ISO14001.pdf\">Desc\u0103rcare<\/a><\/strong><\/p>\n<\/div><\/section><\/div>\n","protected":false},"excerpt":{"rendered":"","protected":false},"author":3,"featured_media":0,"parent":56,"menu_order":4,"comment_status":"closed","ping_status":"closed","template":"","meta":{"footnotes":""},"class_list":["post-218","page","type-page","status-publish","hentry"],"yoast_head":"<!-- This site is optimized with the Yoast SEO plugin v26.2 - https:\/\/yoast.com\/wordpress\/plugins\/seo\/ -->\n<title>Mediu - Interpump Romania<\/title>\n<meta name=\"robots\" content=\"index, follow, max-snippet:-1, max-image-preview:large, max-video-preview:-1\" \/>\n<link rel=\"canonical\" href=\"https:\/\/www.interpumpfluidsolutions.com\/ro\/despre\/mediu\/\" \/>\n<meta property=\"og:locale\" content=\"en_GB\" \/>\n<meta property=\"og:type\" content=\"article\" \/>\n<meta property=\"og:title\" content=\"Mediu - Interpump Romania\" \/>\n<meta property=\"og:url\" content=\"https:\/\/www.interpumpfluidsolutions.com\/ro\/despre\/mediu\/\" \/>\n<meta property=\"og:site_name\" content=\"Interpump Romania\" \/>\n<meta property=\"article:modified_time\" content=\"2024-10-08T07:27:15+00:00\" \/>\n<meta name=\"twitter:card\" content=\"summary_large_image\" \/>\n<meta name=\"twitter:label1\" content=\"Estimated reading time\" \/>\n\t<meta name=\"twitter:data1\" content=\"1 minute\" \/>\n<script type=\"application\/ld+json\" class=\"yoast-schema-graph\">{\"@context\":\"https:\/\/schema.org\",\"@graph\":[{\"@type\":\"WebPage\",\"@id\":\"https:\/\/www.interpumpfluidsolutions.com\/ro\/despre\/mediu\/\",\"url\":\"https:\/\/www.interpumpfluidsolutions.com\/ro\/despre\/mediu\/\",\"name\":\"Mediu - Interpump Romania\",\"isPartOf\":{\"@id\":\"https:\/\/www.interpumpfluidsolutions.com\/ro\/#website\"},\"datePublished\":\"2017-11-20T13:27:18+00:00\",\"dateModified\":\"2024-10-08T07:27:15+00:00\",\"breadcrumb\":{\"@id\":\"https:\/\/www.interpumpfluidsolutions.com\/ro\/despre\/mediu\/#breadcrumb\"},\"inLanguage\":\"en-GB\",\"potentialAction\":[{\"@type\":\"ReadAction\",\"target\":[\"https:\/\/www.interpumpfluidsolutions.com\/ro\/despre\/mediu\/\"]}]},{\"@type\":\"BreadcrumbList\",\"@id\":\"https:\/\/www.interpumpfluidsolutions.com\/ro\/despre\/mediu\/#breadcrumb\",\"itemListElement\":[{\"@type\":\"ListItem\",\"position\":1,\"name\":\"Home\",\"item\":\"https:\/\/www.interpumpfluidsolutions.com\/ro\/home\/\"},{\"@type\":\"ListItem\",\"position\":2,\"name\":\"Despre\",\"item\":\"https:\/\/www.interpumpfluidsolutions.com\/ro\/despre\/\"},{\"@type\":\"ListItem\",\"position\":3,\"name\":\"Mediu\"}]},{\"@type\":\"WebSite\",\"@id\":\"https:\/\/www.interpumpfluidsolutions.com\/ro\/#website\",\"url\":\"https:\/\/www.interpumpfluidsolutions.com\/ro\/\",\"name\":\"Interpump Romania\",\"description\":\"Fluid Solutions - Hydro Est\",\"potentialAction\":[{\"@type\":\"SearchAction\",\"target\":{\"@type\":\"EntryPoint\",\"urlTemplate\":\"https:\/\/www.interpumpfluidsolutions.com\/ro\/?s={search_term_string}\"},\"query-input\":{\"@type\":\"PropertyValueSpecification\",\"valueRequired\":true,\"valueName\":\"search_term_string\"}}],\"inLanguage\":\"en-GB\"}]}<\/script>\n<!-- \/ Yoast SEO plugin. -->","yoast_head_json":{"title":"Mediu - Interpump Romania","robots":{"index":"index","follow":"follow","max-snippet":"max-snippet:-1","max-image-preview":"max-image-preview:large","max-video-preview":"max-video-preview:-1"},"canonical":"https:\/\/www.interpumpfluidsolutions.com\/ro\/despre\/mediu\/","og_locale":"en_GB","og_type":"article","og_title":"Mediu - Interpump Romania","og_url":"https:\/\/www.interpumpfluidsolutions.com\/ro\/despre\/mediu\/","og_site_name":"Interpump Romania","article_modified_time":"2024-10-08T07:27:15+00:00","twitter_card":"summary_large_image","twitter_misc":{"Estimated reading time":"1 minute"},"schema":{"@context":"https:\/\/schema.org","@graph":[{"@type":"WebPage","@id":"https:\/\/www.interpumpfluidsolutions.com\/ro\/despre\/mediu\/","url":"https:\/\/www.interpumpfluidsolutions.com\/ro\/despre\/mediu\/","name":"Mediu - Interpump Romania","isPartOf":{"@id":"https:\/\/www.interpumpfluidsolutions.com\/ro\/#website"},"datePublished":"2017-11-20T13:27:18+00:00","dateModified":"2024-10-08T07:27:15+00:00","breadcrumb":{"@id":"https:\/\/www.interpumpfluidsolutions.com\/ro\/despre\/mediu\/#breadcrumb"},"inLanguage":"en-GB","potentialAction":[{"@type":"ReadAction","target":["https:\/\/www.interpumpfluidsolutions.com\/ro\/despre\/mediu\/"]}]},{"@type":"BreadcrumbList","@id":"https:\/\/www.interpumpfluidsolutions.com\/ro\/despre\/mediu\/#breadcrumb","itemListElement":[{"@type":"ListItem","position":1,"name":"Home","item":"https:\/\/www.interpumpfluidsolutions.com\/ro\/home\/"},{"@type":"ListItem","position":2,"name":"Despre","item":"https:\/\/www.interpumpfluidsolutions.com\/ro\/despre\/"},{"@type":"ListItem","position":3,"name":"Mediu"}]},{"@type":"WebSite","@id":"https:\/\/www.interpumpfluidsolutions.com\/ro\/#website","url":"https:\/\/www.interpumpfluidsolutions.com\/ro\/","name":"Interpump Romania","description":"Fluid Solutions - Hydro Est","potentialAction":[{"@type":"SearchAction","target":{"@type":"EntryPoint","urlTemplate":"https:\/\/www.interpumpfluidsolutions.com\/ro\/?s={search_term_string}"},"query-input":{"@type":"PropertyValueSpecification","valueRequired":true,"valueName":"search_term_string"}}],"inLanguage":"en-GB"}]}},"_links":{"self":[{"href":"https:\/\/www.interpumpfluidsolutions.com\/ro\/wp-json\/wp\/v2\/pages\/218","targetHints":{"allow":["GET"]}}],"collection":[{"href":"https:\/\/www.interpumpfluidsolutions.com\/ro\/wp-json\/wp\/v2\/pages"}],"about":[{"href":"https:\/\/www.interpumpfluidsolutions.com\/ro\/wp-json\/wp\/v2\/types\/page"}],"author":[{"embeddable":true,"href":"https:\/\/www.interpumpfluidsolutions.com\/ro\/wp-json\/wp\/v2\/users\/3"}],"replies":[{"embeddable":true,"href":"https:\/\/www.interpumpfluidsolutions.com\/ro\/wp-json\/wp\/v2\/comments?post=218"}],"version-history":[{"count":8,"href":"https:\/\/www.interpumpfluidsolutions.com\/ro\/wp-json\/wp\/v2\/pages\/218\/revisions"}],"predecessor-version":[{"id":12282,"href":"https:\/\/www.interpumpfluidsolutions.com\/ro\/wp-json\/wp\/v2\/pages\/218\/revisions\/12282"}],"up":[{"embeddable":true,"href":"https:\/\/www.interpumpfluidsolutions.com\/ro\/wp-json\/wp\/v2\/pages\/56"}],"wp:attachment":[{"href":"https:\/\/www.interpumpfluidsolutions.com\/ro\/wp-json\/wp\/v2\/media?parent=218"}],"curies":[{"name":"wp","href":"https:\/\/api.w.org\/{rel}","templated":true}]}}