{"id":221,"date":"2017-11-20T13:30:05","date_gmt":"2017-11-20T13:30:05","guid":{"rendered":"https:\/\/www.interpumpfluidsolutions.com\/ro\/?page_id=221"},"modified":"2024-10-08T08:29:33","modified_gmt":"2024-10-08T07:29:33","slug":"siguranta","status":"publish","type":"page","link":"https:\/\/www.interpumpfluidsolutions.com\/ro\/despre\/siguranta\/","title":{"rendered":"Siguran\u021b\u0103"},"content":{"rendered":"\n<style type=\"text\/css\" data-created_by=\"avia_inline_auto\" id=\"style-css-av-14ftw5-aafede016acf4e6373b7d07b1c484c51\">\n.flex_column.av-14ftw5-aafede016acf4e6373b7d07b1c484c51{\nborder-radius:0px 0px 0px 0px;\npadding:0px 0px 0px 0px;\n}\n<\/style>\n<div  class='flex_column av-14ftw5-aafede016acf4e6373b7d07b1c484c51 av_one_full  avia-builder-el-0  el_before_av_one_half  avia-builder-el-first  first flex_column_div av-zero-column-padding  '     ><style type=\"text\/css\" data-created_by=\"avia_inline_auto\" id=\"style-css-av-vd0gl-312853a45d99cb35dfe41426ca821c32\">\n#top .av-special-heading.av-vd0gl-312853a45d99cb35dfe41426ca821c32{\npadding-bottom:10px;\n}\nbody .av-special-heading.av-vd0gl-312853a45d99cb35dfe41426ca821c32 .av-special-heading-tag .heading-char{\nfont-size:25px;\n}\n.av-special-heading.av-vd0gl-312853a45d99cb35dfe41426ca821c32 .av-subheading{\nfont-size:15px;\n}\n<\/style>\n<div  class='av-special-heading av-vd0gl-312853a45d99cb35dfe41426ca821c32 av-special-heading-h3  avia-builder-el-1  avia-builder-el-no-sibling '><h3 class='av-special-heading-tag'  itemprop=\"headline\"  >Siguran\u021b\u0103<\/h3><div class=\"special-heading-border\"><div class=\"special-heading-inner-border\"><\/div><\/div><\/div><\/div>\n<style type=\"text\/css\" data-created_by=\"avia_inline_auto\" id=\"style-css-av-tkpn9-f1a8abab989f5e61d791e89a073be6a5\">\n.flex_column.av-tkpn9-f1a8abab989f5e61d791e89a073be6a5{\nborder-radius:0px 0px 0px 0px;\npadding:0px 0px 0px 0px;\n}\n<\/style>\n<div  class='flex_column av-tkpn9-f1a8abab989f5e61d791e89a073be6a5 av_one_half  avia-builder-el-2  el_after_av_one_full  el_before_av_one_half  first flex_column_div av-zero-column-padding  column-top-margin'     ><section  class='av_textblock_section av-mcoj9-2627857345d610d23f6ed410b551cbf4 '   itemscope=\"itemscope\" itemtype=\"https:\/\/schema.org\/CreativeWork\" ><div class='avia_textblock'  itemprop=\"text\" ><p>O politic\u0103 de calitate orientat\u0103 c\u0103tre investi\u021bii \u00een cercetare \u0219i inovare, care a condus la utilizarea sistemelor avansate \u0219i a tehnologiilor de ultim\u0103 or\u0103.<br \/>\nCalitatea, a\u0219adar, nu doar a sistemului (instala\u021biile de produc\u021bie \u0219i companiile de distribu\u021bie au ob\u021binut certificarea ISO 9000), ci \u0219i a procesului \u0219i a produsului: de la control laser 100% pe liniile de produc\u021bie \u0219i asamblare p\u00e2n\u0103 la certific\u0103ri specifice de produs.<\/p>\n<p>\u00cembun\u0103t\u0103\u021birea \u0219i extinderea continu\u0103 a gamei a f\u0103cut posibil\u0103 \u0219i integrarea nivelului de cuno\u0219tin\u021be \u0219i verificarea compatibilit\u0103\u021bii produselor: folosind sisteme de control proiectate intern (ad-hoc) \u0219i ma\u0219ini de testare create de diviziile de dezvoltare ale aceluia\u0219i grup corporativ, Hypress a ob\u021binut o serie de aprob\u0103ri emise de organismele interna\u021bionale de certificare, care garanteaz\u0103 continuitatea aprovizion\u0103rii, standarde \u00eenalte de calitate \u0219i compatibilitate dovedit\u0103 cu aplica\u021biile Figuranta \u0219i garantarea caracteristicilor de performan\u021b\u0103 recunoscute de organismele acreditate precum Bureau Veritas \u0219i Germanischer Lloyd, prin emiterea de certific\u0103ri de produs, confirmarea execut\u0103rii ciclurilor de testare specifice \u0219i a testelor \u00een conformitate cu standardele.<\/p>\n<p>O confirmare suplimentar\u0103 a garan\u021biei actualiz\u0103rii continue este faptul de a fi membri ai principalelor Organisme de Standardizare, de la Organismul Na\u021bional de Standardizare (UNI) p\u00e2n\u0103 la Asocia\u021bia de referin\u021b\u0103 pentru energie fluid\u0103 (Assofluid).<\/p>\n<p>Prevenirea \u0219i eliminarea accidentelor \u0219i \u00eemboln\u0103virilor la locul de munc\u0103 reprezint\u0103 obiectivul cheie al filozofiei corporative a I.M.M. Hydraulics, prin implicarea angaja\u021bilor, cu respectarea reglement\u0103rilor stricte preventive adoptate prin politica intern\u0103 a companiei; formarea \u0219i educarea continu\u0103 a acestora pentru a-\u0219i respecta locul de munc\u0103 permite rezultate excelente \u00een faza preventiv\u0103.<\/p>\n<p>Ne angaj\u0103m s\u0103 dezvolt\u0103m o afacere durabil\u0103 pe termen lung, reduc\u00e2nd la minimum impactul asupra mediului \u00een toate procesele \u0219i activit\u0103\u021bile companiei.<br \/>\nCaracteristicile de siguran\u021b\u0103, garan\u021bie \u0219i de \u00eenalt\u0103 performan\u021b\u0103 sunt recunoscute de organismele acreditate precum Bureau Veritas \u0219i Germanischer Lloyd, prin eliberarea de certific\u0103ri de produs, care confirm\u0103 executarea ciclurilor \u0219i \u00eencerc\u0103rilor specifice \u00een conformitate cu standardele.<\/p>\n<p>Toate acestea sunt confirmate de afilierea la principalele Organisme de Standardizare, de la Organismul Na\u021bional de Standardizare (UNI) la Asociatia de referin\u021b\u0103 pentru energie fluid\u0103 (Assofluid).<\/p>\n<p>Suntem certifica\u021bi ISO 45001:2018 conform<\/p>\n<\/div><\/section><\/div>\n<style type=\"text\/css\" data-created_by=\"avia_inline_auto\" id=\"style-css-av-fddgt-96e6e3060a2b32a54319945353551e98\">\n.flex_column.av-fddgt-96e6e3060a2b32a54319945353551e98{\nborder-radius:0px 0px 0px 0px;\npadding:0px 0px 0px 0px;\n}\n<\/style>\n<div  class='flex_column av-fddgt-96e6e3060a2b32a54319945353551e98 av_one_half  avia-builder-el-4  el_after_av_one_half  avia-builder-el-last  flex_column_div av-zero-column-padding  column-top-margin'     ><style type=\"text\/css\" data-created_by=\"avia_inline_auto\" id=\"style-css-av-ahc9x-2d8cda629fd17ee75dac4cba874d0048\">\n.avia-image-container.av-ahc9x-2d8cda629fd17ee75dac4cba874d0048 img.avia_image{\nbox-shadow:none;\n}\n.avia-image-container.av-ahc9x-2d8cda629fd17ee75dac4cba874d0048 .av-image-caption-overlay-center{\ncolor:#ffffff;\n}\n<\/style>\n<div  class='avia-image-container av-ahc9x-2d8cda629fd17ee75dac4cba874d0048 av-styling- av-hover-grow av-img-linked avia_animated_image av-animated-when-visible-95 av-rotateIn avia-align-center  avia-builder-el-5  avia-builder-el-no-sibling '   itemprop=\"image\" itemscope=\"itemscope\" itemtype=\"https:\/\/schema.org\/ImageObject\" ><div class=\"avia-image-container-inner\"><div class=\"avia-image-overlay-wrap\"><a href=\"https:\/\/www.interpumpfluidsolutions.com\/ro\/wp-content\/uploads\/sites\/14\/2017\/11\/sicurezza.jpg\" data-srcset=\"https:\/\/www.interpumpfluidsolutions.com\/ro\/wp-content\/uploads\/sites\/14\/2017\/11\/sicurezza.jpg 402w, https:\/\/www.interpumpfluidsolutions.com\/ro\/wp-content\/uploads\/sites\/14\/2017\/11\/sicurezza-212x300.jpg 212w\" data-sizes=\"(max-width: 402px) 100vw, 402px\" class='avia_image '  aria-label='sicurezza'><img decoding=\"async\" fetchpriority=\"high\" class='wp-image-327 avia-img-lazy-loading-not-327 avia_image ' src=\"https:\/\/www.interpumpfluidsolutions.com\/ro\/wp-content\/uploads\/sites\/14\/2017\/11\/sicurezza-212x300.jpg\" alt='Interpump Fluid Solutions Security Policy' title='sicurezza'  height=\"300\" width=\"212\"  itemprop=\"thumbnailUrl\" srcset=\"https:\/\/www.interpumpfluidsolutions.com\/ro\/wp-content\/uploads\/sites\/14\/2017\/11\/sicurezza-212x300.jpg 212w, https:\/\/www.interpumpfluidsolutions.com\/ro\/wp-content\/uploads\/sites\/14\/2017\/11\/sicurezza.jpg 402w\" sizes=\"(max-width: 212px) 100vw, 212px\" \/><\/a><\/div><\/div><\/div><\/div><\/p>\n","protected":false},"excerpt":{"rendered":"","protected":false},"author":3,"featured_media":0,"parent":56,"menu_order":5,"comment_status":"closed","ping_status":"closed","template":"","meta":{"footnotes":""},"class_list":["post-221","page","type-page","status-publish","hentry"],"yoast_head":"<!-- This site is optimized with the Yoast SEO plugin v26.2 - https:\/\/yoast.com\/wordpress\/plugins\/seo\/ -->\n<title>Siguran\u021b\u0103 - Interpump Romania<\/title>\n<meta name=\"robots\" content=\"index, follow, max-snippet:-1, max-image-preview:large, max-video-preview:-1\" \/>\n<link rel=\"canonical\" href=\"https:\/\/www.interpumpfluidsolutions.com\/ro\/despre\/siguranta\/\" \/>\n<meta property=\"og:locale\" content=\"en_GB\" \/>\n<meta property=\"og:type\" content=\"article\" \/>\n<meta property=\"og:title\" content=\"Siguran\u021b\u0103 - Interpump Romania\" \/>\n<meta property=\"og:url\" content=\"https:\/\/www.interpumpfluidsolutions.com\/ro\/despre\/siguranta\/\" \/>\n<meta property=\"og:site_name\" content=\"Interpump Romania\" \/>\n<meta property=\"article:modified_time\" content=\"2024-10-08T07:29:33+00:00\" \/>\n<meta name=\"twitter:card\" content=\"summary_large_image\" \/>\n<meta name=\"twitter:label1\" content=\"Estimated reading time\" \/>\n\t<meta name=\"twitter:data1\" content=\"2 minutes\" \/>\n<script type=\"application\/ld+json\" class=\"yoast-schema-graph\">{\"@context\":\"https:\/\/schema.org\",\"@graph\":[{\"@type\":\"WebPage\",\"@id\":\"https:\/\/www.interpumpfluidsolutions.com\/ro\/despre\/siguranta\/\",\"url\":\"https:\/\/www.interpumpfluidsolutions.com\/ro\/despre\/siguranta\/\",\"name\":\"Siguran\u021b\u0103 - Interpump Romania\",\"isPartOf\":{\"@id\":\"https:\/\/www.interpumpfluidsolutions.com\/ro\/#website\"},\"datePublished\":\"2017-11-20T13:30:05+00:00\",\"dateModified\":\"2024-10-08T07:29:33+00:00\",\"breadcrumb\":{\"@id\":\"https:\/\/www.interpumpfluidsolutions.com\/ro\/despre\/siguranta\/#breadcrumb\"},\"inLanguage\":\"en-GB\",\"potentialAction\":[{\"@type\":\"ReadAction\",\"target\":[\"https:\/\/www.interpumpfluidsolutions.com\/ro\/despre\/siguranta\/\"]}]},{\"@type\":\"BreadcrumbList\",\"@id\":\"https:\/\/www.interpumpfluidsolutions.com\/ro\/despre\/siguranta\/#breadcrumb\",\"itemListElement\":[{\"@type\":\"ListItem\",\"position\":1,\"name\":\"Home\",\"item\":\"https:\/\/www.interpumpfluidsolutions.com\/ro\/home\/\"},{\"@type\":\"ListItem\",\"position\":2,\"name\":\"Despre\",\"item\":\"https:\/\/www.interpumpfluidsolutions.com\/ro\/despre\/\"},{\"@type\":\"ListItem\",\"position\":3,\"name\":\"Siguran\u021b\u0103\"}]},{\"@type\":\"WebSite\",\"@id\":\"https:\/\/www.interpumpfluidsolutions.com\/ro\/#website\",\"url\":\"https:\/\/www.interpumpfluidsolutions.com\/ro\/\",\"name\":\"Interpump Romania\",\"description\":\"Fluid Solutions - Hydro Est\",\"potentialAction\":[{\"@type\":\"SearchAction\",\"target\":{\"@type\":\"EntryPoint\",\"urlTemplate\":\"https:\/\/www.interpumpfluidsolutions.com\/ro\/?s={search_term_string}\"},\"query-input\":{\"@type\":\"PropertyValueSpecification\",\"valueRequired\":true,\"valueName\":\"search_term_string\"}}],\"inLanguage\":\"en-GB\"}]}<\/script>\n<!-- \/ Yoast SEO plugin. -->","yoast_head_json":{"title":"Siguran\u021b\u0103 - Interpump Romania","robots":{"index":"index","follow":"follow","max-snippet":"max-snippet:-1","max-image-preview":"max-image-preview:large","max-video-preview":"max-video-preview:-1"},"canonical":"https:\/\/www.interpumpfluidsolutions.com\/ro\/despre\/siguranta\/","og_locale":"en_GB","og_type":"article","og_title":"Siguran\u021b\u0103 - Interpump Romania","og_url":"https:\/\/www.interpumpfluidsolutions.com\/ro\/despre\/siguranta\/","og_site_name":"Interpump Romania","article_modified_time":"2024-10-08T07:29:33+00:00","twitter_card":"summary_large_image","twitter_misc":{"Estimated reading time":"2 minutes"},"schema":{"@context":"https:\/\/schema.org","@graph":[{"@type":"WebPage","@id":"https:\/\/www.interpumpfluidsolutions.com\/ro\/despre\/siguranta\/","url":"https:\/\/www.interpumpfluidsolutions.com\/ro\/despre\/siguranta\/","name":"Siguran\u021b\u0103 - Interpump Romania","isPartOf":{"@id":"https:\/\/www.interpumpfluidsolutions.com\/ro\/#website"},"datePublished":"2017-11-20T13:30:05+00:00","dateModified":"2024-10-08T07:29:33+00:00","breadcrumb":{"@id":"https:\/\/www.interpumpfluidsolutions.com\/ro\/despre\/siguranta\/#breadcrumb"},"inLanguage":"en-GB","potentialAction":[{"@type":"ReadAction","target":["https:\/\/www.interpumpfluidsolutions.com\/ro\/despre\/siguranta\/"]}]},{"@type":"BreadcrumbList","@id":"https:\/\/www.interpumpfluidsolutions.com\/ro\/despre\/siguranta\/#breadcrumb","itemListElement":[{"@type":"ListItem","position":1,"name":"Home","item":"https:\/\/www.interpumpfluidsolutions.com\/ro\/home\/"},{"@type":"ListItem","position":2,"name":"Despre","item":"https:\/\/www.interpumpfluidsolutions.com\/ro\/despre\/"},{"@type":"ListItem","position":3,"name":"Siguran\u021b\u0103"}]},{"@type":"WebSite","@id":"https:\/\/www.interpumpfluidsolutions.com\/ro\/#website","url":"https:\/\/www.interpumpfluidsolutions.com\/ro\/","name":"Interpump Romania","description":"Fluid Solutions - Hydro Est","potentialAction":[{"@type":"SearchAction","target":{"@type":"EntryPoint","urlTemplate":"https:\/\/www.interpumpfluidsolutions.com\/ro\/?s={search_term_string}"},"query-input":{"@type":"PropertyValueSpecification","valueRequired":true,"valueName":"search_term_string"}}],"inLanguage":"en-GB"}]}},"_links":{"self":[{"href":"https:\/\/www.interpumpfluidsolutions.com\/ro\/wp-json\/wp\/v2\/pages\/221","targetHints":{"allow":["GET"]}}],"collection":[{"href":"https:\/\/www.interpumpfluidsolutions.com\/ro\/wp-json\/wp\/v2\/pages"}],"about":[{"href":"https:\/\/www.interpumpfluidsolutions.com\/ro\/wp-json\/wp\/v2\/types\/page"}],"author":[{"embeddable":true,"href":"https:\/\/www.interpumpfluidsolutions.com\/ro\/wp-json\/wp\/v2\/users\/3"}],"replies":[{"embeddable":true,"href":"https:\/\/www.interpumpfluidsolutions.com\/ro\/wp-json\/wp\/v2\/comments?post=221"}],"version-history":[{"count":9,"href":"https:\/\/www.interpumpfluidsolutions.com\/ro\/wp-json\/wp\/v2\/pages\/221\/revisions"}],"predecessor-version":[{"id":12284,"href":"https:\/\/www.interpumpfluidsolutions.com\/ro\/wp-json\/wp\/v2\/pages\/221\/revisions\/12284"}],"up":[{"embeddable":true,"href":"https:\/\/www.interpumpfluidsolutions.com\/ro\/wp-json\/wp\/v2\/pages\/56"}],"wp:attachment":[{"href":"https:\/\/www.interpumpfluidsolutions.com\/ro\/wp-json\/wp\/v2\/media?parent=221"}],"curies":[{"name":"wp","href":"https:\/\/api.w.org\/{rel}","templated":true}]}}