{"id":224,"date":"2017-11-20T13:30:28","date_gmt":"2017-11-20T13:30:28","guid":{"rendered":"https:\/\/www.interpumpfluidsolutions.com\/ro\/?page_id=224"},"modified":"2025-03-17T15:39:50","modified_gmt":"2025-03-17T15:39:50","slug":"certificari","status":"publish","type":"page","link":"https:\/\/www.interpumpfluidsolutions.com\/ro\/despre\/certificari\/","title":{"rendered":"Certific\u0103ri"},"content":{"rendered":"\n<style type=\"text\/css\" data-created_by=\"avia_inline_auto\" id=\"style-css-av-1mg99c-d7ec8d69d699a0593933991df4427687\">\n.flex_column.av-1mg99c-d7ec8d69d699a0593933991df4427687{\nborder-radius:0px 0px 0px 0px;\npadding:0px 0px 0px 0px;\n}\n<\/style>\n<div  class='flex_column av-1mg99c-d7ec8d69d699a0593933991df4427687 av_one_full  avia-builder-el-0  el_before_av_one_half  avia-builder-el-first  first flex_column_div av-zero-column-padding  '     ><style type=\"text\/css\" data-created_by=\"avia_inline_auto\" id=\"style-css-av-1d2cwo-7f210cd893889f8ba3b0e7853f7955ff\">\n#top .av-special-heading.av-1d2cwo-7f210cd893889f8ba3b0e7853f7955ff{\npadding-bottom:10px;\n}\nbody .av-special-heading.av-1d2cwo-7f210cd893889f8ba3b0e7853f7955ff .av-special-heading-tag .heading-char{\nfont-size:25px;\n}\n.av-special-heading.av-1d2cwo-7f210cd893889f8ba3b0e7853f7955ff .av-subheading{\nfont-size:15px;\n}\n<\/style>\n<div  class='av-special-heading av-1d2cwo-7f210cd893889f8ba3b0e7853f7955ff av-special-heading-h3  avia-builder-el-1  avia-builder-el-no-sibling '><h3 class='av-special-heading-tag'  itemprop=\"headline\"  >Certific\u0103ri<\/h3><div class=\"special-heading-border\"><div class=\"special-heading-inner-border\"><\/div><\/div><\/div><\/div>\n\n<style type=\"text\/css\" data-created_by=\"avia_inline_auto\" id=\"style-css-av-17fdt4-f80ea8e0fbf8c3f7eb6e1bb5a8e647a2\">\n.flex_column.av-17fdt4-f80ea8e0fbf8c3f7eb6e1bb5a8e647a2{\nborder-radius:0px 0px 0px 0px;\npadding:0px 0px 0px 0px;\n}\n<\/style>\n<div  class='flex_column av-17fdt4-f80ea8e0fbf8c3f7eb6e1bb5a8e647a2 av_one_half  avia-builder-el-2  el_after_av_one_full  el_before_av_one_half  first flex_column_div av-zero-column-padding  column-top-margin'     ><p>\n<style type=\"text\/css\" data-created_by=\"avia_inline_auto\" id=\"style-css-av-11jcbk-6b5b68a1c2ee5dad3bcf056da9e19c3d\">\n.avia-image-container.av-11jcbk-6b5b68a1c2ee5dad3bcf056da9e19c3d img.avia_image{\nbox-shadow:none;\n}\n.avia-image-container.av-11jcbk-6b5b68a1c2ee5dad3bcf056da9e19c3d .av-image-caption-overlay-center{\ncolor:#ffffff;\n}\n<\/style>\n<div  class='avia-image-container av-11jcbk-6b5b68a1c2ee5dad3bcf056da9e19c3d av-styling- av-hover-grow av-img-linked avia_animated_image av-animated-when-visible-95 av-rotateIn avia-align-center  avia-builder-el-3  el_before_av_textblock  avia-builder-el-first '   itemprop=\"image\" itemscope=\"itemscope\" itemtype=\"https:\/\/schema.org\/ImageObject\" ><div class=\"avia-image-container-inner\"><div class=\"avia-image-overlay-wrap\"><a href=\"https:\/\/www.interpumpfluidsolutions.com\/ro\/wp-content\/uploads\/sites\/14\/2017\/11\/certificati-group.jpg\" data-srcset=\"https:\/\/www.interpumpfluidsolutions.com\/ro\/wp-content\/uploads\/sites\/14\/2017\/11\/certificati-group.jpg 393w, https:\/\/www.interpumpfluidsolutions.com\/ro\/wp-content\/uploads\/sites\/14\/2017\/11\/certificati-group-260x300.jpg 260w\" data-sizes=\"(max-width: 393px) 100vw, 393px\" class='avia_image '  aria-label='certificati-group'><img decoding=\"async\" fetchpriority=\"high\" class='wp-image-333 avia-img-lazy-loading-not-333 avia_image ' src=\"https:\/\/www.interpumpfluidsolutions.com\/ro\/wp-content\/uploads\/sites\/14\/2017\/11\/certificati-group-260x300.jpg\" alt='Interpump Fluid Solutions Certification' title='certificati-group'  height=\"300\" width=\"260\"  itemprop=\"thumbnailUrl\" srcset=\"https:\/\/www.interpumpfluidsolutions.com\/ro\/wp-content\/uploads\/sites\/14\/2017\/11\/certificati-group-260x300.jpg 260w, https:\/\/www.interpumpfluidsolutions.com\/ro\/wp-content\/uploads\/sites\/14\/2017\/11\/certificati-group.jpg 393w\" sizes=\"(max-width: 260px) 100vw, 260px\" \/><\/a><\/div><\/div><\/div><br \/>\n<section  class='av_textblock_section av-vtteg-58db68586d44836b45332cde34fedd73 '   itemscope=\"itemscope\" itemtype=\"https:\/\/schema.org\/CreativeWork\" ><div class='avia_textblock'  itemprop=\"text\" ><blockquote>\n<p>Extinderea \u0219i \u00eembun\u0103t\u0103\u021birea continu\u0103 a gamei noastre de produse ne-a permis s\u0103 ne integr\u0103m expertiza \u00een produc\u021bie \u0219i controlul calit\u0103\u021bii pentru a stabili compatibilitatea produselor noastre: prin utilizarea metodelor de control \u0219i a ma\u0219inilor de testare dezvoltate de noi. Grupul a ob\u021binut o serie de aprob\u0103ri eliberate de organisme interna\u021bionale de certificare.<\/p>\n<\/blockquote>\n<\/div><\/section><br \/>\n<div  class='avia-button-wrap avia-button-center  avia-builder-el-5  el_after_av_textblock  avia-builder-el-last '>\n<style type=\"text\/css\" data-created_by=\"avia_inline_auto\" id=\"style-css-av-2sba8-7245675d14849d55276665643300adc5\">\n#top #wrap_all .avia-button.av-2sba8-7245675d14849d55276665643300adc5:hover{\ncolor:white;\ntransition:all 0.4s ease-in-out;\n}\n<\/style>\n<a href='https:\/\/www.interpumpfluidsolutions.com\/ro\/wp-content\/uploads\/sites\/14\/2025\/01\/tabella-certificazioni.pdf' class='avia-color-theme-color avia-font-color-theme-color avia-button avia-button-fullwidth av-2sba8-7245675d14849d55276665643300adc5 avia-icon_select-no avia-color-theme-color'  target=\"_blank\"  rel=\"noopener noreferrer\" ><span class='avia_iconbox_title' >Diagrama furtunurilor<\/span><span class='avia_button_background avia-button avia-button-fullwidth avia-color-theme-color'><\/span><\/a><\/div><\/p><\/div>\n<style type=\"text\/css\" data-created_by=\"avia_inline_auto\" id=\"style-css-av-ir46o-7439a37d5a0fcfa9dbfbfaac1cf5c033\">\n.flex_column.av-ir46o-7439a37d5a0fcfa9dbfbfaac1cf5c033{\nborder-radius:0px 0px 0px 0px;\npadding:0px 0px 0px 0px;\n}\n<\/style>\n<div  class='flex_column av-ir46o-7439a37d5a0fcfa9dbfbfaac1cf5c033 av_one_half  avia-builder-el-6  el_after_av_one_half  avia-builder-el-last  flex_column_div av-zero-column-padding  column-top-margin'     ><p><section  class='av_textblock_section av-crcfs-167d3ea8d2413e7a4478218ca05d2c46 '   itemscope=\"itemscope\" itemtype=\"https:\/\/schema.org\/CreativeWork\" ><div class='avia_textblock'  itemprop=\"text\" ><p>Siguran\u021ba, fiabilitatea \u0219i caracteristicile de \u00eenalt\u0103 performan\u021b\u0103 sunt recunoscute de Organismele de Certificare precum DNV-GL, ABS, Lloyd&#8217;s Register Bureau Veritas, RINA, Korean Register \u0219i Nippon Register, prin eliberarea de certific\u0103ri de produs \u00een urma auditurilor \u0219i testelor dedicate asistat \u0219i efectuate cu succes.<\/p>\n<p>I.M.M. Hydraulics este membr\u0103 a UNI (Organismul Italian de Standardizare) \u0219i ASSOFLUID (Asocia\u021bia Italian\u0103 a Produc\u0103torilor \u0219i Operatorilor din Sectorul Hidraulic \u0219i Pneumatic) \u0219i acest aspect se dovede\u0219te a fi o valoare ad\u0103ugat\u0103 pentru a fi mereu la curent \u0219i informat cu privire la standarde, aplica\u021bii \u0219i solu\u021bii.<\/p>\n<p><strong>\u00a0<\/strong><\/p>\n<table>\n<tbody>\n<tr>\n<td colspan=\"2\" width=\"330\"><span style=\"font-size: 16px\">Management System<\/span><\/td>\n<td width=\"311\"><span style=\"font-size: 16px\">Certifying Body<\/span><\/td>\n<\/tr>\n<tr>\n<td width=\"151\"><span style=\"font-size: 16px\">Quality<\/span><\/td>\n<td width=\"180\"><span style=\"font-size: 16px\">ISO 9001:2015<\/span><\/td>\n<td width=\"311\"><span style=\"font-size: 16px\">DNV-GL<\/span><\/td>\n<\/tr>\n<tr>\n<td width=\"151\"><span style=\"font-size: 16px\">Environment<\/span><\/td>\n<td width=\"180\"><span style=\"font-size: 16px\">ISO 14001:2015<\/span><\/td>\n<td width=\"311\"><span style=\"font-size: 16px\">DNV-GL<\/span><\/td>\n<\/tr>\n<tr>\n<td width=\"151\"><span style=\"font-size: 16px\">Health and Safety<\/span><\/td>\n<td width=\"180\"><span style=\"font-size: 16px\">ISO 45001:2018 <\/span><\/td>\n<td width=\"311\"><span style=\"font-size: 16px\">DNV-GL<\/span><\/td>\n<\/tr>\n<\/tbody>\n<\/table>\n<\/div><\/section><br \/>\n<section  class='av_textblock_section av-7f8jk-0b5655a67685773dd9a0d839763ddc12 '   itemscope=\"itemscope\" itemtype=\"https:\/\/schema.org\/CreativeWork\" ><div class='avia_textblock'  itemprop=\"text\" ><p><strong>\u00a0<\/strong><\/p>\n<table>\n<tbody>\n<tr>\n<td colspan=\"2\" width=\"642\"><strong>Type Approvals<\/strong><\/td>\n<\/tr>\n<tr>\n<td width=\"151\"><strong>DNV-GL<\/strong><\/td>\n<td width=\"491\">Hypress 2SC MSHA, Hypress 4SH, Hypress 4SP, Hypress R17 , HyGreen 4SH, HyGreen R13, HyGreen R15, LongLife 2SC, LongLife 2SC MSHA, Marathon, Marathon MSHA<\/td>\n<\/tr>\n<tr>\n<td width=\"151\"><strong>ABS<\/strong><\/td>\n<td width=\"491\">Hypress 1SC, Hypress 2SC MSHA, Hypress 4SH, Hypress R17, HyGreen 4SH, HyGreen R13, HyGreen R15, LongLife 2SC, LongLife 2SC MSHA, Marathon, Marathon MSHA<\/td>\n<\/tr>\n<tr>\n<td width=\"151\"><strong>LLOYD\u2019s Register<\/strong><\/td>\n<td width=\"491\">Hypress 2SC MSHA, Hypress 4SP, Hypress R17, HyGreen 4SH, HyGreen R13, HyGreen R15, LongLife 2SC, Marathon MSHA, Hypress 2SN<\/td>\n<\/tr>\n<tr>\n<td width=\"151\"><strong>RINA <\/strong><\/td>\n<td width=\"491\">LONGLIFE 2SC<\/td>\n<\/tr>\n<tr>\n<td width=\"151\"><strong>Bureau Veritas<\/strong><\/td>\n<td width=\"491\">Hypress 2SC, Hypress 4SH, Hypress 4SP, Hypress R17, HyGreen 4SH, HyGreen R13, HyGreen R15, LongLife 1SC,<br \/>\nLongLife 2SC, Marathon<\/td>\n<\/tr>\n<tr>\n<td width=\"151\"><strong>K<\/strong><strong>R<\/strong><\/td>\n<td width=\"491\">Hypress 2SC, Hypress 4SH, Hypress 4SP, Hypress R17, HyGreen 4SH, HyGreen R13, HyGreen R15, LongLife 1SC,<br \/>\nLongLife 2SC, Marathon<\/td>\n<\/tr>\n<tr>\n<td width=\"151\"><strong>NKK<\/strong><\/td>\n<td width=\"491\">Hypress 2SC MSHA, Hypress 4SH, Hypress 4SP, Hypress R17, HyGreen 4SH, HyGreen R13, HyGreen R15, LongLife 1SC, LongLife 2SC, Marathon MSHA<\/td>\n<\/tr>\n<tr>\n<td width=\"151\"><strong>CCS<\/strong><\/td>\n<td width=\"491\">Hypress 1SC, Hypress 2SC, Hypress 4SP, Hypress R17, HyGreen 4SH, HyGreen R13, HyGreen R15, LongLife 1SC, LongLife 2SC, Marathon<\/td>\n<\/tr>\n<\/tbody>\n<\/table>\n<p><strong>\u00a0<\/strong><\/p>\n<p><strong>\u00a0<\/strong><\/p>\n<table>\n<tbody>\n<tr>\n<td colspan=\"2\" width=\"642\"><strong>Special Certification<\/strong><\/td>\n<\/tr>\n<tr>\n<td width=\"151\"><strong>MSHA<\/strong><\/td>\n<td width=\"491\">Cover Compound<\/td>\n<\/tr>\n<tr>\n<td width=\"151\"><strong>LAPI \u2013 EN 45545-2<\/strong><\/td>\n<td width=\"491\">Hose HyRail<\/td>\n<\/tr>\n<\/tbody>\n<\/table>\n<p><strong>\u00a0<\/strong><\/p>\n<table>\n<tbody>\n<tr>\n<td colspan=\"2\" width=\"642\"><strong>Marine Equipment Directive <\/strong><\/td>\n<\/tr>\n<tr>\n<td width=\"151\"><strong>MED-D<\/strong><\/td>\n<td width=\"491\">Hypress 2SC MSHA, Hypress 4SH, Hypress 4SP, Hypress R17, HyGreen 4SH, HyGreen R13, HyGreen R15, Marathon MSHA<\/td>\n<\/tr>\n<\/tbody>\n<\/table>\n<p><strong>\u00a0<\/strong><\/p>\n<p><strong>Regulatory <\/strong><strong>Compliance<\/strong><strong><br \/>\n<\/strong>\u2013 RoHS<br \/>\n\u2013 REACH<\/p>\n<p><strong>Collaborations\/Associations<br \/>\n<\/strong>\u2013 ASSOFLUID<br \/>\n\u2013 UNI<\/p>\n<\/div><\/section><\/p><\/div><\/p>\n","protected":false},"excerpt":{"rendered":"","protected":false},"author":3,"featured_media":0,"parent":56,"menu_order":6,"comment_status":"closed","ping_status":"closed","template":"","meta":{"footnotes":""},"class_list":["post-224","page","type-page","status-publish","hentry"],"yoast_head":"<!-- This site is optimized with the Yoast SEO plugin v26.2 - https:\/\/yoast.com\/wordpress\/plugins\/seo\/ -->\n<title>Certific\u0103ri - Interpump Romania<\/title>\n<meta name=\"robots\" content=\"index, follow, max-snippet:-1, max-image-preview:large, max-video-preview:-1\" \/>\n<link rel=\"canonical\" href=\"https:\/\/www.interpumpfluidsolutions.com\/ro\/despre\/certificari\/\" \/>\n<meta property=\"og:locale\" content=\"en_GB\" \/>\n<meta property=\"og:type\" content=\"article\" \/>\n<meta property=\"og:title\" content=\"Certific\u0103ri - Interpump Romania\" \/>\n<meta property=\"og:url\" content=\"https:\/\/www.interpumpfluidsolutions.com\/ro\/despre\/certificari\/\" \/>\n<meta property=\"og:site_name\" content=\"Interpump Romania\" \/>\n<meta property=\"article:modified_time\" content=\"2025-03-17T15:39:50+00:00\" \/>\n<meta name=\"twitter:card\" content=\"summary_large_image\" \/>\n<meta name=\"twitter:label1\" content=\"Estimated reading time\" \/>\n\t<meta name=\"twitter:data1\" content=\"2 minutes\" \/>\n<script type=\"application\/ld+json\" class=\"yoast-schema-graph\">{\"@context\":\"https:\/\/schema.org\",\"@graph\":[{\"@type\":\"WebPage\",\"@id\":\"https:\/\/www.interpumpfluidsolutions.com\/ro\/despre\/certificari\/\",\"url\":\"https:\/\/www.interpumpfluidsolutions.com\/ro\/despre\/certificari\/\",\"name\":\"Certific\u0103ri - Interpump Romania\",\"isPartOf\":{\"@id\":\"https:\/\/www.interpumpfluidsolutions.com\/ro\/#website\"},\"datePublished\":\"2017-11-20T13:30:28+00:00\",\"dateModified\":\"2025-03-17T15:39:50+00:00\",\"breadcrumb\":{\"@id\":\"https:\/\/www.interpumpfluidsolutions.com\/ro\/despre\/certificari\/#breadcrumb\"},\"inLanguage\":\"en-GB\",\"potentialAction\":[{\"@type\":\"ReadAction\",\"target\":[\"https:\/\/www.interpumpfluidsolutions.com\/ro\/despre\/certificari\/\"]}]},{\"@type\":\"BreadcrumbList\",\"@id\":\"https:\/\/www.interpumpfluidsolutions.com\/ro\/despre\/certificari\/#breadcrumb\",\"itemListElement\":[{\"@type\":\"ListItem\",\"position\":1,\"name\":\"Home\",\"item\":\"https:\/\/www.interpumpfluidsolutions.com\/ro\/home\/\"},{\"@type\":\"ListItem\",\"position\":2,\"name\":\"Despre\",\"item\":\"https:\/\/www.interpumpfluidsolutions.com\/ro\/despre\/\"},{\"@type\":\"ListItem\",\"position\":3,\"name\":\"Certific\u0103ri\"}]},{\"@type\":\"WebSite\",\"@id\":\"https:\/\/www.interpumpfluidsolutions.com\/ro\/#website\",\"url\":\"https:\/\/www.interpumpfluidsolutions.com\/ro\/\",\"name\":\"Interpump Romania\",\"description\":\"Fluid Solutions - Hydro Est\",\"potentialAction\":[{\"@type\":\"SearchAction\",\"target\":{\"@type\":\"EntryPoint\",\"urlTemplate\":\"https:\/\/www.interpumpfluidsolutions.com\/ro\/?s={search_term_string}\"},\"query-input\":{\"@type\":\"PropertyValueSpecification\",\"valueRequired\":true,\"valueName\":\"search_term_string\"}}],\"inLanguage\":\"en-GB\"}]}<\/script>\n<!-- \/ Yoast SEO plugin. -->","yoast_head_json":{"title":"Certific\u0103ri - Interpump Romania","robots":{"index":"index","follow":"follow","max-snippet":"max-snippet:-1","max-image-preview":"max-image-preview:large","max-video-preview":"max-video-preview:-1"},"canonical":"https:\/\/www.interpumpfluidsolutions.com\/ro\/despre\/certificari\/","og_locale":"en_GB","og_type":"article","og_title":"Certific\u0103ri - Interpump Romania","og_url":"https:\/\/www.interpumpfluidsolutions.com\/ro\/despre\/certificari\/","og_site_name":"Interpump Romania","article_modified_time":"2025-03-17T15:39:50+00:00","twitter_card":"summary_large_image","twitter_misc":{"Estimated reading time":"2 minutes"},"schema":{"@context":"https:\/\/schema.org","@graph":[{"@type":"WebPage","@id":"https:\/\/www.interpumpfluidsolutions.com\/ro\/despre\/certificari\/","url":"https:\/\/www.interpumpfluidsolutions.com\/ro\/despre\/certificari\/","name":"Certific\u0103ri - Interpump Romania","isPartOf":{"@id":"https:\/\/www.interpumpfluidsolutions.com\/ro\/#website"},"datePublished":"2017-11-20T13:30:28+00:00","dateModified":"2025-03-17T15:39:50+00:00","breadcrumb":{"@id":"https:\/\/www.interpumpfluidsolutions.com\/ro\/despre\/certificari\/#breadcrumb"},"inLanguage":"en-GB","potentialAction":[{"@type":"ReadAction","target":["https:\/\/www.interpumpfluidsolutions.com\/ro\/despre\/certificari\/"]}]},{"@type":"BreadcrumbList","@id":"https:\/\/www.interpumpfluidsolutions.com\/ro\/despre\/certificari\/#breadcrumb","itemListElement":[{"@type":"ListItem","position":1,"name":"Home","item":"https:\/\/www.interpumpfluidsolutions.com\/ro\/home\/"},{"@type":"ListItem","position":2,"name":"Despre","item":"https:\/\/www.interpumpfluidsolutions.com\/ro\/despre\/"},{"@type":"ListItem","position":3,"name":"Certific\u0103ri"}]},{"@type":"WebSite","@id":"https:\/\/www.interpumpfluidsolutions.com\/ro\/#website","url":"https:\/\/www.interpumpfluidsolutions.com\/ro\/","name":"Interpump Romania","description":"Fluid Solutions - Hydro Est","potentialAction":[{"@type":"SearchAction","target":{"@type":"EntryPoint","urlTemplate":"https:\/\/www.interpumpfluidsolutions.com\/ro\/?s={search_term_string}"},"query-input":{"@type":"PropertyValueSpecification","valueRequired":true,"valueName":"search_term_string"}}],"inLanguage":"en-GB"}]}},"_links":{"self":[{"href":"https:\/\/www.interpumpfluidsolutions.com\/ro\/wp-json\/wp\/v2\/pages\/224","targetHints":{"allow":["GET"]}}],"collection":[{"href":"https:\/\/www.interpumpfluidsolutions.com\/ro\/wp-json\/wp\/v2\/pages"}],"about":[{"href":"https:\/\/www.interpumpfluidsolutions.com\/ro\/wp-json\/wp\/v2\/types\/page"}],"author":[{"embeddable":true,"href":"https:\/\/www.interpumpfluidsolutions.com\/ro\/wp-json\/wp\/v2\/users\/3"}],"replies":[{"embeddable":true,"href":"https:\/\/www.interpumpfluidsolutions.com\/ro\/wp-json\/wp\/v2\/comments?post=224"}],"version-history":[{"count":25,"href":"https:\/\/www.interpumpfluidsolutions.com\/ro\/wp-json\/wp\/v2\/pages\/224\/revisions"}],"predecessor-version":[{"id":12430,"href":"https:\/\/www.interpumpfluidsolutions.com\/ro\/wp-json\/wp\/v2\/pages\/224\/revisions\/12430"}],"up":[{"embeddable":true,"href":"https:\/\/www.interpumpfluidsolutions.com\/ro\/wp-json\/wp\/v2\/pages\/56"}],"wp:attachment":[{"href":"https:\/\/www.interpumpfluidsolutions.com\/ro\/wp-json\/wp\/v2\/media?parent=224"}],"curies":[{"name":"wp","href":"https:\/\/api.w.org\/{rel}","templated":true}]}}