{"id":227,"date":"2017-11-20T13:32:04","date_gmt":"2017-11-20T13:32:04","guid":{"rendered":"https:\/\/www.interpumpfluidsolutions.com\/ro\/?page_id=227"},"modified":"2024-10-02T14:05:34","modified_gmt":"2024-10-02T13:05:34","slug":"furtunuri","status":"publish","type":"page","link":"https:\/\/www.interpumpfluidsolutions.com\/ro\/produse\/furtunuri\/","title":{"rendered":"Furtunuri"},"content":{"rendered":"\n<style type=\"text\/css\" data-created_by=\"avia_inline_auto\" id=\"style-css-av-1mkpr7-936ea827e50d166f9cf08c257fd9ace3\">\n#top .av-special-heading.av-1mkpr7-936ea827e50d166f9cf08c257fd9ace3{\npadding-bottom:20px;\n}\nbody .av-special-heading.av-1mkpr7-936ea827e50d166f9cf08c257fd9ace3 .av-special-heading-tag .heading-char{\nfont-size:25px;\n}\n.av-special-heading.av-1mkpr7-936ea827e50d166f9cf08c257fd9ace3 .av-subheading{\nfont-size:15px;\n}\n<\/style>\n<div  class='av-special-heading av-1mkpr7-936ea827e50d166f9cf08c257fd9ace3 av-special-heading-h1 meta-heading  avia-builder-el-0  el_before_av_one_half  avia-builder-el-first '><h1 class='av-special-heading-tag'  itemprop=\"headline\"  >Furtunuri<\/h1><div class=\"special-heading-border\"><div class=\"special-heading-inner-border\"><\/div><\/div><\/div>\n\n<style type=\"text\/css\" data-created_by=\"avia_inline_auto\" id=\"style-css-av-1cmwkz-e0ee333fc6a4767a24f331f5b593bf6d\">\n.flex_column.av-1cmwkz-e0ee333fc6a4767a24f331f5b593bf6d{\nborder-radius:0px 0px 0px 0px;\npadding:0px 0px 0px 0px;\n}\n<\/style>\n<div  class='flex_column av-1cmwkz-e0ee333fc6a4767a24f331f5b593bf6d av_one_half  avia-builder-el-1  el_after_av_heading  el_before_av_one_half  first flex_column_div av-zero-column-padding  '     ><section  class='av_textblock_section av-1a09y3-131a3c5d07c1bb4b205f5e5c685f3bae '   itemscope=\"itemscope\" itemtype=\"https:\/\/schema.org\/CreativeWork\" ><div class='avia_textblock'  itemprop=\"text\" ><p>V\u0103 rug\u0103m s\u0103 selecta\u021bi produsul dvs. mai jos<\/p>\n<\/div><\/section><\/div>\n\n<style type=\"text\/css\" data-created_by=\"avia_inline_auto\" id=\"style-css-av-13wthf-3a9a88d81e876cf3e0280afa1a687a70\">\n.flex_column.av-13wthf-3a9a88d81e876cf3e0280afa1a687a70{\nborder-radius:0px 0px 0px 0px;\npadding:0px 0px 0px 0px;\n}\n<\/style>\n<div  class='flex_column av-13wthf-3a9a88d81e876cf3e0280afa1a687a70 av_one_half  avia-builder-el-3  el_after_av_one_half  el_before_av_one_full  flex_column_div av-zero-column-padding  '     ><\/div>\n\n<style type=\"text\/css\" data-created_by=\"avia_inline_auto\" id=\"style-css-av-x25ur-a34707bc2368badaa3ddb16556a79251\">\n.flex_column.av-x25ur-a34707bc2368badaa3ddb16556a79251{\nborder-radius:0px 0px 0px 0px;\npadding:0px 0px 0px 0px;\n}\n<\/style>\n<div  class='flex_column av-x25ur-a34707bc2368badaa3ddb16556a79251 av_one_full  avia-builder-el-4  el_after_av_one_half  el_before_av_section  avia-builder-el-last  first flex_column_div av-zero-column-padding  column-top-margin'     ><div  id=\"av-sc-portfolio-1\"  class=\"av-portfolio-grid-sorting-container\"><div class='sort_width_container  av-sort-yes' data-portfolio-id='1' ><div id='js_sort_items' ><div class='sort_by_cat hidden'><a href=\"#\" data-filter=\"all_sort\" class=\"all_sort_button active_sort\"><span class=\"inner_sort_button\"><span>All<\/span><small class=\"av-cat-count\"> 6 <\/small><\/span><\/a><span class=\"text-sep hose_sort_sep\">\/<\/span><a href=\"#\" data-filter=\"hose_sort\" class=\"hose_sort_button\" ><span class=\"inner_sort_button\"><span>Hose<\/span><small class=\"av-cat-count\"> 6 <\/small><\/span><\/a><\/div><\/div><\/div><div  class=' grid-sort-container isotope   no_margin-container with-excerpt-container grid-total-even grid-col-5 grid-links-' data-portfolio-id='1'><div data-ajax-id='376' class=' grid-entry flex_column isotope-item all_sort no_margin post-entry post-entry-376 grid-entry-overview grid-loop-1 grid-parity-odd  hose_sort  av_one_fifth first default_av_fullwidth '><article class='main_color inner-entry'  itemscope=\"itemscope\" itemtype=\"https:\/\/schema.org\/CreativeWork\" ><a href=\"https:\/\/www.interpumpfluidsolutions.com\/ro\/portfolio-item\/furtunuri-de-inalta-performanta\/\" title='Furtunuri de \u00eenalt\u0103 performan\u021b\u0103'  data-rel='grid-1' class='grid-image avia-hover-fx'> <img decoding=\"async\" fetchpriority=\"high\" width=\"260\" height=\"185\" src=\"https:\/\/www.interpumpfluidsolutions.com\/ro\/wp-content\/uploads\/sites\/14\/2017\/11\/DSC1677MOD-260x185.jpg\" class=\"wp-image-1160 avia-img-lazy-loading-not-1160 attachment-portfolio_small size-portfolio_small wp-post-image\" alt=\"\" \/><\/a><div class='grid-content'><div class='avia-arrow'><\/div><header class=\"entry-content-header\"><h3 class='grid-entry-title entry-title '  itemprop=\"headline\" ><a href='https:\/\/www.interpumpfluidsolutions.com\/ro\/portfolio-item\/furtunuri-de-inalta-performanta\/' title='Furtunuri de \u00eenalt\u0103 performan\u021b\u0103'>Furtunuri de \u00eenalt\u0103 performan\u021b\u0103<\/a><\/h3><\/header><\/div><footer class=\"entry-footer\"><\/footer><\/article><\/div><div data-ajax-id='382' class=' grid-entry flex_column isotope-item all_sort no_margin post-entry post-entry-382 grid-entry-overview grid-loop-2 grid-parity-even  hose_sort  av_one_fifth  default_av_fullwidth '><article class='main_color inner-entry'  itemscope=\"itemscope\" itemtype=\"https:\/\/schema.org\/CreativeWork\" ><a href=\"https:\/\/www.interpumpfluidsolutions.com\/ro\/portfolio-item\/furtunuri-din-gama-standard-internationala\/\" title='Furtunuri din gama standard interna\u021bional\u0103'  data-rel='grid-1' class='grid-image avia-hover-fx'> <img decoding=\"async\" fetchpriority=\"high\" width=\"260\" height=\"185\" src=\"https:\/\/www.interpumpfluidsolutions.com\/ro\/wp-content\/uploads\/sites\/14\/2017\/11\/International-Standard-260x185.jpg\" class=\"wp-image-1239 avia-img-lazy-loading-not-1239 attachment-portfolio_small size-portfolio_small wp-post-image\" alt=\"\" \/><\/a><div class='grid-content'><div class='avia-arrow'><\/div><header class=\"entry-content-header\"><h3 class='grid-entry-title entry-title '  itemprop=\"headline\" ><a href='https:\/\/www.interpumpfluidsolutions.com\/ro\/portfolio-item\/furtunuri-din-gama-standard-internationala\/' title='Furtunuri din gama standard interna\u021bional\u0103'>Furtunuri din gama standard interna\u021bional\u0103<\/a><\/h3><\/header><\/div><footer class=\"entry-footer\"><\/footer><\/article><\/div><div data-ajax-id='384' class=' grid-entry flex_column isotope-item all_sort no_margin post-entry post-entry-384 grid-entry-overview grid-loop-3 grid-parity-odd  hose_sort  av_one_fifth  default_av_fullwidth '><article class='main_color inner-entry'  itemscope=\"itemscope\" itemtype=\"https:\/\/schema.org\/CreativeWork\" ><a href=\"https:\/\/www.interpumpfluidsolutions.com\/ro\/portfolio-item\/furtunuri-termoplastice\/\" title='Furtunuri termoplastice'  data-rel='grid-1' class='grid-image avia-hover-fx'> <img decoding=\"async\" fetchpriority=\"high\" width=\"260\" height=\"185\" src=\"https:\/\/www.interpumpfluidsolutions.com\/ro\/wp-content\/uploads\/sites\/14\/2017\/11\/Thermoplastic-hoses-260x185.jpg\" class=\"wp-image-1237 avia-img-lazy-loading-not-1237 attachment-portfolio_small size-portfolio_small wp-post-image\" alt=\"\" \/><\/a><div class='grid-content'><div class='avia-arrow'><\/div><header class=\"entry-content-header\"><h3 class='grid-entry-title entry-title '  itemprop=\"headline\" ><a href='https:\/\/www.interpumpfluidsolutions.com\/ro\/portfolio-item\/furtunuri-termoplastice\/' title='Furtunuri termoplastice'>Furtunuri termoplastice<\/a><\/h3><\/header><\/div><footer class=\"entry-footer\"><\/footer><\/article><\/div><div data-ajax-id='386' class=' grid-entry flex_column isotope-item all_sort no_margin post-entry post-entry-386 grid-entry-overview grid-loop-4 grid-parity-even  hose_sort  av_one_fifth  default_av_fullwidth '><article class='main_color inner-entry'  itemscope=\"itemscope\" itemtype=\"https:\/\/schema.org\/CreativeWork\" ><a href=\"https:\/\/www.interpumpfluidsolutions.com\/ro\/portfolio-item\/furtunuri-ptfe\/\" title='Furtunuri PTFE'  data-rel='grid-1' class='grid-image avia-hover-fx'> <img decoding=\"async\" fetchpriority=\"high\" width=\"260\" height=\"185\" src=\"https:\/\/www.interpumpfluidsolutions.com\/ro\/wp-content\/uploads\/sites\/14\/2017\/11\/PTFE-Hoses-260x185.jpg\" class=\"wp-image-1234 avia-img-lazy-loading-not-1234 attachment-portfolio_small size-portfolio_small wp-post-image\" alt=\"\" \/><\/a><div class='grid-content'><div class='avia-arrow'><\/div><header class=\"entry-content-header\"><h3 class='grid-entry-title entry-title '  itemprop=\"headline\" ><a href='https:\/\/www.interpumpfluidsolutions.com\/ro\/portfolio-item\/furtunuri-ptfe\/' title='Furtunuri PTFE'>Furtunuri PTFE<\/a><\/h3><\/header><\/div><footer class=\"entry-footer\"><\/footer><\/article><\/div><div data-ajax-id='1950' class=' grid-entry flex_column isotope-item all_sort no_margin post-entry post-entry-1950 grid-entry-overview grid-loop-5 grid-parity-odd  hose_sort  av_one_fifth  default_av_fullwidth '><article class='main_color inner-entry'  itemscope=\"itemscope\" itemtype=\"https:\/\/schema.org\/CreativeWork\" ><a href=\"https:\/\/www.interpumpfluidsolutions.com\/ro\/portfolio-item\/furtunuri-pentru-aplicatii\/\" title='Furtunuri pentru aplica\u021bii'  data-rel='grid-1' class='grid-image avia-hover-fx'> <img decoding=\"async\" fetchpriority=\"high\" width=\"260\" height=\"185\" src=\"https:\/\/www.interpumpfluidsolutions.com\/ro\/wp-content\/uploads\/sites\/14\/2019\/02\/Solution-for-application-260x185.jpg\" class=\"wp-image-2316 avia-img-lazy-loading-not-2316 attachment-portfolio_small size-portfolio_small wp-post-image\" alt=\"\" \/><\/a><div class='grid-content'><div class='avia-arrow'><\/div><header class=\"entry-content-header\"><h3 class='grid-entry-title entry-title '  itemprop=\"headline\" ><a href='https:\/\/www.interpumpfluidsolutions.com\/ro\/portfolio-item\/furtunuri-pentru-aplicatii\/' title='Furtunuri pentru aplica\u021bii'>Furtunuri pentru aplica\u021bii<\/a><\/h3><\/header><\/div><footer class=\"entry-footer\"><\/footer><\/article><\/div><div data-ajax-id='12511' class=' grid-entry flex_column isotope-item all_sort no_margin post-entry post-entry-12511 grid-entry-overview grid-loop-6 grid-parity-even  post-entry-last  hose_sort  av_one_fifth first default_av_fullwidth '><article class='main_color inner-entry'  itemscope=\"itemscope\" itemtype=\"https:\/\/schema.org\/CreativeWork\" ><a href=\"https:\/\/www.interpumpfluidsolutions.com\/ro\/portfolio-item\/furtunuri-izobarice\/\" title='Furtunuri izobarice'  data-rel='grid-1' class='grid-image avia-hover-fx'> <img decoding=\"async\" fetchpriority=\"high\" width=\"260\" height=\"185\" src=\"https:\/\/www.interpumpfluidsolutions.com\/ro\/wp-content\/uploads\/sites\/14\/2025\/03\/hysopress-scaled-260x185.jpg\" class=\"wp-image-12512 avia-img-lazy-loading-not-12512 attachment-portfolio_small size-portfolio_small wp-post-image\" alt=\"\" \/><\/a><div class='grid-content'><div class='avia-arrow'><\/div><header class=\"entry-content-header\"><h3 class='grid-entry-title entry-title '  itemprop=\"headline\" ><a href='https:\/\/www.interpumpfluidsolutions.com\/ro\/portfolio-item\/furtunuri-izobarice\/' title='Furtunuri izobarice'>Furtunuri izobarice<\/a><\/h3><\/header><\/div><footer class=\"entry-footer\"><\/footer><\/article><\/div><\/div><\/div>   <!--   class=\"av-portfolio-grid-sorting-container\"  --><\/div>\n<\/div><\/div><\/div><!-- close content main div --><\/div><\/div><div id='home-blog'  class='avia-section av-iw7tv-54ca8d8cce2f3c0f275ea19e324ce78e main_color avia-section-default avia-no-shadow  avia-builder-el-6  el_after_av_one_full  avia-builder-el-last  avia-bg-style-scroll container_wrap fullsize'  ><div class='container av-section-cont-open' ><div class='template-page content  av-content-full alpha units'><div class='post-entry post-entry-type-page post-entry-227'><div class='entry-content-wrapper clearfix'>\n<section  class='av_textblock_section av-dqgbv-40b65d369222881c4c505ff5f759ccac '   itemscope=\"itemscope\" itemtype=\"https:\/\/schema.org\/CreativeWork\" ><div class='avia_textblock'  itemprop=\"text\" ><h3 style=\"text-align: center;\">Descoperi\u021bi alte produse<\/h3>\n<\/div><\/section>\n<div id='av-masonry-1' class='av-masonry av-7l36z-afb03003559fef6411b750483079fc28 noHover av-fixed-size av-large-gap av-hover-overlay-active av-masonry-animation-active av-masonry-col-3 av-caption-always av-caption-style-overlay av-masonry-gallery ' data-post_id=\"227\"><div class=\"av-masonry-container isotope av-js-disabled\"><div class='av-masonry-entry isotope-item av-masonry-item-no-image '><\/div><a href=\"https:\/\/www.interpumpfluidsolutions.com\/ro\/products\/machines\/\"  aria-label=\"image Ma\u0219ini\"  id='av-masonry-1-item-2275' data-av-masonry-item='2275' class='av-masonry-entry isotope-item post-2275 attachment type-attachment status-inherit hentry  av-masonry-item-with-image' title=\"Ma\u0219ini\" alt=\"\"  data-av-masonry-custom-link=\"https:\/\/www.interpumpfluidsolutions.com\/ro\/products\/machines\/\"  itemprop=\"thumbnailUrl\" ><div class='av-inner-masonry-sizer'><\/div><figure class='av-inner-masonry main_color'><div class=\"av-masonry-outerimage-container\"><div class='av-masonry-image-container' style=\"background-image: url(https:\/\/www.interpumpfluidsolutions.com\/ro\/wp-content\/uploads\/sites\/14\/2019\/02\/H25MINI-705x518.jpg);\"  title=\"Ma\u0219ini\"  ><\/div><\/div><figcaption class='av-inner-masonry-content site-background'><div class='av-inner-masonry-content-pos'><div class='av-inner-masonry-content-pos-content'><div class='avia-arrow'><\/div><h3 class='av-masonry-entry-title entry-title '  itemprop=\"headline\" >Ma\u0219ini<\/h3><\/div><\/div><\/figcaption><\/figure><\/a><!--end av-masonry entry--><a href=\"\/products\/fittings\"  aria-label=\"image Racorduri\"  id='av-masonry-1-item-2101' data-av-masonry-item='2101' class='av-masonry-entry isotope-item post-2101 attachment type-attachment status-inherit hentry  av-masonry-item-with-image' title=\"Racorduri\" alt=\"\"  data-av-masonry-custom-link=\"\/products\/fittings\"  itemprop=\"thumbnailUrl\" ><div class='av-inner-masonry-sizer'><\/div><figure class='av-inner-masonry main_color'><div class=\"av-masonry-outerimage-container\"><div class='av-masonry-image-container' style=\"background-image: url(https:\/\/www.interpumpfluidsolutions.com\/ro\/wp-content\/uploads\/sites\/14\/2018\/12\/Fittings-and-Adaptors-705x470.jpg);\"  title=\"Racorduri\"  ><\/div><\/div><figcaption class='av-inner-masonry-content site-background'><div class='av-inner-masonry-content-pos'><div class='av-inner-masonry-content-pos-content'><div class='avia-arrow'><\/div><h3 class='av-masonry-entry-title entry-title '  itemprop=\"headline\" >Racorduri<\/h3><\/div><\/div><\/figcaption><\/figure><\/a><!--end av-masonry entry--><a href=\"\/products\/accessories\"  aria-label=\"image Accesorii\"  id='av-masonry-1-item-2103' data-av-masonry-item='2103' class='av-masonry-entry isotope-item post-2103 attachment type-attachment status-inherit hentry  av-masonry-item-with-image' title=\"Accesorii\" alt=\"\"  data-av-masonry-custom-link=\"\/products\/accessories\"  itemprop=\"thumbnailUrl\" ><div class='av-inner-masonry-sizer'><\/div><figure class='av-inner-masonry main_color'><div class=\"av-masonry-outerimage-container\"><div class='av-masonry-image-container' style=\"background-image: url(https:\/\/www.interpumpfluidsolutions.com\/ro\/wp-content\/uploads\/sites\/14\/2018\/12\/Accessories-705x470.jpg);\"  title=\"Accesorii\"  ><\/div><\/div><figcaption class='av-inner-masonry-content site-background'><div class='av-inner-masonry-content-pos'><div class='av-inner-masonry-content-pos-content'><div class='avia-arrow'><\/div><h3 class='av-masonry-entry-title entry-title '  itemprop=\"headline\" >Accesorii<\/h3><\/div><\/div><\/figcaption><\/figure><\/a><!--end av-masonry entry--><\/div><\/div>\n\n","protected":false},"excerpt":{"rendered":"","protected":false},"author":3,"featured_media":2316,"parent":50,"menu_order":1,"comment_status":"closed","ping_status":"closed","template":"","meta":{"footnotes":""},"class_list":["post-227","page","type-page","status-publish","has-post-thumbnail","hentry"],"yoast_head":"<!-- This site is optimized with the Yoast SEO plugin v26.2 - https:\/\/yoast.com\/wordpress\/plugins\/seo\/ -->\n<title>Furtunuri - Interpump Romania<\/title>\n<meta name=\"robots\" content=\"index, follow, max-snippet:-1, max-image-preview:large, max-video-preview:-1\" \/>\n<link rel=\"canonical\" href=\"https:\/\/www.interpumpfluidsolutions.com\/ro\/produse\/furtunuri\/\" \/>\n<meta property=\"og:locale\" content=\"en_GB\" \/>\n<meta property=\"og:type\" content=\"article\" \/>\n<meta property=\"og:title\" content=\"Furtunuri - Interpump Romania\" \/>\n<meta property=\"og:url\" content=\"https:\/\/www.interpumpfluidsolutions.com\/ro\/produse\/furtunuri\/\" \/>\n<meta property=\"og:site_name\" content=\"Interpump Romania\" \/>\n<meta property=\"article:modified_time\" content=\"2024-10-02T13:05:34+00:00\" \/>\n<meta property=\"og:image\" content=\"https:\/\/www.interpumpfluidsolutions.com\/ro\/wp-content\/uploads\/sites\/14\/2019\/02\/Solution-for-application-1030x654.jpg\" \/>\n\t<meta property=\"og:image:width\" content=\"1030\" \/>\n\t<meta property=\"og:image:height\" content=\"654\" \/>\n\t<meta property=\"og:image:type\" content=\"image\/jpeg\" \/>\n<meta name=\"twitter:card\" content=\"summary_large_image\" \/>\n<meta name=\"twitter:label1\" content=\"Estimated reading time\" \/>\n\t<meta name=\"twitter:data1\" content=\"2 minutes\" \/>\n<script type=\"application\/ld+json\" class=\"yoast-schema-graph\">{\"@context\":\"https:\/\/schema.org\",\"@graph\":[{\"@type\":\"WebPage\",\"@id\":\"https:\/\/www.interpumpfluidsolutions.com\/ro\/produse\/furtunuri\/\",\"url\":\"https:\/\/www.interpumpfluidsolutions.com\/ro\/produse\/furtunuri\/\",\"name\":\"Furtunuri - Interpump Romania\",\"isPartOf\":{\"@id\":\"https:\/\/www.interpumpfluidsolutions.com\/ro\/#website\"},\"primaryImageOfPage\":{\"@id\":\"https:\/\/www.interpumpfluidsolutions.com\/ro\/produse\/furtunuri\/#primaryimage\"},\"image\":{\"@id\":\"https:\/\/www.interpumpfluidsolutions.com\/ro\/produse\/furtunuri\/#primaryimage\"},\"thumbnailUrl\":\"https:\/\/www.interpumpfluidsolutions.com\/ro\/wp-content\/uploads\/sites\/14\/2019\/02\/Solution-for-application.jpg\",\"datePublished\":\"2017-11-20T13:32:04+00:00\",\"dateModified\":\"2024-10-02T13:05:34+00:00\",\"breadcrumb\":{\"@id\":\"https:\/\/www.interpumpfluidsolutions.com\/ro\/produse\/furtunuri\/#breadcrumb\"},\"inLanguage\":\"en-GB\",\"potentialAction\":[{\"@type\":\"ReadAction\",\"target\":[\"https:\/\/www.interpumpfluidsolutions.com\/ro\/produse\/furtunuri\/\"]}]},{\"@type\":\"ImageObject\",\"inLanguage\":\"en-GB\",\"@id\":\"https:\/\/www.interpumpfluidsolutions.com\/ro\/produse\/furtunuri\/#primaryimage\",\"url\":\"https:\/\/www.interpumpfluidsolutions.com\/ro\/wp-content\/uploads\/sites\/14\/2019\/02\/Solution-for-application.jpg\",\"contentUrl\":\"https:\/\/www.interpumpfluidsolutions.com\/ro\/wp-content\/uploads\/sites\/14\/2019\/02\/Solution-for-application.jpg\",\"width\":5987,\"height\":3803},{\"@type\":\"BreadcrumbList\",\"@id\":\"https:\/\/www.interpumpfluidsolutions.com\/ro\/produse\/furtunuri\/#breadcrumb\",\"itemListElement\":[{\"@type\":\"ListItem\",\"position\":1,\"name\":\"Home\",\"item\":\"https:\/\/www.interpumpfluidsolutions.com\/ro\/home\/\"},{\"@type\":\"ListItem\",\"position\":2,\"name\":\"Produse\",\"item\":\"https:\/\/www.interpumpfluidsolutions.com\/ro\/produse\/\"},{\"@type\":\"ListItem\",\"position\":3,\"name\":\"Furtunuri\"}]},{\"@type\":\"WebSite\",\"@id\":\"https:\/\/www.interpumpfluidsolutions.com\/ro\/#website\",\"url\":\"https:\/\/www.interpumpfluidsolutions.com\/ro\/\",\"name\":\"Interpump Romania\",\"description\":\"Fluid Solutions - Hydro Est\",\"potentialAction\":[{\"@type\":\"SearchAction\",\"target\":{\"@type\":\"EntryPoint\",\"urlTemplate\":\"https:\/\/www.interpumpfluidsolutions.com\/ro\/?s={search_term_string}\"},\"query-input\":{\"@type\":\"PropertyValueSpecification\",\"valueRequired\":true,\"valueName\":\"search_term_string\"}}],\"inLanguage\":\"en-GB\"}]}<\/script>\n<!-- \/ Yoast SEO plugin. -->","yoast_head_json":{"title":"Furtunuri - Interpump Romania","robots":{"index":"index","follow":"follow","max-snippet":"max-snippet:-1","max-image-preview":"max-image-preview:large","max-video-preview":"max-video-preview:-1"},"canonical":"https:\/\/www.interpumpfluidsolutions.com\/ro\/produse\/furtunuri\/","og_locale":"en_GB","og_type":"article","og_title":"Furtunuri - Interpump Romania","og_url":"https:\/\/www.interpumpfluidsolutions.com\/ro\/produse\/furtunuri\/","og_site_name":"Interpump Romania","article_modified_time":"2024-10-02T13:05:34+00:00","og_image":[{"width":1030,"height":654,"url":"https:\/\/www.interpumpfluidsolutions.com\/ro\/wp-content\/uploads\/sites\/14\/2019\/02\/Solution-for-application-1030x654.jpg","type":"image\/jpeg"}],"twitter_card":"summary_large_image","twitter_misc":{"Estimated reading time":"2 minutes"},"schema":{"@context":"https:\/\/schema.org","@graph":[{"@type":"WebPage","@id":"https:\/\/www.interpumpfluidsolutions.com\/ro\/produse\/furtunuri\/","url":"https:\/\/www.interpumpfluidsolutions.com\/ro\/produse\/furtunuri\/","name":"Furtunuri - Interpump Romania","isPartOf":{"@id":"https:\/\/www.interpumpfluidsolutions.com\/ro\/#website"},"primaryImageOfPage":{"@id":"https:\/\/www.interpumpfluidsolutions.com\/ro\/produse\/furtunuri\/#primaryimage"},"image":{"@id":"https:\/\/www.interpumpfluidsolutions.com\/ro\/produse\/furtunuri\/#primaryimage"},"thumbnailUrl":"https:\/\/www.interpumpfluidsolutions.com\/ro\/wp-content\/uploads\/sites\/14\/2019\/02\/Solution-for-application.jpg","datePublished":"2017-11-20T13:32:04+00:00","dateModified":"2024-10-02T13:05:34+00:00","breadcrumb":{"@id":"https:\/\/www.interpumpfluidsolutions.com\/ro\/produse\/furtunuri\/#breadcrumb"},"inLanguage":"en-GB","potentialAction":[{"@type":"ReadAction","target":["https:\/\/www.interpumpfluidsolutions.com\/ro\/produse\/furtunuri\/"]}]},{"@type":"ImageObject","inLanguage":"en-GB","@id":"https:\/\/www.interpumpfluidsolutions.com\/ro\/produse\/furtunuri\/#primaryimage","url":"https:\/\/www.interpumpfluidsolutions.com\/ro\/wp-content\/uploads\/sites\/14\/2019\/02\/Solution-for-application.jpg","contentUrl":"https:\/\/www.interpumpfluidsolutions.com\/ro\/wp-content\/uploads\/sites\/14\/2019\/02\/Solution-for-application.jpg","width":5987,"height":3803},{"@type":"BreadcrumbList","@id":"https:\/\/www.interpumpfluidsolutions.com\/ro\/produse\/furtunuri\/#breadcrumb","itemListElement":[{"@type":"ListItem","position":1,"name":"Home","item":"https:\/\/www.interpumpfluidsolutions.com\/ro\/home\/"},{"@type":"ListItem","position":2,"name":"Produse","item":"https:\/\/www.interpumpfluidsolutions.com\/ro\/produse\/"},{"@type":"ListItem","position":3,"name":"Furtunuri"}]},{"@type":"WebSite","@id":"https:\/\/www.interpumpfluidsolutions.com\/ro\/#website","url":"https:\/\/www.interpumpfluidsolutions.com\/ro\/","name":"Interpump Romania","description":"Fluid Solutions - Hydro Est","potentialAction":[{"@type":"SearchAction","target":{"@type":"EntryPoint","urlTemplate":"https:\/\/www.interpumpfluidsolutions.com\/ro\/?s={search_term_string}"},"query-input":{"@type":"PropertyValueSpecification","valueRequired":true,"valueName":"search_term_string"}}],"inLanguage":"en-GB"}]}},"_links":{"self":[{"href":"https:\/\/www.interpumpfluidsolutions.com\/ro\/wp-json\/wp\/v2\/pages\/227","targetHints":{"allow":["GET"]}}],"collection":[{"href":"https:\/\/www.interpumpfluidsolutions.com\/ro\/wp-json\/wp\/v2\/pages"}],"about":[{"href":"https:\/\/www.interpumpfluidsolutions.com\/ro\/wp-json\/wp\/v2\/types\/page"}],"author":[{"embeddable":true,"href":"https:\/\/www.interpumpfluidsolutions.com\/ro\/wp-json\/wp\/v2\/users\/3"}],"replies":[{"embeddable":true,"href":"https:\/\/www.interpumpfluidsolutions.com\/ro\/wp-json\/wp\/v2\/comments?post=227"}],"version-history":[{"count":18,"href":"https:\/\/www.interpumpfluidsolutions.com\/ro\/wp-json\/wp\/v2\/pages\/227\/revisions"}],"predecessor-version":[{"id":12191,"href":"https:\/\/www.interpumpfluidsolutions.com\/ro\/wp-json\/wp\/v2\/pages\/227\/revisions\/12191"}],"up":[{"embeddable":true,"href":"https:\/\/www.interpumpfluidsolutions.com\/ro\/wp-json\/wp\/v2\/pages\/50"}],"wp:featuredmedia":[{"embeddable":true,"href":"https:\/\/www.interpumpfluidsolutions.com\/ro\/wp-json\/wp\/v2\/media\/2316"}],"wp:attachment":[{"href":"https:\/\/www.interpumpfluidsolutions.com\/ro\/wp-json\/wp\/v2\/media?parent=227"}],"curies":[{"name":"wp","href":"https:\/\/api.w.org\/{rel}","templated":true}]}}