{"id":360,"date":"2017-11-22T07:14:33","date_gmt":"2017-11-22T07:14:33","guid":{"rendered":"https:\/\/www.interpumpfluidsolutions.com\/ro\/?page_id=360"},"modified":"2024-10-03T07:10:14","modified_gmt":"2024-10-03T06:10:14","slug":"racorduri","status":"publish","type":"page","link":"https:\/\/www.interpumpfluidsolutions.com\/ro\/produse\/racorduri\/","title":{"rendered":"Racorduri"},"content":{"rendered":"\n<style type=\"text\/css\" data-created_by=\"avia_inline_auto\" id=\"style-css-av-1jsr3c-5a8c52ab4d1fb1aa99ede7a6943f0b93\">\n#top .av-special-heading.av-1jsr3c-5a8c52ab4d1fb1aa99ede7a6943f0b93{\npadding-bottom:20px;\n}\nbody .av-special-heading.av-1jsr3c-5a8c52ab4d1fb1aa99ede7a6943f0b93 .av-special-heading-tag .heading-char{\nfont-size:25px;\n}\n.av-special-heading.av-1jsr3c-5a8c52ab4d1fb1aa99ede7a6943f0b93 .av-subheading{\nfont-size:15px;\n}\n<\/style>\n<div  class='av-special-heading av-1jsr3c-5a8c52ab4d1fb1aa99ede7a6943f0b93 av-special-heading-h1 meta-heading  avia-builder-el-0  el_before_av_one_half  avia-builder-el-first '><h1 class='av-special-heading-tag'  itemprop=\"headline\"  >Racorduri<\/h1><div class=\"special-heading-border\"><div class=\"special-heading-inner-border\"><\/div><\/div><\/div>\n\n<style type=\"text\/css\" data-created_by=\"avia_inline_auto\" id=\"style-css-av-1ccrps-16c92b76f99ef04d1c868e39ca223963\">\n.flex_column.av-1ccrps-16c92b76f99ef04d1c868e39ca223963{\nborder-radius:0px 0px 0px 0px;\npadding:0px 0px 0px 0px;\n}\n<\/style>\n<div  class='flex_column av-1ccrps-16c92b76f99ef04d1c868e39ca223963 av_one_half  avia-builder-el-1  el_after_av_heading  el_before_av_one_half  first flex_column_div av-zero-column-padding  '     ><section  class='av_textblock_section av-187220-7d51f6a823035caafae5838c64e838e5 '   itemscope=\"itemscope\" itemtype=\"https:\/\/schema.org\/CreativeWork\" ><div class='avia_textblock'  itemprop=\"text\" ><p>V\u0103 rug\u0103m s\u0103 selecta\u021bi produsul dvs. mai jos<\/p>\n<\/div><\/section><\/div>\n\n<style type=\"text\/css\" data-created_by=\"avia_inline_auto\" id=\"style-css-av-131tug-9f434bef1ceec586749fbd21740dce9c\">\n.flex_column.av-131tug-9f434bef1ceec586749fbd21740dce9c{\nborder-radius:0px 0px 0px 0px;\npadding:0px 0px 0px 0px;\n}\n<\/style>\n<div  class='flex_column av-131tug-9f434bef1ceec586749fbd21740dce9c av_one_half  avia-builder-el-3  el_after_av_one_half  el_before_av_one_full  flex_column_div av-zero-column-padding  '     ><\/div>\n\n<style type=\"text\/css\" data-created_by=\"avia_inline_auto\" id=\"style-css-av-vntgg-ac654af6fb30c9564158c116ecea98c4\">\n.flex_column.av-vntgg-ac654af6fb30c9564158c116ecea98c4{\nborder-radius:0px 0px 0px 0px;\npadding:0px 0px 0px 0px;\n}\n<\/style>\n<div  class='flex_column av-vntgg-ac654af6fb30c9564158c116ecea98c4 av_one_full  avia-builder-el-4  el_after_av_one_half  el_before_av_section  avia-builder-el-last  first flex_column_div av-zero-column-padding  column-top-margin'     ><div  id=\"av-sc-portfolio-1\"  class=\"av-portfolio-grid-sorting-container\"><div class='sort_width_container  av-sort-yes' data-portfolio-id='1' ><div id='js_sort_items' ><div class='sort_by_cat hidden'><a href=\"#\" data-filter=\"all_sort\" class=\"all_sort_button active_sort\"><span class=\"inner_sort_button\"><span>All<\/span><small class=\"av-cat-count\"> 9 <\/small><\/span><\/a><span class=\"text-sep fittings_sort_sep\">\/<\/span><a href=\"#\" data-filter=\"fittings_sort\" class=\"fittings_sort_button\" ><span class=\"inner_sort_button\"><span>Fittings &amp; Adaptors<\/span><small class=\"av-cat-count\"> 9 <\/small><\/span><\/a><\/div><\/div><\/div><div  class=' grid-sort-container isotope   no_margin-container with-excerpt-container grid-total-odd grid-col-5 grid-links-' data-portfolio-id='1'><div data-ajax-id='9217' class=' grid-entry flex_column isotope-item all_sort no_margin post-entry post-entry-9217 grid-entry-overview grid-loop-1 grid-parity-odd  fittings_sort  av_one_fifth first default_av_fullwidth '><article class='main_color inner-entry'  itemscope=\"itemscope\" itemtype=\"https:\/\/schema.org\/CreativeWork\" ><a href=\"https:\/\/www.interpumpfluidsolutions.com\/ro\/portfolio-item\/n-series-fittings\/\" title='N Series Tail Fittings'  data-rel='grid-1' class='grid-image avia-hover-fx'> <img decoding=\"async\" fetchpriority=\"high\" width=\"260\" height=\"185\" src=\"https:\/\/www.interpumpfluidsolutions.com\/ro\/wp-content\/uploads\/sites\/14\/2023\/02\/n-series-1-260x185.png\" class=\"wp-image-9226 avia-img-lazy-loading-not-9226 attachment-portfolio_small size-portfolio_small wp-post-image\" alt=\"\" \/><\/a><div class='grid-content'><div class='avia-arrow'><\/div><header class=\"entry-content-header\"><h3 class='grid-entry-title entry-title '  itemprop=\"headline\" ><a href='https:\/\/www.interpumpfluidsolutions.com\/ro\/portfolio-item\/n-series-fittings\/' title='N Series Tail Fittings'>N Series Tail Fittings<\/a><\/h3><\/header><\/div><footer class=\"entry-footer\"><\/footer><\/article><\/div><div data-ajax-id='372' class=' grid-entry flex_column isotope-item all_sort no_margin post-entry post-entry-372 grid-entry-overview grid-loop-2 grid-parity-even  fittings_sort  av_one_fifth  default_av_fullwidth '><article class='main_color inner-entry'  itemscope=\"itemscope\" itemtype=\"https:\/\/schema.org\/CreativeWork\" ><a href=\"https:\/\/www.interpumpfluidsolutions.com\/ro\/portfolio-item\/fitinguri-de-joasa-presiune\/\" title='Fitinguri de joas\u0103 presiune'  data-rel='grid-1' class='grid-image avia-hover-fx'> <img decoding=\"async\" fetchpriority=\"high\" width=\"260\" height=\"185\" src=\"https:\/\/www.interpumpfluidsolutions.com\/ro\/wp-content\/uploads\/sites\/14\/2018\/07\/1656_Low-pressure-260x185.jpg\" class=\"wp-image-1883 avia-img-lazy-loading-not-1883 attachment-portfolio_small size-portfolio_small wp-post-image\" alt=\"\" \/><\/a><div class='grid-content'><div class='avia-arrow'><\/div><header class=\"entry-content-header\"><h3 class='grid-entry-title entry-title '  itemprop=\"headline\" ><a href='https:\/\/www.interpumpfluidsolutions.com\/ro\/portfolio-item\/fitinguri-de-joasa-presiune\/' title='Fitinguri de joas\u0103 presiune'>Fitinguri de joas\u0103 presiune<\/a><\/h3><\/header><\/div><footer class=\"entry-footer\"><\/footer><\/article><\/div><div data-ajax-id='370' class=' grid-entry flex_column isotope-item all_sort no_margin post-entry post-entry-370 grid-entry-overview grid-loop-3 grid-parity-odd  fittings_sort  av_one_fifth  default_av_fullwidth '><article class='main_color inner-entry'  itemscope=\"itemscope\" itemtype=\"https:\/\/schema.org\/CreativeWork\" ><a href=\"https:\/\/www.interpumpfluidsolutions.com\/ro\/portfolio-item\/insertie-multispirala\/\" title='Inser\u021bie multispiral\u0103'  data-rel='grid-1' class='grid-image avia-hover-fx'> <img decoding=\"async\" fetchpriority=\"high\" width=\"260\" height=\"185\" src=\"https:\/\/www.interpumpfluidsolutions.com\/ro\/wp-content\/uploads\/sites\/14\/2018\/07\/1664_Multispiral-Couplings-260x185.jpg\" class=\"wp-image-1885 avia-img-lazy-loading-not-1885 attachment-portfolio_small size-portfolio_small wp-post-image\" alt=\"\" \/><\/a><div class='grid-content'><div class='avia-arrow'><\/div><header class=\"entry-content-header\"><h3 class='grid-entry-title entry-title '  itemprop=\"headline\" ><a href='https:\/\/www.interpumpfluidsolutions.com\/ro\/portfolio-item\/insertie-multispirala\/' title='Inser\u021bie multispiral\u0103'>Inser\u021bie multispiral\u0103<\/a><\/h3><\/header><\/div><footer class=\"entry-footer\"><\/footer><\/article><\/div><div data-ajax-id='368' class=' grid-entry flex_column isotope-item all_sort no_margin post-entry post-entry-368 grid-entry-overview grid-loop-4 grid-parity-even  fittings_sort  av_one_fifth  default_av_fullwidth '><article class='main_color inner-entry'  itemscope=\"itemscope\" itemtype=\"https:\/\/schema.org\/CreativeWork\" ><a href=\"https:\/\/www.interpumpfluidsolutions.com\/ro\/portfolio-item\/insertie-hybvlast\/\" title='Inser\u021bie hybvlast'  data-rel='grid-1' class='grid-image avia-hover-fx'> <img decoding=\"async\" fetchpriority=\"high\" width=\"260\" height=\"185\" src=\"https:\/\/www.interpumpfluidsolutions.com\/ro\/wp-content\/uploads\/sites\/14\/2018\/07\/1661_Hyblast-Couplings-260x185.jpg\" class=\"wp-image-1884 avia-img-lazy-loading-not-1884 attachment-portfolio_small size-portfolio_small wp-post-image\" alt=\"\" \/><\/a><div class='grid-content'><div class='avia-arrow'><\/div><header class=\"entry-content-header\"><h3 class='grid-entry-title entry-title '  itemprop=\"headline\" ><a href='https:\/\/www.interpumpfluidsolutions.com\/ro\/portfolio-item\/insertie-hybvlast\/' title='Inser\u021bie hybvlast'>Inser\u021bie hybvlast<\/a><\/h3><\/header><\/div><footer class=\"entry-footer\"><\/footer><\/article><\/div><div data-ajax-id='367' class=' grid-entry flex_column isotope-item all_sort no_margin post-entry post-entry-367 grid-entry-overview grid-loop-5 grid-parity-odd  fittings_sort  av_one_fifth  default_av_fullwidth '><article class='main_color inner-entry'  itemscope=\"itemscope\" itemtype=\"https:\/\/schema.org\/CreativeWork\" ><a href=\"https:\/\/www.interpumpfluidsolutions.com\/ro\/portfolio-item\/insertie-interblocare\/\" title='Inser\u021bie interblocare'  data-rel='grid-1' class='grid-image avia-hover-fx'> <img decoding=\"async\" fetchpriority=\"high\" width=\"260\" height=\"185\" src=\"https:\/\/www.interpumpfluidsolutions.com\/ro\/wp-content\/uploads\/sites\/14\/2018\/07\/1671_Interlock-Couplings-260x185.jpg\" class=\"wp-image-1886 avia-img-lazy-loading-not-1886 attachment-portfolio_small size-portfolio_small wp-post-image\" alt=\"\" \/><\/a><div class='grid-content'><div class='avia-arrow'><\/div><header class=\"entry-content-header\"><h3 class='grid-entry-title entry-title '  itemprop=\"headline\" ><a href='https:\/\/www.interpumpfluidsolutions.com\/ro\/portfolio-item\/insertie-interblocare\/' title='Inser\u021bie interblocare'>Inser\u021bie interblocare<\/a><\/h3><\/header><\/div><footer class=\"entry-footer\"><\/footer><\/article><\/div><div data-ajax-id='365' class=' grid-entry flex_column isotope-item all_sort no_margin post-entry post-entry-365 grid-entry-overview grid-loop-6 grid-parity-even  fittings_sort  av_one_fifth first default_av_fullwidth '><article class='main_color inner-entry'  itemscope=\"itemscope\" itemtype=\"https:\/\/schema.org\/CreativeWork\" ><a href=\"https:\/\/www.interpumpfluidsolutions.com\/ro\/portfolio-item\/insertie-standard\/\" title='Inser\u021bie standard'  data-rel='grid-1' class='grid-image avia-hover-fx'> <img decoding=\"async\" fetchpriority=\"high\" width=\"260\" height=\"185\" src=\"https:\/\/www.interpumpfluidsolutions.com\/ro\/wp-content\/uploads\/sites\/14\/2018\/07\/1681_Standard-Tail-Couplings-260x185.jpg\" class=\"wp-image-1888 avia-img-lazy-loading-not-1888 attachment-portfolio_small size-portfolio_small wp-post-image\" alt=\"\" \/><\/a><div class='grid-content'><div class='avia-arrow'><\/div><header class=\"entry-content-header\"><h3 class='grid-entry-title entry-title '  itemprop=\"headline\" ><a href='https:\/\/www.interpumpfluidsolutions.com\/ro\/portfolio-item\/insertie-standard\/' title='Inser\u021bie standard'>Inser\u021bie standard<\/a><\/h3><\/header><\/div><footer class=\"entry-footer\"><\/footer><\/article><\/div><div data-ajax-id='1867' class=' grid-entry flex_column isotope-item all_sort no_margin post-entry post-entry-1867 grid-entry-overview grid-loop-7 grid-parity-odd  fittings_sort  av_one_fifth  default_av_fullwidth '><article class='main_color inner-entry'  itemscope=\"itemscope\" itemtype=\"https:\/\/schema.org\/CreativeWork\" ><a href=\"https:\/\/www.interpumpfluidsolutions.com\/ro\/portfolio-item\/insertie-pret-unic\/\" title='Inser\u021bie pre\u021b unic'  data-rel='grid-1' class='grid-image avia-hover-fx'> <img decoding=\"async\" fetchpriority=\"high\" width=\"260\" height=\"185\" src=\"https:\/\/www.interpumpfluidsolutions.com\/ro\/wp-content\/uploads\/sites\/14\/2018\/07\/1639_One_piece-Couplings-260x185.jpg\" class=\"wp-image-1880 avia-img-lazy-loading-not-1880 attachment-portfolio_small size-portfolio_small wp-post-image\" alt=\"\" \/><\/a><div class='grid-content'><div class='avia-arrow'><\/div><header class=\"entry-content-header\"><h3 class='grid-entry-title entry-title '  itemprop=\"headline\" ><a href='https:\/\/www.interpumpfluidsolutions.com\/ro\/portfolio-item\/insertie-pret-unic\/' title='Inser\u021bie pre\u021b unic'>Inser\u021bie pre\u021b unic<\/a><\/h3><\/header><\/div><footer class=\"entry-footer\"><\/footer><\/article><\/div><div data-ajax-id='1860' class=' grid-entry flex_column isotope-item all_sort no_margin post-entry post-entry-1860 grid-entry-overview grid-loop-8 grid-parity-even  fittings_sort  av_one_fifth  default_av_fullwidth '><article class='main_color inner-entry'  itemscope=\"itemscope\" itemtype=\"https:\/\/schema.org\/CreativeWork\" ><a href=\"https:\/\/www.interpumpfluidsolutions.com\/ro\/portfolio-item\/insertie-din-otel-inoxidabil\/\" title='Inser\u021bie din o\u021bel inoxidabil'  data-rel='grid-1' class='grid-image avia-hover-fx'> <img decoding=\"async\" fetchpriority=\"high\" width=\"260\" height=\"185\" src=\"https:\/\/www.interpumpfluidsolutions.com\/ro\/wp-content\/uploads\/sites\/14\/2018\/07\/1609_Stainless-steel-hose-couplings-260x185.jpg\" class=\"wp-image-1889 avia-img-lazy-loading-not-1889 attachment-portfolio_small size-portfolio_small wp-post-image\" alt=\"\" \/><\/a><div class='grid-content'><div class='avia-arrow'><\/div><header class=\"entry-content-header\"><h3 class='grid-entry-title entry-title '  itemprop=\"headline\" ><a href='https:\/\/www.interpumpfluidsolutions.com\/ro\/portfolio-item\/insertie-din-otel-inoxidabil\/' title='Inser\u021bie din o\u021bel inoxidabil'>Inser\u021bie din o\u021bel inoxidabil<\/a><\/h3><\/header><\/div><footer class=\"entry-footer\"><\/footer><\/article><\/div><div data-ajax-id='374' class=' grid-entry flex_column isotope-item all_sort no_margin post-entry post-entry-374 grid-entry-overview grid-loop-9 grid-parity-odd  post-entry-last  fittings_sort  av_one_fifth  default_av_fullwidth '><article class='main_color inner-entry'  itemscope=\"itemscope\" itemtype=\"https:\/\/schema.org\/CreativeWork\" ><a href=\"https:\/\/www.interpumpfluidsolutions.com\/ro\/portfolio-item\/fitinguri-ptfe\/\" title='Fitinguri PTFE'  data-rel='grid-1' class='grid-image avia-hover-fx'> <img decoding=\"async\" fetchpriority=\"high\" width=\"260\" height=\"185\" src=\"https:\/\/www.interpumpfluidsolutions.com\/ro\/wp-content\/uploads\/sites\/14\/2017\/11\/fittings-260x185.jpeg\" class=\"wp-image-715 avia-img-lazy-loading-not-715 attachment-portfolio_small size-portfolio_small wp-post-image\" alt=\"\" \/><\/a><div class='grid-content'><div class='avia-arrow'><\/div><header class=\"entry-content-header\"><h3 class='grid-entry-title entry-title '  itemprop=\"headline\" ><a href='https:\/\/www.interpumpfluidsolutions.com\/ro\/portfolio-item\/fitinguri-ptfe\/' title='Fitinguri PTFE'>Fitinguri PTFE<\/a><\/h3><\/header><\/div><footer class=\"entry-footer\"><\/footer><\/article><\/div><\/div><\/div>   <!--   class=\"av-portfolio-grid-sorting-container\"  --><\/div>\n<\/div><\/div><\/div><!-- close content main div --><\/div><\/div><div id='home-blog'  class='avia-section av-kk640-7aec2907089a6d9c736bddf1124bf4fd main_color avia-section-default avia-no-shadow  avia-builder-el-6  el_after_av_one_full  avia-builder-el-last  avia-bg-style-scroll container_wrap fullsize'  ><div class='container av-section-cont-open' ><div class='template-page content  av-content-full alpha units'><div class='post-entry post-entry-type-page post-entry-360'><div class='entry-content-wrapper clearfix'>\n<section  class='av_textblock_section av-1h8y0-2257c99d99968222e00177a0ee65da4e '   itemscope=\"itemscope\" itemtype=\"https:\/\/schema.org\/CreativeWork\" ><div class='avia_textblock'  itemprop=\"text\" ><h3 style=\"text-align: center;\">Descoperi\u021bi alte produse<\/h3>\n<\/div><\/section>\n<div id='av-masonry-1' class='av-masonry av-azxd4-a1ba123ef94c39724ff2b5c34f43aa76 noHover av-fixed-size av-large-gap av-hover-overlay-active av-masonry-animation-active av-masonry-col-3 av-caption-always av-caption-style-overlay av-masonry-gallery ' data-post_id=\"360\"><div class=\"av-masonry-container isotope av-js-disabled\"><div class='av-masonry-entry isotope-item av-masonry-item-no-image '><\/div><a href=\"https:\/\/www.interpumpfluidsolutions.com\/ro\/produse\/furtunuri\/\"  aria-label=\"image Furtunuri\"  id='av-masonry-1-item-2100' data-av-masonry-item='2100' class='av-masonry-entry isotope-item post-2100 attachment type-attachment status-inherit hentry  av-masonry-item-with-image' title=\"Furtunuri\" alt=\"\"  data-av-masonry-custom-link=\"https:\/\/www.interpumpfluidsolutions.com\/ro\/produse\/furtunuri\/\"  itemprop=\"thumbnailUrl\" ><div class='av-inner-masonry-sizer'><\/div><figure class='av-inner-masonry main_color'><div class=\"av-masonry-outerimage-container\"><div class='av-masonry-image-container' style=\"background-image: url(https:\/\/www.interpumpfluidsolutions.com\/ro\/wp-content\/uploads\/sites\/14\/2018\/12\/Hoses-705x470.jpg);\"  title=\"Furtunuri\"  ><\/div><\/div><figcaption class='av-inner-masonry-content site-background'><div class='av-inner-masonry-content-pos'><div class='av-inner-masonry-content-pos-content'><div class='avia-arrow'><\/div><h3 class='av-masonry-entry-title entry-title '  itemprop=\"headline\" >Furtunuri<\/h3><\/div><\/div><\/figcaption><\/figure><\/a><!--end av-masonry entry--><a href=\"https:\/\/www.interpumpfluidsolutions.com\/ro\/products\/machines\/\"  aria-label=\"image Ma\u0219ini\"  id='av-masonry-1-item-2275' data-av-masonry-item='2275' class='av-masonry-entry isotope-item post-2275 attachment type-attachment status-inherit hentry  av-masonry-item-with-image' title=\"Ma\u0219ini\" alt=\"\"  data-av-masonry-custom-link=\"https:\/\/www.interpumpfluidsolutions.com\/ro\/products\/machines\/\"  itemprop=\"thumbnailUrl\" ><div class='av-inner-masonry-sizer'><\/div><figure class='av-inner-masonry main_color'><div class=\"av-masonry-outerimage-container\"><div class='av-masonry-image-container' style=\"background-image: url(https:\/\/www.interpumpfluidsolutions.com\/ro\/wp-content\/uploads\/sites\/14\/2019\/02\/H25MINI-705x518.jpg);\"  title=\"Ma\u0219ini\"  ><\/div><\/div><figcaption class='av-inner-masonry-content site-background'><div class='av-inner-masonry-content-pos'><div class='av-inner-masonry-content-pos-content'><div class='avia-arrow'><\/div><h3 class='av-masonry-entry-title entry-title '  itemprop=\"headline\" >Ma\u0219ini<\/h3><\/div><\/div><\/figcaption><\/figure><\/a><!--end av-masonry entry--><a href=\"\/products\/accessories\"  aria-label=\"image Accesorii\"  id='av-masonry-1-item-2103' data-av-masonry-item='2103' class='av-masonry-entry isotope-item post-2103 attachment type-attachment status-inherit hentry  av-masonry-item-with-image' title=\"Accesorii\" alt=\"\"  data-av-masonry-custom-link=\"\/products\/accessories\"  itemprop=\"thumbnailUrl\" ><div class='av-inner-masonry-sizer'><\/div><figure class='av-inner-masonry main_color'><div class=\"av-masonry-outerimage-container\"><div class='av-masonry-image-container' style=\"background-image: url(https:\/\/www.interpumpfluidsolutions.com\/ro\/wp-content\/uploads\/sites\/14\/2018\/12\/Accessories-705x470.jpg);\"  title=\"Accesorii\"  ><\/div><\/div><figcaption class='av-inner-masonry-content site-background'><div class='av-inner-masonry-content-pos'><div class='av-inner-masonry-content-pos-content'><div class='avia-arrow'><\/div><h3 class='av-masonry-entry-title entry-title '  itemprop=\"headline\" >Accesorii<\/h3><\/div><\/div><\/figcaption><\/figure><\/a><!--end av-masonry entry--><\/div><\/div>\n\n","protected":false},"excerpt":{"rendered":"","protected":false},"author":4,"featured_media":0,"parent":50,"menu_order":2,"comment_status":"closed","ping_status":"closed","template":"","meta":{"footnotes":""},"class_list":["post-360","page","type-page","status-publish","hentry"],"yoast_head":"<!-- This site is optimized with the Yoast SEO plugin v26.2 - https:\/\/yoast.com\/wordpress\/plugins\/seo\/ -->\n<title>Racorduri - Interpump Romania<\/title>\n<meta name=\"robots\" content=\"index, follow, max-snippet:-1, max-image-preview:large, max-video-preview:-1\" \/>\n<link rel=\"canonical\" href=\"https:\/\/www.interpumpfluidsolutions.com\/ro\/produse\/racorduri\/\" \/>\n<meta property=\"og:locale\" content=\"en_GB\" \/>\n<meta property=\"og:type\" content=\"article\" \/>\n<meta property=\"og:title\" content=\"Racorduri - Interpump Romania\" \/>\n<meta property=\"og:url\" content=\"https:\/\/www.interpumpfluidsolutions.com\/ro\/produse\/racorduri\/\" \/>\n<meta property=\"og:site_name\" content=\"Interpump Romania\" \/>\n<meta property=\"article:modified_time\" content=\"2024-10-03T06:10:14+00:00\" \/>\n<meta name=\"twitter:card\" content=\"summary_large_image\" \/>\n<meta name=\"twitter:label1\" content=\"Estimated reading time\" \/>\n\t<meta name=\"twitter:data1\" content=\"3 minutes\" \/>\n<script type=\"application\/ld+json\" class=\"yoast-schema-graph\">{\"@context\":\"https:\/\/schema.org\",\"@graph\":[{\"@type\":\"WebPage\",\"@id\":\"https:\/\/www.interpumpfluidsolutions.com\/ro\/produse\/racorduri\/\",\"url\":\"https:\/\/www.interpumpfluidsolutions.com\/ro\/produse\/racorduri\/\",\"name\":\"Racorduri - Interpump Romania\",\"isPartOf\":{\"@id\":\"https:\/\/www.interpumpfluidsolutions.com\/ro\/#website\"},\"datePublished\":\"2017-11-22T07:14:33+00:00\",\"dateModified\":\"2024-10-03T06:10:14+00:00\",\"breadcrumb\":{\"@id\":\"https:\/\/www.interpumpfluidsolutions.com\/ro\/produse\/racorduri\/#breadcrumb\"},\"inLanguage\":\"en-GB\",\"potentialAction\":[{\"@type\":\"ReadAction\",\"target\":[\"https:\/\/www.interpumpfluidsolutions.com\/ro\/produse\/racorduri\/\"]}]},{\"@type\":\"BreadcrumbList\",\"@id\":\"https:\/\/www.interpumpfluidsolutions.com\/ro\/produse\/racorduri\/#breadcrumb\",\"itemListElement\":[{\"@type\":\"ListItem\",\"position\":1,\"name\":\"Home\",\"item\":\"https:\/\/www.interpumpfluidsolutions.com\/ro\/home\/\"},{\"@type\":\"ListItem\",\"position\":2,\"name\":\"Produse\",\"item\":\"https:\/\/www.interpumpfluidsolutions.com\/ro\/produse\/\"},{\"@type\":\"ListItem\",\"position\":3,\"name\":\"Racorduri\"}]},{\"@type\":\"WebSite\",\"@id\":\"https:\/\/www.interpumpfluidsolutions.com\/ro\/#website\",\"url\":\"https:\/\/www.interpumpfluidsolutions.com\/ro\/\",\"name\":\"Interpump Romania\",\"description\":\"Fluid Solutions - Hydro Est\",\"potentialAction\":[{\"@type\":\"SearchAction\",\"target\":{\"@type\":\"EntryPoint\",\"urlTemplate\":\"https:\/\/www.interpumpfluidsolutions.com\/ro\/?s={search_term_string}\"},\"query-input\":{\"@type\":\"PropertyValueSpecification\",\"valueRequired\":true,\"valueName\":\"search_term_string\"}}],\"inLanguage\":\"en-GB\"}]}<\/script>\n<!-- \/ Yoast SEO plugin. -->","yoast_head_json":{"title":"Racorduri - Interpump Romania","robots":{"index":"index","follow":"follow","max-snippet":"max-snippet:-1","max-image-preview":"max-image-preview:large","max-video-preview":"max-video-preview:-1"},"canonical":"https:\/\/www.interpumpfluidsolutions.com\/ro\/produse\/racorduri\/","og_locale":"en_GB","og_type":"article","og_title":"Racorduri - Interpump Romania","og_url":"https:\/\/www.interpumpfluidsolutions.com\/ro\/produse\/racorduri\/","og_site_name":"Interpump Romania","article_modified_time":"2024-10-03T06:10:14+00:00","twitter_card":"summary_large_image","twitter_misc":{"Estimated reading time":"3 minutes"},"schema":{"@context":"https:\/\/schema.org","@graph":[{"@type":"WebPage","@id":"https:\/\/www.interpumpfluidsolutions.com\/ro\/produse\/racorduri\/","url":"https:\/\/www.interpumpfluidsolutions.com\/ro\/produse\/racorduri\/","name":"Racorduri - Interpump Romania","isPartOf":{"@id":"https:\/\/www.interpumpfluidsolutions.com\/ro\/#website"},"datePublished":"2017-11-22T07:14:33+00:00","dateModified":"2024-10-03T06:10:14+00:00","breadcrumb":{"@id":"https:\/\/www.interpumpfluidsolutions.com\/ro\/produse\/racorduri\/#breadcrumb"},"inLanguage":"en-GB","potentialAction":[{"@type":"ReadAction","target":["https:\/\/www.interpumpfluidsolutions.com\/ro\/produse\/racorduri\/"]}]},{"@type":"BreadcrumbList","@id":"https:\/\/www.interpumpfluidsolutions.com\/ro\/produse\/racorduri\/#breadcrumb","itemListElement":[{"@type":"ListItem","position":1,"name":"Home","item":"https:\/\/www.interpumpfluidsolutions.com\/ro\/home\/"},{"@type":"ListItem","position":2,"name":"Produse","item":"https:\/\/www.interpumpfluidsolutions.com\/ro\/produse\/"},{"@type":"ListItem","position":3,"name":"Racorduri"}]},{"@type":"WebSite","@id":"https:\/\/www.interpumpfluidsolutions.com\/ro\/#website","url":"https:\/\/www.interpumpfluidsolutions.com\/ro\/","name":"Interpump Romania","description":"Fluid Solutions - Hydro Est","potentialAction":[{"@type":"SearchAction","target":{"@type":"EntryPoint","urlTemplate":"https:\/\/www.interpumpfluidsolutions.com\/ro\/?s={search_term_string}"},"query-input":{"@type":"PropertyValueSpecification","valueRequired":true,"valueName":"search_term_string"}}],"inLanguage":"en-GB"}]}},"_links":{"self":[{"href":"https:\/\/www.interpumpfluidsolutions.com\/ro\/wp-json\/wp\/v2\/pages\/360","targetHints":{"allow":["GET"]}}],"collection":[{"href":"https:\/\/www.interpumpfluidsolutions.com\/ro\/wp-json\/wp\/v2\/pages"}],"about":[{"href":"https:\/\/www.interpumpfluidsolutions.com\/ro\/wp-json\/wp\/v2\/types\/page"}],"author":[{"embeddable":true,"href":"https:\/\/www.interpumpfluidsolutions.com\/ro\/wp-json\/wp\/v2\/users\/4"}],"replies":[{"embeddable":true,"href":"https:\/\/www.interpumpfluidsolutions.com\/ro\/wp-json\/wp\/v2\/comments?post=360"}],"version-history":[{"count":20,"href":"https:\/\/www.interpumpfluidsolutions.com\/ro\/wp-json\/wp\/v2\/pages\/360\/revisions"}],"predecessor-version":[{"id":12226,"href":"https:\/\/www.interpumpfluidsolutions.com\/ro\/wp-json\/wp\/v2\/pages\/360\/revisions\/12226"}],"up":[{"embeddable":true,"href":"https:\/\/www.interpumpfluidsolutions.com\/ro\/wp-json\/wp\/v2\/pages\/50"}],"wp:attachment":[{"href":"https:\/\/www.interpumpfluidsolutions.com\/ro\/wp-json\/wp\/v2\/media?parent=360"}],"curies":[{"name":"wp","href":"https:\/\/api.w.org\/{rel}","templated":true}]}}