{"id":62,"date":"2017-11-13T13:54:46","date_gmt":"2017-11-13T13:54:46","guid":{"rendered":"https:\/\/www.interpumpfluidsolutions.com\/ro\/?page_id=62"},"modified":"2025-02-14T07:48:44","modified_gmt":"2025-02-14T07:48:44","slug":"contacte","status":"publish","type":"page","link":"https:\/\/www.interpumpfluidsolutions.com\/ro\/contacte\/","title":{"rendered":"Contacte"},"content":{"rendered":"<div id='full_slider_1'  class='avia-fullwidth-slider main_color avia-shadow   avia-builder-el-0  el_before_av_heading  avia-builder-el-first   container_wrap fullsize'  >\n<style type=\"text\/css\" data-created_by=\"avia_inline_auto\" id=\"style-css-av-3qw56-dfdac3a4712caf204a26c2d0ad1416f8\">\n#top #wrap_all .avia-slideshow .av-slideshow-caption.av-3qw56-dfdac3a4712caf204a26c2d0ad1416f8__0 .avia-caption-title{\nfont-size:36px;\ncolor:#ffffff;\n}\n#top .avia-slideshow .av-slideshow-caption.av-3qw56-dfdac3a4712caf204a26c2d0ad1416f8__0 .avia-caption-content{\nfont-size:15px;\ncolor:#ffffff;\n}\n#top .avia-slideshow .av-slideshow-caption.av-3qw56-dfdac3a4712caf204a26c2d0ad1416f8__0 .avia-caption-content p{\nfont-size:15px;\n}\n<\/style>\n<div  class='avia-slideshow av-3qw56-dfdac3a4712caf204a26c2d0ad1416f8 avia-slideshow-featured av_slideshow_full avia-slide-slider av-slideshow-ui av-control-default av-slideshow-manual av-loop-once av-loop-manual-endless av-default-height-applied   avia-slideshow-1' data-slideshow-options=\"{&quot;animation&quot;:&quot;slide&quot;,&quot;autoplay&quot;:false,&quot;loop_autoplay&quot;:&quot;once&quot;,&quot;interval&quot;:5,&quot;loop_manual&quot;:&quot;manual-endless&quot;,&quot;autoplay_stopper&quot;:false,&quot;noNavigation&quot;:false,&quot;bg_slider&quot;:false,&quot;keep_padding&quot;:false,&quot;hoverpause&quot;:false,&quot;show_slide_delay&quot;:0}\"  itemprop=\"image\" itemscope=\"itemscope\" itemtype=\"https:\/\/schema.org\/ImageObject\" ><ul class='avia-slideshow-inner ' style='padding-bottom: 28.666666666667%;'><li  class='avia-slideshow-slide av-3qw56-dfdac3a4712caf204a26c2d0ad1416f8__0  av-single-slide slide-1 slide-odd'><div data-rel='slideshow-1' class='avia-slide-wrap '   ><div class='av-slideshow-caption av-3qw56-dfdac3a4712caf204a26c2d0ad1416f8__0 caption_fullwidth caption_left'><div class=\"container caption_container\"><div class=\"slideshow_caption\"><div class=\"slideshow_inner_caption\"><div class=\"slideshow_align_caption\"><h2 class='avia-caption-title '  itemprop=\"name\" >Contacte<\/h2><div class='avia-caption-content av_inherit_color'  itemprop=\"description\" ><p>Interpump Fluid Solutions Re\u021beaua interna\u021bional\u0103 de v\u00e2nz\u0103ri<\/p>\n<\/div><\/div><\/div><\/div><\/div><\/div><img decoding=\"async\" fetchpriority=\"high\" class=\"wp-image-1111 avia-img-lazy-loading-not-1111\"  src=\"https:\/\/www.interpumpfluidsolutions.com\/ro\/wp-content\/uploads\/sites\/14\/2018\/02\/contact-1500x430.jpg\" width=\"1500\" height=\"430\" title='contact-1500x430' alt=''  itemprop=\"thumbnailUrl\" srcset=\"https:\/\/www.interpumpfluidsolutions.com\/ro\/wp-content\/uploads\/sites\/14\/2018\/02\/contact-1500x430.jpg 1500w, https:\/\/www.interpumpfluidsolutions.com\/ro\/wp-content\/uploads\/sites\/14\/2018\/02\/contact-1500x430-300x86.jpg 300w, https:\/\/www.interpumpfluidsolutions.com\/ro\/wp-content\/uploads\/sites\/14\/2018\/02\/contact-1500x430-768x220.jpg 768w, https:\/\/www.interpumpfluidsolutions.com\/ro\/wp-content\/uploads\/sites\/14\/2018\/02\/contact-1500x430-1030x295.jpg 1030w, https:\/\/www.interpumpfluidsolutions.com\/ro\/wp-content\/uploads\/sites\/14\/2018\/02\/contact-1500x430-705x202.jpg 705w, https:\/\/www.interpumpfluidsolutions.com\/ro\/wp-content\/uploads\/sites\/14\/2018\/02\/contact-1500x430-450x129.jpg 450w\" sizes=\"(max-width: 1500px) 100vw, 1500px\" \/><\/div><\/li><\/ul><\/div><\/div><div id='after_full_slider_1'  class='main_color av_default_container_wrap container_wrap fullsize'  ><div class='container av-section-cont-open' ><div class='template-page content  av-content-full alpha units'><div class='post-entry post-entry-type-page post-entry-62'><div class='entry-content-wrapper clearfix'>\n\n<style type=\"text\/css\" data-created_by=\"avia_inline_auto\" id=\"style-css-av-2pao6-7dbe4f2f457008ea72d94c7fe1abc1e0\">\n#top .av-special-heading.av-2pao6-7dbe4f2f457008ea72d94c7fe1abc1e0{\npadding-bottom:10px;\n}\nbody .av-special-heading.av-2pao6-7dbe4f2f457008ea72d94c7fe1abc1e0 .av-special-heading-tag .heading-char{\nfont-size:25px;\n}\n.av-special-heading.av-2pao6-7dbe4f2f457008ea72d94c7fe1abc1e0 .av-subheading{\nfont-size:15px;\n}\n<\/style>\n<div  class='av-special-heading av-2pao6-7dbe4f2f457008ea72d94c7fe1abc1e0 av-special-heading-h3  avia-builder-el-1  el_after_av_slideshow_full  el_before_av_textblock  avia-builder-el-first '><h3 class='av-special-heading-tag'  itemprop=\"headline\"  >Contacta\u021bi Interpump Fluid Solutions International Sales Network<\/h3><div class=\"special-heading-border\"><div class=\"special-heading-inner-border\"><\/div><\/div><\/div>\n<section  class='av_textblock_section av-22kui-2034f9c672d4fbec74d5c6ea78ee6906 '   itemscope=\"itemscope\" itemtype=\"https:\/\/schema.org\/CreativeWork\" ><div class='avia_textblock'  itemprop=\"text\" ><p>Interpump Fluid Solutions este o companie cu for\u021b\u0103 de v\u00e2nz\u0103ri la nivel mondial, care asigur\u0103 disponibilitatea pentru pia\u021ba dumneavoastr\u0103 local\u0103.<\/p>\n<p><strong>Sediul social<\/strong><\/p>\n<p>Via Italia 49-51 66041 Atessa CH Italia<br \/>\n+39 0872 889225<\/p>\n<p><strong>Italia<\/strong><\/p>\n<p>Via dell\u2019Industria 112 36015 Schio VI Italia<br \/>\n+39 0445 576085<\/p>\n<p>Lungotorrente Secca 4B-rosso 16163 Bolzaneto GE Italia<br \/>\nT +39 (0)10 710962<\/p>\n<p><strong>Fran\u021ba<\/strong><\/p>\n<p>12 Rue Forlen, 67118 Geipolsheim, Franta<br \/>\n+33 388554014<\/p>\n<p><strong>Germania<\/strong><\/p>\n<p>Eisenweg 5 58540 Meinerzhagen, Germania<br \/>\n+49 2354 708850<\/p>\n<p><strong>Marea Britanie<\/strong><\/p>\n<p>5, Greenhill Industrial Estate, Kidderminster DY10 2RN<br \/>\n+44 121 5501115<\/p>\n<p><strong>Spania<\/strong><\/p>\n<p>Av. de Rosa Parks, 61 25005 Lleida Spain<br \/>\n+34 973 232 198<\/p>\n<p>sau, alternativ, v\u0103 rug\u0103m s\u0103 completa\u021bi formularul de mai jos:<\/p>\n<\/div><\/section>\n\n<style type=\"text\/css\" data-created_by=\"avia_inline_auto\" id=\"style-css-av-1a056-daf656c8c5288b9d98a3d44ea5e3f2ea\">\n.flex_column.av-1a056-daf656c8c5288b9d98a3d44ea5e3f2ea{\nborder-radius:0px 0px 0px 0px;\npadding:0px 0px 0px 0px;\n}\n<\/style>\n<div  class='flex_column av-1a056-daf656c8c5288b9d98a3d44ea5e3f2ea av_one_full  avia-builder-el-3  el_after_av_textblock  avia-builder-el-last  first flex_column_div av-zero-column-padding  column-top-margin'     ><\/div>\n","protected":false},"excerpt":{"rendered":"","protected":false},"author":3,"featured_media":0,"parent":0,"menu_order":8,"comment_status":"closed","ping_status":"closed","template":"","meta":{"footnotes":""},"class_list":["post-62","page","type-page","status-publish","hentry"],"yoast_head":"<!-- This site is optimized with the Yoast SEO plugin v26.2 - https:\/\/yoast.com\/wordpress\/plugins\/seo\/ -->\n<title>Contact Interpump Fluid Solutions - worldwide network of contacts<\/title>\n<meta name=\"description\" content=\"Contact Interpump Fluid Solutions and our worldwide network of sales, support, technical and marketing specialists for hydraulics machines, hoses and fittings\" \/>\n<meta name=\"robots\" content=\"index, follow, max-snippet:-1, max-image-preview:large, max-video-preview:-1\" \/>\n<link rel=\"canonical\" href=\"https:\/\/www.interpumpfluidsolutions.com\/ro\/contacte\/\" \/>\n<meta property=\"og:locale\" content=\"en_GB\" \/>\n<meta property=\"og:type\" content=\"article\" \/>\n<meta property=\"og:title\" content=\"Contact Interpump Fluid Solutions - worldwide network of contacts\" \/>\n<meta property=\"og:description\" content=\"Contact Interpump Fluid Solutions and our worldwide network of sales, support, technical and marketing specialists for hydraulics machines, hoses and fittings\" \/>\n<meta property=\"og:url\" content=\"https:\/\/www.interpumpfluidsolutions.com\/ro\/contacte\/\" \/>\n<meta property=\"og:site_name\" content=\"Interpump Romania\" \/>\n<meta property=\"article:modified_time\" content=\"2025-02-14T07:48:44+00:00\" \/>\n<meta name=\"twitter:card\" content=\"summary_large_image\" \/>\n<meta name=\"twitter:label1\" content=\"Estimated reading time\" \/>\n\t<meta name=\"twitter:data1\" content=\"1 minute\" \/>\n<script type=\"application\/ld+json\" class=\"yoast-schema-graph\">{\"@context\":\"https:\/\/schema.org\",\"@graph\":[{\"@type\":\"WebPage\",\"@id\":\"https:\/\/www.interpumpfluidsolutions.com\/ro\/contacte\/\",\"url\":\"https:\/\/www.interpumpfluidsolutions.com\/ro\/contacte\/\",\"name\":\"Contact Interpump Fluid Solutions - worldwide network of contacts\",\"isPartOf\":{\"@id\":\"https:\/\/www.interpumpfluidsolutions.com\/ro\/#website\"},\"datePublished\":\"2017-11-13T13:54:46+00:00\",\"dateModified\":\"2025-02-14T07:48:44+00:00\",\"description\":\"Contact Interpump Fluid Solutions and our worldwide network of sales, support, technical and marketing specialists for hydraulics machines, hoses and fittings\",\"breadcrumb\":{\"@id\":\"https:\/\/www.interpumpfluidsolutions.com\/ro\/contacte\/#breadcrumb\"},\"inLanguage\":\"en-GB\",\"potentialAction\":[{\"@type\":\"ReadAction\",\"target\":[\"https:\/\/www.interpumpfluidsolutions.com\/ro\/contacte\/\"]}]},{\"@type\":\"BreadcrumbList\",\"@id\":\"https:\/\/www.interpumpfluidsolutions.com\/ro\/contacte\/#breadcrumb\",\"itemListElement\":[{\"@type\":\"ListItem\",\"position\":1,\"name\":\"Home\",\"item\":\"https:\/\/www.interpumpfluidsolutions.com\/ro\/home\/\"},{\"@type\":\"ListItem\",\"position\":2,\"name\":\"Contacte\"}]},{\"@type\":\"WebSite\",\"@id\":\"https:\/\/www.interpumpfluidsolutions.com\/ro\/#website\",\"url\":\"https:\/\/www.interpumpfluidsolutions.com\/ro\/\",\"name\":\"Interpump Romania\",\"description\":\"Fluid Solutions - Hydro Est\",\"potentialAction\":[{\"@type\":\"SearchAction\",\"target\":{\"@type\":\"EntryPoint\",\"urlTemplate\":\"https:\/\/www.interpumpfluidsolutions.com\/ro\/?s={search_term_string}\"},\"query-input\":{\"@type\":\"PropertyValueSpecification\",\"valueRequired\":true,\"valueName\":\"search_term_string\"}}],\"inLanguage\":\"en-GB\"}]}<\/script>\n<!-- \/ Yoast SEO plugin. -->","yoast_head_json":{"title":"Contact Interpump Fluid Solutions - worldwide network of contacts","description":"Contact Interpump Fluid Solutions and our worldwide network of sales, support, technical and marketing specialists for hydraulics machines, hoses and fittings","robots":{"index":"index","follow":"follow","max-snippet":"max-snippet:-1","max-image-preview":"max-image-preview:large","max-video-preview":"max-video-preview:-1"},"canonical":"https:\/\/www.interpumpfluidsolutions.com\/ro\/contacte\/","og_locale":"en_GB","og_type":"article","og_title":"Contact Interpump Fluid Solutions - worldwide network of contacts","og_description":"Contact Interpump Fluid Solutions and our worldwide network of sales, support, technical and marketing specialists for hydraulics machines, hoses and fittings","og_url":"https:\/\/www.interpumpfluidsolutions.com\/ro\/contacte\/","og_site_name":"Interpump Romania","article_modified_time":"2025-02-14T07:48:44+00:00","twitter_card":"summary_large_image","twitter_misc":{"Estimated reading time":"1 minute"},"schema":{"@context":"https:\/\/schema.org","@graph":[{"@type":"WebPage","@id":"https:\/\/www.interpumpfluidsolutions.com\/ro\/contacte\/","url":"https:\/\/www.interpumpfluidsolutions.com\/ro\/contacte\/","name":"Contact Interpump Fluid Solutions - worldwide network of contacts","isPartOf":{"@id":"https:\/\/www.interpumpfluidsolutions.com\/ro\/#website"},"datePublished":"2017-11-13T13:54:46+00:00","dateModified":"2025-02-14T07:48:44+00:00","description":"Contact Interpump Fluid Solutions and our worldwide network of sales, support, technical and marketing specialists for hydraulics machines, hoses and fittings","breadcrumb":{"@id":"https:\/\/www.interpumpfluidsolutions.com\/ro\/contacte\/#breadcrumb"},"inLanguage":"en-GB","potentialAction":[{"@type":"ReadAction","target":["https:\/\/www.interpumpfluidsolutions.com\/ro\/contacte\/"]}]},{"@type":"BreadcrumbList","@id":"https:\/\/www.interpumpfluidsolutions.com\/ro\/contacte\/#breadcrumb","itemListElement":[{"@type":"ListItem","position":1,"name":"Home","item":"https:\/\/www.interpumpfluidsolutions.com\/ro\/home\/"},{"@type":"ListItem","position":2,"name":"Contacte"}]},{"@type":"WebSite","@id":"https:\/\/www.interpumpfluidsolutions.com\/ro\/#website","url":"https:\/\/www.interpumpfluidsolutions.com\/ro\/","name":"Interpump Romania","description":"Fluid Solutions - Hydro Est","potentialAction":[{"@type":"SearchAction","target":{"@type":"EntryPoint","urlTemplate":"https:\/\/www.interpumpfluidsolutions.com\/ro\/?s={search_term_string}"},"query-input":{"@type":"PropertyValueSpecification","valueRequired":true,"valueName":"search_term_string"}}],"inLanguage":"en-GB"}]}},"_links":{"self":[{"href":"https:\/\/www.interpumpfluidsolutions.com\/ro\/wp-json\/wp\/v2\/pages\/62","targetHints":{"allow":["GET"]}}],"collection":[{"href":"https:\/\/www.interpumpfluidsolutions.com\/ro\/wp-json\/wp\/v2\/pages"}],"about":[{"href":"https:\/\/www.interpumpfluidsolutions.com\/ro\/wp-json\/wp\/v2\/types\/page"}],"author":[{"embeddable":true,"href":"https:\/\/www.interpumpfluidsolutions.com\/ro\/wp-json\/wp\/v2\/users\/3"}],"replies":[{"embeddable":true,"href":"https:\/\/www.interpumpfluidsolutions.com\/ro\/wp-json\/wp\/v2\/comments?post=62"}],"version-history":[{"count":26,"href":"https:\/\/www.interpumpfluidsolutions.com\/ro\/wp-json\/wp\/v2\/pages\/62\/revisions"}],"predecessor-version":[{"id":12427,"href":"https:\/\/www.interpumpfluidsolutions.com\/ro\/wp-json\/wp\/v2\/pages\/62\/revisions\/12427"}],"wp:attachment":[{"href":"https:\/\/www.interpumpfluidsolutions.com\/ro\/wp-json\/wp\/v2\/media?parent=62"}],"curies":[{"name":"wp","href":"https:\/\/api.w.org\/{rel}","templated":true}]}}