{"id":6920,"date":"2022-03-08T11:46:01","date_gmt":"2022-03-08T11:46:01","guid":{"rendered":"https:\/\/www.interpumpfluidsolutions.com\/ro\/?page_id=6920"},"modified":"2024-10-14T11:08:10","modified_gmt":"2024-10-14T10:08:10","slug":"cine-suntem","status":"publish","type":"page","link":"https:\/\/www.interpumpfluidsolutions.com\/ro\/cine-suntem\/","title":{"rendered":"Cine suntem"},"content":{"rendered":"<div id='full_slider_1'  class='avia-fullwidth-slider main_color avia-shadow   avia-builder-el-0  el_before_av_one_full  avia-builder-el-first   container_wrap fullsize'  >\n<style type=\"text\/css\" data-created_by=\"avia_inline_auto\" id=\"style-css-av-xhxffc-37f408389a48bdead95ad9794ed1eeac\">\n#top #wrap_all .avia-slideshow .av-slideshow-caption.av-xhxffc-37f408389a48bdead95ad9794ed1eeac__0 .avia-caption-title{\nfont-size:60px;\n}\n<\/style>\n<div  class='avia-slideshow av-xhxffc-37f408389a48bdead95ad9794ed1eeac avia-slideshow-featured av_slideshow_full avia-slide-slider av-slideshow-ui av-control-default av-slideshow-manual av-loop-once av-loop-manual-endless av-default-height-applied   avia-slideshow-1' data-slideshow-options=\"{&quot;animation&quot;:&quot;slide&quot;,&quot;autoplay&quot;:false,&quot;loop_autoplay&quot;:&quot;once&quot;,&quot;interval&quot;:5,&quot;loop_manual&quot;:&quot;manual-endless&quot;,&quot;autoplay_stopper&quot;:false,&quot;noNavigation&quot;:false,&quot;bg_slider&quot;:false,&quot;keep_padding&quot;:false,&quot;hoverpause&quot;:false,&quot;show_slide_delay&quot;:0}\"  itemprop=\"image\" itemscope=\"itemscope\" itemtype=\"https:\/\/schema.org\/ImageObject\" ><ul class='avia-slideshow-inner ' style='padding-bottom: 28.666666666667%;'><li  class='avia-slideshow-slide av-xhxffc-37f408389a48bdead95ad9794ed1eeac__0  av-single-slide slide-1 slide-odd'><div data-rel='slideshow-1' class='avia-slide-wrap '   ><div class='av-slideshow-caption av-xhxffc-37f408389a48bdead95ad9794ed1eeac__0 caption_fullwidth caption_left'><div class=\"container caption_container\"><div class=\"slideshow_caption\"><div class=\"slideshow_inner_caption\"><div class=\"slideshow_align_caption\"><h2 class='avia-caption-title '  itemprop=\"name\" >Cine suntem<\/h2><div class='avia-caption-content '  itemprop=\"description\" ><p>Ne folosim expertiza \u0219i investi\u021biile tehnologice<br \/>\npentru a oferi solu\u021bii fluide personalizate pentru partenerii no\u0219tri.<\/p>\n<\/div><\/div><\/div><\/div><\/div><\/div><img decoding=\"async\" fetchpriority=\"high\" class=\"wp-image-736 avia-img-lazy-loading-not-736\"  src=\"https:\/\/www.interpumpfluidsolutions.com\/ro\/wp-content\/uploads\/sites\/14\/2017\/11\/IFSengineers-1500x430.jpg\" width=\"1500\" height=\"430\" title='IFSengineers' alt=''  itemprop=\"thumbnailUrl\"   \/><\/div><\/li><\/ul><\/div><\/div><div id='after_full_slider_1'  class='main_color av_default_container_wrap container_wrap fullsize'  ><div class='container av-section-cont-open' ><div class='template-page content  av-content-full alpha units'><div class='post-entry post-entry-type-page post-entry-6920'><div class='entry-content-wrapper clearfix'>\n\n<style type=\"text\/css\" data-created_by=\"avia_inline_auto\" id=\"style-css-av-ui9ttk-987dcc4f1949ae2a9c085c68dae3339c\">\n.flex_column.av-ui9ttk-987dcc4f1949ae2a9c085c68dae3339c{\nborder-radius:0px 0px 0px 0px;\npadding:0px 0px 0px 0px;\n}\n<\/style>\n<div  class='flex_column av-ui9ttk-987dcc4f1949ae2a9c085c68dae3339c av_one_full  avia-builder-el-1  el_after_av_slideshow_full  el_before_av_hr  avia-builder-el-first  first flex_column_div av-zero-column-padding  '     ><section  class='av_textblock_section av-sm2mh4-6e1207a87ac0cca3907f685297f3911d '   itemscope=\"itemscope\" itemtype=\"https:\/\/schema.org\/CreativeWork\" ><div class='avia_textblock'  itemprop=\"text\" ><p><strong>I.M.M. Hydraulics<\/strong> este lider \u00een produc\u021bia de \u021bevi, fitinguri \u0219i accesorii de \u00eenalt\u0103 calitate de peste 30 de ani. Cunoscut \u00een Italia ca I.M.M. Hydraulics, marca de produc\u021bie a grupului Interpump de furtunuri \u0219i fitinguri flexibile, a devenit de-a lungul anilor unul dintre liderii interna\u021bionali \u00een sectorul hidraulic. Cu cinci industrii de produc\u021bie situate \u00een Europa.<\/p>\n<p>Datorit\u0103 investi\u021biei grupului Interpump pe pia\u021ba hidraulic\u0103, au fost achizi\u021bionate diverse m\u0103rci de produc\u021bie \u0219i produse \u0219i a fost introdus\u0103 pe pia\u021b\u0103 o singur\u0103 surs\u0103 pentru toate nevoile sale de transmisie a fluidelor. Interpump Fluid Solutions a fost creat\u0103 pentru a reuni to\u021bi ace\u0219ti produc\u0103tori \u00eentr-un singur furnizor de furtunuri hidraulice, fitinguri, ma\u0219ini \u0219i accesorii certificate \u0219i compatibile.<\/p>\n<p>Fabricate \u00een Europa \u0219i distribuite prin re\u021beaua noastr\u0103 de sucursale din Australia, Canada, Fran\u021ba, Germania, Italia, Africa de Sud, Marea Britanie \u0219i SUA, Interpump Fluid Solutions \u00eencorporeaz\u0103 \u00een prezent 3 m\u0103rci de produc\u021bie \u0219i produse, inclusiv Hypress, Hydralok \u0219i Gs Hydro.<\/p>\n<\/div><\/section><\/div>\n<div  class='hr av-qwf6s8-fe1ec5c4b39581b313ca7704a96cabb5 hr-default  avia-builder-el-3  el_after_av_one_full  el_before_av_textblock '><span class='hr-inner '><span class=\"hr-inner-style\"><\/span><\/span><\/div>\n<section  class='av_textblock_section av-pl7q88-af46a538b973527841fa60f145cf453b '   itemscope=\"itemscope\" itemtype=\"https:\/\/schema.org\/CreativeWork\" ><div class='avia_textblock'  itemprop=\"text\" ><h2><span class='av_dropcap1 av-av_dropcap1-3cd9da5fea0ef5fb27aee617571c39a3'>V<\/span>iziune<\/h2>\n<div>\n<div>\u00cen domeniul fluidicii de \u00eenalt\u0103 presiune, fiind perceput ca un singur interlocutor capabil s\u0103 faciliteze sarcina instalatorilor \u0219i utilizatorilor finali, dintr-o perspectiv\u0103 combinat\u0103 a siguran\u021bei, garan\u021biei, durabilit\u0103\u021bii \u0219i fiabilit\u0103\u021bii sistemului, cu respectarea principiilor de etic\u0103 \u0219i dezvoltare durabil\u0103.<\/div>\n<\/div>\n<h2><span class='av_dropcap1 av-av_dropcap1-3cd9da5fea0ef5fb27aee617571c39a3'>M<\/span>isiune<\/h2>\n<p>Proiecta\u021bi \u0219i crea\u021bi sisteme integrate de conectare de \u00eenalt\u0103 presiune, ma\u0219ini de asamblare aferente \u0219i software de management pentru diferite sectoare, la pre\u021bul corect. Orientarea designului la specifica\u021biile aplica\u021biei chiar \u0219i dincolo de standardele recunoscute.<\/p>\n<\/div><\/section>\n<div  class='hr av-o87jfc-77d5b4ff491cafd5304fdc81a10e2c91 hr-default  avia-builder-el-5  el_after_av_textblock  el_before_av_one_half '><span class='hr-inner '><span class=\"hr-inner-style\"><\/span><\/span><\/div>\n\n<style type=\"text\/css\" data-created_by=\"avia_inline_auto\" id=\"style-css-av-mqogfc-0f659bd22e1706fd196538d6f077c658\">\n.flex_column.av-mqogfc-0f659bd22e1706fd196538d6f077c658{\nborder-radius:0px 0px 0px 0px;\npadding:0px 0px 0px 0px;\n}\n<\/style>\n<div  class='flex_column av-mqogfc-0f659bd22e1706fd196538d6f077c658 av_one_half  avia-builder-el-6  el_after_av_hr  el_before_av_one_half  first flex_column_div av-zero-column-padding  '     ><section  class='av_textblock_section av-lel26g-7ec604af87949d586bade19b6d8b4bfc '   itemscope=\"itemscope\" itemtype=\"https:\/\/schema.org\/CreativeWork\" ><div class='avia_textblock'  itemprop=\"text\" ><p><strong>\u00centrebare \u2013<\/strong> <strong>Sunt obi\u0219nuit s\u0103 lucrez direct cu Hypress. Nu ar trebui s\u0103-i contactez?<\/strong><\/p>\n<p>R\u0103spuns \u2013 Dac\u0103 ave\u021bi o persoane de contact la Hypress \u0219i ave\u021bi o \u00eentrebare tehnic\u0103 sau o sugestie de dezvoltare a unui produs nou, v\u0103 rug\u0103m s\u0103-i contacta\u021bi direct.<\/p>\n<p><strong>\u00centrebare \u2013 Am primit un telefon de la un consilier de v\u00e2nz\u0103ri de la Interpump Fluid Solutions. \u00cen mod normal, aud de la IMM? <\/strong><\/p>\n<p>R\u0103spuns \u2013 To\u021bi cei din grupul nostru vor spune c\u0103 sunt de la Interpump Fluid Solutions. Toat\u0103 lumea ofer\u0103\u00a0 solu\u021bii \u201eo singur\u0103 surs\u0103\u201d de furtunuri hidraulice, fitinguri, ma\u0219ini \u0219i accesorii certificate, compatibile.<\/p>\n<\/div><\/section><\/div>\n<style type=\"text\/css\" data-created_by=\"avia_inline_auto\" id=\"style-css-av-j5l91k-f61cb090ec4ec8e482ad28c7d0a85f2a\">\n.flex_column.av-j5l91k-f61cb090ec4ec8e482ad28c7d0a85f2a{\nborder-radius:0px 0px 0px 0px;\npadding:0px 0px 0px 0px;\n}\n<\/style>\n<div  class='flex_column av-j5l91k-f61cb090ec4ec8e482ad28c7d0a85f2a av_one_half  avia-builder-el-8  el_after_av_one_half  el_before_av_section  avia-builder-el-last  flex_column_div av-zero-column-padding  '     ><section  class='av_textblock_section av-howe08-8c2a5c012782d2be0de4728e090b1031 '   itemscope=\"itemscope\" itemtype=\"https:\/\/schema.org\/CreativeWork\" ><div class='avia_textblock'  itemprop=\"text\" ><p><strong>\u00centrebare \u2013 Am nevoie de o solu\u021bie foarte specific\u0103 pentru aplica\u021bia mea. Pe cine ar trebui s\u0103 contactez?<\/strong><\/p>\n<p>R\u0103spuns \u2013 Ne m\u00e2ndrim s\u0103 ascult\u0103m cu aten\u021bie clien\u021bii no\u0219tri \u0219i putem oferi solu\u021bii personalizate pentru o gam\u0103 larg\u0103 de aplica\u021bii. Contacta\u021bi consilierul local de v\u00e2nz\u0103ri de la Interpump Fluid Solutions pentru a discuta solu\u021bia dvs.<\/p>\n<p><strong>\u00centrebare \u2013 \u00cen mod normal primesc facturi de la IMM Hydraulics. Voi primi acum facturi de la Interpump Fluid Solutions?<\/strong><\/p>\n<p>R\u0103spuns \u2013 Ve\u021bi continua s\u0103 primi\u021bi facturile de la IMM Hydraulics \u00een calitate de produc\u0103tor al produselor pe care le achizi\u021biona\u021bi de la Interpump Fluid Solutions.<\/p>\n<\/div><\/section><\/div><\/div><\/div><\/div><!-- close content main div --><\/div><\/div>\n<style type=\"text\/css\" data-created_by=\"avia_inline_auto\" id=\"style-css-av-frqodk-e9ed89ca74f38cf784b608afd10c9773\">\n.avia-section.av-frqodk-e9ed89ca74f38cf784b608afd10c9773 .av-parallax .av-parallax-inner{\nbackground-repeat:no-repeat;\nbackground-image:url(https:\/\/www.interpumpfluidsolutions.com\/ro\/wp-content\/uploads\/sites\/14\/2017\/11\/shutterstock_400486630.jpg);\nbackground-position:0% 0%;\nbackground-attachment:scroll;\n}\n<\/style>\n<div id='home-people'  class='avia-section av-frqodk-e9ed89ca74f38cf784b608afd10c9773 main_color avia-section-large avia-no-border-styling  avia-builder-el-10  el_after_av_one_half  avia-builder-el-last  av-parallax-section avia-bg-style-parallax container_wrap fullsize'  data-section-bg-repeat='no-repeat'><div class='av-parallax' data-avia-parallax-ratio='0.3' ><div class='av-parallax-inner main_color avia-full-stretch'><\/div><\/div><div class='container av-section-cont-open' ><div class='template-page content  av-content-full alpha units'><div class='post-entry post-entry-type-page post-entry-6920'><div class='entry-content-wrapper clearfix'>\n\n<style type=\"text\/css\" data-created_by=\"avia_inline_auto\" id=\"style-css-av-eeqhko-fb3a020d1df6cdffa59ff204a5261436\">\n.flex_column.av-eeqhko-fb3a020d1df6cdffa59ff204a5261436{\nborder-radius:0px 0px 0px 0px;\npadding:0px 0px 0px 0px;\n}\n<\/style>\n<div  class='flex_column av-eeqhko-fb3a020d1df6cdffa59ff204a5261436 av_one_fourth  avia-builder-el-11  el_before_av_one_half  avia-builder-el-first  first flex_column_div av-zero-column-padding  '     ><\/div>\n<style type=\"text\/css\" data-created_by=\"avia_inline_auto\" id=\"style-css-av-cpfp4o-7a353884b9e21410ca7be95d54f5dd6d\">\n.flex_column.av-cpfp4o-7a353884b9e21410ca7be95d54f5dd6d{\nborder-radius:0px 0px 0px 0px;\npadding:0px 0px 0px 0px;\n}\n<\/style>\n<div  class='flex_column av-cpfp4o-7a353884b9e21410ca7be95d54f5dd6d av_one_half  avia-builder-el-12  el_after_av_one_fourth  el_before_av_one_fourth  flex_column_div av-zero-column-padding  '     ><style type=\"text\/css\" data-created_by=\"avia_inline_auto\" id=\"style-css-av-13141k-57a09a61226a70cae69847f4fbdb08e4\">\n#top .av_textblock_section.av-13141k-57a09a61226a70cae69847f4fbdb08e4 .avia_textblock{\ncolor:#ffffff;\n}\n<\/style>\n<section  class='av_textblock_section av-13141k-57a09a61226a70cae69847f4fbdb08e4 '   itemscope=\"itemscope\" itemtype=\"https:\/\/schema.org\/CreativeWork\" ><div class='avia_textblock av_inherit_color'  itemprop=\"text\" ><h2 style=\"text-align: center;\">Echipa noastr\u0103<\/h2>\n<\/div><\/section><br \/>\n\n<style type=\"text\/css\" data-created_by=\"avia_inline_auto\" id=\"style-css-av-8nrs9k-12b039b622c3fd1c0828699b431fb1f1\">\n#top .hr.hr-invisible.av-8nrs9k-12b039b622c3fd1c0828699b431fb1f1{\nheight:20px;\n}\n<\/style>\n<div  class='hr av-8nrs9k-12b039b622c3fd1c0828699b431fb1f1 hr-invisible  avia-builder-el-14  el_after_av_textblock  el_before_av_textblock '><span class='hr-inner '><span class=\"hr-inner-style\"><\/span><\/span><\/div><br \/>\n\n<style type=\"text\/css\" data-created_by=\"avia_inline_auto\" id=\"style-css-av-6une48-54da7858b2a9a4db2336f394d4dde438\">\n#top .av_textblock_section.av-6une48-54da7858b2a9a4db2336f394d4dde438 .avia_textblock{\ncolor:#ffffff;\n}\n<\/style>\n<section  class='av_textblock_section av-6une48-54da7858b2a9a4db2336f394d4dde438 '   itemscope=\"itemscope\" itemtype=\"https:\/\/schema.org\/CreativeWork\" ><div class='avia_textblock av_inherit_color'  itemprop=\"text\" ><p style=\"text-align: center;\">Designeri, ingineri, exper\u021bi \u00een produc\u021bie, profesioni\u0219ti \u00een distribu\u021bie, echipa noastr\u0103 de la IMM HYDRAULICS este preg\u0103tit\u0103 s\u0103 colaboreze pentru a crea solu\u021bii hidraulice de clas\u0103 mondial\u0103<\/p>\n<\/div><\/section><br \/>\n\n<style type=\"text\/css\" data-created_by=\"avia_inline_auto\" id=\"style-css-av-m9bxk-5b62df598b27900f6812491464e640e2\">\n#top .hr.hr-invisible.av-m9bxk-5b62df598b27900f6812491464e640e2{\nheight:20px;\n}\n<\/style>\n<div  class='hr av-m9bxk-5b62df598b27900f6812491464e640e2 hr-invisible  avia-builder-el-16  el_after_av_textblock  el_before_av_button '><span class='hr-inner '><span class=\"hr-inner-style\"><\/span><\/span><\/div><br \/>\n<div  class='avia-button-wrap av-dzemg-040c2a8a317696723268388943275440-wrap avia-button-center  avia-builder-el-17  el_after_av_hr  avia-builder-el-last '><a href='https:\/\/www.interpumpfluidsolutions.com\/ro\/despre\/'  class='avia-button av-dzemg-040c2a8a317696723268388943275440 av-link-btn avia-icon_select-no avia-size-small avia-position-center avia-color-light'  ><span class='avia_iconbox_title' >Pentru a afla mai multe <\/span><\/a><\/div><\/p><\/div>\n<style type=\"text\/css\" data-created_by=\"avia_inline_auto\" id=\"style-css-av-2e07o8-559092e859b8320ce7c81f2e2e90aba8\">\n.flex_column.av-2e07o8-559092e859b8320ce7c81f2e2e90aba8{\nborder-radius:0px 0px 0px 0px;\npadding:0px 0px 0px 0px;\n}\n<\/style>\n<div  class='flex_column av-2e07o8-559092e859b8320ce7c81f2e2e90aba8 av_one_fourth  avia-builder-el-18  el_after_av_one_half  avia-builder-el-last  flex_column_div av-zero-column-padding  '     ><\/div>\n<\/p>\n","protected":false},"excerpt":{"rendered":"","protected":false},"author":18,"featured_media":0,"parent":0,"menu_order":0,"comment_status":"closed","ping_status":"closed","template":"","meta":{"footnotes":""},"class_list":["post-6920","page","type-page","status-publish","hentry"],"yoast_head":"<!-- This site is optimized with the Yoast SEO plugin v26.2 - https:\/\/yoast.com\/wordpress\/plugins\/seo\/ -->\n<title>Cine suntem - Interpump Fluid Solutions<\/title>\n<meta name=\"description\" content=\"One Source : Interpump Fluid Solutions, part of Interpump Group, are your \u2018one source\u2019 provider of certified, compatible hydraulic hoses, fittings, machines and accessories\" \/>\n<meta name=\"robots\" content=\"index, follow, max-snippet:-1, max-image-preview:large, max-video-preview:-1\" \/>\n<link rel=\"canonical\" href=\"https:\/\/www.interpumpfluidsolutions.com\/ro\/cine-suntem\/\" \/>\n<meta property=\"og:locale\" content=\"en_GB\" \/>\n<meta property=\"og:type\" content=\"article\" \/>\n<meta property=\"og:title\" content=\"Cine suntem - Interpump Fluid Solutions\" \/>\n<meta property=\"og:description\" content=\"One Source : Interpump Fluid Solutions, part of Interpump Group, are your \u2018one source\u2019 provider of certified, compatible hydraulic hoses, fittings, machines and accessories\" \/>\n<meta property=\"og:url\" content=\"https:\/\/www.interpumpfluidsolutions.com\/ro\/cine-suntem\/\" \/>\n<meta property=\"og:site_name\" content=\"Interpump Romania\" \/>\n<meta property=\"article:modified_time\" content=\"2024-10-14T10:08:10+00:00\" \/>\n<meta name=\"twitter:card\" content=\"summary_large_image\" \/>\n<meta name=\"twitter:label1\" content=\"Estimated reading time\" \/>\n\t<meta name=\"twitter:data1\" content=\"3 minutes\" \/>\n<script type=\"application\/ld+json\" class=\"yoast-schema-graph\">{\"@context\":\"https:\/\/schema.org\",\"@graph\":[{\"@type\":\"WebPage\",\"@id\":\"https:\/\/www.interpumpfluidsolutions.com\/ro\/cine-suntem\/\",\"url\":\"https:\/\/www.interpumpfluidsolutions.com\/ro\/cine-suntem\/\",\"name\":\"Cine suntem - Interpump Fluid Solutions\",\"isPartOf\":{\"@id\":\"https:\/\/www.interpumpfluidsolutions.com\/ro\/#website\"},\"datePublished\":\"2022-03-08T11:46:01+00:00\",\"dateModified\":\"2024-10-14T10:08:10+00:00\",\"description\":\"One Source : Interpump Fluid Solutions, part of Interpump Group, are your \u2018one source\u2019 provider of certified, compatible hydraulic hoses, fittings, machines and accessories\",\"breadcrumb\":{\"@id\":\"https:\/\/www.interpumpfluidsolutions.com\/ro\/cine-suntem\/#breadcrumb\"},\"inLanguage\":\"en-GB\",\"potentialAction\":[{\"@type\":\"ReadAction\",\"target\":[\"https:\/\/www.interpumpfluidsolutions.com\/ro\/cine-suntem\/\"]}]},{\"@type\":\"BreadcrumbList\",\"@id\":\"https:\/\/www.interpumpfluidsolutions.com\/ro\/cine-suntem\/#breadcrumb\",\"itemListElement\":[{\"@type\":\"ListItem\",\"position\":1,\"name\":\"Home\",\"item\":\"https:\/\/www.interpumpfluidsolutions.com\/ro\/home\/\"},{\"@type\":\"ListItem\",\"position\":2,\"name\":\"Cine suntem\"}]},{\"@type\":\"WebSite\",\"@id\":\"https:\/\/www.interpumpfluidsolutions.com\/ro\/#website\",\"url\":\"https:\/\/www.interpumpfluidsolutions.com\/ro\/\",\"name\":\"Interpump Romania\",\"description\":\"Fluid Solutions - Hydro Est\",\"potentialAction\":[{\"@type\":\"SearchAction\",\"target\":{\"@type\":\"EntryPoint\",\"urlTemplate\":\"https:\/\/www.interpumpfluidsolutions.com\/ro\/?s={search_term_string}\"},\"query-input\":{\"@type\":\"PropertyValueSpecification\",\"valueRequired\":true,\"valueName\":\"search_term_string\"}}],\"inLanguage\":\"en-GB\"}]}<\/script>\n<!-- \/ Yoast SEO plugin. -->","yoast_head_json":{"title":"Cine suntem - Interpump Fluid Solutions","description":"One Source : Interpump Fluid Solutions, part of Interpump Group, are your \u2018one source\u2019 provider of certified, compatible hydraulic hoses, fittings, machines and accessories","robots":{"index":"index","follow":"follow","max-snippet":"max-snippet:-1","max-image-preview":"max-image-preview:large","max-video-preview":"max-video-preview:-1"},"canonical":"https:\/\/www.interpumpfluidsolutions.com\/ro\/cine-suntem\/","og_locale":"en_GB","og_type":"article","og_title":"Cine suntem - Interpump Fluid Solutions","og_description":"One Source : Interpump Fluid Solutions, part of Interpump Group, are your \u2018one source\u2019 provider of certified, compatible hydraulic hoses, fittings, machines and accessories","og_url":"https:\/\/www.interpumpfluidsolutions.com\/ro\/cine-suntem\/","og_site_name":"Interpump Romania","article_modified_time":"2024-10-14T10:08:10+00:00","twitter_card":"summary_large_image","twitter_misc":{"Estimated reading time":"3 minutes"},"schema":{"@context":"https:\/\/schema.org","@graph":[{"@type":"WebPage","@id":"https:\/\/www.interpumpfluidsolutions.com\/ro\/cine-suntem\/","url":"https:\/\/www.interpumpfluidsolutions.com\/ro\/cine-suntem\/","name":"Cine suntem - Interpump Fluid Solutions","isPartOf":{"@id":"https:\/\/www.interpumpfluidsolutions.com\/ro\/#website"},"datePublished":"2022-03-08T11:46:01+00:00","dateModified":"2024-10-14T10:08:10+00:00","description":"One Source : Interpump Fluid Solutions, part of Interpump Group, are your \u2018one source\u2019 provider of certified, compatible hydraulic hoses, fittings, machines and accessories","breadcrumb":{"@id":"https:\/\/www.interpumpfluidsolutions.com\/ro\/cine-suntem\/#breadcrumb"},"inLanguage":"en-GB","potentialAction":[{"@type":"ReadAction","target":["https:\/\/www.interpumpfluidsolutions.com\/ro\/cine-suntem\/"]}]},{"@type":"BreadcrumbList","@id":"https:\/\/www.interpumpfluidsolutions.com\/ro\/cine-suntem\/#breadcrumb","itemListElement":[{"@type":"ListItem","position":1,"name":"Home","item":"https:\/\/www.interpumpfluidsolutions.com\/ro\/home\/"},{"@type":"ListItem","position":2,"name":"Cine suntem"}]},{"@type":"WebSite","@id":"https:\/\/www.interpumpfluidsolutions.com\/ro\/#website","url":"https:\/\/www.interpumpfluidsolutions.com\/ro\/","name":"Interpump Romania","description":"Fluid Solutions - Hydro Est","potentialAction":[{"@type":"SearchAction","target":{"@type":"EntryPoint","urlTemplate":"https:\/\/www.interpumpfluidsolutions.com\/ro\/?s={search_term_string}"},"query-input":{"@type":"PropertyValueSpecification","valueRequired":true,"valueName":"search_term_string"}}],"inLanguage":"en-GB"}]}},"_links":{"self":[{"href":"https:\/\/www.interpumpfluidsolutions.com\/ro\/wp-json\/wp\/v2\/pages\/6920","targetHints":{"allow":["GET"]}}],"collection":[{"href":"https:\/\/www.interpumpfluidsolutions.com\/ro\/wp-json\/wp\/v2\/pages"}],"about":[{"href":"https:\/\/www.interpumpfluidsolutions.com\/ro\/wp-json\/wp\/v2\/types\/page"}],"author":[{"embeddable":true,"href":"https:\/\/www.interpumpfluidsolutions.com\/ro\/wp-json\/wp\/v2\/users\/18"}],"replies":[{"embeddable":true,"href":"https:\/\/www.interpumpfluidsolutions.com\/ro\/wp-json\/wp\/v2\/comments?post=6920"}],"version-history":[{"count":6,"href":"https:\/\/www.interpumpfluidsolutions.com\/ro\/wp-json\/wp\/v2\/pages\/6920\/revisions"}],"predecessor-version":[{"id":12377,"href":"https:\/\/www.interpumpfluidsolutions.com\/ro\/wp-json\/wp\/v2\/pages\/6920\/revisions\/12377"}],"wp:attachment":[{"href":"https:\/\/www.interpumpfluidsolutions.com\/ro\/wp-json\/wp\/v2\/media?parent=6920"}],"curies":[{"name":"wp","href":"https:\/\/api.w.org\/{rel}","templated":true}]}}